    {"id":215,"date":"2025-02-20T12:15:06","date_gmt":"2025-02-20T12:15:06","guid":{"rendered":"https:\/\/67209.cc\/?post_type=product&#038;p=215"},"modified":"2026-03-18T22:26:50","modified_gmt":"2026-03-18T21:26:50","slug":"nang-cap-youtube-premium-chinh-chu","status":"publish","type":"product","link":"https:\/\/www.thegioimmovn.com\/?product=nang-cap-youtube-premium-chinh-chu","title":{"rendered":"N\u00e2ng c\u1ea5p Youtube Premium Ch\u00ednh Ch\u1ee7"},"content":{"rendered":"<p><span style=\"color: #333300;\"><b>YouTube Premium &#8211; Xem Youtube kh\u00f4ng qu\u1ea3ng c\u00e1o<\/b><\/span><\/p>\n<p><span style=\"color: #333300;\"><b>Youtube Premium c\u00f3 nh\u1eefng \u01b0u \u0111i\u1ec3m g\u00ec?<\/b><\/span><\/p>\n<p><span style=\"color: #333300;\"><b>1. Xem video kh\u00f4ng qu\u1ea3ng c\u00e1o<\/b><\/span><\/p>\n<div><span style=\"color: #333300;\">\u00a0\u00a0 \u00a0V\u1edbi\u00a0<a style=\"color: #333300;\" href=\"https:\/\/www.shoptaikhoanvn.com\/2024\/03\/nang-cap-youtube-premium-gia-re.html\" target=\"_blank\" rel=\"noopener\">YouTube Premium,<\/a>\u00a0b\u1ea1n c\u00f3 th\u1ec3 xem h\u00e0ng tri\u1ec7u video m\u00e0 kh\u00f4ng b\u1ecb qu\u1ea3ng c\u00e1o gi\u00e1n \u0111o\u1ea1n tr\u01b0\u1edbc v\u00e0 trong khi ph\u00e1t video.\u00a0V\u1edbi\u00a0<a style=\"color: #333300;\" href=\"https:\/\/www.shoptaikhoanvn.com\/2024\/03\/nang-cap-youtube-premium-gia-re.html\" target=\"_blank\" rel=\"noopener\">YouTube Premium<\/a>, b\u1ea1n s\u1ebd kh\u00f4ng bao gi\u1edd ph\u1ea3i ch\u1ecbu qu\u1ea3ng c\u00e1o khi xem video tr\u00ean YouTube. \u0110i\u1ec1u n\u00e0y s\u1ebd gi\u00fap b\u1ea1n ti\u1ebft ki\u1ec7m th\u1eddi gian v\u00e0 gi\u00fap tr\u1ea3i nghi\u1ec7m xem video c\u1ee7a b\u1ea1n tr\u1edf n\u00ean d\u1ec5 ch\u1ecbu h\u01a1n.<\/span><\/div>\n<p><span style=\"color: #333300;\"><b>2.\u00a0Ph\u00e1t trong n\u1ec1n v\u00e0 h\u00ecnh trong h\u00ecnh<\/b><\/span><\/p>\n<div>\n<div><span style=\"color: #333300;\">\u00a0\u00a0 \u00a0T\u00ednh n\u0103ng ph\u00e1t trong n\u1ec1n cho ph\u00e9p video v\u00e0 nh\u1ea1c ti\u1ebfp t\u1ee5c ph\u00e1t trong n\u1ec1n ngay c\u1ea3 khi b\u1ea1n m\u1edf c\u00e1c \u1ee9ng d\u1ee5ng kh\u00e1c ho\u1eb7c t\u1eaft m\u00e0n h\u00ecnh c\u1ee7a thi\u1ebft b\u1ecb di \u0111\u1ed9ng.<\/span><\/div>\n<div><\/div>\n<div><span style=\"color: #333300;\">\u00a0\u00a0 \u00a0T\u00ednh n\u0103ng\u00a0<b>Hi\u0300nh trong hi\u0300nh (PiP)<\/b>\u00a0cho ph\u00e9p b\u1ea1n xem video trong khi s\u1eed d\u1ee5ng c\u00e1c \u1ee9ng d\u1ee5ng kh\u00e1c tr\u00ean thi\u1ebft b\u1ecb di \u0111\u1ed9ng. Ch\u1ebf \u0111\u1ed9 h\u00ecnh trong h\u00ecnh s\u1ebd thu nh\u1ecf video th\u00e0nh m\u1ed9t tr\u00ecnh ph\u00e1t nh\u1ecf. B\u1ea1n c\u00f3 th\u1ec3 di chuy\u1ec3n tr\u00ecnh ph\u00e1t n\u00e0y quanh m\u00e0n h\u00ecnh ch\u00ednh v\u00e0 \u0111\u1eb7t l\u00ean tr\u00ean c\u00e1c \u1ee9ng d\u1ee5ng kh\u00e1c. Khi b\u1eadt t\u00ednh n\u0103ng n\u00e0y, b\u1ea1n c\u00f3 th\u1ec3 ti\u1ebfp t\u1ee5c xem video tr\u00ean YouTube trong khi s\u1eed d\u1ee5ng c\u00e1c \u1ee9ng d\u1ee5ng kh\u00e1c tr\u00ean thi\u1ebft b\u1ecb di \u0111\u1ed9ng. T\u00ednh n\u0103ng n\u00e0y c\u00f2n \u00e1p d\u1ee5ng cho ng\u01b0\u1eddi d\u00e2n \u1edf Hoa K\u1ef3.<\/span><\/div>\n<div><span style=\"color: #333300;\">\u00a0\u00a0 \u00a0Th\u1eddi gian video ph\u00e1t trong n\u1ec1n v\u1eabn \u0111\u01b0\u1ee3c t\u00ednh v\u00e0o th\u1eddi gian xem c\u1ee7a k\u00eanh<\/span><\/div>\n<div>\n<p><span style=\"color: #333300;\"><b>3. Quy\u1ec1n truy c\u1eadp v\u00e0o k\u00eanh YouTube Originals<\/b><\/span><\/p>\n<div><span style=\"color: #333300;\">\u00a0\u00a0 \u00a0N\u1ed9i dung YouTube Originals l\u00e0 nh\u1eefng b\u1ed9 phim, ch\u01b0\u01a1ng tr\u00ecnh d\u00e0i t\u1eadp v\u00e0 s\u1ef1 ki\u1ec7n nguy\u00ean g\u1ed1c c\u1ee7a YouTube. B\u1ea1n c\u00f3 th\u1ec3 xem t\u1ea5t c\u1ea3 c\u00e1c t\u1eadp hi\u1ec7n c\u00f3 trong lo\u1ea1t phim d\u00e0i t\u1eadp tr\u00ean YouTube Originals ngay khi phim c\u00f4ng chi\u1ebfu. Ho\u1eb7c xem n\u1ed9i dung t\u1eb7ng th\u00eam nh\u01b0 b\u1ea3n d\u1ef1ng c\u1ee7a \u0111\u1ea1o di\u1ec5n v\u00e0 c\u00e1c c\u1ea3nh b\u1ed5 sung c\u1ee7a n\u1ed9i dung YouTube Originals (n\u1ebfu c\u00f3)\u2026.<\/span><\/div>\n<div>\n<p><span style=\"color: #333300;\"><b>4. YouTube Music Premium<\/b><\/span><\/p>\n<div><span style=\"color: #333300;\">\u00a0 \u00a0 \u00a0 \u00a0 \u00a0 \u00a0B\u1ea1n c\u0169ng c\u00f3 quy\u1ec1n s\u1eed d\u1ee5ng\u00a0<b>YouTube Music Premium<\/b>\u00a0nh\u01b0 m\u1ed9t ph\u1ea7n l\u1ee3i \u00edch c\u1ee7a m\u00ecnh. V\u1edbi\u00a0<b>YouTube Music Premium<\/b>, b\u1ea1n c\u00f3 th\u1ec3:<\/span><\/div>\n<ul>\n<li><span style=\"color: #333300;\">Th\u01b0\u1edfng th\u1ee9c h\u00e0ng tri\u1ec7u b\u00e0i h\u00e1t v\u00e0 video trong YouTube \u00c2m nh\u1ea1c kh\u00f4ng c\u00f3 qu\u1ea3ng c\u00e1o.<\/span><\/li>\n<li><span style=\"color: #333300;\">T\u1ea3i c\u00e1c b\u00e0i h\u00e1t v\u00e0 video xu\u1ed1ng thi\u1ebft b\u1ecb di \u0111\u1ed9ng \u0111\u1ec3 nghe khi kh\u00f4ng c\u00f3 m\u1ea1ng.<\/span><\/li>\n<li><span style=\"color: #333300;\">S\u1eed d\u1ee5ng t\u00ednh n\u0103ng ph\u00e1t trong n\u1ec1n \u0111\u1ec3 ti\u1ebfp t\u1ee5c ph\u00e1t nh\u1ea1c khi b\u1ea1n d\u00f9ng c\u00e1c \u1ee9ng d\u1ee5ng kh\u00e1c.<\/span><\/li>\n<li><span style=\"color: #333300;\">B\u1eadt ch\u1ebf \u0111\u1ed9 ch\u1ec9 \u00e2m thanh \u0111\u1ec3 nghe nh\u1ea1c m\u00e0 kh\u00f4ng c\u1ea7n t\u1ea3i video<\/span><\/li>\n<\/ul>\n<p><span style=\"color: #333300;\"><b>5. Ch\u1ea5t l\u01b0\u1ee3ng video t\u1ed1t h\u01a1n<\/b><\/span><\/p>\n<div><span style=\"color: #333300;\">\u00a0\u00a0 \u00a0N\u1ebfu b\u1ea1n th\u00edch xem video \u1edf ch\u1ea5t l\u01b0\u1ee3ng cao, YouTube Premium s\u1ebd cung c\u1ea5p cho b\u1ea1n ch\u1ea5t l\u01b0\u1ee3ng video t\u1ed1t h\u01a1n so v\u1edbi t\u00e0i kho\u1ea3n mi\u1ec5n ph\u00ed.<\/span><\/div>\n<\/div>\n<\/div>\n<\/div>\n","protected":false},"excerpt":{"rendered":"<p><span style=\"color: #282828;\">\u2714\ufe0f N\u00e2ng c\u1ea5p <span style=\"color: #ed1c24;\"><strong>YouTube Premium<\/strong><\/span> ch\u00ednh ch\u1ee7<\/span><br data-start=\"37\" data-end=\"40\" \/><span style=\"color: #282828;\">\u2714\ufe0f Xem video kh\u00f4ng qu\u1ea3ng c\u00e1o<\/span><br data-start=\"68\" data-end=\"71\" \/><span style=\"color: #282828;\">\u2714\ufe0f Ph\u00e1t n\u1ec1n m\u01b0\u1ee3t m\u00e0<\/span><br data-start=\"90\" data-end=\"93\" \/><span style=\"color: #282828;\">\u2714\ufe0f T\u1ea3i video nhanh ch\u00f3ng<\/span><br data-start=\"117\" data-end=\"120\" \/><span style=\"color: #282828;\">\u2714\ufe0f Tr\u1ea3i nghi\u1ec7m gi\u1ea3i tr\u00ed tr\u1ecdn v\u1eb9n<\/span><br data-start=\"152\" data-end=\"155\" \/><span style=\"color: #282828;\">\u2714\ufe0f Xem video khi t\u1eaft m\u00e0n h\u00ecnh<\/span><br data-start=\"184\" data-end=\"187\" \/><span style=\"color: #282828;\">\u2714\ufe0f Nghe nh\u1ea1c kh\u00f4ng gi\u00e1n \u0111o\u1ea1n<\/span><br data-start=\"215\" data-end=\"218\" \/><span style=\"color: #282828;\">\u2714\ufe0f H\u1ed7 tr\u1ee3 nhi\u1ec1u thi\u1ebft b\u1ecb<\/span><br data-start=\"242\" data-end=\"245\" \/><span style=\"color: #282828;\">\u2714\ufe0f K\u00edch ho\u1ea1t nhanh ch\u00f3ng, an to\u00e0n<\/span><br data-start=\"278\" data-end=\"281\" \/><span style=\"color: #282828;\">\u2714\ufe0f B\u1ea3o h\u00e0nh uy t\u00edn, h\u1ed7 tr\u1ee3 24\/24<\/span><\/p>\n","protected":false},"featured_media":2535,"comment_status":"open","ping_status":"closed","template":"","meta":{"_acf_changed":false,"inline_featured_image":false},"product_brand":[23],"product_cat":[16,15],"product_tag":[],"class_list":{"0":"post-215","1":"product","2":"type-product","3":"status-publish","4":"has-post-thumbnail","6":"product_brand-google","7":"product_cat-giai-tri","8":"product_cat-chua-phan-loai","10":"first","11":"instock","12":"sale","13":"purchasable","14":"product-type-variable"},"acf":[],"_links":{"self":[{"href":"https:\/\/www.thegioimmovn.com\/index.php?rest_route=\/wp\/v2\/product\/215","targetHints":{"allow":["GET"]}}],"collection":[{"href":"https:\/\/www.thegioimmovn.com\/index.php?rest_route=\/wp\/v2\/product"}],"about":[{"href":"https:\/\/www.thegioimmovn.com\/index.php?rest_route=\/wp\/v2\/types\/product"}],"replies":[{"embeddable":true,"href":"https:\/\/www.thegioimmovn.com\/index.php?rest_route=%2Fwp%2Fv2%2Fcomments&post=215"}],"wp:featuredmedia":[{"embeddable":true,"href":"https:\/\/www.thegioimmovn.com\/index.php?rest_route=\/wp\/v2\/media\/2535"}],"wp:attachment":[{"href":"https:\/\/www.thegioimmovn.com\/index.php?rest_route=%2Fwp%2Fv2%2Fmedia&parent=215"}],"wp:term":[{"taxonomy":"product_brand","embeddable":true,"href":"https:\/\/www.thegioimmovn.com\/index.php?rest_route=%2Fwp%2Fv2%2Fproduct_brand&post=215"},{"taxonomy":"product_cat","embeddable":true,"href":"https:\/\/www.thegioimmovn.com\/index.php?rest_route=%2Fwp%2Fv2%2Fproduct_cat&post=215"},{"taxonomy":"product_tag","embeddable":true,"href":"https:\/\/www.thegioimmovn.com\/index.php?rest_route=%2Fwp%2Fv2%2Fproduct_tag&post=215"}],"curies":[{"name":"wp","href":"https:\/\/api.w.org\/{rel}","templated":true}]}}