    {"id":2107,"date":"2026-01-31T11:48:10","date_gmt":"2026-01-31T19:48:10","guid":{"rendered":"https:\/\/xn--12cat7b6ah3cmc7g0bdgb.cc\/?post_type=product&#038;p=2107"},"modified":"2026-04-16T19:42:13","modified_gmt":"2026-04-16T17:42:13","slug":"nang-cap-tai-khoan-telegram-premium","status":"publish","type":"product","link":"https:\/\/www.thegioimmovn.com\/?product=nang-cap-tai-khoan-telegram-premium","title":{"rendered":"N\u00e2ng c\u1ea5p t\u00e0i kho\u1ea3n Telegram Premium"},"content":{"rendered":"<h2 data-start=\"162\" data-end=\"223\"><span style=\"color: #003300;\">TELEGRAM PREMIUM \u2013 N\u00c2NG C\u1ea4P TR\u1ea2I NGHI\u1ec6M, D\u00d9NG L\u00c0 NGHI\u1ec6N<\/span><\/h2>\n<p data-start=\"225\" data-end=\"260\"><span style=\"color: #003300;\">B\u1ea1n \u0111ang d\u00f9ng Telegram m\u1ed7i ng\u00e0y \u0111\u1ec3:<\/span><\/p>\n<ul data-start=\"261\" data-end=\"337\">\n<li data-start=\"261\" data-end=\"283\">\n<p data-start=\"263\" data-end=\"283\"><span style=\"color: #003300;\">Chat v\u1edbi kh\u00e1ch h\u00e0ng?<\/span><\/p>\n<\/li>\n<li data-start=\"284\" data-end=\"305\">\n<p data-start=\"286\" data-end=\"305\"><span style=\"color: #003300;\">Qu\u1ea3n l\u00fd nh\u00f3m, k\u00eanh?<\/span><\/p>\n<\/li>\n<li data-start=\"306\" data-end=\"337\">\n<p data-start=\"308\" data-end=\"337\"><span style=\"color: #003300;\">G\u1eedi file, video, d\u1eef li\u1ec7u l\u1edbn?<\/span><\/p>\n<\/li>\n<\/ul>\n<p data-start=\"339\" data-end=\"394\"><span style=\"color: #003300;\">\ud83d\udc49 <strong data-start=\"342\" data-end=\"394\">V\u1eady Telegram Premium l\u00e0 th\u1ee9 B\u1eaeT BU\u1ed8C b\u1ea1n n\u00ean c\u00f3.<\/strong><\/span><\/p>\n<hr data-start=\"396\" data-end=\"399\" \/>\n<h3 data-start=\"401\" data-end=\"450\"><span style=\"color: #003300;\">\ud83d\udd25 Telegram Premium mang l\u1ea1i cho b\u1ea1n \u0111i\u1ec1u g\u00ec?<\/span><\/h3>\n<p data-start=\"452\" data-end=\"574\"><span style=\"color: #003300;\">\u2705 <strong data-start=\"454\" data-end=\"479\">T\u1ed1c \u0111\u1ed9 t\u1ea3i si\u00eau nhanh<\/strong><\/span><br data-start=\"479\" data-end=\"482\" \/><span style=\"color: #003300;\">Kh\u00f4ng gi\u1edbi h\u1ea1n b\u0103ng th\u00f4ng \u2013 t\u1ea3i file, video, t\u00e0i li\u1ec7u <strong data-start=\"536\" data-end=\"573\">nhanh h\u01a1n t\u00e0i kho\u1ea3n th\u01b0\u1eddng r\u00f5 r\u1ec7t<\/strong>.<\/span><\/p>\n<p data-start=\"576\" data-end=\"689\"><span style=\"color: #003300;\">\u2705 <strong data-start=\"578\" data-end=\"609\">G\u1eedi file l\u00ean \u0111\u1ebfn 4GB \/ file<\/strong><\/span><br data-start=\"609\" data-end=\"612\" \/><span style=\"color: #003300;\">Tho\u1ea3i m\u00e1i g\u1eedi video HD, source code, d\u1eef li\u1ec7u, tool n\u1eb7ng \u2013 kh\u00f4ng c\u1ea7n chia nh\u1ecf.<\/span><\/p>\n<p data-start=\"691\" data-end=\"811\"><span style=\"color: #003300;\">\u2705 <strong data-start=\"693\" data-end=\"728\">Cloud Telegram \u2013 l\u01b0u tr\u1eef v\u00f4 h\u1ea1n<\/strong><\/span><br data-start=\"728\" data-end=\"731\" \/><span style=\"color: #003300;\">L\u01b0u file tr\u00ean Telegram, d\u00f9ng nh\u01b0 Google Drive mi\u1ec5n ph\u00ed \u2013 \u0111\u1ed5i m\u00e1y v\u1eabn c\u00f2n nguy\u00ean.<\/span><\/p>\n<p data-start=\"813\" data-end=\"959\"><span style=\"color: #003300;\">\u2705 <strong data-start=\"815\" data-end=\"856\">Chuy\u1ec3n voice th\u00e0nh ch\u1eef (Voice \u2192 Text)<\/strong><\/span><br data-start=\"856\" data-end=\"859\" \/><span style=\"color: #003300;\">Kh\u00e1ch g\u1eedi voice? Kh\u00f4ng c\u1ea7n nghe \u2013 <strong data-start=\"893\" data-end=\"913\">\u0111\u1ecdc l\u00e0 hi\u1ec3u ngay<\/strong>.<\/span><br data-start=\"914\" data-end=\"917\" \/><span style=\"color: #003300;\">C\u1ef1c k\u1ef3 ti\u1ec7n cho ng\u01b0\u1eddi b\u00e1n h\u00e0ng &amp; l\u00e0m vi\u1ec7c.<\/span><\/p>\n<hr data-start=\"961\" data-end=\"964\" \/>\n<h3 data-start=\"966\" data-end=\"1008\"><span style=\"color: #003300;\">\ud83d\udc8e T\u00ednh n\u0103ng \u201cx\u1ecbn\u201d ch\u1ec9 c\u00f3 tr\u00ean Premium<\/span><\/h3>\n<p data-start=\"1010\" data-end=\"1210\"><span style=\"color: #003300;\">\u2728 Sticker &amp; reaction \u0111\u1ed9ng \u0111\u1ed9c quy\u1ec1n<\/span><br data-start=\"1045\" data-end=\"1048\" \/><span style=\"color: #003300;\">\u2728 Avatar video ch\u1ea5t l\u01b0\u1ee3ng cao<\/span><br data-start=\"1077\" data-end=\"1080\" \/><span style=\"color: #003300;\">\u2728 Ghim t\u1ed1i \u0111a <strong data-start=\"1094\" data-end=\"1121\">10 cu\u1ed9c chat quan tr\u1ecdng<\/strong><\/span><br data-start=\"1121\" data-end=\"1124\" \/><span style=\"color: #003300;\">\u2728 Theo d\u00f5i <strong data-start=\"1135\" data-end=\"1148\">1000 k\u00eanh<\/strong><\/span><br data-start=\"1148\" data-end=\"1151\" \/><span style=\"color: #003300;\">\u2728 Bio d\u00e0i g\u1ea5p \u0111\u00f4i<\/span><br data-start=\"1168\" data-end=\"1171\" \/><span style=\"color: #003300;\">\u2728 <strong data-start=\"1173\" data-end=\"1210\">Kh\u00f4ng qu\u1ea3ng c\u00e1o \u2013 kh\u00f4ng l\u00e0m phi\u1ec1n<\/strong><\/span><\/p>\n<blockquote data-start=\"1212\" data-end=\"1291\">\n<p data-start=\"1214\" data-end=\"1291\"><span style=\"color: #003300;\">D\u00f9ng Premium nh\u00ecn l\u00e0 bi\u1ebft <strong data-start=\"1240\" data-end=\"1290\">t\u00e0i kho\u1ea3n x\u1ecbn \u2013 chuy\u00ean nghi\u1ec7p \u2013 uy t\u00edn h\u01a1n h\u1eb3n<\/strong>.<\/span><\/p>\n<\/blockquote>\n<hr data-start=\"1293\" data-end=\"1296\" \/>\n<h2 data-start=\"1298\" data-end=\"1333\"><span style=\"color: #003300;\">\ud83d\udc51 Ai n\u00ean d\u00f9ng Telegram Premium?<\/span><\/h2>\n<p data-start=\"1335\" data-end=\"1517\"><span style=\"color: #003300;\">\ud83d\udd25 Ng\u01b0\u1eddi b\u00e1n h\u00e0ng online<\/span><br data-start=\"1359\" data-end=\"1362\" \/><span style=\"color: #003300;\">\ud83d\udd25 Ch\u1ee7 group \/ k\u00eanh Telegram<\/span><br data-start=\"1390\" data-end=\"1393\" \/><span style=\"color: #003300;\">\ud83d\udd25 D\u00e2n MMO \u2013 tool \u2013 data \u2013 file n\u1eb7ng<\/span><br data-start=\"1429\" data-end=\"1432\" \/><span style=\"color: #003300;\">\ud83d\udd25 Ng\u01b0\u1eddi d\u00f9ng Telegram th\u01b0\u1eddng xuy\u00ean<\/span><br data-start=\"1467\" data-end=\"1470\" \/><span style=\"color: #003300;\">\ud83d\udd25 Ai gh\u00e9t lag \u2013 gh\u00e9t gi\u1edbi h\u1ea1n \u2013 gh\u00e9t qu\u1ea3ng c\u00e1o<\/span><\/p>\n<p data-start=\"1519\" data-end=\"1585\"><span style=\"color: #003300;\">\ud83d\udc49 <strong data-start=\"1522\" data-end=\"1585\">M\u1ed9t khi \u0111\u00e3 d\u00f9ng Premium, r\u1ea5t kh\u00f3 quay l\u1ea1i t\u00e0i kho\u1ea3n th\u01b0\u1eddng.<\/strong><\/span><\/p>\n<hr data-start=\"1587\" data-end=\"1590\" \/>\n<h2 data-start=\"1592\" data-end=\"1639\"><span style=\"color: #003300;\">\ud83d\udcb0 Gi\u00e1 r\u1ebb \u2013 d\u00f9ng s\u01b0\u1edbng \u2013 x\u1ee9ng \u0111\u00e1ng t\u1eebng \u0111\u1ed3ng<\/span><\/h2>\n<ul data-start=\"1641\" data-end=\"1755\">\n<li data-start=\"1641\" data-end=\"1675\">\n<p data-start=\"1643\" data-end=\"1675\"><span style=\"color: #003300;\">K\u00edch ho\u1ea1t <strong data-start=\"1653\" data-end=\"1675\">ch\u00ednh ch\u1ee7 Telegram<\/strong><\/span><\/p>\n<\/li>\n<li data-start=\"1676\" data-end=\"1713\">\n<p data-start=\"1678\" data-end=\"1713\"><span style=\"color: #003300;\">An to\u00e0n \u2013 kh\u00f4ng kh\u00f3a \u2013 kh\u00f4ng r\u1ee7i ro<\/span><\/p>\n<\/li>\n<li data-start=\"1714\" data-end=\"1755\">\n<p data-start=\"1716\" data-end=\"1755\"><span style=\"color: #003300;\">H\u1ed7 tr\u1ee3 nhanh \u2013 k\u00edch ho\u1ea1t trong v\u00e0i ph\u00fat<\/span><\/p>\n<\/li>\n<\/ul>\n<p data-start=\"1757\" data-end=\"1830\"><span style=\"color: #003300;\">\ud83d\udccc <strong data-start=\"1760\" data-end=\"1795\">D\u00f9ng 1 th\u00e1ng l\u00e0 th\u1ea5y kh\u00e1c ngay.<\/strong><\/span><br data-start=\"1795\" data-end=\"1798\" \/><span style=\"color: #003300;\">\ud83d\udccc <strong data-start=\"1801\" data-end=\"1830\">D\u00f9ng l\u00e2u l\u00e0 th\u1ea5y qu\u00e1 l\u1eddi.<\/strong><\/span><\/p>\n<hr data-start=\"1832\" data-end=\"1835\" \/>\n<h3 data-start=\"1837\" data-end=\"1885\"><span style=\"color: #003300;\">\ud83d\udce9\u00a0<\/span><span style=\"color: #003300;\"> n\u00e2ng c\u1ea5p Telegram Premium \u0111\u1ec3 tr\u1ea3i nghi\u1ec7m<\/span><\/h3>\n<blockquote data-start=\"1939\" data-end=\"2059\">\n<p data-start=\"1941\" data-end=\"2059\"><span style=\"color: #003300;\"><strong data-start=\"1941\" data-end=\"2008\">Telegram m\u1ea1nh h\u01a1n \u2013 l\u00e0m vi\u1ec7c nhanh h\u01a1n \u2013 b\u00e1n h\u00e0ng hi\u1ec7u qu\u1ea3 h\u01a1n.<\/strong><\/span><br data-start=\"2008\" data-end=\"2011\" \/><span style=\"color: #003300;\">\ud83d\udc49 <strong data-start=\"2014\" data-end=\"2059\">Telegram Premium \u2013 n\u00e2ng c\u1ea5p l\u00e0 kh\u00e1c bi\u1ec7t.<\/strong><\/span><\/p>\n<\/blockquote>\n","protected":false},"excerpt":{"rendered":"<p><span style=\"color: #000000;\">\u2714 Telegram Premium ch\u00ednh ch\u1ee7<\/span><br data-start=\"108\" data-end=\"111\" \/><span style=\"color: #000000;\">\u2714 T\u1ea3i file dung l\u01b0\u1ee3ng l\u1edbn (l\u00ean \u0111\u1ebfn 4GB)<\/span><br data-start=\"150\" data-end=\"153\" \/><span style=\"color: #000000;\">\u2714 T\u1ed1c \u0111\u1ed9 t\u1ea3i nhanh h\u01a1n b\u1ea3n th\u01b0\u1eddng<\/span><br data-start=\"227\" data-end=\"230\" \/><span style=\"color: #000000;\">\u2714 Sticker &amp; emoji Premium \u0111\u1ed9c quy\u1ec1n<\/span><br data-start=\"265\" data-end=\"268\" \/><span style=\"color: #000000;\">\u2714 T\u0103ng gi\u1edbi h\u1ea1n nh\u00f3m, k\u00eanh, th\u01b0 m\u1ee5c<\/span><br data-start=\"374\" data-end=\"377\" \/><span style=\"color: #000000;\">\u2714 An to\u00e0n, b\u1ea3o m\u1eadt cao<\/span><\/p>\n","protected":false},"featured_media":2376,"comment_status":"open","ping_status":"closed","template":"","meta":{"_acf_changed":false,"inline_featured_image":false},"product_brand":[],"product_cat":[15,33],"product_tag":[],"class_list":{"0":"post-2107","1":"product","2":"type-product","3":"status-publish","4":"has-post-thumbnail","6":"product_cat-chua-phan-loai","7":"product_cat-premium","9":"first","10":"instock","11":"sale","12":"taxable","13":"shipping-taxable","14":"purchasable","15":"product-type-variable"},"acf":[],"_links":{"self":[{"href":"https:\/\/www.thegioimmovn.com\/index.php?rest_route=\/wp\/v2\/product\/2107","targetHints":{"allow":["GET"]}}],"collection":[{"href":"https:\/\/www.thegioimmovn.com\/index.php?rest_route=\/wp\/v2\/product"}],"about":[{"href":"https:\/\/www.thegioimmovn.com\/index.php?rest_route=\/wp\/v2\/types\/product"}],"replies":[{"embeddable":true,"href":"https:\/\/www.thegioimmovn.com\/index.php?rest_route=%2Fwp%2Fv2%2Fcomments&post=2107"}],"wp:featuredmedia":[{"embeddable":true,"href":"https:\/\/www.thegioimmovn.com\/index.php?rest_route=\/wp\/v2\/media\/2376"}],"wp:attachment":[{"href":"https:\/\/www.thegioimmovn.com\/index.php?rest_route=%2Fwp%2Fv2%2Fmedia&parent=2107"}],"wp:term":[{"taxonomy":"product_brand","embeddable":true,"href":"https:\/\/www.thegioimmovn.com\/index.php?rest_route=%2Fwp%2Fv2%2Fproduct_brand&post=2107"},{"taxonomy":"product_cat","embeddable":true,"href":"https:\/\/www.thegioimmovn.com\/index.php?rest_route=%2Fwp%2Fv2%2Fproduct_cat&post=2107"},{"taxonomy":"product_tag","embeddable":true,"href":"https:\/\/www.thegioimmovn.com\/index.php?rest_route=%2Fwp%2Fv2%2Fproduct_tag&post=2107"}],"curies":[{"name":"wp","href":"https:\/\/api.w.org\/{rel}","templated":true}]}}