    {"id":1997,"date":"2026-01-13T19:02:00","date_gmt":"2026-01-14T03:02:00","guid":{"rendered":"https:\/\/xn--12cat7b6ah3cmc7g0bdgb.cc\/?post_type=product&#038;p=1997"},"modified":"2026-02-24T02:33:43","modified_gmt":"2026-02-24T01:33:43","slug":"tai-khoan-douyin-trung-quoc-full-chuc-nang","status":"publish","type":"product","link":"https:\/\/www.thegioimmovn.com\/?product=tai-khoan-douyin-trung-quoc-full-chuc-nang","title":{"rendered":"T\u00e0i kho\u1ea3n Douyin trung qu\u1ed1c  full ch\u1ee9c n\u0103ng"},"content":{"rendered":"<h1 data-start=\"248\" data-end=\"323\"><span style=\"color: #000000;\">\u6296\u97f3 Full ch\u1ee9c n\u0103ng\u2013 Gi\u1ea3i ph\u00e1p t\u1ed1i \u01b0u \u0111\u1ec3 khai th\u00e1c Douyin Trung Qu\u1ed1c to\u00e0n di\u1ec7n<\/span><\/h1>\n<p data-start=\"325\" data-end=\"742\"><span style=\"color: #000000;\"><strong data-start=\"325\" data-end=\"339\">\u6296\u97f3 Full \u529f\u80fd<\/strong> l\u00e0 lo\u1ea1i t\u00e0i kho\u1ea3n Douyin (TikTok Trung Qu\u1ed1c) \u0111\u00e3 \u0111\u01b0\u1ee3c m\u1edf kh\u00f3a v\u00e0 k\u00edch ho\u1ea1t <strong data-start=\"414\" data-end=\"449\">\u0111\u1ea7y \u0111\u1ee7 c\u00e1c ch\u1ee9c n\u0103ng quan tr\u1ecdng<\/strong>, gi\u00fap ng\u01b0\u1eddi d\u00f9ng s\u1eed d\u1ee5ng n\u1ec1n t\u1ea3ng m\u1ed9t c\u00e1ch tr\u1ecdn v\u1eb9n nh\u01b0 t\u00e0i kho\u1ea3n n\u1ed9i \u0111\u1ecba Trung Qu\u1ed1c ch\u00ednh th\u1ed1ng. \u0110\u00e2y l\u00e0 l\u1ef1a ch\u1ecdn l\u00fd t\u01b0\u1edfng cho nh\u1eefng ai mu\u1ed1n x\u00e2y d\u1ef1ng k\u00eanh l\u00e2u d\u00e0i, ph\u00e1t tri\u1ec3n n\u1ed9i dung, livestream b\u00e1n h\u00e0ng ho\u1eb7c tri\u1ec3n khai c\u00e1c ho\u1ea1t \u0111\u1ed9ng marketing \u2013 th\u01b0\u01a1ng m\u1ea1i \u0111i\u1ec7n t\u1eed t\u1ea1i th\u1ecb tr\u01b0\u1eddng Trung Qu\u1ed1c.<\/span><\/p>\n<p data-start=\"744\" data-end=\"959\"><span style=\"color: #000000;\">Trong khi t\u00e0i kho\u1ea3n th\u01b0\u1eddng ho\u1eb7c t\u00e0i kho\u1ea3n clone gi\u00e1 r\u1ebb r\u1ea5t d\u1ec5 b\u1ecb gi\u1edbi h\u1ea1n t\u00ednh n\u0103ng, b\u00f3p t\u01b0\u01a1ng t\u00e1c ho\u1eb7c kh\u00f3a quy\u1ec1n livestream, th\u00ec <strong data-start=\"875\" data-end=\"889\">\u6296\u97f3 Full \u529f\u80fd<\/strong> mang l\u1ea1i tr\u1ea3i nghi\u1ec7m \u1ed5n \u0111\u1ecbnh, m\u01b0\u1ee3t m\u00e0 v\u00e0 chuy\u00ean nghi\u1ec7p h\u01a1n r\u1ea5t nhi\u1ec1u.<\/span><\/p>\n<hr data-start=\"961\" data-end=\"964\" \/>\n<h2 data-start=\"966\" data-end=\"989\"><span style=\"color: #000000;\">\u6296\u97f3 Full ch\u1ee9c n\u0103ng l\u00e0 g\u00ec?<\/span><\/h2>\n<p data-start=\"991\" data-end=\"1022\"><span style=\"color: #000000;\">\u6296\u97f3 Full ch\u1ee9c n\u0103ng l\u00e0 t\u00e0i kho\u1ea3n Douyin:<\/span><\/p>\n<ul data-start=\"1023\" data-end=\"1169\">\n<li data-start=\"1023\" data-end=\"1062\">\n<p data-start=\"1025\" data-end=\"1062\"><span style=\"color: #000000;\">Kh\u00f4ng b\u1ecb h\u1ea1n ch\u1ebf c\u00e1c t\u00ednh n\u0103ng c\u01a1 b\u1ea3n<\/span><\/p>\n<\/li>\n<li data-start=\"1063\" data-end=\"1114\">\n<p data-start=\"1065\" data-end=\"1114\"><span style=\"color: #000000;\">\u0110\u01b0\u1ee3c quy\u1ec1n s\u1eed d\u1ee5ng \u0111\u1ea7y \u0111\u1ee7 h\u1ec7 sinh th\u00e1i c\u1ee7a Douyin<\/span><\/p>\n<\/li>\n<li data-start=\"1115\" data-end=\"1169\">\n<p data-start=\"1117\" data-end=\"1169\"><span style=\"color: #000000;\">Ph\u00f9 h\u1ee3p cho c\u00e1 nh\u00e2n, team, seller, KOL, doanh nghi\u1ec7p<\/span><\/p>\n<\/li>\n<\/ul>\n<p data-start=\"1171\" data-end=\"1196\"><span style=\"color: #000000;\">T\u00e0i kho\u1ea3n \u0111\u01b0\u1ee3c t\u1ed1i \u01b0u \u0111\u1ec3:<\/span><\/p>\n<ul data-start=\"1197\" data-end=\"1304\">\n<li data-start=\"1197\" data-end=\"1224\">\n<p data-start=\"1199\" data-end=\"1224\"><span style=\"color: #000000;\">Ho\u1ea1t \u0111\u1ed9ng \u1ed5n \u0111\u1ecbnh l\u00e2u d\u00e0i<\/span><\/p>\n<\/li>\n<li data-start=\"1225\" data-end=\"1249\">\n<p data-start=\"1227\" data-end=\"1249\"><span style=\"color: #000000;\">Gi\u1ea3m r\u1ee7i ro checkpoint<\/span><\/p>\n<\/li>\n<li data-start=\"1250\" data-end=\"1304\">\n<p data-start=\"1252\" data-end=\"1304\"><span style=\"color: #000000;\">T\u01b0\u01a1ng th\u00edch t\u1ed1t v\u1edbi thu\u1eadt to\u00e1n \u0111\u1ec1 xu\u1ea5t n\u1ed9i \u0111\u1ecba Trung<\/span><\/p>\n<\/li>\n<\/ul>\n<hr data-start=\"1306\" data-end=\"1309\" \/>\n<h2 data-start=\"1311\" data-end=\"1339\"><span style=\"color: #000000;\">\ud83d\udd25 C\u00c1C T\u00cdNH N\u0102NG CHI TI\u1ebeT<\/span><\/h2>\n<h3 data-start=\"1341\" data-end=\"1372\"><span style=\"color: #000000;\">\u2705 \u0110\u0103ng video kh\u00f4ng gi\u1edbi h\u1ea1n<\/span><\/h3>\n<ul data-start=\"1373\" data-end=\"1514\">\n<li data-start=\"1373\" data-end=\"1402\">\n<p data-start=\"1375\" data-end=\"1402\"><span style=\"color: #000000;\">Up video tho\u1ea3i m\u00e1i m\u1ed7i ng\u00e0y<\/span><\/p>\n<\/li>\n<li data-start=\"1403\" data-end=\"1437\">\n<p data-start=\"1405\" data-end=\"1437\"><span style=\"color: #000000;\">Kh\u00f4ng b\u1ecb gi\u1edbi h\u1ea1n s\u1ed1 l\u01b0\u1ee3ng video<\/span><\/p>\n<\/li>\n<li data-start=\"1438\" data-end=\"1467\">\n<p data-start=\"1440\" data-end=\"1467\"><span style=\"color: #000000;\">Kh\u00f4ng b\u1ecb \u1ea9n view b\u1ea5t th\u01b0\u1eddng<\/span><\/p>\n<\/li>\n<li data-start=\"1468\" data-end=\"1514\">\n<p data-start=\"1470\" data-end=\"1514\"><span style=\"color: #000000;\">Ph\u00f9 h\u1ee3p cho nu\u00f4i k\u00eanh, reup, x\u00e2y content g\u1ed1c<\/span><\/p>\n<\/li>\n<\/ul>\n<hr data-start=\"1516\" data-end=\"1519\" \/>\n<h3 data-start=\"1521\" data-end=\"1554\"><span style=\"color: #000000;\">\u2705 Livestream \u0111\u1ea7y \u0111\u1ee7 ch\u1ee9c n\u0103ng<\/span><\/h3>\n<ul data-start=\"1555\" data-end=\"1736\">\n<li data-start=\"1555\" data-end=\"1592\">\n<p data-start=\"1557\" data-end=\"1592\"><span style=\"color: #000000;\">M\u1edf livestream tr\u1ef1c ti\u1ebfp tr\u00ean Douyin<\/span><\/p>\n<\/li>\n<li data-start=\"1593\" data-end=\"1635\">\n<p data-start=\"1595\" data-end=\"1635\"><span style=\"color: #000000;\">H\u1ed7 tr\u1ee3 PK, nh\u1eadn qu\u00e0, t\u01b0\u01a1ng t\u00e1c ng\u01b0\u1eddi xem<\/span><\/p>\n<\/li>\n<li data-start=\"1636\" data-end=\"1682\">\n<p data-start=\"1638\" data-end=\"1682\"><span style=\"color: #000000;\">Ph\u00f9 h\u1ee3p livestream b\u00e1n h\u00e0ng, review s\u1ea3n ph\u1ea9m<\/span><\/p>\n<\/li>\n<li data-start=\"1683\" data-end=\"1736\">\n<p data-start=\"1685\" data-end=\"1736\"><span style=\"color: #000000;\">Kh\u00f4ng b\u1ecb kh\u00f3a live nh\u01b0 t\u00e0i kho\u1ea3n clone th\u00f4ng th\u01b0\u1eddng<\/span><\/p>\n<\/li>\n<\/ul>\n<hr data-start=\"1738\" data-end=\"1741\" \/>\n<h3 data-start=\"1743\" data-end=\"1786\"><span style=\"color: #000000;\">\u2705 B\u00ecnh lu\u1eadn \u2013 th\u1ea3 tim \u2013 follow t\u1ef1 nhi\u00ean<\/span><\/h3>\n<ul data-start=\"1787\" data-end=\"1929\">\n<li data-start=\"1787\" data-end=\"1827\">\n<p data-start=\"1789\" data-end=\"1827\"><span style=\"color: #000000;\">Comment, like, follow kh\u00f4ng b\u1ecb h\u1ea1n ch\u1ebf<\/span><\/p>\n<\/li>\n<li data-start=\"1828\" data-end=\"1864\">\n<p data-start=\"1830\" data-end=\"1864\"><span style=\"color: #000000;\">T\u01b0\u01a1ng t\u00e1c gi\u1ed1ng ng\u01b0\u1eddi d\u00f9ng n\u1ed9i \u0111\u1ecba<\/span><\/p>\n<\/li>\n<li data-start=\"1865\" data-end=\"1894\">\n<p data-start=\"1867\" data-end=\"1894\"><span style=\"color: #000000;\">T\u0103ng \u0111\u1ed9 trust cho t\u00e0i kho\u1ea3n<\/span><\/p>\n<\/li>\n<li data-start=\"1895\" data-end=\"1929\">\n<p data-start=\"1897\" data-end=\"1929\"><span style=\"color: #000000;\">Ph\u00f9 h\u1ee3p seeding, x\u00e2y k\u00eanh t\u1eeb \u0111\u1ea7u<\/span><\/p>\n<\/li>\n<\/ul>\n<hr data-start=\"1931\" data-end=\"1934\" \/>\n<h3 data-start=\"1936\" data-end=\"1971\"><span style=\"color: #000000;\">\u2705 G\u1eafn link &amp; \u0111i\u1ec1u h\u01b0\u1edbng traffic<\/span><\/h3>\n<ul data-start=\"1972\" data-end=\"2095\">\n<li data-start=\"1972\" data-end=\"1995\">\n<p data-start=\"1974\" data-end=\"1995\"><span style=\"color: #000000;\">C\u00f3 th\u1ec3 g\u1eafn link ngo\u00e0i<\/span><\/p>\n<\/li>\n<li data-start=\"1996\" data-end=\"2056\">\n<p data-start=\"1998\" data-end=\"2056\"><span style=\"color: #000000;\">\u0110i\u1ec1u h\u01b0\u1edbng traffic v\u1ec1 website, shop, WeChat, n\u1ec1n t\u1ea3ng kh\u00e1c<\/span><\/p>\n<\/li>\n<li data-start=\"2057\" data-end=\"2095\">\n<p data-start=\"2059\" data-end=\"2095\"><span style=\"color: #000000;\">H\u1ed7 tr\u1ee3 b\u00e1n h\u00e0ng v\u00e0 marketing \u0111a k\u00eanh<\/span><\/p>\n<\/li>\n<\/ul>\n<hr data-start=\"2097\" data-end=\"2100\" \/>\n<h3 data-start=\"2102\" data-end=\"2140\"><span style=\"color: #000000;\">\u2705 H\u1ed7 tr\u1ee3 thu\u1eadt to\u00e1n Douyin n\u1ed9i \u0111\u1ecba<\/span><\/h3>\n<ul data-start=\"2141\" data-end=\"2241\">\n<li data-start=\"2141\" data-end=\"2168\">\n<p data-start=\"2143\" data-end=\"2168\"><span style=\"color: #000000;\">Video d\u1ec5 \u0111\u01b0\u1ee3c \u0111\u1ec1 xu\u1ea5t h\u01a1n<\/span><\/p>\n<\/li>\n<li data-start=\"2169\" data-end=\"2210\">\n<p data-start=\"2171\" data-end=\"2210\"><span style=\"color: #000000;\">\u00cdt b\u1ecb b\u00f3p reach so v\u1edbi t\u00e0i kho\u1ea3n th\u01b0\u1eddng<\/span><\/p>\n<\/li>\n<li data-start=\"2211\" data-end=\"2241\">\n<p data-start=\"2213\" data-end=\"2241\"><span style=\"color: #000000;\">Ph\u00f9 h\u1ee3p ch\u1ea1y content d\u00e0i h\u1ea1n<\/span><\/p>\n<\/li>\n<\/ul>\n<hr data-start=\"2243\" data-end=\"2246\" \/>\n<h3 data-start=\"2248\" data-end=\"2284\"><span style=\"color: #000000;\">\u2705 T\u01b0\u01a1ng th\u00edch th\u01b0\u01a1ng m\u1ea1i \u0111i\u1ec7n t\u1eed<\/span><\/h3>\n<ul data-start=\"2285\" data-end=\"2385\">\n<li data-start=\"2285\" data-end=\"2310\">\n<p data-start=\"2287\" data-end=\"2310\"><span style=\"color: #000000;\">Ph\u00f9 h\u1ee3p b\u00e1n h\u00e0ng Douyin<\/span><\/p>\n<\/li>\n<li data-start=\"2311\" data-end=\"2344\">\n<p data-start=\"2313\" data-end=\"2344\"><span style=\"color: #000000;\">K\u1ebft h\u1ee3p dropshipping, affiliate<\/span><\/p>\n<\/li>\n<li data-start=\"2345\" data-end=\"2385\">\n<p data-start=\"2347\" data-end=\"2385\"><span style=\"color: #000000;\">X\u00e2y d\u1ef1ng th\u01b0\u01a1ng hi\u1ec7u c\u00e1 nh\u00e2n ho\u1eb7c shop<\/span><\/p>\n<\/li>\n<\/ul>\n<hr data-start=\"2387\" data-end=\"2390\" \/>\n<h2 data-start=\"2392\" data-end=\"2424\"><span style=\"color: #000000;\">\ud83c\udfaf AI N\u00caN S\u1eec D\u1ee4NG \u6296\u97f3 Full ch\u1ee9c n\u0103ng?<\/span><\/h2>\n<p data-start=\"2426\" data-end=\"2458\"><span style=\"color: #000000;\">\u6296\u97f3 Full ch\u1ee9c n\u0103ng \u0111\u1eb7c bi\u1ec7t ph\u00f9 h\u1ee3p v\u1edbi:<\/span><\/p>\n<ul data-start=\"2460\" data-end=\"2741\">\n<li data-start=\"2460\" data-end=\"2500\">\n<p data-start=\"2462\" data-end=\"2500\"><span style=\"color: #000000;\">Ng\u01b0\u1eddi mu\u1ed1n <strong data-start=\"2473\" data-end=\"2500\">x\u00e2y k\u00eanh Douyin l\u00e2u d\u00e0i<\/strong><\/span><\/p>\n<\/li>\n<li data-start=\"2501\" data-end=\"2540\">\n<p data-start=\"2503\" data-end=\"2540\"><span style=\"color: #000000;\">Seller b\u00e1n h\u00e0ng th\u1ecb tr\u01b0\u1eddng Trung Qu\u1ed1c<\/span><\/p>\n<\/li>\n<li data-start=\"2541\" data-end=\"2583\">\n<p data-start=\"2543\" data-end=\"2583\"><span style=\"color: #000000;\">Team ch\u1ea1y content, nu\u00f4i acc s\u1ed1 l\u01b0\u1ee3ng l\u1edbn<\/span><\/p>\n<\/li>\n<li data-start=\"2584\" data-end=\"2620\">\n<p data-start=\"2586\" data-end=\"2620\"><span style=\"color: #000000;\">Ng\u01b0\u1eddi l\u00e0m dropshipping \/ affiliate<\/span><\/p>\n<\/li>\n<li data-start=\"2621\" data-end=\"2662\">\n<p data-start=\"2623\" data-end=\"2662\"><span style=\"color: #000000;\">D\u1ecbch v\u1ee5 marketing, qu\u1ea3ng c\u00e1o, t\u0103ng view<\/span><\/p>\n<\/li>\n<li data-start=\"2663\" data-end=\"2690\">\n<p data-start=\"2665\" data-end=\"2690\"><span style=\"color: #000000;\">KOL, influencer, reviewer<\/span><\/p>\n<\/li>\n<li data-start=\"2691\" data-end=\"2741\">\n<p data-start=\"2693\" data-end=\"2741\"><span style=\"color: #000000;\">Doanh nghi\u1ec7p mu\u1ed1n ti\u1ebfp c\u1eadn kh\u00e1ch h\u00e0ng Trung Qu\u1ed1c<\/span><\/p>\n<\/li>\n<\/ul>\n<hr data-start=\"2743\" data-end=\"2746\" \/>\n<h2 data-start=\"2748\" data-end=\"2772\"><span style=\"color: #000000;\">\u2699\ufe0f TH\u00d4NG TIN K\u1ef8 THU\u1eacT<\/span><\/h2>\n<ul data-start=\"2774\" data-end=\"2982\">\n<li data-start=\"2774\" data-end=\"2821\">\n<p data-start=\"2776\" data-end=\"2821\"><span style=\"color: #000000;\">N\u1ec1n t\u1ea3ng: <strong data-start=\"2786\" data-end=\"2821\">\u6296\u97f3 (Douyin \u2013 TikTok Trung Qu\u1ed1c)<\/strong><\/span><\/p>\n<\/li>\n<li data-start=\"2822\" data-end=\"2874\">\n<p data-start=\"2824\" data-end=\"2874\"><span style=\"color: #000000;\">Tr\u1ea1ng th\u00e1i: <strong data-start=\"2836\" data-end=\"2874\">Full ch\u1ee9c n\u0103ng \u2013 kh\u00f4ng gi\u1edbi h\u1ea1n t\u00ednh n\u0103ng<\/strong><\/span><\/p>\n<\/li>\n<li data-start=\"2875\" data-end=\"2900\">\n<p data-start=\"2877\" data-end=\"2900\"><span style=\"color: #000000;\">Thi\u1ebft b\u1ecb: Android \/ iOS<\/span><\/p>\n<\/li>\n<li data-start=\"2901\" data-end=\"2944\">\n<p data-start=\"2903\" data-end=\"2944\"><span style=\"color: #000000;\">C\u00f3 th\u1ec3 s\u1eed d\u1ee5ng v\u1edbi VPN ho\u1eb7c Proxy n\u1ed9i \u0111\u1ecba<\/span><\/p>\n<\/li>\n<li data-start=\"2945\" data-end=\"2982\">\n<p data-start=\"2947\" data-end=\"2982\"><span style=\"color: #000000;\">Ph\u00f9 h\u1ee3p d\u00f9ng c\u00e1 nh\u00e2n ho\u1eb7c theo team<\/span><\/p>\n<\/li>\n<\/ul>\n<hr data-start=\"2984\" data-end=\"2987\" \/>\n<h2 data-start=\"2989\" data-end=\"3011\"><span style=\"color: #000000;\">\u2b50 \u01afU \u0110I\u1ec2M V\u01af\u1ee2T TR\u1ed8I<\/span><\/h2>\n<p data-start=\"3013\" data-end=\"3179\"><span style=\"color: #000000;\">\u2714 Ho\u1ea1t \u0111\u1ed9ng \u1ed5n \u0111\u1ecbnh<\/span><br data-start=\"3032\" data-end=\"3035\" \/><span style=\"color: #000000;\">\u2714 \u00cdt r\u1ee7i ro kh\u00f3a t\u00e0i kho\u1ea3n<\/span><br data-start=\"3061\" data-end=\"3064\" \/><span style=\"color: #000000;\">\u2714 D\u1ec5 s\u1eed d\u1ee5ng, kh\u00f4ng c\u1ea7n nu\u00f4i acc l\u00e2u<\/span><br data-start=\"3100\" data-end=\"3103\" \/><span style=\"color: #000000;\">\u2714 Ti\u1ebft ki\u1ec7m th\u1eddi gian v\u00e0 chi ph\u00ed<\/span><br data-start=\"3135\" data-end=\"3138\" \/><span style=\"color: #000000;\">\u2714 Hi\u1ec7u qu\u1ea3 cao cho b\u00e1n h\u00e0ng &amp; marketing<\/span><\/p>\n<hr data-start=\"3181\" data-end=\"3184\" \/>\n<h2 data-start=\"3186\" data-end=\"3209\"><span style=\"color: #000000;\">\u26a0\ufe0f L\u01afU \u00dd KHI S\u1eec D\u1ee4NG<\/span><\/h2>\n<ul data-start=\"3211\" data-end=\"3375\">\n<li data-start=\"3211\" data-end=\"3243\">\n<p data-start=\"3213\" data-end=\"3243\"><span style=\"color: #000000;\">N\u00ean s\u1eed d\u1ee5ng IP \/ Proxy \u1ed5n \u0111\u1ecbnh<\/span><\/p>\n<\/li>\n<li data-start=\"3244\" data-end=\"3286\">\n<p data-start=\"3246\" data-end=\"3286\"><span style=\"color: #000000;\">Kh\u00f4ng spam qu\u00e1 nhanh trong th\u1eddi gian \u0111\u1ea7u<\/span><\/p>\n<\/li>\n<li data-start=\"3287\" data-end=\"3335\">\n<p data-start=\"3289\" data-end=\"3335\"><span style=\"color: #000000;\">S\u1eed d\u1ee5ng n\u1ed9i dung ph\u00f9 h\u1ee3p v\u1edbi ch\u00ednh s\u00e1ch Douyin<\/span><\/p>\n<\/li>\n<li data-start=\"3336\" data-end=\"3375\">\n<p data-start=\"3338\" data-end=\"3375\"><span style=\"color: #000000;\">H\u1ea1n ch\u1ebf \u0111\u1ed5i thi\u1ebft b\u1ecb, \u0111\u1ed5i IP li\u00ean t\u1ee5c<\/span><\/p>\n<\/li>\n<\/ul>\n<p data-start=\"3377\" data-end=\"3454\"><span style=\"color: #000000;\">Vi\u1ec7c s\u1eed d\u1ee5ng \u0111\u00fang c\u00e1ch s\u1ebd gi\u00fap t\u00e0i kho\u1ea3n <strong data-start=\"3418\" data-end=\"3453\">b\u1ec1n \u2013 kh\u1ecfe \u2013 ph\u00e1t tri\u1ec3n l\u00e2u d\u00e0i<\/strong>.<\/span><\/p>\n<hr data-start=\"3456\" data-end=\"3459\" \/>\n<h2 data-start=\"3461\" data-end=\"3483\"><span style=\"color: #000000;\">\ud83e\udde9 \u1ee8NG D\u1ee4NG TH\u1ef0C T\u1ebe<\/span><\/h2>\n<ul data-start=\"3485\" data-end=\"3659\">\n<li data-start=\"3485\" data-end=\"3508\">\n<p data-start=\"3487\" data-end=\"3508\"><span style=\"color: #000000;\">X\u00e2y d\u1ef1ng k\u00eanh c\u00e1 nh\u00e2n<\/span><\/p>\n<\/li>\n<li data-start=\"3509\" data-end=\"3530\">\n<p data-start=\"3511\" data-end=\"3530\"><span style=\"color: #000000;\">Livestream b\u00e1n h\u00e0ng<\/span><\/p>\n<\/li>\n<li data-start=\"3531\" data-end=\"3561\">\n<p data-start=\"3533\" data-end=\"3561\"><span style=\"color: #000000;\">Qu\u1ea3ng b\u00e1 s\u1ea3n ph\u1ea9m Trung Qu\u1ed1c<\/span><\/p>\n<\/li>\n<li data-start=\"3562\" data-end=\"3586\">\n<p data-start=\"3564\" data-end=\"3586\"><span style=\"color: #000000;\">D\u1eabn traffic v\u1ec1 website<\/span><\/p>\n<\/li>\n<li data-start=\"3587\" data-end=\"3622\">\n<p data-start=\"3589\" data-end=\"3622\"><span style=\"color: #000000;\">Nu\u00f4i h\u1ec7 th\u1ed1ng t\u00e0i kho\u1ea3n marketing<\/span><\/p>\n<\/li>\n<li data-start=\"3623\" data-end=\"3659\">\n<p data-start=\"3625\" data-end=\"3659\"><span style=\"color: #000000;\">L\u00e0m d\u1ecbch v\u1ee5 t\u0103ng view, t\u0103ng follow<\/span><\/p>\n<\/li>\n<\/ul>\n<hr data-start=\"3661\" data-end=\"3664\" \/>\n<h2 data-start=\"3666\" data-end=\"3680\"><span style=\"color: #000000;\">\ud83d\ude80 K\u1ebeT LU\u1eacN<\/span><\/h2>\n<p data-start=\"3682\" data-end=\"3879\"><span style=\"color: #000000;\"><strong data-start=\"3682\" data-end=\"3696\">\u6296\u97f3 Full ch\u1ee9c n\u0103ng<\/strong> l\u00e0 gi\u1ea3i ph\u00e1p t\u1ed1i \u01b0u d\u00e0nh cho nh\u1eefng ai mu\u1ed1n khai th\u00e1c <strong data-start=\"3750\" data-end=\"3792\">to\u00e0n b\u1ed9 s\u1ee9c m\u1ea1nh c\u1ee7a Douyin Trung Qu\u1ed1c<\/strong> m\u00e0 kh\u00f4ng m\u1ea5t th\u1eddi gian nu\u00f4i t\u00e0i kho\u1ea3n t\u1eeb \u0111\u1ea7u hay lo l\u1eafng v\u1ec1 vi\u1ec7c b\u1ecb h\u1ea1n ch\u1ebf t\u00ednh n\u0103ng.<\/span><\/p>\n<p data-start=\"3881\" data-end=\"3917\"><span style=\"color: #000000;\">N\u1ebfu b\u1ea1n \u0111ang t\u00ecm ki\u1ebfm m\u1ed9t t\u00e0i kho\u1ea3n:<\/span><\/p>\n<ul data-start=\"3918\" data-end=\"4012\">\n<li data-start=\"3918\" data-end=\"3927\">\n<p data-start=\"3920\" data-end=\"3927\"><span style=\"color: #000000;\">\u1ed4n \u0111\u1ecbnh<\/span><\/p>\n<\/li>\n<li data-start=\"3928\" data-end=\"3946\">\n<p data-start=\"3930\" data-end=\"3946\"><span style=\"color: #000000;\">\u0110\u1ea7y \u0111\u1ee7 ch\u1ee9c n\u0103ng<\/span><\/p>\n<\/li>\n<li data-start=\"3947\" data-end=\"3972\">\n<p data-start=\"3949\" data-end=\"3972\"><span style=\"color: #000000;\">Ph\u00f9 h\u1ee3p s\u1eed d\u1ee5ng l\u00e2u d\u00e0i<\/span><\/p>\n<\/li>\n<li data-start=\"3973\" data-end=\"4012\">\n<p data-start=\"3975\" data-end=\"4012\"><span style=\"color: #000000;\">H\u1ed7 tr\u1ee3 t\u1ed1t cho b\u00e1n h\u00e0ng &amp; marketing<\/span><\/p>\n<\/li>\n<\/ul>\n<p data-start=\"4014\" data-end=\"4062\"><span style=\"color: #000000;\">\ud83d\udc49 <strong data-start=\"4017\" data-end=\"4062\">\u6296\u97f3 Full ch\u1ee9c n\u0103ng ch\u00ednh l\u00e0 l\u1ef1a ch\u1ecdn \u0111\u00e1ng \u0111\u1ea7u t\u01b0.<\/strong><\/span><\/p>\n","protected":false},"excerpt":{"rendered":"<p>\u2714\ufe0f T\u00e0i kho\u1ea3n <span class=\"hover:entity-accent entity-underline inline cursor-pointer align-baseline\"><span class=\"whitespace-normal\">Douyin<\/span><\/span> Trung Qu\u1ed1c ch\u00ednh ch\u1ee7, \u0111\u1ea7y \u0111\u1ee7 t\u00ednh n\u0103ng<br data-start=\"89\" data-end=\"92\" \/>\u2714\ufe0f \u0110\u0103ng video, ch\u1ea1y qu\u1ea3ng c\u00e1o b\u00ecnh th\u01b0\u1eddng<br data-start=\"145\" data-end=\"148\" \/>\u2714\ufe0f T\u01b0\u01a1ng t\u00e1c m\u01b0\u1ee3t, kh\u00f4ng gi\u1edbi h\u1ea1n c\u01a1 b\u1ea3n<br data-start=\"188\" data-end=\"191\" \/>\u2714\ufe0f H\u1ed7 tr\u1ee3 \u0111\u0103ng nh\u1eadp \u1ed5n \u0111\u1ecbnh, b\u1ea3o m\u1eadt cao<br data-start=\"231\" data-end=\"234\" \/>\u2714\ufe0f Ph\u00f9 h\u1ee3p kinh doanh, x\u00e2y d\u1ef1ng th\u01b0\u01a1ng hi\u1ec7u, l\u00e0m affiliate<br \/>\n\u2714\ufe0f <strong><span style=\"color: #e14d43;\">L\u01b0u \u00fd: Kh\u00f4ng s\u1eed d\u1ee5ng \u0111\u01b0\u1ee3c\u00a0t\u00ednh n\u0103ng live stream<\/span><\/strong><\/p>\n","protected":false},"featured_media":2438,"comment_status":"open","ping_status":"closed","template":"","meta":{"_acf_changed":false,"inline_featured_image":false},"product_brand":[],"product_cat":[15,17],"product_tag":[],"class_list":{"0":"post-1997","1":"product","2":"type-product","3":"status-publish","4":"has-post-thumbnail","6":"product_cat-chua-phan-loai","7":"product_cat-lam-viec","9":"first","10":"instock","11":"sale","12":"virtual","13":"taxable","14":"purchasable","15":"product-type-simple"},"acf":[],"_links":{"self":[{"href":"https:\/\/www.thegioimmovn.com\/index.php?rest_route=\/wp\/v2\/product\/1997","targetHints":{"allow":["GET"]}}],"collection":[{"href":"https:\/\/www.thegioimmovn.com\/index.php?rest_route=\/wp\/v2\/product"}],"about":[{"href":"https:\/\/www.thegioimmovn.com\/index.php?rest_route=\/wp\/v2\/types\/product"}],"replies":[{"embeddable":true,"href":"https:\/\/www.thegioimmovn.com\/index.php?rest_route=%2Fwp%2Fv2%2Fcomments&post=1997"}],"wp:featuredmedia":[{"embeddable":true,"href":"https:\/\/www.thegioimmovn.com\/index.php?rest_route=\/wp\/v2\/media\/2438"}],"wp:attachment":[{"href":"https:\/\/www.thegioimmovn.com\/index.php?rest_route=%2Fwp%2Fv2%2Fmedia&parent=1997"}],"wp:term":[{"taxonomy":"product_brand","embeddable":true,"href":"https:\/\/www.thegioimmovn.com\/index.php?rest_route=%2Fwp%2Fv2%2Fproduct_brand&post=1997"},{"taxonomy":"product_cat","embeddable":true,"href":"https:\/\/www.thegioimmovn.com\/index.php?rest_route=%2Fwp%2Fv2%2Fproduct_cat&post=1997"},{"taxonomy":"product_tag","embeddable":true,"href":"https:\/\/www.thegioimmovn.com\/index.php?rest_route=%2Fwp%2Fv2%2Fproduct_tag&post=1997"}],"curies":[{"name":"wp","href":"https:\/\/api.w.org\/{rel}","templated":true}]}}