    {"id":1995,"date":"2026-01-13T18:53:21","date_gmt":"2026-01-14T02:53:21","guid":{"rendered":"https:\/\/xn--12cat7b6ah3cmc7g0bdgb.cc\/?post_type=product&#038;p=1995"},"modified":"2026-02-24T02:36:16","modified_gmt":"2026-02-24T01:36:16","slug":"tai-khoan-discord-nitro-boost-chinh","status":"publish","type":"product","link":"https:\/\/www.thegioimmovn.com\/?product=tai-khoan-discord-nitro-boost-chinh","title":{"rendered":"T\u00e0i Kho\u1ea3n Discord Nitro Boost Ch\u00ednh H\u00e3ng"},"content":{"rendered":"<h1 data-start=\"159\" data-end=\"238\"><span style=\"color: #333300;\">Discord Nitro Boost \u2013 N\u00e2ng c\u1ea5p tr\u1ea3i nghi\u1ec7m c\u1ee7a b\u1ea1n l\u00ean t\u1ea7m cao m\u1edbi!<\/span><\/h1>\n<p data-start=\"240\" data-end=\"471\"><span style=\"color: #333300;\">B\u1ea1n l\u00e0 m\u1ed9t ng\u01b0\u1eddi \u0111am m\u00ea c\u1ed9ng \u0111\u1ed3ng, game, hay s\u00e1ng t\u1ea1o n\u1ed9i dung tr\u00ean Discord? B\u1ea1n mu\u1ed1n server c\u1ee7a m\u00ecnh n\u1ed5i b\u1eadt, t\u1ed1c \u0111\u1ed9 t\u1ea3i nhanh, v\u00e0 t\u1eadn h\u01b0\u1edfng m\u1ecdi t\u00ednh n\u0103ng cao c\u1ea5p c\u1ee7a Discord? <strong data-start=\"417\" data-end=\"440\">Discord Nitro Boost<\/strong> ch\u00ednh l\u00e0 gi\u1ea3i ph\u00e1p ho\u00e0n h\u1ea3o!<\/span><\/p>\n<p data-start=\"473\" data-end=\"670\"><span style=\"color: #333300;\">V\u1edbi <strong data-start=\"477\" data-end=\"500\">Discord Nitro Boost<\/strong>, b\u1ea1n c\u00f3 th\u1ec3 n\u00e2ng c\u1ea5p tr\u1ea3i nghi\u1ec7m Discord c\u1ee7a b\u1ea3n th\u00e2n v\u00e0 c\u1ed9ng \u0111\u1ed3ng, t\u1eeb c\u00e1 nh\u00e2n cho t\u1edbi server, v\u1edbi nhi\u1ec1u g\u00f3i linh ho\u1ea1t: 1 th\u00e1ng, 2 th\u00e1ng, 3 th\u00e1ng, 6 th\u00e1ng, ho\u1eb7c 1 n\u0103m.<\/span><\/p>\n<hr data-start=\"672\" data-end=\"675\" \/>\n<h2 data-start=\"677\" data-end=\"711\"><span style=\"color: #333300;\">1. Discord Nitro Boost l\u00e0 g\u00ec?<\/span><\/h2>\n<p data-start=\"713\" data-end=\"818\"><span style=\"color: #333300;\"><strong data-start=\"713\" data-end=\"736\">Discord Nitro Boost<\/strong> l\u00e0 t\u00ednh n\u0103ng n\u00e2ng c\u1ea5p server ho\u1eb7c t\u00e0i kho\u1ea3n c\u00e1 nh\u00e2n tr\u00ean Discord, cho ph\u00e9p b\u1ea1n:<\/span><\/p>\n<ul data-start=\"820\" data-end=\"1204\">\n<li data-start=\"820\" data-end=\"908\">\n<p data-start=\"822\" data-end=\"908\"><span style=\"color: #333300;\"><strong data-start=\"822\" data-end=\"848\">T\u0103ng t\u1ed1c \u0111\u1ed9 t\u1ea3i server<\/strong>: C\u00e1c file, h\u00ecnh \u1ea3nh, video, v\u00e0 \u00e2m thanh s\u1ebd t\u1ea3i nhanh h\u01a1n.<\/span><\/p>\n<\/li>\n<li data-start=\"909\" data-end=\"1024\">\n<p data-start=\"911\" data-end=\"1024\"><span style=\"color: #333300;\"><strong data-start=\"911\" data-end=\"941\">M\u1edf kh\u00f3a t\u00ednh n\u0103ng n\u00e2ng cao<\/strong>: Nh\u01b0 bi\u1ec3u t\u01b0\u1ee3ng t\u00f9y ch\u1ec9nh, h\u00ecnh n\u1ec1n \u0111\u1ed9ng, nh\u00e3n d\u00e1n \u0111\u1ed9c quy\u1ec1n, v\u00e0 emoji \u0111\u1eb7c bi\u1ec7t.<\/span><\/p>\n<\/li>\n<li data-start=\"1025\" data-end=\"1123\">\n<p data-start=\"1027\" data-end=\"1123\"><span style=\"color: #333300;\"><strong data-start=\"1027\" data-end=\"1066\">Tr\u1ea3i nghi\u1ec7m \u00e2m thanh ch\u1ea5t l\u01b0\u1ee3ng cao<\/strong>: Khi chat voice, m\u1ecdi \u00e2m thanh r\u00f5 n\u00e9t v\u00e0 s\u1ed1ng \u0111\u1ed9ng h\u01a1n.<\/span><\/p>\n<\/li>\n<li data-start=\"1124\" data-end=\"1204\">\n<p data-start=\"1126\" data-end=\"1204\"><span style=\"color: #333300;\"><strong data-start=\"1126\" data-end=\"1146\">Hi\u1ec7n th\u1ecb n\u1ed5i b\u1eadt<\/strong>: T\u00ean v\u00e0 bi\u1ec3u t\u01b0\u1ee3ng c\u1ee7a b\u1ea1n s\u1ebd n\u1ed5i b\u1eadt h\u01a1n trong server.<\/span><\/p>\n<\/li>\n<\/ul>\n<hr data-start=\"1206\" data-end=\"1209\" \/>\n<h2 data-start=\"1211\" data-end=\"1260\"><span style=\"color: #333300;\">2. T\u00ednh n\u0103ng n\u1ed5i b\u1eadt c\u1ee7a Discord Nitro Boost<\/span><\/h2>\n<h3 data-start=\"1262\" data-end=\"1303\"><span style=\"color: #333300;\"><strong data-start=\"1266\" data-end=\"1303\">a. T\u0103ng b\u1eadc server (Server Boost)<\/strong><\/span><\/h3>\n<ul data-start=\"1304\" data-end=\"1581\">\n<li data-start=\"1304\" data-end=\"1581\">\n<p data-start=\"1306\" data-end=\"1386\"><span style=\"color: #333300;\">N\u00e2ng c\u1ea5p server l\u00ean <strong data-start=\"1326\" data-end=\"1360\">Level 1, Level 2, ho\u1eb7c Level 3<\/strong>, m\u1edf kh\u00f3a c\u00e1c t\u00ednh n\u0103ng:<\/span><\/p>\n<ul data-start=\"1389\" data-end=\"1581\">\n<li data-start=\"1389\" data-end=\"1437\">\n<p data-start=\"1391\" data-end=\"1437\"><span style=\"color: #333300;\">T\u0103ng gi\u1edbi h\u1ea1n upload file l\u00ean \u0111\u1ebfn <strong data-start=\"1425\" data-end=\"1434\">100MB<\/strong>.<\/span><\/p>\n<\/li>\n<li data-start=\"1440\" data-end=\"1467\">\n<p data-start=\"1442\" data-end=\"1467\"><span style=\"color: #333300;\">Bi\u1ec3u t\u01b0\u1ee3ng server \u0111\u1ed9ng.<\/span><\/p>\n<\/li>\n<li data-start=\"1470\" data-end=\"1500\">\n<p data-start=\"1472\" data-end=\"1500\"><span style=\"color: #333300;\">H\u00ecnh n\u1ec1n ri\u00eang cho server.<\/span><\/p>\n<\/li>\n<li data-start=\"1503\" data-end=\"1534\">\n<p data-start=\"1505\" data-end=\"1534\"><span style=\"color: #333300;\">Nh\u00e3n d\u00e1n v\u00e0 emoji \u0111\u1eb7c bi\u1ec7t.<\/span><\/p>\n<\/li>\n<li data-start=\"1537\" data-end=\"1581\">\n<p data-start=\"1539\" data-end=\"1581\"><span style=\"color: #333300;\">T\u0103ng ch\u1ea5t l\u01b0\u1ee3ng \u00e2m thanh cho k\u00eanh voice.<\/span><\/p>\n<\/li>\n<\/ul>\n<\/li>\n<\/ul>\n<h3 data-start=\"1583\" data-end=\"1627\"><span style=\"color: #333300;\"><strong data-start=\"1587\" data-end=\"1627\">b. T\u00ednh n\u0103ng c\u00e1 nh\u00e2n (Nitro c\u00e1 nh\u00e2n)<\/strong><\/span><\/h3>\n<ul data-start=\"1628\" data-end=\"1860\">\n<li data-start=\"1628\" data-end=\"1692\">\n<p data-start=\"1630\" data-end=\"1692\"><span style=\"color: #333300;\"><strong data-start=\"1630\" data-end=\"1667\">T\u0103ng gi\u1edbi h\u1ea1n upload file c\u00e1 nh\u00e2n<\/strong>: T\u1eeb 8MB l\u00ean <strong data-start=\"1680\" data-end=\"1689\">100MB<\/strong>.<\/span><\/p>\n<\/li>\n<li data-start=\"1693\" data-end=\"1752\">\n<p data-start=\"1695\" data-end=\"1752\"><span style=\"color: #333300;\"><strong data-start=\"1695\" data-end=\"1723\">T\u00f9y ch\u1ec9nh tag ng\u01b0\u1eddi d\u00f9ng<\/strong>: Hi\u1ec3n th\u1ecb #0000 \u0111\u1ed9c quy\u1ec1n.<\/span><\/p>\n<\/li>\n<li data-start=\"1753\" data-end=\"1803\">\n<p data-start=\"1755\" data-end=\"1803\"><span style=\"color: #333300;\"><strong data-start=\"1755\" data-end=\"1775\">Emoji v\u00e0 Sticker<\/strong>: S\u1eed d\u1ee5ng tr\u00ean m\u1ecdi server.<\/span><\/p>\n<\/li>\n<li data-start=\"1804\" data-end=\"1860\">\n<p data-start=\"1806\" data-end=\"1860\"><span style=\"color: #333300;\"><strong data-start=\"1806\" data-end=\"1828\">H\u00ecnh \u0111\u1ea1i di\u1ec7n \u0111\u1ed9ng<\/strong>: Avatar chuy\u1ec3n \u0111\u1ed9ng \u1ea5n t\u01b0\u1ee3ng.<\/span><\/p>\n<\/li>\n<\/ul>\n<h3 data-start=\"1862\" data-end=\"1899\"><span style=\"color: #333300;\"><strong data-start=\"1866\" data-end=\"1899\">c. Tr\u1ea3i nghi\u1ec7m kh\u00f4ng gi\u1edbi h\u1ea1n<\/strong><\/span><\/h3>\n<ul data-start=\"1900\" data-end=\"2092\">\n<li data-start=\"1900\" data-end=\"1952\">\n<p data-start=\"1902\" data-end=\"1952\"><span style=\"color: #333300;\">S\u1eed d\u1ee5ng m\u1ecdi t\u00ednh n\u0103ng Nitro m\u00e0 kh\u00f4ng b\u1ecb h\u1ea1n ch\u1ebf.<\/span><\/p>\n<\/li>\n<li data-start=\"1953\" data-end=\"2017\">\n<p data-start=\"1955\" data-end=\"2017\"><span style=\"color: #333300;\">H\u1ed7 tr\u1ee3 xem video, live stream, v\u00e0 tr\u00f2 chuy\u1ec7n ch\u1ea5t l\u01b0\u1ee3ng cao.<\/span><\/p>\n<\/li>\n<li data-start=\"2018\" data-end=\"2092\">\n<p data-start=\"2020\" data-end=\"2092\"><span style=\"color: #333300;\">T\u1eadn h\u01b0\u1edfng Discord ho\u00e0n to\u00e0n \u201cpro\u201d v\u1edbi t\u1ed1c \u0111\u1ed9 t\u1ed1i \u01b0u v\u00e0 \u01b0u ti\u00ean server.<\/span><\/p>\n<\/li>\n<\/ul>\n<hr data-start=\"2094\" data-end=\"2097\" \/>\n<h2 data-start=\"2099\" data-end=\"2136\"><span style=\"color: #333300;\">3. C\u00e1c g\u00f3i Nitro Boost linh ho\u1ea1t<\/span><\/h2>\n<p data-start=\"2138\" data-end=\"2222\"><span style=\"color: #333300;\">Ch\u00fang t\u00f4i cung c\u1ea5p nhi\u1ec1u g\u00f3i n\u00e2ng c\u1ea5p \u0111\u1ec3 ph\u00f9 h\u1ee3p v\u1edbi nhu c\u1ea7u v\u00e0 ng\u00e2n s\u00e1ch c\u1ee7a b\u1ea1n:<\/span><\/p>\n<ul data-start=\"2224\" data-end=\"2537\">\n<li data-start=\"2224\" data-end=\"2276\">\n<p data-start=\"2226\" data-end=\"2276\"><span style=\"color: #333300;\"><strong data-start=\"2226\" data-end=\"2237\">1 Th\u00e1ng<\/strong>: Tr\u1ea3i nghi\u1ec7m th\u1eed t\u00ednh n\u0103ng n\u00e2ng cao.<\/span><\/p>\n<\/li>\n<li data-start=\"2277\" data-end=\"2339\">\n<p data-start=\"2279\" data-end=\"2339\"><span style=\"color: #333300;\"><strong data-start=\"2279\" data-end=\"2290\">2 Th\u00e1ng<\/strong>: L\u1ef1a ch\u1ecdn kinh t\u1ebf, ti\u1ebfp t\u1ee5c tr\u1ea3i nghi\u1ec7m Nitro.<\/span><\/p>\n<\/li>\n<li data-start=\"2340\" data-end=\"2406\">\n<p data-start=\"2342\" data-end=\"2406\"><span style=\"color: #333300;\"><strong data-start=\"2342\" data-end=\"2353\">3 Th\u00e1ng<\/strong>: Tho\u1ea3i m\u00e1i tr\u1ea3i nghi\u1ec7m l\u00e2u d\u00e0i, t\u1ed1i \u01b0u h\u00f3a server.<\/span><\/p>\n<\/li>\n<li data-start=\"2407\" data-end=\"2461\">\n<p data-start=\"2409\" data-end=\"2461\"><span style=\"color: #333300;\"><strong data-start=\"2409\" data-end=\"2420\">6 Th\u00e1ng<\/strong>: Ti\u1ebft ki\u1ec7m chi ph\u00ed, quy\u1ec1n l\u1ee3i k\u00e9o d\u00e0i.<\/span><\/p>\n<\/li>\n<li data-start=\"2462\" data-end=\"2537\">\n<p data-start=\"2464\" data-end=\"2537\"><span style=\"color: #333300;\"><strong data-start=\"2464\" data-end=\"2473\">1 N\u0103m<\/strong>: T\u1ed1i \u0111a h\u00f3a tr\u1ea3i nghi\u1ec7m Discord, m\u1ecdi t\u00ednh n\u0103ng \u201cfull option\u201d.<\/span><\/p>\n<\/li>\n<\/ul>\n<hr data-start=\"2539\" data-end=\"2542\" \/>\n<h2 data-start=\"2544\" data-end=\"2591\"><span style=\"color: #333300;\">4. L\u1ee3i \u00edch khi s\u1eed d\u1ee5ng Discord Nitro Boost<\/span><\/h2>\n<ul data-start=\"2593\" data-end=\"2952\">\n<li data-start=\"2593\" data-end=\"2686\">\n<p data-start=\"2595\" data-end=\"2686\"><span style=\"color: #333300;\"><strong data-start=\"2595\" data-end=\"2625\">Server c\u1ee7a b\u1ea1n n\u1ed5i b\u1eadt h\u01a1n<\/strong>: Th\u00e0nh vi\u00ean nh\u1eadn th\u1ea5y server chuy\u00ean nghi\u1ec7p v\u00e0 h\u1ea5p d\u1eabn h\u01a1n.<\/span><\/p>\n<\/li>\n<li data-start=\"2687\" data-end=\"2769\">\n<p data-start=\"2689\" data-end=\"2769\"><span style=\"color: #333300;\"><strong data-start=\"2689\" data-end=\"2715\">Tr\u1ea3i nghi\u1ec7m t\u1ed1c \u0111\u1ed9 cao<\/strong>: T\u1ea3i file nhanh, chat voice r\u00f5 n\u00e9t, stream m\u01b0\u1ee3t m\u00e0.<\/span><\/p>\n<\/li>\n<li data-start=\"2770\" data-end=\"2861\">\n<p data-start=\"2772\" data-end=\"2861\"><span style=\"color: #333300;\"><strong data-start=\"2772\" data-end=\"2793\">\u0110\u1eb7c quy\u1ec1n c\u00e1 nh\u00e2n<\/strong>: Avatar, emoji, sticker \u0111\u1ed9c quy\u1ec1n, v\u00e0 nhi\u1ec1u t\u00ednh n\u0103ng \u201cpro\u201d kh\u00e1c.<\/span><\/p>\n<\/li>\n<li data-start=\"2862\" data-end=\"2952\">\n<p data-start=\"2864\" data-end=\"2952\"><span style=\"color: #333300;\"><strong data-start=\"2864\" data-end=\"2884\">H\u1ed7 tr\u1ee3 c\u1ed9ng \u0111\u1ed3ng<\/strong>: Boost server gi\u00fap m\u1ecdi th\u00e0nh vi\u00ean t\u1eadn h\u01b0\u1edfng tr\u1ea3i nghi\u1ec7m t\u1ed1t nh\u1ea5t.<\/span><\/p>\n<\/li>\n<\/ul>\n<hr data-start=\"2954\" data-end=\"2957\" \/>\n<h2 data-start=\"2959\" data-end=\"3011\"><span style=\"color: #333300;\">5. T\u1ea1i sao n\u00ean mua Discord Nitro Boost t\u1ea1i \u0111\u00e2y?<\/span><\/h2>\n<ul data-start=\"3013\" data-end=\"3304\">\n<li data-start=\"3013\" data-end=\"3075\">\n<p data-start=\"3015\" data-end=\"3075\"><span style=\"color: #333300;\"><strong data-start=\"3015\" data-end=\"3034\">Ch\u00ednh h\u00e3ng 100%<\/strong>: T\u1ea5t c\u1ea3 c\u00e1c g\u00f3i \u0111\u1ec1u h\u1ee3p l\u1ec7 v\u00e0 an to\u00e0n.<\/span><\/p>\n<\/li>\n<li data-start=\"3076\" data-end=\"3151\">\n<p data-start=\"3078\" data-end=\"3151\"><span style=\"color: #333300;\"><strong data-start=\"3078\" data-end=\"3100\">H\u1ed7 tr\u1ee3 nhanh ch\u00f3ng<\/strong>: Nh\u1eadn m\u00e3 ho\u1eb7c k\u00edch ho\u1ea1t ngay sau khi thanh to\u00e1n.<\/span><\/p>\n<\/li>\n<li data-start=\"3152\" data-end=\"3222\">\n<p data-start=\"3154\" data-end=\"3222\"><span style=\"color: #333300;\"><strong data-start=\"3154\" data-end=\"3171\">G\u00f3i linh ho\u1ea1t<\/strong>: 1 Th\u00e1ng \u2192 1 N\u0103m, l\u1ef1a ch\u1ecdn theo nhu c\u1ea7u c\u1ee7a b\u1ea1n.<\/span><\/p>\n<\/li>\n<li data-start=\"3223\" data-end=\"3304\">\n<p data-start=\"3225\" data-end=\"3304\"><span style=\"color: #333300;\"><strong data-start=\"3225\" data-end=\"3243\">Gi\u00e1 c\u1ea1nh tranh<\/strong>: R\u1ebb h\u01a1n so v\u1edbi mua tr\u1ef1c ti\u1ebfp nh\u01b0ng v\u1eabn \u0111\u1ea3m b\u1ea3o ch\u00ednh h\u00e3ng.<\/span><\/p>\n<\/li>\n<\/ul>\n<hr data-start=\"3306\" data-end=\"3309\" \/>\n<h2 data-start=\"3311\" data-end=\"3327\"><span style=\"color: #333300;\">6. K\u1ebft lu\u1eadn<\/span><\/h2>\n<p data-start=\"3329\" data-end=\"3439\"><span style=\"color: #333300;\"><strong data-start=\"3329\" data-end=\"3352\">Discord Nitro Boost<\/strong> l\u00e0 c\u00f4ng c\u1ee5 kh\u00f4ng th\u1ec3 thi\u1ebfu \u0111\u1ec3 n\u00e2ng t\u1ea7m tr\u1ea3i nghi\u1ec7m Discord c\u1ee7a b\u1ea1n. Cho d\u00f9 b\u1ea1n mu\u1ed1n:<\/span><\/p>\n<ul data-start=\"3441\" data-end=\"3605\">\n<li data-start=\"3441\" data-end=\"3492\">\n<p data-start=\"3443\" data-end=\"3492\"><span style=\"color: #333300;\">N\u00e2ng c\u1ea5p server c\u1ee7a m\u00ecnh tr\u1edf n\u00ean chuy\u00ean nghi\u1ec7p.<\/span><\/p>\n<\/li>\n<li data-start=\"3493\" data-end=\"3536\">\n<p data-start=\"3495\" data-end=\"3536\"><span style=\"color: #333300;\">S\u1eed d\u1ee5ng c\u00e1c t\u00ednh n\u0103ng n\u00e2ng cao c\u00e1 nh\u00e2n.<\/span><\/p>\n<\/li>\n<li data-start=\"3537\" data-end=\"3605\">\n<p data-start=\"3539\" data-end=\"3605\"><span style=\"color: #333300;\">T\u1eadn h\u01b0\u1edfng t\u1ed1c \u0111\u1ed9, ch\u1ea5t l\u01b0\u1ee3ng v\u00e0 quy\u1ec1n l\u1ee3i \u0111\u1eb7c bi\u1ec7t tr\u00ean Discord.<\/span><\/p>\n<\/li>\n<\/ul>\n<p data-start=\"3607\" data-end=\"3654\"><span style=\"color: #333300;\">Th\u00ec <strong data-start=\"3611\" data-end=\"3626\">Nitro Boost<\/strong> ch\u00ednh l\u00e0 l\u1ef1a ch\u1ecdn t\u1ed1i \u01b0u.<\/span><\/p>\n<p data-start=\"3656\" data-end=\"3787\"><span style=\"color: #333300;\"><strong data-start=\"3656\" data-end=\"3674\">\u0110\u1eebng ch\u1ea7n ch\u1eeb!<\/strong> Ch\u1ecdn ngay g\u00f3i <strong data-start=\"3689\" data-end=\"3738\">1 Th\u00e1ng, 2 Th\u00e1ng, 3 Th\u00e1ng, 6 Th\u00e1ng, hay 1 N\u0103m<\/strong> v\u00e0 tr\u1ea3i nghi\u1ec7m Discord nh\u01b0 m\u1ed9t \u201cpro\u201d th\u1ef1c th\u1ee5!<\/span><\/p>\n","protected":false},"excerpt":{"rendered":"<p><span style=\"color: #000000;\">\u2714\ufe0f Discord Nitro Boost ch\u00ednh h\u00e3ng<\/span><br data-start=\"108\" data-end=\"111\" \/><span style=\"color: #000000;\">\u2714\ufe0f N\u00e2ng c\u1ea5p server &amp; tr\u1ea3i nghi\u1ec7m c\u00e1 nh\u00e2n<\/span><br data-start=\"151\" data-end=\"154\" \/><span style=\"color: #000000;\">\u2714\ufe0f Unlock emoji &amp; sticker \u0111\u1ed9c quy\u1ec1n<\/span><br data-start=\"189\" data-end=\"192\" \/><span style=\"color: #000000;\">\u2714\ufe0f Avatar \u0111\u1ed9ng &amp; t\u1ea3i file nhanh<\/span><br data-start=\"223\" data-end=\"226\" \/><span style=\"color: #000000;\">\u2714\ufe0f Chat voice ch\u1ea5t l\u01b0\u1ee3ng cao<\/span><br data-start=\"254\" data-end=\"257\" \/><span style=\"color: #000000;\">\u2714\ufe0f G\u00f3i 1 Th\u00e1ng \u2192 1 N\u0103m<\/span><br data-start=\"279\" data-end=\"282\" \/><span style=\"color: #000000;\">\u2714\ufe0f Nh\u1eadn ngay sau khi thanh to\u00e1n<\/span><\/p>\n","protected":false},"featured_media":2439,"comment_status":"open","ping_status":"closed","template":"","meta":{"_acf_changed":false,"inline_featured_image":false},"product_brand":[],"product_cat":[15,17],"product_tag":[],"class_list":{"0":"post-1995","1":"product","2":"type-product","3":"status-publish","4":"has-post-thumbnail","6":"product_cat-chua-phan-loai","7":"product_cat-lam-viec","9":"first","10":"instock","11":"sale","12":"taxable","13":"shipping-taxable","14":"purchasable","15":"product-type-variable"},"acf":[],"_links":{"self":[{"href":"https:\/\/www.thegioimmovn.com\/index.php?rest_route=\/wp\/v2\/product\/1995","targetHints":{"allow":["GET"]}}],"collection":[{"href":"https:\/\/www.thegioimmovn.com\/index.php?rest_route=\/wp\/v2\/product"}],"about":[{"href":"https:\/\/www.thegioimmovn.com\/index.php?rest_route=\/wp\/v2\/types\/product"}],"replies":[{"embeddable":true,"href":"https:\/\/www.thegioimmovn.com\/index.php?rest_route=%2Fwp%2Fv2%2Fcomments&post=1995"}],"wp:featuredmedia":[{"embeddable":true,"href":"https:\/\/www.thegioimmovn.com\/index.php?rest_route=\/wp\/v2\/media\/2439"}],"wp:attachment":[{"href":"https:\/\/www.thegioimmovn.com\/index.php?rest_route=%2Fwp%2Fv2%2Fmedia&parent=1995"}],"wp:term":[{"taxonomy":"product_brand","embeddable":true,"href":"https:\/\/www.thegioimmovn.com\/index.php?rest_route=%2Fwp%2Fv2%2Fproduct_brand&post=1995"},{"taxonomy":"product_cat","embeddable":true,"href":"https:\/\/www.thegioimmovn.com\/index.php?rest_route=%2Fwp%2Fv2%2Fproduct_cat&post=1995"},{"taxonomy":"product_tag","embeddable":true,"href":"https:\/\/www.thegioimmovn.com\/index.php?rest_route=%2Fwp%2Fv2%2Fproduct_tag&post=1995"}],"curies":[{"name":"wp","href":"https:\/\/api.w.org\/{rel}","templated":true}]}}