    {"id":1989,"date":"2026-01-13T18:19:25","date_gmt":"2026-01-14T02:19:25","guid":{"rendered":"https:\/\/xn--12cat7b6ah3cmc7g0bdgb.cc\/?post_type=product&#038;p=1989"},"modified":"2026-02-24T02:46:23","modified_gmt":"2026-02-24T01:46:23","slug":"tai-khoan-wechat-chua-xac-minh-xac-minh","status":"publish","type":"product","link":"https:\/\/www.thegioimmovn.com\/?product=tai-khoan-wechat-chua-xac-minh-xac-minh","title":{"rendered":"T\u00e0i kho\u1ea3n WECHAT ch\u01b0a x\u00e1c minh &#038; x\u00e1c minh"},"content":{"rendered":"<h2 data-start=\"147\" data-end=\"221\"><span style=\"color: #000000;\">T\u00c0I KHO\u1ea2N WECHAT \u2013 CH\u01afA X\u00c1C MINH &amp; \u0110\u00c3 X\u00c1C MINH \u2013 S\u1eec D\u1ee4NG \u1ed4N \u0110\u1ecaNH<\/span><\/h2>\n<p data-start=\"223\" data-end=\"538\"><span style=\"color: #000000;\">B\u1ea1n \u0111ang c\u1ea7n <strong data-start=\"236\" data-end=\"256\">t\u00e0i kho\u1ea3n WeChat<\/strong> \u0111\u1ec3 li\u00ean h\u1ec7 \u0111\u1ed1i t\u00e1c Trung Qu\u1ed1c, kinh doanh, CSKH, l\u00e0m MMO, nh\u1eadp h\u00e0ng, seeding hay x\u00e2y d\u1ef1ng h\u1ec7 th\u1ed1ng li\u00ean l\u1ea1c?<\/span><br data-start=\"365\" data-end=\"368\" \/><span style=\"color: #000000;\">B\u00ean m\u00ecnh chuy\u00ean cung c\u1ea5p <strong data-start=\"393\" data-end=\"439\">WeChat ch\u01b0a x\u00e1c minh v\u00e0 WeChat \u0111\u00e3 x\u00e1c minh<\/strong>, \u0111\u1ea7y \u0111\u1ee7 ch\u1ee9c n\u0103ng c\u01a1 b\u1ea3n, <strong data-start=\"466\" data-end=\"491\">s\u1eb5n s\u00e0ng s\u1eed d\u1ee5ng ngay<\/strong>, ph\u00f9 h\u1ee3p cho c\u1ea3 c\u00e1 nh\u00e2n l\u1eabn team s\u1ed1 l\u01b0\u1ee3ng l\u1edbn.<\/span><\/p>\n<hr data-start=\"540\" data-end=\"543\" \/>\n<h3 data-start=\"545\" data-end=\"571\"><span style=\"color: #000000;\">\ud83d\udd10 PH\u00c2N LO\u1ea0I T\u00c0I KHO\u1ea2N<\/span><\/h3>\n<h4 data-start=\"573\" data-end=\"605\"><span style=\"color: #000000;\">\ud83d\udfe1 WeChat <strong data-start=\"588\" data-end=\"605\">CH\u01afA X\u00c1C MINH<\/strong><\/span><\/h4>\n<ul data-start=\"606\" data-end=\"791\">\n<li data-start=\"606\" data-end=\"641\">\n<p data-start=\"608\" data-end=\"641\"><span style=\"color: #000000;\">T\u00e0i kho\u1ea3n t\u1ea1o s\u1eb5n, \u0111\u0103ng nh\u1eadp \u0111\u01b0\u1ee3c<\/span><\/p>\n<\/li>\n<li data-start=\"642\" data-end=\"679\">\n<p data-start=\"644\" data-end=\"679\"><span style=\"color: #000000;\">Nh\u1eafn tin, add b\u1ea1n, chat b\u00ecnh th\u01b0\u1eddng<\/span><\/p>\n<\/li>\n<li data-start=\"680\" data-end=\"721\">\n<p data-start=\"682\" data-end=\"721\"><span style=\"color: #000000;\">Ph\u00f9 h\u1ee3p s\u1eed d\u1ee5ng c\u01a1 b\u1ea3n, li\u00ean h\u1ec7 c\u00e1 nh\u00e2n<\/span><\/p>\n<\/li>\n<li data-start=\"722\" data-end=\"758\">\n<p data-start=\"724\" data-end=\"758\"><span style=\"color: #000000;\">Gi\u00e1 m\u1ec1m, d\u1ec5 ti\u1ebfp c\u1eadn cho ng\u01b0\u1eddi m\u1edbi<\/span><\/p>\n<\/li>\n<li data-start=\"759\" data-end=\"791\">\n<p data-start=\"761\" data-end=\"791\"><span style=\"color: #000000;\">C\u00f3 th\u1ec3 t\u1ef1 x\u00e1c minh sau n\u1ebfu c\u1ea7n<\/span><\/p>\n<\/li>\n<\/ul>\n<h4 data-start=\"793\" data-end=\"823\"><span style=\"color: #000000;\">\ud83d\udfe2 WeChat <strong data-start=\"808\" data-end=\"823\">\u0110\u00c3 X\u00c1C MINH<\/strong><\/span><\/h4>\n<ul data-start=\"824\" data-end=\"999\">\n<li data-start=\"824\" data-end=\"848\">\n<p data-start=\"826\" data-end=\"848\"><span style=\"color: #000000;\">\u0110\u00e3 x\u00e1c minh ho\u00e0n ch\u1ec9nh<\/span><\/p>\n<\/li>\n<li data-start=\"849\" data-end=\"876\">\n<p data-start=\"851\" data-end=\"876\"><span style=\"color: #000000;\">\u0110\u1ed9 trust cao, \u1ed5n \u0111\u1ecbnh h\u01a1n<\/span><\/p>\n<\/li>\n<li data-start=\"877\" data-end=\"925\">\n<p data-start=\"879\" data-end=\"925\"><span style=\"color: #000000;\">H\u1ea1n ch\u1ebf checkpoint, h\u1ea1n ch\u1ebf gi\u1edbi h\u1ea1n t\u00ednh n\u0103ng<\/span><\/p>\n<\/li>\n<li data-start=\"926\" data-end=\"964\">\n<p data-start=\"928\" data-end=\"964\"><span style=\"color: #000000;\">Ph\u00f9 h\u1ee3p kinh doanh, l\u00e0m vi\u1ec7c l\u00e2u d\u00e0i<\/span><\/p>\n<\/li>\n<li data-start=\"965\" data-end=\"999\">\n<p data-start=\"967\" data-end=\"999\"><span style=\"color: #000000;\">D\u00f9ng t\u1ed1t cho CSKH, \u0111\u1ed1i t\u00e1c, team<\/span><\/p>\n<\/li>\n<\/ul>\n<hr data-start=\"1001\" data-end=\"1004\" \/>\n<h3 data-start=\"1006\" data-end=\"1025\"><span style=\"color: #000000;\">\u26a1 \u01afU \u0110I\u1ec2M CHUNG<\/span><\/h3>\n<p data-start=\"1026\" data-end=\"1191\"><span style=\"color: #000000;\">\u2705 \u0110\u0103ng nh\u1eadp s\u1eed d\u1ee5ng ngay<\/span><br data-start=\"1050\" data-end=\"1053\" \/><span style=\"color: #000000;\">\u2705 Ho\u1ea1t \u0111\u1ed9ng \u1ed5n \u0111\u1ecbnh, \u00edt l\u1ed7i<\/span><br data-start=\"1080\" data-end=\"1083\" \/><span style=\"color: #000000;\">\u2705 \u0110\u1ea7y \u0111\u1ee7 ch\u1ee9c n\u0103ng WeChat c\u01a1 b\u1ea3n<\/span><br data-start=\"1115\" data-end=\"1118\" \/><span style=\"color: #000000;\">\u2705 Ph\u00f9 h\u1ee3p cho c\u00e1 nh\u00e2n &amp; doanh nghi\u1ec7p<\/span><br data-start=\"1154\" data-end=\"1157\" \/><span style=\"color: #000000;\">\u2705 C\u00f3 s\u1ed1 l\u01b0\u1ee3ng l\u1edbn, h\u1ed7 tr\u1ee3 l\u1ea5y s\u1ec9<\/span><\/p>\n<hr data-start=\"1193\" data-end=\"1196\" \/>\n<h3 data-start=\"1198\" data-end=\"1216\"><span style=\"color: #000000;\">\ud83c\udfaf PH\u00d9 H\u1ee2P V\u1edaI<\/span><\/h3>\n<ul data-start=\"1217\" data-end=\"1367\">\n<li data-start=\"1217\" data-end=\"1242\">\n<p data-start=\"1219\" data-end=\"1242\"><span style=\"color: #000000;\">Kinh doanh online, CSKH<\/span><\/p>\n<\/li>\n<li data-start=\"1243\" data-end=\"1271\">\n<p data-start=\"1245\" data-end=\"1271\"><span style=\"color: #000000;\">Li\u00ean h\u1ec7 \u0111\u1ed1i t\u00e1c Trung Qu\u1ed1c<\/span><\/p>\n<\/li>\n<li data-start=\"1272\" data-end=\"1302\">\n<p data-start=\"1274\" data-end=\"1302\"><span style=\"color: #000000;\">MMO, dropshipping, nh\u1eadp h\u00e0ng<\/span><\/p>\n<\/li>\n<li data-start=\"1303\" data-end=\"1334\">\n<p data-start=\"1305\" data-end=\"1334\"><span style=\"color: #000000;\">Nu\u00f4i h\u1ec7 th\u1ed1ng WeChat s\u1ed1 l\u01b0\u1ee3ng<\/span><\/p>\n<\/li>\n<li data-start=\"1335\" data-end=\"1367\">\n<p data-start=\"1337\" data-end=\"1367\"><span style=\"color: #000000;\">C\u00e1 nh\u00e2n c\u1ea7n WeChat nhanh, ti\u1ec7n<\/span><\/p>\n<\/li>\n<\/ul>\n<hr data-start=\"1369\" data-end=\"1372\" \/>\n<h3 data-start=\"1374\" data-end=\"1398\"><span style=\"color: #000000;\">\ud83d\udee0\ufe0f CAM K\u1ebeT &amp; H\u1ed6 TR\u1ee2<\/span><\/h3>\n<ul data-start=\"1399\" data-end=\"1594\">\n<li data-start=\"1399\" data-end=\"1429\">\n<p data-start=\"1401\" data-end=\"1429\"><span style=\"color: #000000;\">\ud83d\udccc Giao t\u00e0i kho\u1ea3n \u0111\u00fang m\u00f4 t\u1ea3<\/span><\/p>\n<\/li>\n<li data-start=\"1430\" data-end=\"1464\">\n<p data-start=\"1432\" data-end=\"1464\"><span style=\"color: #000000;\">\ud83d\udccc <strong data-start=\"1435\" data-end=\"1464\">B\u1ea3o h\u00e0nh login th\u00e0nh c\u00f4ng<\/strong><\/span><\/p>\n<\/li>\n<li data-start=\"1465\" data-end=\"1513\">\n<p data-start=\"1467\" data-end=\"1513\"><span style=\"color: #000000;\">\ud83d\udccc H\u1ed7 tr\u1ee3 khi g\u1eb7p l\u1ed7i ban \u0111\u1ea7u (theo \u0111i\u1ec1u ki\u1ec7n)<\/span><\/p>\n<\/li>\n<li data-start=\"1514\" data-end=\"1555\">\n<p data-start=\"1516\" data-end=\"1555\"><span style=\"color: #000000;\">\ud83d\udccc H\u01b0\u1edbng d\u1eabn s\u1eed d\u1ee5ng &amp; nu\u00f4i acc an to\u00e0n<\/span><\/p>\n<\/li>\n<li data-start=\"1556\" data-end=\"1594\">\n<p data-start=\"1558\" data-end=\"1594\"><span style=\"color: #000000;\">\ud83d\udccc \u01afu \u0111\u00e3i cho kh\u00e1ch l\u1ea5y s\u1ed1 l\u01b0\u1ee3ng l\u1edbn<\/span><\/p>\n<\/li>\n<\/ul>\n<hr data-start=\"1596\" data-end=\"1599\" \/>\n<h3 data-start=\"1601\" data-end=\"1613\"><span style=\"color: #000000;\">\u26a0\ufe0f L\u01afU \u00dd<\/span><\/h3>\n<ul data-start=\"1614\" data-end=\"1747\">\n<li data-start=\"1614\" data-end=\"1653\">\n<p data-start=\"1616\" data-end=\"1653\"><span style=\"color: #000000;\">Kh\u00f4ng spam m\u1ea1nh ngay khi m\u1edbi nh\u1eadn acc<\/span><\/p>\n<\/li>\n<li data-start=\"1654\" data-end=\"1692\">\n<p data-start=\"1656\" data-end=\"1692\"><span style=\"color: #000000;\">S\u1eed d\u1ee5ng \u0111\u00fang c\u00e1ch \u0111\u1ec3 t\u0103ng \u0111\u1ed9 \u1ed5n \u0111\u1ecbnh<\/span><\/p>\n<\/li>\n<li data-start=\"1693\" data-end=\"1747\">\n<p data-start=\"1695\" data-end=\"1747\"><span style=\"color: #000000;\">Nu\u00f4i t\u00e0i kho\u1ea3n nh\u01b0 ng\u01b0\u1eddi d\u00f9ng th\u1eadt \u0111\u1ec3 h\u1ea1n ch\u1ebf r\u1ee7i ro<\/span><\/p>\n<\/li>\n<\/ul>\n<hr data-start=\"1749\" data-end=\"1752\" \/>\n<p data-start=\"1754\" data-end=\"1899\"><span style=\"color: #000000;\">\ud83d\udce6 <strong data-start=\"1757\" data-end=\"1789\">C\u00f3 s\u1eb5n s\u1ed1 l\u01b0\u1ee3ng \u2013 giao nhanh<\/strong><\/span><br data-start=\"1789\" data-end=\"1792\" \/><span style=\"color: #000000;\">\ud83d\udcb0 Gi\u00e1 kh\u00e1c nhau theo lo\u1ea1i acc (ch\u01b0a x\u00e1c minh \/ \u0111\u00e3 x\u00e1c minh)<\/span><\/p>\n","protected":false},"excerpt":{"rendered":"<p><span style=\"color: #000000;\">\u2714\ufe0f \u0110\u0103ng nh\u1eadp s\u1eed d\u1ee5ng ngay<\/span><br \/>\n<span style=\"color: #000000;\">\u2714\ufe0f \u0110\u1ea7y \u0111\u1ee7 ch\u1ee9c n\u0103ng c\u01a1 b\u1ea3n<\/span><br \/>\n<span style=\"color: #000000;\">\u2714\ufe0f B\u1ea3o h\u00e0nh bank1 gi\u1edd<\/span><br \/>\n<span style=\"color: #000000;\">\u2714\ufe0f H\u1ed7 tr\u1ee3 \u0111\u0103ng nh\u1eadp<\/span><br \/>\n<span style=\"color: #000000;\">\u2714\ufe0f C\u00f3 s\u1ec9 &amp; l\u1ebb \u2013 gi\u00e1 t\u1ed1t<\/span><\/p>\n","protected":false},"featured_media":2442,"comment_status":"open","ping_status":"closed","template":"","meta":{"_acf_changed":false,"inline_featured_image":false},"product_brand":[],"product_cat":[15,17],"product_tag":[],"class_list":{"0":"post-1989","1":"product","2":"type-product","3":"status-publish","4":"has-post-thumbnail","6":"product_cat-chua-phan-loai","7":"product_cat-lam-viec","9":"first","10":"instock","11":"sale","12":"taxable","13":"shipping-taxable","14":"purchasable","15":"product-type-variable"},"acf":[],"_links":{"self":[{"href":"https:\/\/www.thegioimmovn.com\/index.php?rest_route=\/wp\/v2\/product\/1989","targetHints":{"allow":["GET"]}}],"collection":[{"href":"https:\/\/www.thegioimmovn.com\/index.php?rest_route=\/wp\/v2\/product"}],"about":[{"href":"https:\/\/www.thegioimmovn.com\/index.php?rest_route=\/wp\/v2\/types\/product"}],"replies":[{"embeddable":true,"href":"https:\/\/www.thegioimmovn.com\/index.php?rest_route=%2Fwp%2Fv2%2Fcomments&post=1989"}],"wp:featuredmedia":[{"embeddable":true,"href":"https:\/\/www.thegioimmovn.com\/index.php?rest_route=\/wp\/v2\/media\/2442"}],"wp:attachment":[{"href":"https:\/\/www.thegioimmovn.com\/index.php?rest_route=%2Fwp%2Fv2%2Fmedia&parent=1989"}],"wp:term":[{"taxonomy":"product_brand","embeddable":true,"href":"https:\/\/www.thegioimmovn.com\/index.php?rest_route=%2Fwp%2Fv2%2Fproduct_brand&post=1989"},{"taxonomy":"product_cat","embeddable":true,"href":"https:\/\/www.thegioimmovn.com\/index.php?rest_route=%2Fwp%2Fv2%2Fproduct_cat&post=1989"},{"taxonomy":"product_tag","embeddable":true,"href":"https:\/\/www.thegioimmovn.com\/index.php?rest_route=%2Fwp%2Fv2%2Fproduct_tag&post=1989"}],"curies":[{"name":"wp","href":"https:\/\/api.w.org\/{rel}","templated":true}]}}