    {"id":1984,"date":"2026-01-13T17:57:37","date_gmt":"2026-01-14T01:57:37","guid":{"rendered":"https:\/\/xn--12cat7b6ah3cmc7g0bdgb.cc\/?post_type=product&#038;p=1984"},"modified":"2026-02-24T02:54:26","modified_gmt":"2026-02-24T01:54:26","slug":"tai-khoan-amazon-buyer-clone-chat-luong-cao","status":"publish","type":"product","link":"https:\/\/www.thegioimmovn.com\/?product=tai-khoan-amazon-buyer-clone-chat-luong-cao","title":{"rendered":"T\u00e0i Kho\u1ea3n Amazon Buyer Clone ch\u1ea5t l\u01b0\u1ee3ng cao"},"content":{"rendered":"<h2 data-start=\"194\" data-end=\"272\"><span style=\"color: #000000;\">T\u00c0I KHO\u1ea2N AMAZON BUYER CLONE US \/ CA \/ UK \/ DE \u2013 ACC C\u1ed4 \u2013 CH\u1ea4T L\u01af\u1ee2NG CAO<\/span><\/h2>\n<p data-start=\"274\" data-end=\"607\"><span style=\"color: #000000;\">B\u1ea1n \u0111ang c\u1ea7n <strong data-start=\"287\" data-end=\"328\">t\u00e0i kho\u1ea3n Amazon Buyer ch\u1ea5t l\u01b0\u1ee3ng cao<\/strong> \u0111\u1ec3 mua h\u00e0ng, l\u00e0m dropshipping, test s\u1ea3n ph\u1ea9m, nu\u00f4i h\u1ec7 th\u1ed1ng hay ph\u1ee5c v\u1ee5 c\u00f4ng vi\u1ec7c kinh doanh qu\u1ed1c t\u1ebf?<\/span><br data-start=\"430\" data-end=\"433\" \/><span style=\"color: #000000;\">B\u00ean m\u00ecnh chuy\u00ean cung c\u1ea5p <strong data-start=\"458\" data-end=\"506\">Amazon Buyer Clone th\u1ecb tr\u01b0\u1eddng US, CA, UK, DE<\/strong>, <strong data-start=\"508\" data-end=\"538\">t\u00e0i kho\u1ea3n c\u00f3 tu\u1ed5i (acc c\u1ed5)<\/strong>, \u0111\u00e3 \u0111\u01b0\u1ee3c ch\u1ecdn l\u1ecdc k\u1ef9, <strong data-start=\"561\" data-end=\"606\">\u1ed5n \u0111\u1ecbnh \u2013 d\u1ec5 s\u1eed d\u1ee5ng \u2013 s\u1eb5n s\u00e0ng d\u00f9ng ngay<\/strong>.<\/span><\/p>\n<hr data-start=\"609\" data-end=\"612\" \/>\n<h3 data-start=\"614\" data-end=\"638\"><span style=\"color: #000000;\">\ud83c\udf0d TH\u1eca TR\u01af\u1edcNG H\u1ed6 TR\u1ee2<\/span><\/h3>\n<ul data-start=\"639\" data-end=\"756\">\n<li data-start=\"639\" data-end=\"666\">\n<p data-start=\"641\" data-end=\"666\"><span style=\"color: #000000;\">\ud83c\uddfa\ud83c\uddf8 <strong data-start=\"646\" data-end=\"664\">Amazon US (M\u1ef9)<\/strong><\/span><\/p>\n<\/li>\n<li data-start=\"667\" data-end=\"698\">\n<p data-start=\"669\" data-end=\"698\"><span style=\"color: #000000;\">\ud83c\udde8\ud83c\udde6 <strong data-start=\"674\" data-end=\"696\">Amazon CA (Canada)<\/strong><\/span><\/p>\n<\/li>\n<li data-start=\"699\" data-end=\"727\">\n<p data-start=\"701\" data-end=\"727\"><span style=\"color: #000000;\">\ud83c\uddec\ud83c\udde7 <strong data-start=\"706\" data-end=\"725\">Amazon UK (Anh)<\/strong><\/span><\/p>\n<\/li>\n<li data-start=\"728\" data-end=\"756\">\n<p data-start=\"730\" data-end=\"756\"><span style=\"color: #000000;\">\ud83c\udde9\ud83c\uddea <strong data-start=\"735\" data-end=\"754\">Amazon DE (\u0110\u1ee9c)<\/strong><\/span><\/p>\n<\/li>\n<\/ul>\n<p data-start=\"758\" data-end=\"870\"><span style=\"color: #000000;\">\ud83d\udc49 Ph\u00f9 h\u1ee3p cho kh\u00e1ch l\u00e0m <strong data-start=\"783\" data-end=\"833\">dropshipping, mua h\u1ed9, test \u0111\u01a1n, order s\u1ed1 l\u01b0\u1ee3ng<\/strong>, ho\u1eb7c kinh doanh th\u1ecb tr\u01b0\u1eddng \u00c2u \u2013 M\u1ef9.<\/span><\/p>\n<hr data-start=\"872\" data-end=\"875\" \/>\n<h3 data-start=\"877\" data-end=\"903\"><span style=\"color: #000000;\">\ud83d\udd10 TH\u00d4NG TIN T\u00c0I KHO\u1ea2N<\/span><\/h3>\n<ul data-start=\"904\" data-end=\"1148\">\n<li data-start=\"904\" data-end=\"963\">\n<p data-start=\"906\" data-end=\"963\"><span style=\"color: #000000;\">Amazon <strong data-start=\"913\" data-end=\"928\">Buyer Clone<\/strong> \u2013 kh\u00f4ng ph\u1ea3i acc m\u1edbi t\u1ea1o h\u00e0ng lo\u1ea1t<\/span><\/p>\n<\/li>\n<li data-start=\"964\" data-end=\"1000\">\n<p data-start=\"966\" data-end=\"1000\"><span style=\"color: #000000;\"><strong data-start=\"966\" data-end=\"985\">Acc c\u1ed5, c\u00f3 tu\u1ed5i<\/strong> \u2192 \u0111\u1ed9 trust cao<\/span><\/p>\n<\/li>\n<li data-start=\"1001\" data-end=\"1038\">\n<p data-start=\"1003\" data-end=\"1038\"><span style=\"color: #000000;\">\u0110\u0103ng nh\u1eadp \u0111\u01b0\u1ee3c, s\u1eed d\u1ee5ng b\u00ecnh th\u01b0\u1eddng<\/span><\/p>\n<\/li>\n<li data-start=\"1039\" data-end=\"1077\">\n<p data-start=\"1041\" data-end=\"1077\"><span style=\"color: #000000;\">C\u00f3 email theo t\u00e0i kho\u1ea3n (c\u00f3 th\u1ec3 \u0111\u1ed5i)<\/span><\/p>\n<\/li>\n<li data-start=\"1078\" data-end=\"1103\">\n<p data-start=\"1080\" data-end=\"1103\"><span style=\"color: #000000;\">Th\u00f4ng tin c\u01a1 b\u1ea3n \u0111\u1ea7y \u0111\u1ee7<\/span><\/p>\n<\/li>\n<li data-start=\"1104\" data-end=\"1148\">\n<p data-start=\"1106\" data-end=\"1148\"><span style=\"color: #000000;\">Ch\u01b0a b\u1ecb kh\u00f3a, ch\u01b0a vi ph\u1ea1m n\u1eb7ng ch\u00ednh s\u00e1ch<\/span><\/p>\n<\/li>\n<\/ul>\n<hr data-start=\"1150\" data-end=\"1153\" \/>\n<h3 data-start=\"1155\" data-end=\"1176\"><span style=\"color: #000000;\">\u26a1 \u01afU \u0110I\u1ec2M N\u1ed4I B\u1eacT<\/span><\/h3>\n<ul data-start=\"1177\" data-end=\"1379\">\n<li data-start=\"1177\" data-end=\"1230\">\n<p data-start=\"1179\" data-end=\"1230\"><span style=\"color: #000000;\">Acc \u0111\u00e3 qua th\u1eddi gian s\u1eed d\u1ee5ng \u2192 <strong data-start=\"1210\" data-end=\"1230\">h\u1ea1n ch\u1ebf kh\u00f3a v\u1eb7t<\/strong><\/span><\/p>\n<\/li>\n<li data-start=\"1231\" data-end=\"1269\">\n<p data-start=\"1233\" data-end=\"1269\"><span style=\"color: #000000;\">Ph\u00f9 h\u1ee3p \u0111\u1eb7t \u0111\u01a1n, add gi\u1ecf, thanh to\u00e1n<\/span><\/p>\n<\/li>\n<li data-start=\"1270\" data-end=\"1305\">\n<p data-start=\"1272\" data-end=\"1305\"><span style=\"color: #000000;\">D\u1ec5 nu\u00f4i, d\u1ec5 l\u00ean trust h\u01a1n acc new<\/span><\/p>\n<\/li>\n<li data-start=\"1306\" data-end=\"1336\">\n<p data-start=\"1308\" data-end=\"1336\"><span style=\"color: #000000;\">\u1ed4n \u0111\u1ecbnh cho l\u00e0m vi\u1ec7c l\u00e2u d\u00e0i<\/span><\/p>\n<\/li>\n<li data-start=\"1337\" data-end=\"1379\">\n<p data-start=\"1339\" data-end=\"1379\"><span style=\"color: #000000;\">C\u00f3 th\u1ec3 d\u00f9ng cho nhi\u1ec1u m\u1ee5c \u0111\u00edch kh\u00e1c nhau<\/span><\/p>\n<\/li>\n<\/ul>\n<hr data-start=\"1381\" data-end=\"1384\" \/>\n<h3 data-start=\"1386\" data-end=\"1404\"><span style=\"color: #000000;\">\ud83c\udfaf PH\u00d9 H\u1ee2P V\u1edaI<\/span><\/h3>\n<ul data-start=\"1405\" data-end=\"1556\">\n<li data-start=\"1405\" data-end=\"1426\">\n<p data-start=\"1407\" data-end=\"1426\"><span style=\"color: #000000;\">Dropshipping Amazon<\/span><\/p>\n<\/li>\n<li data-start=\"1427\" data-end=\"1452\">\n<p data-start=\"1429\" data-end=\"1452\"><span style=\"color: #000000;\">Mua h\u00e0ng, test s\u1ea3n ph\u1ea9m<\/span><\/p>\n<\/li>\n<li data-start=\"1453\" data-end=\"1478\">\n<p data-start=\"1455\" data-end=\"1478\"><span style=\"color: #000000;\">Kinh doanh h\u00e0ng qu\u1ed1c t\u1ebf<\/span><\/p>\n<\/li>\n<li data-start=\"1479\" data-end=\"1520\">\n<p data-start=\"1481\" data-end=\"1520\"><span style=\"color: #000000;\">Nu\u00f4i h\u1ec7 th\u1ed1ng Amazon Buyer s\u1ed1 l\u01b0\u1ee3ng l\u1edbn<\/span><\/p>\n<\/li>\n<li data-start=\"1521\" data-end=\"1556\">\n<p data-start=\"1523\" data-end=\"1556\"><span style=\"color: #000000;\">C\u00e1 nh\u00e2n &amp; team l\u00e0m MMO, eCommerce<\/span><\/p>\n<\/li>\n<\/ul>\n<hr data-start=\"1558\" data-end=\"1561\" \/>\n<h3 data-start=\"1563\" data-end=\"1587\"><span style=\"color: #000000;\">\ud83d\udee0\ufe0f CAM K\u1ebeT &amp; H\u1ed6 TR\u1ee2<\/span><\/h3>\n<ul data-start=\"1588\" data-end=\"1794\">\n<li data-start=\"1588\" data-end=\"1619\">\n<p data-start=\"1590\" data-end=\"1619\"><span style=\"color: #000000;\">Giao t\u00e0i kho\u1ea3n <strong data-start=\"1605\" data-end=\"1619\">\u0111\u00fang m\u00f4 t\u1ea3<\/strong><\/span><\/p>\n<\/li>\n<li data-start=\"1620\" data-end=\"1651\">\n<p data-start=\"1622\" data-end=\"1651\"><span style=\"color: #000000;\"><strong data-start=\"1622\" data-end=\"1651\">B\u1ea3o h\u00e0nh login th\u00e0nh c\u00f4ng<\/strong><\/span><\/p>\n<\/li>\n<li data-start=\"1652\" data-end=\"1688\">\n<p data-start=\"1654\" data-end=\"1688\"><span style=\"color: #000000;\">H\u1ed7 tr\u1ee3 \u0111\u0103ng nh\u1eadp &amp; s\u1eed d\u1ee5ng ban \u0111\u1ea7u<\/span><\/p>\n<\/li>\n<li data-start=\"1689\" data-end=\"1743\">\n<p data-start=\"1691\" data-end=\"1743\"><span style=\"color: #000000;\">C\u00f3 ch\u00ednh s\u00e1ch <strong data-start=\"1705\" data-end=\"1743\">1 \u0111\u1ed5i 1 n\u1ebfu acc l\u1ed7i theo \u0111i\u1ec1u ki\u1ec7n<\/strong><\/span><\/p>\n<\/li>\n<li data-start=\"1744\" data-end=\"1794\">\n<p data-start=\"1746\" data-end=\"1794\"><span style=\"color: #000000;\">Nh\u1eadn s\u1ec9 s\u1ed1 l\u01b0\u1ee3ng l\u1edbn \u2013 gi\u00e1 t\u1ed1t cho kh\u00e1ch l\u00e2u d\u00e0i<\/span><\/p>\n<\/li>\n<\/ul>\n<hr data-start=\"1796\" data-end=\"1799\" \/>\n<h3 data-start=\"1801\" data-end=\"1824\"><span style=\"color: #000000;\">\u26a0\ufe0f L\u01afU \u00dd QUAN TR\u1eccNG<\/span><\/h3>\n<ul data-start=\"1825\" data-end=\"2007\">\n<li data-start=\"1825\" data-end=\"1860\">\n<p data-start=\"1827\" data-end=\"1860\"><span style=\"color: #000000;\">Khuy\u1ebfn ngh\u1ecb d\u00f9ng IP\/thi\u1ebft b\u1ecb s\u1ea1ch<\/span><\/p>\n<\/li>\n<li data-start=\"1861\" data-end=\"1910\">\n<p data-start=\"1863\" data-end=\"1910\"><span style=\"color: #000000;\">Kh\u00f4ng thao t\u00e1c b\u1ea5t th\u01b0\u1eddng ngay khi m\u1edbi nh\u1eadn acc<\/span><\/p>\n<\/li>\n<li data-start=\"1911\" data-end=\"1960\">\n<p data-start=\"1913\" data-end=\"1960\"><span style=\"color: #000000;\">Nu\u00f4i acc nh\u01b0 ng\u01b0\u1eddi d\u00f9ng th\u1eadt \u0111\u1ec3 t\u0103ng \u0111\u1ed9 \u1ed5n \u0111\u1ecbnh<\/span><\/p>\n<\/li>\n<li data-start=\"1961\" data-end=\"2007\">\n<p data-start=\"1963\" data-end=\"2007\"><span style=\"color: #000000;\">Tu\u00e2n th\u1ee7 quy tr\u00ecnh s\u1eed d\u1ee5ng \u0111\u1ec3 h\u1ea1n ch\u1ebf r\u1ee7i ro<\/span><\/p>\n<\/li>\n<\/ul>\n<hr data-start=\"2009\" data-end=\"2012\" \/>\n<p data-start=\"2014\" data-end=\"2180\"><span style=\"color: #000000;\">\ud83d\udce6 <strong data-start=\"2017\" data-end=\"2049\">C\u00f3 s\u1eb5n s\u1ed1 l\u01b0\u1ee3ng \u2013 giao nhanh<\/strong><\/span><br data-start=\"2049\" data-end=\"2052\" \/><span style=\"color: #000000;\">\ud83d\udcb0 Gi\u00e1 kh\u00e1c nhau theo th\u1ecb tr\u01b0\u1eddng: US \/ CA \/ UK \/ DE<\/span><\/p>\n","protected":false},"excerpt":{"rendered":"<p><span style=\"color: #000000;\">\u2714\ufe0f Acc c\u1ed5, ch\u1ea5t l\u01b0\u1ee3ng cao, d\u00f9ng ngay<\/span><br \/>\n<span style=\"color: #000000;\">\u2714\ufe0f Ph\u00f9 h\u1ee3p mua h\u00e0ng, dropshipping, test s\u1ea3n ph\u1ea9m<\/span><br \/>\n<span style=\"color: #000000;\">\u2714\ufe0f B\u1ea3o h\u00e0nh login th\u00e0nh c\u00f4ng<\/span><br \/>\n<span style=\"color: #000000;\">\u2714\ufe0f H\u1ed7 tr\u1ee3 \u0111\u0103ng nh\u1eadp &amp; s\u1eed d\u1ee5ng ban \u0111\u1ea7u<\/span><br \/>\n<span style=\"color: #000000;\">\u2714\ufe0fC\u00f3 s\u1ec9 &amp; l\u1ebb \u2013 s\u1ed1 l\u01b0\u1ee3ng l\u1edbn, gi\u00e1 t\u1ed1t<\/span><\/p>\n","protected":false},"featured_media":2444,"comment_status":"open","ping_status":"closed","template":"","meta":{"_acf_changed":false,"inline_featured_image":false},"product_brand":[],"product_cat":[15,17],"product_tag":[],"class_list":{"0":"post-1984","1":"product","2":"type-product","3":"status-publish","4":"has-post-thumbnail","6":"product_cat-chua-phan-loai","7":"product_cat-lam-viec","9":"first","10":"instock","11":"sale","12":"taxable","13":"shipping-taxable","14":"purchasable","15":"product-type-simple"},"acf":[],"_links":{"self":[{"href":"https:\/\/www.thegioimmovn.com\/index.php?rest_route=\/wp\/v2\/product\/1984","targetHints":{"allow":["GET"]}}],"collection":[{"href":"https:\/\/www.thegioimmovn.com\/index.php?rest_route=\/wp\/v2\/product"}],"about":[{"href":"https:\/\/www.thegioimmovn.com\/index.php?rest_route=\/wp\/v2\/types\/product"}],"replies":[{"embeddable":true,"href":"https:\/\/www.thegioimmovn.com\/index.php?rest_route=%2Fwp%2Fv2%2Fcomments&post=1984"}],"wp:featuredmedia":[{"embeddable":true,"href":"https:\/\/www.thegioimmovn.com\/index.php?rest_route=\/wp\/v2\/media\/2444"}],"wp:attachment":[{"href":"https:\/\/www.thegioimmovn.com\/index.php?rest_route=%2Fwp%2Fv2%2Fmedia&parent=1984"}],"wp:term":[{"taxonomy":"product_brand","embeddable":true,"href":"https:\/\/www.thegioimmovn.com\/index.php?rest_route=%2Fwp%2Fv2%2Fproduct_brand&post=1984"},{"taxonomy":"product_cat","embeddable":true,"href":"https:\/\/www.thegioimmovn.com\/index.php?rest_route=%2Fwp%2Fv2%2Fproduct_cat&post=1984"},{"taxonomy":"product_tag","embeddable":true,"href":"https:\/\/www.thegioimmovn.com\/index.php?rest_route=%2Fwp%2Fv2%2Fproduct_tag&post=1984"}],"curies":[{"name":"wp","href":"https:\/\/api.w.org\/{rel}","templated":true}]}}