    {"id":1977,"date":"2026-01-13T17:26:11","date_gmt":"2026-01-14T01:26:11","guid":{"rendered":"https:\/\/xn--12cat7b6ah3cmc7g0bdgb.cc\/?post_type=product&#038;p=1977"},"modified":"2026-02-24T03:34:57","modified_gmt":"2026-02-24T02:34:57","slug":"tai-khoan-canva-pro-gia-re-nang-cap-chinh-chu","status":"publish","type":"product","link":"https:\/\/www.thegioimmovn.com\/?product=tai-khoan-canva-pro-gia-re-nang-cap-chinh-chu","title":{"rendered":"T\u00e0i kho\u1ea3n Canva Pro gi\u00e1 r\u1ebb, n\u00e2ng c\u1ea5p ch\u00ednh ch\u1ee7"},"content":{"rendered":"<h1 data-start=\"74\" data-end=\"131\"><span style=\"color: #000000;\">T\u00c0I KHO\u1ea2N CANVA PRO GI\u00c1 R\u1eba \u2013 N\u00c2NG C\u1ea4P CH\u00cdNH CH\u1ee6 100%<\/span><\/h1>\n<p data-start=\"133\" data-end=\"293\"><span style=\"color: #000000;\">B\u1ea1n \u0111ang c\u1ea7n thi\u1ebft k\u1ebf banner, logo, b\u00e0i \u0111\u0103ng Facebook, TikTok, YouTube thumbnail, landing page, menu, catalogue, CV chuy\u00ean nghi\u1ec7p\u2026 nh\u01b0ng kh\u00f4ng r\u00e0nh Photoshop?<\/span><\/p>\n<p data-start=\"295\" data-end=\"353\"><span style=\"color: #000000;\">\ud83d\udd25 <strong data-start=\"298\" data-end=\"353\">Canva Pro ch\u00ednh l\u00e0 gi\u1ea3i ph\u00e1p ho\u00e0n h\u1ea3o d\u00e0nh cho b\u1ea1n!<\/strong><\/span><\/p>\n<p data-start=\"355\" data-end=\"571\"><span style=\"color: #000000;\">Hi\u1ec7n t\u1ea1i m\u00ecnh cung c\u1ea5p <strong data-start=\"378\" data-end=\"420\">T\u00e0i kho\u1ea3n Canva Pro n\u00e2ng c\u1ea5p ch\u00ednh ch\u1ee7<\/strong>, s\u1eed d\u1ee5ng \u1ed5n \u0111\u1ecbnh, \u0111\u1ea7y \u0111\u1ee7 t\u00ednh n\u0103ng cao c\u1ea5p v\u1edbi m\u1ee9c gi\u00e1 c\u1ef1c r\u1ebb \u2013 ti\u1ebft ki\u1ec7m h\u01a1n r\u1ea5t nhi\u1ec1u so v\u1edbi mua tr\u1ef1c ti\u1ebfp t\u1eeb <span class=\"hover:entity-accent entity-underline inline cursor-pointer align-baseline\"><span class=\"whitespace-normal\">Canva<\/span><\/span>.<\/span><\/p>\n<hr data-start=\"573\" data-end=\"576\" \/>\n<h2 data-start=\"578\" data-end=\"614\"><span style=\"color: #000000;\">\u2705 QUY\u1ec0N L\u1ee2I KHI S\u1eec D\u1ee4NG CANVA PRO<\/span><\/h2>\n<p data-start=\"616\" data-end=\"690\"><span style=\"color: #000000;\">Khi n\u00e2ng c\u1ea5p l\u00ean Canva Pro, b\u1ea1n s\u1ebd \u0111\u01b0\u1ee3c m\u1edf kh\u00f3a to\u00e0n b\u1ed9 t\u00ednh n\u0103ng cao c\u1ea5p:<\/span><\/p>\n<p data-start=\"692\" data-end=\"1140\"><span style=\"color: #000000;\">\u2728 Truy c\u1eadp h\u01a1n <strong data-start=\"707\" data-end=\"740\">100 tri\u1ec7u+ t\u00e0i nguy\u00ean Premium<\/strong> (\u1ea3nh, video, icon, template, mockup\u2026)<\/span><br data-start=\"778\" data-end=\"781\" \/><span style=\"color: #000000;\">\u2728 S\u1eed d\u1ee5ng <strong data-start=\"791\" data-end=\"807\">Magic Resize<\/strong> \u2013 \u0111\u1ed5i k\u00edch th\u01b0\u1edbc thi\u1ebft k\u1ebf ch\u1ec9 v\u1edbi 1 click<\/span><br data-start=\"849\" data-end=\"852\" \/><span style=\"color: #000000;\">\u2728 T\u00e1ch n\u1ec1n \u1ea3nh t\u1ef1 \u0111\u1ed9ng (Background Remover)<\/span><br data-start=\"895\" data-end=\"898\" \/><span style=\"color: #000000;\">\u2728 Xu\u1ea5t file ch\u1ea5t l\u01b0\u1ee3ng cao (PNG n\u1ec1n trong su\u1ed1t, PDF in \u1ea5n\u2026)<\/span><br data-start=\"957\" data-end=\"960\" \/><span style=\"color: #000000;\">\u2728 L\u01b0u b\u1ed9 nh\u1eadn di\u1ec7n th\u01b0\u01a1ng hi\u1ec7u (Logo, m\u00e0u s\u1eafc, font ch\u1eef)<\/span><br data-start=\"1016\" data-end=\"1019\" \/><span style=\"color: #000000;\">\u2728 L\u00ean l\u1ecbch \u0111\u0103ng b\u00e0i tr\u1ef1c ti\u1ebfp l\u00ean m\u1ea1ng x\u00e3 h\u1ed9i<\/span><br data-start=\"1064\" data-end=\"1067\" \/><span style=\"color: #000000;\">\u2728 Kh\u00f4ng watermark<\/span><br data-start=\"1084\" data-end=\"1087\" \/><span style=\"color: #000000;\">\u2728 Dung l\u01b0\u1ee3ng l\u01b0u tr\u1eef l\u1edbn<\/span><br data-start=\"1111\" data-end=\"1114\" \/><span style=\"color: #000000;\">\u2728 T\u1ed1c \u0111\u1ed9 x\u1eed l\u00fd nhanh, m\u01b0\u1ee3t<\/span><\/p>\n<p data-start=\"1142\" data-end=\"1154\"><span style=\"color: #000000;\">Ph\u00f9 h\u1ee3p cho:<\/span><\/p>\n<ul data-start=\"1156\" data-end=\"1342\">\n<li data-start=\"1156\" data-end=\"1181\">\n<p data-start=\"1158\" data-end=\"1181\"><span style=\"color: #000000;\">Ng\u01b0\u1eddi b\u00e1n h\u00e0ng online<\/span><\/p>\n<\/li>\n<li data-start=\"1182\" data-end=\"1201\">\n<p data-start=\"1184\" data-end=\"1201\"><span style=\"color: #000000;\">MMO \/ Affiliate<\/span><\/p>\n<\/li>\n<li data-start=\"1202\" data-end=\"1237\">\n<p data-start=\"1204\" data-end=\"1237\"><span style=\"color: #000000;\">Ch\u1ea1y qu\u1ea3ng c\u00e1o Facebook, TikTok<\/span><\/p>\n<\/li>\n<li data-start=\"1238\" data-end=\"1263\">\n<p data-start=\"1240\" data-end=\"1263\"><span style=\"color: #000000;\">Thi\u1ebft k\u1ebf landing page<\/span><\/p>\n<\/li>\n<li data-start=\"1264\" data-end=\"1288\">\n<p data-start=\"1266\" data-end=\"1288\"><span style=\"color: #000000;\">L\u00e0m n\u1ed9i dung YouTube<\/span><\/p>\n<\/li>\n<li data-start=\"1289\" data-end=\"1318\">\n<p data-start=\"1291\" data-end=\"1318\"><span style=\"color: #000000;\">Thi\u1ebft k\u1ebf t\u00e0i li\u1ec7u h\u1ecdc t\u1eadp<\/span><\/p>\n<\/li>\n<li data-start=\"1319\" data-end=\"1342\">\n<p data-start=\"1321\" data-end=\"1342\"><span style=\"color: #000000;\">In \u1ea5n chuy\u00ean nghi\u1ec7p<\/span><\/p>\n<\/li>\n<\/ul>\n<hr data-start=\"1344\" data-end=\"1347\" \/>\n<h2 data-start=\"1349\" data-end=\"1373\"><span style=\"color: #000000;\">\ud83d\udd12 CAM K\u1ebeT CH\u1ea4T L\u01af\u1ee2NG<\/span><\/h2>\n<p data-start=\"1375\" data-end=\"1590\"><span style=\"color: #000000;\">\u2714\ufe0f N\u00e2ng c\u1ea5p ch\u00ednh ch\u1ee7 v\u00e0o t\u00e0i kho\u1ea3n c\u1ee7a b\u1ea1n<\/span><br data-start=\"1418\" data-end=\"1421\" \/><span style=\"color: #000000;\">\u2714\ufe0f Kh\u00f4ng share chung nhi\u1ec1u ng\u01b0\u1eddi<\/span><br data-start=\"1453\" data-end=\"1456\" \/><span style=\"color: #000000;\">\u2714\ufe0f Kh\u00f4ng thay \u0111\u1ed5i m\u1eadt kh\u1ea9u<\/span><br data-start=\"1482\" data-end=\"1485\" \/><span style=\"color: #000000;\">\u2714\ufe0f Kh\u00f4ng thu h\u1ed3i gi\u1eefa ch\u1eebng<\/span><br data-start=\"1512\" data-end=\"1515\" \/><span style=\"color: #000000;\">\u2714\ufe0f B\u1ea3o h\u00e0nh trong th\u1eddi gian s\u1eed d\u1ee5ng<\/span><br data-start=\"1550\" data-end=\"1553\" \/><span style=\"color: #000000;\">\u2714\ufe0f H\u1ed7 tr\u1ee3 nhanh ch\u00f3ng khi c\u00f3 v\u1ea5n \u0111\u1ec1<\/span><\/p>\n<p data-start=\"1592\" data-end=\"1731\"><span style=\"color: #000000;\">B\u1ea1n ch\u1ec9 c\u1ea7n g\u1eedi email t\u00e0i kho\u1ea3n Canva, m\u00ecnh s\u1ebd n\u00e2ng c\u1ea5p tr\u1ef1c ti\u1ebfp l\u00ean Pro. Sau khi ho\u00e0n t\u1ea5t, b\u1ea1n c\u00f3 th\u1ec3 ki\u1ec3m tra ngay tr\u1ea1ng th\u00e1i t\u00e0i kho\u1ea3n.<\/span><\/p>\n<hr data-start=\"1733\" data-end=\"1736\" \/>\n<h2 data-start=\"1738\" data-end=\"1763\"><span style=\"color: #000000;\">\ud83d\udcb0 T\u1ea0I SAO GI\u00c1 L\u1ea0I R\u1eba?<\/span><\/h2>\n<ul data-start=\"1765\" data-end=\"1880\">\n<li data-start=\"1765\" data-end=\"1792\">\n<p data-start=\"1767\" data-end=\"1792\"><span style=\"color: #000000;\">T\u1ed1i \u01b0u chi ph\u00ed h\u1ec7 th\u1ed1ng<\/span><\/p>\n<\/li>\n<li data-start=\"1793\" data-end=\"1814\">\n<p data-start=\"1795\" data-end=\"1814\"><span style=\"color: #000000;\">N\u00e2ng c\u1ea5p theo g\u00f3i<\/span><\/p>\n<\/li>\n<li data-start=\"1815\" data-end=\"1847\">\n<p data-start=\"1817\" data-end=\"1847\"><span style=\"color: #000000;\">Kh\u00f4ng t\u1ed1n chi ph\u00ed trung gian<\/span><\/p>\n<\/li>\n<li data-start=\"1848\" data-end=\"1880\">\n<p data-start=\"1850\" data-end=\"1880\"><span style=\"color: #000000;\">B\u00e1n s\u1ed1 l\u01b0\u1ee3ng l\u1edbn n\u00ean gi\u00e1 t\u1ed1t<\/span><\/p>\n<\/li>\n<\/ul>\n<p data-start=\"1882\" data-end=\"1993\"><span style=\"color: #000000;\">B\u1ea1n v\u1eabn \u0111\u01b0\u1ee3c h\u01b0\u1edfng \u0111\u1ea7y \u0111\u1ee7 quy\u1ec1n l\u1ee3i nh\u01b0 mua tr\u1ef1c ti\u1ebfp tr\u00ean trang ch\u1ee7 nh\u01b0ng v\u1edbi m\u1ee9c gi\u00e1 ti\u1ebft ki\u1ec7m h\u01a1n r\u1ea5t nhi\u1ec1u.<\/span><\/p>\n<hr data-start=\"2314\" data-end=\"2317\" \/>\n<h2 data-start=\"2319\" data-end=\"2343\"><span style=\"color: #000000;\">\u26a1 H\u1ed6 TR\u1ee2 &amp; THANH TO\u00c1N<\/span><\/h2>\n<ul data-start=\"2345\" data-end=\"2441\">\n<li data-start=\"2345\" data-end=\"2360\">\n<p data-start=\"2347\" data-end=\"2360\"><span style=\"color: #000000;\">H\u1ed7 tr\u1ee3 24\/24<\/span><\/p>\n<\/li>\n<li data-start=\"2361\" data-end=\"2385\">\n<p data-start=\"2363\" data-end=\"2385\"><span style=\"color: #000000;\">Giao t\u00e0i kho\u1ea3n nhanh<\/span><\/p>\n<\/li>\n<li data-start=\"2386\" data-end=\"2410\">\n<p data-start=\"2388\" data-end=\"2410\"><span style=\"color: #000000;\">Thanh to\u00e1n linh ho\u1ea1t<\/span><\/p>\n<\/li>\n<li data-start=\"2411\" data-end=\"2441\">\n<p data-start=\"2413\" data-end=\"2441\"><span style=\"color: #000000;\">C\u00f3 th\u1ec3 gia h\u1ea1n khi h\u1ebft h\u1ea1n<\/span><\/p>\n<\/li>\n<\/ul>\n<hr data-start=\"2443\" data-end=\"2446\" \/>\n<p data-start=\"2448\" data-end=\"2581\"><span style=\"color: #000000;\">\ud83c\udfaf N\u1ebfu b\u1ea1n \u0111ang c\u1ea7n m\u1ed9t c\u00f4ng c\u1ee5 thi\u1ebft k\u1ebf m\u1ea1nh m\u1ebd \u2013 d\u1ec5 d\u00f9ng \u2013 ti\u1ebft ki\u1ec7m chi ph\u00ed th\u00ec <strong data-start=\"2531\" data-end=\"2581\">Canva Pro ch\u00ednh l\u00e0 l\u1ef1a ch\u1ecdn t\u1ed1t nh\u1ea5t hi\u1ec7n nay.<\/strong><\/span><\/p>\n<p data-start=\"2583\" data-end=\"2625\" data-is-last-node=\"\" data-is-only-node=\"\"><span style=\"color: #000000;\">Inbox ngay \u0111\u1ec3 \u0111\u01b0\u1ee3c n\u00e2ng c\u1ea5p nhanh ch\u00f3ng<\/span><\/p>\n","protected":false},"excerpt":{"rendered":"<p>\u2714\ufe0f <span style=\"color: #282828;\">T\u00e0i kho\u1ea3n <strong><span style=\"color: #8000ff;\">Canva Pro<\/span><\/strong> gi\u00e1 r\u1ebb \u2013 n\u00e2ng c\u1ea5p ch\u00ednh ch\u1ee7 100%<\/span><br \/>\n\u2714\ufe0f <span style=\"color: #282828;\">M\u1edf kh\u00f3a <strong><span style=\"color: #ff0526;\">full<\/span><\/strong> t\u00ednh n\u0103ng Premium c\u1ee7a Canva<\/span><br \/>\n\u2714\ufe0f <span style=\"color: #282828;\">100 tri\u1ec7u+ \u1ea3nh, video, template cao c\u1ea5p<\/span><br \/>\n\u2714\ufe0f <span style=\"color: #282828;\">T\u00e1ch n\u1ec1n t\u1ef1 \u0111\u1ed9ng \u2013 \u0111\u1ed5i size 1 click<\/span><br \/>\n\u2714\ufe0f <span style=\"color: #282828;\">Xu\u1ea5t file ch\u1ea5t l\u01b0\u1ee3ng cao \u2013 kh\u00f4ng watermark<\/span><br \/>\n\u2714\ufe0f <span style=\"color: #282828;\">N\u00e2ng c\u1ea5p tr\u1ef1c ti\u1ebfp v\u00e0o t\u00e0i kho\u1ea3n c\u1ee7a b\u1ea1n<\/span><br \/>\n\u2714\ufe0f <span style=\"color: #282828;\">S\u1eed d\u1ee5ng \u1ed5n \u0111\u1ecbnh \u2013 b\u1ea3o h\u00e0nh \u0111\u1ea7y \u0111\u1ee7<\/span><br \/>\n\u2714\ufe0f <span style=\"color: #282828;\">Gi\u00e1 r\u1ebb h\u01a1n mua tr\u1ef1c ti\u1ebfp r\u1ea5t nhi\u1ec1u<\/span><\/p>\n","protected":false},"featured_media":2447,"comment_status":"open","ping_status":"closed","template":"","meta":{"_acf_changed":false,"inline_featured_image":false},"product_brand":[],"product_cat":[15,17],"product_tag":[],"class_list":{"0":"post-1977","1":"product","2":"type-product","3":"status-publish","4":"has-post-thumbnail","6":"product_cat-chua-phan-loai","7":"product_cat-lam-viec","9":"first","10":"instock","11":"sale","12":"taxable","13":"shipping-taxable","14":"purchasable","15":"product-type-variable"},"acf":[],"_links":{"self":[{"href":"https:\/\/www.thegioimmovn.com\/index.php?rest_route=\/wp\/v2\/product\/1977","targetHints":{"allow":["GET"]}}],"collection":[{"href":"https:\/\/www.thegioimmovn.com\/index.php?rest_route=\/wp\/v2\/product"}],"about":[{"href":"https:\/\/www.thegioimmovn.com\/index.php?rest_route=\/wp\/v2\/types\/product"}],"replies":[{"embeddable":true,"href":"https:\/\/www.thegioimmovn.com\/index.php?rest_route=%2Fwp%2Fv2%2Fcomments&post=1977"}],"wp:featuredmedia":[{"embeddable":true,"href":"https:\/\/www.thegioimmovn.com\/index.php?rest_route=\/wp\/v2\/media\/2447"}],"wp:attachment":[{"href":"https:\/\/www.thegioimmovn.com\/index.php?rest_route=%2Fwp%2Fv2%2Fmedia&parent=1977"}],"wp:term":[{"taxonomy":"product_brand","embeddable":true,"href":"https:\/\/www.thegioimmovn.com\/index.php?rest_route=%2Fwp%2Fv2%2Fproduct_brand&post=1977"},{"taxonomy":"product_cat","embeddable":true,"href":"https:\/\/www.thegioimmovn.com\/index.php?rest_route=%2Fwp%2Fv2%2Fproduct_cat&post=1977"},{"taxonomy":"product_tag","embeddable":true,"href":"https:\/\/www.thegioimmovn.com\/index.php?rest_route=%2Fwp%2Fv2%2Fproduct_tag&post=1977"}],"curies":[{"name":"wp","href":"https:\/\/api.w.org\/{rel}","templated":true}]}}