    {"id":1955,"date":"2026-01-13T10:57:35","date_gmt":"2026-01-13T18:57:35","guid":{"rendered":"https:\/\/xn--12cat7b6ah3cmc7g0bdgb.cc\/?post_type=product&#038;p=1955"},"modified":"2026-02-18T21:00:37","modified_gmt":"2026-02-18T20:00:37","slug":"ma-nguon-trang-thuong-mai-dien-tu","status":"publish","type":"product","link":"https:\/\/www.thegioimmovn.com\/?product=ma-nguon-trang-thuong-mai-dien-tu","title":{"rendered":"Source Code Theme WordPress b\u00e1n m\u00e1y t\u00ednh, laptop"},"content":{"rendered":"<h1><span style=\"color: #000000;\">Source Code Theme WordPress b\u00e1n m\u00e1y t\u00ednh, laptop<\/span><\/h1>\n<p><span style=\"color: #000000;\">Source Code Theme WordPress b\u00e1n m\u00e1y t\u00ednh, laptop \u0111\u01b0\u1ee3c x\u00e2y d\u1ef1ng d\u00e0nh ri\u00eang cho c\u00e1c c\u1eeda h\u00e0ng kinh doanh thi\u1ebft b\u1ecb c\u00f4ng ngh\u1ec7 nh\u01b0 laptop, PC, m\u00e1y t\u00ednh \u0111\u1ec3 b\u00e0n, linh ki\u1ec7n ph\u1ea7n c\u1ee9ng v\u00e0 ph\u1ee5 ki\u1ec7n IT. To\u00e0n b\u1ed9 giao di\u1ec7n \u0111\u01b0\u1ee3c thi\u1ebft k\u1ebf theo h\u01b0\u1edbng <strong data-start=\"572\" data-end=\"614\">hi\u1ec7n \u0111\u1ea1i \u2013 r\u00f5 r\u00e0ng \u2013 t\u1ed1i \u01b0u chuy\u1ec3n \u0111\u1ed5i<\/strong>, gi\u00fap kh\u00e1ch h\u00e0ng d\u1ec5 d\u00e0ng t\u00ecm ki\u1ebfm s\u1ea3n ph\u1ea9m v\u00e0 \u0111\u01b0a ra quy\u1ebft \u0111\u1ecbnh mua h\u00e0ng nhanh ch\u00f3ng.<\/p>\n<p><\/span><\/p>\n<h3 data-start=\"702\" data-end=\"728\"><span style=\"color: #000000;\">\ud83d\udd39 Giao Di\u1ec7n Trang Ch\u1ee7<\/span><\/h3>\n<p data-start=\"729\" data-end=\"1103\"><span style=\"color: #000000;\">Trang ch\u1ee7 \u0111\u01b0\u1ee3c b\u1ed1 c\u1ee5c khoa h\u1ecdc, chuy\u00ean nghi\u1ec7p, t\u1eadp trung l\u00e0m n\u1ed5i b\u1eadt th\u01b0\u01a1ng hi\u1ec7u v\u00e0 s\u1ea3n ph\u1ea9m ch\u1ee7 l\u1ef1c c\u1ee7a c\u1eeda h\u00e0ng. Ngay khi truy c\u1eadp, ng\u01b0\u1eddi d\u00f9ng s\u1ebd th\u1ea5y <strong data-start=\"882\" data-end=\"896\">banner l\u1edbn<\/strong> hi\u1ec3n th\u1ecb c\u00e1c ch\u01b0\u01a1ng tr\u00ecnh khuy\u1ebfn m\u00e3i, s\u1ea3n ph\u1ea9m m\u1edbi, laptop b\u00e1n ch\u1ea1y ho\u1eb7c combo \u01b0u \u0111\u00e3i. Banner c\u00f3 th\u1ec3 d\u1ec5 d\u00e0ng ch\u1ec9nh s\u1eeda n\u1ed9i dung, h\u00ecnh \u1ea3nh, link b\u1eb1ng giao di\u1ec7n qu\u1ea3n tr\u1ecb WordPress m\u00e0 kh\u00f4ng c\u1ea7n can thi\u1ec7p code.<\/span><\/p>\n<p data-start=\"1105\" data-end=\"1400\"><span style=\"color: #000000;\">B\u00ean d\u01b0\u1edbi banner l\u00e0 c\u00e1c <strong data-start=\"1128\" data-end=\"1157\">danh m\u1ee5c s\u1ea3n ph\u1ea9m n\u1ed5i b\u1eadt<\/strong> nh\u01b0 Laptop v\u0103n ph\u00f2ng, Laptop gaming, PC \u0111\u1ed3 h\u1ecda, Linh ki\u1ec7n m\u00e1y t\u00ednh, Ph\u1ee5 ki\u1ec7n\u2026 gi\u00fap kh\u00e1ch h\u00e0ng \u0111\u1ecbnh h\u01b0\u1edbng nhanh \u0111\u00fang nhu c\u1ea7u. Theme h\u1ed7 tr\u1ee3 hi\u1ec3n th\u1ecb s\u1ea3n ph\u1ea9m theo nhi\u1ec1u d\u1ea1ng: s\u1ea3n ph\u1ea9m m\u1edbi, s\u1ea3n ph\u1ea9m b\u00e1n ch\u1ea1y, s\u1ea3n ph\u1ea9m gi\u1ea3m gi\u00e1, s\u1ea3n ph\u1ea9m \u0111\u1ec1 xu\u1ea5t.<\/span><\/p>\n<p data-start=\"1402\" data-end=\"1463\"><span style=\"color: #000000;\">Trang ch\u1ee7 c\u00f2n \u0111\u01b0\u1ee3c t\u00edch h\u1ee3p c\u00e1c kh\u1ed1i n\u1ed9i dung th\u00f4ng minh nh\u01b0:<\/span><\/p>\n<ul data-start=\"1464\" data-end=\"1662\">\n<li data-start=\"1464\" data-end=\"1501\">\n<p data-start=\"1466\" data-end=\"1501\"><span style=\"color: #000000;\">Danh s\u00e1ch s\u1ea3n ph\u1ea9m hot trong tu\u1ea7n<\/span><\/p>\n<\/li>\n<li data-start=\"1502\" data-end=\"1541\">\n<p data-start=\"1504\" data-end=\"1541\"><span style=\"color: #000000;\">Khu v\u1ef1c \u01b0u \u0111\u00e3i \u0111\u1eb7c bi\u1ec7t, flash sale<\/span><\/p>\n<\/li>\n<li data-start=\"1542\" data-end=\"1605\">\n<p data-start=\"1544\" data-end=\"1605\"><span style=\"color: #000000;\">Th\u01b0\u01a1ng hi\u1ec7u laptop n\u1ed5i ti\u1ebfng (Dell, HP, Asus, Lenovo, MSI\u2026)<\/span><\/p>\n<\/li>\n<li data-start=\"1606\" data-end=\"1662\">\n<p data-start=\"1608\" data-end=\"1662\"><span style=\"color: #000000;\">Cam k\u1ebft c\u1eeda h\u00e0ng: b\u1ea3o h\u00e0nh, \u0111\u1ed5i tr\u1ea3, giao h\u00e0ng nhanh<\/span><\/p>\n<\/li>\n<\/ul>\n<p data-start=\"1664\" data-end=\"1790\"><span style=\"color: #000000;\">T\u1ea5t c\u1ea3 c\u00e1c kh\u1ed1i n\u00e0y \u0111\u1ec1u c\u00f3 th\u1ec3 b\u1eadt\/t\u1eaft linh ho\u1ea1t, s\u1eafp x\u1ebfp l\u1ea1i th\u1ee9 t\u1ef1 d\u1ec5 d\u00e0ng, ph\u00f9 h\u1ee3p cho c\u1ea3 shop nh\u1ecf l\u1eabn c\u1eeda h\u00e0ng quy m\u00f4 l\u1edbn.<\/span><\/p>\n<p><span style=\"color: #000000;\">\u00a0<\/span><\/p>\n\t<div class=\"img has-hover x md-x lg-x y md-y lg-y\" id=\"image_416879300\">\n\t\t\t\t\t\t\t\t<div class=\"img-inner dark\" >\n\t\t\t<img loading=\"lazy\" decoding=\"async\" width=\"1020\" height=\"553\" src=\"https:\/\/www.thegioimmovn.com\/wp-content\/uploads\/2026\/01\/thuong-mai-dien-tu3-1024x555.png\" class=\"attachment-large size-large\" alt=\"\" srcset=\"https:\/\/www.thegioimmovn.com\/wp-content\/uploads\/2026\/01\/thuong-mai-dien-tu3-1024x555.png 1024w, https:\/\/www.thegioimmovn.com\/wp-content\/uploads\/2026\/01\/thuong-mai-dien-tu3-300x163.png 300w, https:\/\/www.thegioimmovn.com\/wp-content\/uploads\/2026\/01\/thuong-mai-dien-tu3.png 1903w\" sizes=\"auto, (max-width: 1020px) 100vw, 1020px\" \/>\t\t\t\t\t\t\n\t\t\t\t\t<\/div>\n\t\t\t\t\t\t\t\t\n<style>\n#image_416879300 {\n  width: 100%;\n}\n<\/style>\n\t<\/div>\n\t\n<h3 data-start=\"1797\" data-end=\"1833\"><span style=\"color: #000000;\">\ud83d\udd39 Giao Di\u1ec7n Danh M\u1ee5c &amp; S\u1ea3n Ph\u1ea9m<\/span><\/h3>\n<p data-start=\"1834\" data-end=\"2080\"><span style=\"color: #000000;\">Giao di\u1ec7n danh m\u1ee5c s\u1ea3n ph\u1ea9m \u0111\u01b0\u1ee3c thi\u1ebft k\u1ebf g\u1ecdn g\u00e0ng, d\u1ec5 nh\u00ecn, gi\u00fap kh\u00e1ch h\u00e0ng duy\u1ec7t s\u1ea3n ph\u1ea9m nhanh ch\u00f3ng. H\u1ec7 th\u1ed1ng <strong data-start=\"1948\" data-end=\"1975\">l\u1ecdc s\u1ea3n ph\u1ea9m th\u00f4ng minh<\/strong> theo h\u00e3ng, gi\u00e1 ti\u1ec1n, c\u1ea5u h\u00ecnh, t\u00ecnh tr\u1ea1ng h\u00e0ng\u2026 gi\u00fap ng\u01b0\u1eddi mua t\u00ecm \u0111\u00fang s\u1ea3n ph\u1ea9m ch\u1ec9 trong v\u00e0i thao t\u00e1c.<\/span><\/p>\n<p data-start=\"2082\" data-end=\"2218\"><span style=\"color: #000000;\">Trang chi ti\u1ebft s\u1ea3n ph\u1ea9m l\u00e0 \u0111i\u1ec3m m\u1ea1nh l\u1edbn c\u1ee7a theme. M\u1ed7i s\u1ea3n ph\u1ea9m laptop ho\u1eb7c m\u00e1y t\u00ednh \u0111\u1ec1u \u0111\u01b0\u1ee3c hi\u1ec3n th\u1ecb \u0111\u1ea7y \u0111\u1ee7 th\u00f4ng tin quan tr\u1ecdng nh\u01b0:<\/span><\/p>\n<ul data-start=\"2219\" data-end=\"2458\">\n<li data-start=\"2219\" data-end=\"2274\">\n<p data-start=\"2221\" data-end=\"2274\"><span style=\"color: #000000;\">H\u00ecnh \u1ea3nh s\u1ea3n ph\u1ea9m ch\u1ea5t l\u01b0\u1ee3ng cao (h\u1ed7 tr\u1ee3 nhi\u1ec1u \u1ea3nh)<\/span><\/p>\n<\/li>\n<li data-start=\"2275\" data-end=\"2316\">\n<p data-start=\"2277\" data-end=\"2316\"><span style=\"color: #000000;\">T\u00ean s\u1ea3n ph\u1ea9m, gi\u00e1 b\u00e1n, gi\u00e1 khuy\u1ebfn m\u00e3i<\/span><\/p>\n<\/li>\n<li data-start=\"2317\" data-end=\"2379\">\n<p data-start=\"2319\" data-end=\"2379\"><span style=\"color: #000000;\">Th\u00f4ng s\u1ed1 k\u1ef9 thu\u1eadt chi ti\u1ebft (CPU, RAM, SSD, VGA, m\u00e0n h\u00ecnh\u2026)<\/span><\/p>\n<\/li>\n<li data-start=\"2380\" data-end=\"2425\">\n<p data-start=\"2382\" data-end=\"2425\"><span style=\"color: #000000;\">T\u00ecnh tr\u1ea1ng h\u00e0ng h\u00f3a (c\u00f2n h\u00e0ng \/ h\u1ebft h\u00e0ng)<\/span><\/p>\n<\/li>\n<li data-start=\"2426\" data-end=\"2458\">\n<p data-start=\"2428\" data-end=\"2458\"><span style=\"color: #000000;\">Ch\u00ednh s\u00e1ch b\u1ea3o h\u00e0nh, \u0111\u1ed5i tr\u1ea3<\/span><\/p>\n<\/li>\n<\/ul>\n<p data-start=\"2460\" data-end=\"2711\"><span style=\"color: #000000;\">N\u00fat <strong data-start=\"2464\" data-end=\"2496\">Th\u00eam v\u00e0o gi\u1ecf h\u00e0ng \/ Mua ngay<\/strong> \u0111\u01b0\u1ee3c thi\u1ebft k\u1ebf n\u1ed5i b\u1eadt, t\u1ed1i \u01b0u cho h\u00e0nh vi mua s\u1eafm, gi\u00fap t\u0103ng t\u1ef7 l\u1ec7 ch\u1ed1t \u0111\u01a1n. Giao di\u1ec7n s\u1ea3n ph\u1ea9m t\u01b0\u01a1ng th\u00edch ho\u00e0n h\u1ea3o v\u1edbi WooCommerce, h\u1ed7 tr\u1ee3 qu\u1ea3n l\u00fd t\u1ed3n kho, bi\u1ebfn th\u1ec3 s\u1ea3n ph\u1ea9m, ch\u01b0\u01a1ng tr\u00ecnh gi\u1ea3m gi\u00e1 theo th\u1eddi gian.<\/span><\/p>\n<p data-start=\"3152\" data-end=\"3318\">\u00a0<\/p>\n\t<div class=\"img has-hover x md-x lg-x y md-y lg-y\" id=\"image_639861802\">\n\t\t\t\t\t\t\t\t<div class=\"img-inner dark\" >\n\t\t\t<img loading=\"lazy\" decoding=\"async\" width=\"1020\" height=\"555\" src=\"https:\/\/www.thegioimmovn.com\/wp-content\/uploads\/2026\/01\/thuong-mai-dien-tu4-1024x557.png\" class=\"attachment-large size-large\" alt=\"\" srcset=\"https:\/\/www.thegioimmovn.com\/wp-content\/uploads\/2026\/01\/thuong-mai-dien-tu4-1024x557.png 1024w, https:\/\/www.thegioimmovn.com\/wp-content\/uploads\/2026\/01\/thuong-mai-dien-tu4-300x163.png 300w, https:\/\/www.thegioimmovn.com\/wp-content\/uploads\/2026\/01\/thuong-mai-dien-tu4.png 1904w\" sizes=\"auto, (max-width: 1020px) 100vw, 1020px\" \/>\t\t\t\t\t\t\n\t\t\t\t\t<\/div>\n\t\t\t\t\t\t\t\t\n<style>\n#image_639861802 {\n  width: 100%;\n}\n<\/style>\n\t<\/div>\n\t\n<h3 data-start=\"2718\" data-end=\"2767\"><span style=\"color: #000000;\">\ud83d\udd39 Tr\u1ea3i Nghi\u1ec7m Ng\u01b0\u1eddi D\u00f9ng &amp; T\u1ed1i \u01afu Kinh Doanh<\/span><\/h3>\n<p data-start=\"2768\" data-end=\"2940\"><span style=\"color: #000000;\">Theme \u0111\u01b0\u1ee3c t\u1ed1i \u01b0u hi\u1ec3n th\u1ecb t\u1ed1t tr\u00ean m\u1ecdi thi\u1ebft b\u1ecb: m\u00e1y t\u00ednh, tablet, \u0111i\u1ec7n tho\u1ea1i. Giao di\u1ec7n responsive gi\u00fap kh\u00e1ch h\u00e0ng mua s\u1eafm thu\u1eadn ti\u1ec7n ngay c\u1ea3 khi d\u00f9ng \u0111i\u1ec7n tho\u1ea1i di \u0111\u1ed9ng.<\/span><\/p>\n<p data-start=\"2942\" data-end=\"2980\"><span style=\"color: #000000;\">Ngo\u00e0i ra, source code c\u00f2n \u0111\u01b0\u1ee3c t\u1ed1i \u01b0u:<\/span><\/p>\n<ul data-start=\"2981\" data-end=\"3150\">\n<li data-start=\"2981\" data-end=\"3013\">\n<p data-start=\"2983\" data-end=\"3013\"><span style=\"color: #000000;\">Chu\u1ea9n SEO, th\u00e2n thi\u1ec7n Google<\/span><\/p>\n<\/li>\n<li data-start=\"3014\" data-end=\"3040\">\n<p data-start=\"3016\" data-end=\"3040\"><span style=\"color: #000000;\">T\u1ed1c \u0111\u1ed9 t\u1ea3i trang nhanh<\/span><\/p>\n<\/li>\n<li data-start=\"3041\" data-end=\"3093\">\n<p data-start=\"3043\" data-end=\"3093\"><span style=\"color: #000000;\">D\u1ec5 d\u00e0ng t\u00edch h\u1ee3p live chat, hotline, m\u1ea1ng x\u00e3 h\u1ed9i<\/span><\/p>\n<\/li>\n<li data-start=\"3094\" data-end=\"3150\">\n<p data-start=\"3096\" data-end=\"3150\"><span style=\"color: #000000;\">H\u1ed7 tr\u1ee3 nhi\u1ec1u c\u1ed5ng thanh to\u00e1n v\u00e0 h\u00ecnh th\u1ee9c v\u1eadn chuy\u1ec3n<\/span><\/p>\n<\/li>\n<\/ul>\n<p data-start=\"3152\" data-end=\"3318\"><span style=\"color: #000000;\">Code \u0111\u01b0\u1ee3c vi\u1ebft r\u00f5 r\u00e0ng, d\u1ec5 t\u00f9y ch\u1ec9nh, d\u1ec5 n\u00e2ng c\u1ea5p, ph\u00f9 h\u1ee3p cho c\u00e1 nh\u00e2n, c\u1eeda h\u00e0ng ho\u1eb7c doanh nghi\u1ec7p mu\u1ed1n x\u00e2y d\u1ef1ng website b\u00e1n m\u00e1y t\u00ednh \u2013 laptop chuy\u00ean nghi\u1ec7p, l\u00e2u d\u00e0i.<\/span><\/p>\n","protected":false},"excerpt":{"rendered":"<p><span style=\"color: #000000;\">\u2714 Source Code Theme WordPress b\u00e1n m\u00e1y t\u00ednh, laptop<br data-start=\"674\" data-end=\"677\" \/>\u2714 Thi\u1ebft k\u1ebf hi\u1ec7n \u0111\u1ea1i, chu\u1ea9n th\u01b0\u01a1ng m\u1ea1i \u0111i\u1ec7n t\u1eed<br data-start=\"722\" data-end=\"725\" \/>\u2714 Qu\u1ea3n l\u00fd \u0111\u01a1n h\u00e0ng, s\u1ea3n ph\u1ea9m th\u00f4ng minh<br data-start=\"764\" data-end=\"767\" \/>\u2714 Ph\u00f9 h\u1ee3p kinh doanh &amp; ph\u00e1t tri\u1ec3n l\u00e2u d\u00e0i<br \/>\n\u2714 Code \u0111\u00e3 ki\u1ec3m th\u1eed<br \/>\n\u2714 Cam k\u1ebft Kh\u00f4ng ch\u1ee9a m\u00e3 \u0111\u1ed9c<br \/>\n\u2714 C\u00f3 h\u01b0\u1edbng d\u1eabn c\u00e0i \u0111\u1eb7t<br \/>\n\ud83d\udc49T\u00e0i kho\u1ea3n qu\u1ea3n tr\u1ecb: admin- admin123<br \/>\n\ud83d\udc49\u0110\u01b0\u1eddng d\u1eabn admin: http:\/\/localhost\/ + wp-admin<br \/>\n<\/span><\/p>\n","protected":false},"featured_media":2194,"comment_status":"open","ping_status":"closed","template":"","meta":{"_acf_changed":false,"inline_featured_image":false},"product_brand":[],"product_cat":[15,37],"product_tag":[],"class_list":{"0":"post-1955","1":"product","2":"type-product","3":"status-publish","4":"has-post-thumbnail","6":"product_cat-chua-phan-loai","7":"product_cat-phan-mem","9":"first","10":"instock","11":"sale","12":"downloadable","13":"taxable","14":"shipping-taxable","15":"purchasable","16":"product-type-simple"},"acf":[],"_links":{"self":[{"href":"https:\/\/www.thegioimmovn.com\/index.php?rest_route=\/wp\/v2\/product\/1955","targetHints":{"allow":["GET"]}}],"collection":[{"href":"https:\/\/www.thegioimmovn.com\/index.php?rest_route=\/wp\/v2\/product"}],"about":[{"href":"https:\/\/www.thegioimmovn.com\/index.php?rest_route=\/wp\/v2\/types\/product"}],"replies":[{"embeddable":true,"href":"https:\/\/www.thegioimmovn.com\/index.php?rest_route=%2Fwp%2Fv2%2Fcomments&post=1955"}],"wp:featuredmedia":[{"embeddable":true,"href":"https:\/\/www.thegioimmovn.com\/index.php?rest_route=\/wp\/v2\/media\/2194"}],"wp:attachment":[{"href":"https:\/\/www.thegioimmovn.com\/index.php?rest_route=%2Fwp%2Fv2%2Fmedia&parent=1955"}],"wp:term":[{"taxonomy":"product_brand","embeddable":true,"href":"https:\/\/www.thegioimmovn.com\/index.php?rest_route=%2Fwp%2Fv2%2Fproduct_brand&post=1955"},{"taxonomy":"product_cat","embeddable":true,"href":"https:\/\/www.thegioimmovn.com\/index.php?rest_route=%2Fwp%2Fv2%2Fproduct_cat&post=1955"},{"taxonomy":"product_tag","embeddable":true,"href":"https:\/\/www.thegioimmovn.com\/index.php?rest_route=%2Fwp%2Fv2%2Fproduct_tag&post=1955"}],"curies":[{"name":"wp","href":"https:\/\/api.w.org\/{rel}","templated":true}]}}