    {"id":1937,"date":"2026-01-12T13:34:01","date_gmt":"2026-01-12T21:34:01","guid":{"rendered":"https:\/\/xn--12cat7b6ah3cmc7g0bdgb.cc\/?post_type=product&#038;p=1937"},"modified":"2026-03-09T01:19:21","modified_gmt":"2026-03-09T00:19:21","slug":"nang-cap-tai-khoan-spotify-premium-chinh-chu","status":"publish","type":"product","link":"https:\/\/www.thegioimmovn.com\/?product=nang-cap-tai-khoan-spotify-premium-chinh-chu","title":{"rendered":"N\u00e2ng c\u1ea5p t\u00e0i kho\u1ea3n Spotify Premium ch\u00ednh ch\u1ee7"},"content":{"rendered":"<p data-start=\"135\" data-end=\"217\">\ud83c\udfa7 <strong data-start=\"138\" data-end=\"217\">N\u00c2NG C\u1ea4P T\u00c0I KHO\u1ea2N SPOTIFY PREMIUM CH\u00cdNH CH\u1ee6 \u2013 TR\u1ea2I NGHI\u1ec6M \u00c2M NH\u1ea0C \u0110\u1ec8NH CAO<\/strong><\/p>\n<p data-start=\"219\" data-end=\"371\">B\u1ea1n l\u00e0 ng\u01b0\u1eddi y\u00eau \u00e2m nh\u1ea1c v\u00e0 s\u1eed d\u1ee5ng Spotify m\u1ed7i ng\u00e0y?<br data-start=\"272\" data-end=\"275\" \/>B\u1ea1n mu\u1ed1n nghe nh\u1ea1c kh\u00f4ng b\u1ecb qu\u1ea3ng c\u00e1o l\u00e0m gi\u00e1n \u0111o\u1ea1n v\u00e0 t\u1eadn h\u01b0\u1edfng ch\u1ea5t l\u01b0\u1ee3ng \u00e2m thanh t\u1ed1t nh\u1ea5t?<\/p>\n<p data-start=\"373\" data-end=\"558\">D\u1ecbch v\u1ee5 <strong data-start=\"381\" data-end=\"429\">N\u00e2ng c\u1ea5p t\u00e0i kho\u1ea3n Spotify Premium ch\u00ednh ch\u1ee7<\/strong> s\u1ebd gi\u00fap b\u1ea1n m\u1edf kh\u00f3a to\u00e0n b\u1ed9 t\u00ednh n\u0103ng cao c\u1ea5p c\u1ee7a Spotify, mang l\u1ea1i tr\u1ea3i nghi\u1ec7m nghe nh\u1ea1c ho\u00e0n h\u1ea3o v\u1edbi chi ph\u00ed c\u1ef1c k\u1ef3 ti\u1ebft ki\u1ec7m.<\/p>\n<hr data-start=\"560\" data-end=\"563\" \/>\n<p data-start=\"565\" data-end=\"586\">\ud83c\udfb6 <strong data-start=\"568\" data-end=\"586\">Spotify l\u00e0 g\u00ec?<\/strong><\/p>\n<p data-start=\"588\" data-end=\"736\">Spotify l\u00e0 m\u1ed9t trong nh\u1eefng n\u1ec1n t\u1ea3ng nghe nh\u1ea1c tr\u1ef1c tuy\u1ebfn l\u1edbn nh\u1ea5t th\u1ebf gi\u1edbi v\u1edbi <strong data-start=\"667\" data-end=\"694\">h\u00e0ng ch\u1ee5c tri\u1ec7u b\u00e0i h\u00e1t<\/strong> t\u1eeb c\u00e1c ngh\u1ec7 s\u0129 n\u1ed5i ti\u1ebfng tr\u00ean to\u00e0n c\u1ea7u.<\/p>\n<p data-start=\"738\" data-end=\"930\">Ng\u01b0\u1eddi d\u00f9ng c\u00f3 th\u1ec3 nghe nh\u1ea1c, podcast, album v\u00e0 playlist thu\u1ed9c m\u1ecdi th\u1ec3 lo\u1ea1i nh\u01b0:<br data-start=\"817\" data-end=\"820\" \/>Pop, EDM, Rap, HipHop, Rock, K-Pop, Nh\u1ea1c Vi\u1ec7t, Nh\u1ea1c Trung, Podcast, Audiobook v\u00e0 nhi\u1ec1u n\u1ed9i dung gi\u1ea3i tr\u00ed kh\u00e1c.<\/p>\n<hr data-start=\"932\" data-end=\"935\" \/>\n<p data-start=\"937\" data-end=\"981\">\u2728 <strong data-start=\"939\" data-end=\"981\">Quy\u1ec1n l\u1ee3i khi n\u00e2ng c\u1ea5p Spotify Premium<\/strong><\/p>\n<p data-start=\"983\" data-end=\"1050\">\u2714\ufe0f <strong data-start=\"986\" data-end=\"1015\">Nghe nh\u1ea1c kh\u00f4ng qu\u1ea3ng c\u00e1o<\/strong> \u2013 tr\u1ea3i nghi\u1ec7m \u00e2m nh\u1ea1c li\u1ec1n m\u1ea1ch.<\/p>\n<p data-start=\"1052\" data-end=\"1135\">\u2714\ufe0f <strong data-start=\"1055\" data-end=\"1090\">T\u1ea3i nh\u1ea1c v\u1ec1 m\u00e1y \u0111\u1ec3 nghe offline<\/strong> \u2013 nghe nh\u1ea1c ngay c\u1ea3 khi kh\u00f4ng c\u00f3 internet.<\/p>\n<p data-start=\"1137\" data-end=\"1217\">\u2714\ufe0f <strong data-start=\"1140\" data-end=\"1167\">Ch\u1ea5t l\u01b0\u1ee3ng \u00e2m thanh cao<\/strong> \u2013 mang l\u1ea1i tr\u1ea3i nghi\u1ec7m nghe nh\u1ea1c s\u1ed1ng \u0111\u1ed9ng h\u01a1n.<\/p>\n<p data-start=\"1219\" data-end=\"1290\">\u2714\ufe0f <strong data-start=\"1222\" data-end=\"1255\">B\u1ecf qua b\u00e0i h\u00e1t kh\u00f4ng gi\u1edbi h\u1ea1n<\/strong> \u2013 t\u1ef1 do chuy\u1ec3n b\u00e0i theo \u00fd th\u00edch.<\/p>\n<p data-start=\"1292\" data-end=\"1378\">\u2714\ufe0f <strong data-start=\"1295\" data-end=\"1326\">Nghe nh\u1ea1c tr\u00ean m\u1ecdi thi\u1ebft b\u1ecb<\/strong> \u2013 \u0111i\u1ec7n tho\u1ea1i, m\u00e1y t\u00ednh, laptop, tablet, smart TV.<\/p>\n<p data-start=\"1380\" data-end=\"1441\">\u2714\ufe0f <strong data-start=\"1383\" data-end=\"1407\">T\u1ea1o playlist c\u00e1 nh\u00e2n<\/strong> v\u00e0 l\u01b0u nh\u1eefng b\u00e0i h\u00e1t y\u00eau th\u00edch.<\/p>\n<p data-start=\"1443\" data-end=\"1511\">\u2714\ufe0f <strong data-start=\"1446\" data-end=\"1471\">G\u1ee3i \u00fd nh\u1ea1c th\u00f4ng minh<\/strong> d\u1ef1a tr\u00ean th\u00f3i quen nghe nh\u1ea1c c\u1ee7a b\u1ea1n.<\/p>\n<p data-start=\"1513\" data-end=\"1586\">\u2714\ufe0f <strong data-start=\"1516\" data-end=\"1542\">Nghe podcast \u0111\u1ed9c quy\u1ec1n<\/strong> v\u00e0 c\u00e1c ch\u01b0\u01a1ng tr\u00ecnh n\u1ed5i ti\u1ebfng tr\u00ean Spotify.<\/p>\n<hr data-start=\"1588\" data-end=\"1591\" \/>\n<p data-start=\"1593\" data-end=\"1629\">\ud83d\udd25 <strong data-start=\"1596\" data-end=\"1629\">\u01afu \u0111i\u1ec3m khi n\u00e2ng c\u1ea5p t\u1ea1i shop<\/strong><\/p>\n<p data-start=\"1631\" data-end=\"1703\">\u2714\ufe0f <strong data-start=\"1634\" data-end=\"1701\">T\u00e0i kho\u1ea3n ch\u00ednh ch\u1ee7 \u2013 n\u00e2ng c\u1ea5p tr\u1ef1c ti\u1ebfp tr\u00ean t\u00e0i kho\u1ea3n c\u1ee7a b\u1ea1n<\/strong><\/p>\n<p data-start=\"1705\" data-end=\"1758\">\u2714\ufe0f <strong data-start=\"1708\" data-end=\"1756\">Kh\u00f4ng c\u1ea7n \u0111\u1ed5i m\u1eadt kh\u1ea9u ho\u1eb7c chuy\u1ec3n t\u00e0i kho\u1ea3n<\/strong><\/p>\n<p data-start=\"1760\" data-end=\"1809\">\u2714\ufe0f <strong data-start=\"1763\" data-end=\"1807\">K\u00edch ho\u1ea1t nhanh ch\u00f3ng sau khi thanh to\u00e1n<\/strong><\/p>\n<p data-start=\"1811\" data-end=\"1846\">\u2714\ufe0f <strong data-start=\"1814\" data-end=\"1844\">S\u1eed d\u1ee5ng \u1ed5n \u0111\u1ecbnh v\u00e0 an to\u00e0n<\/strong><\/p>\n<p data-start=\"1848\" data-end=\"1915\">\u2714\ufe0f <strong data-start=\"1851\" data-end=\"1913\">Chi ph\u00ed r\u1ebb h\u01a1n r\u1ea5t nhi\u1ec1u so v\u1edbi mua tr\u1ef1c ti\u1ebfp tr\u00ean Spotify<\/strong><\/p>\n<p data-start=\"1917\" data-end=\"1981\">\u2714\ufe0f <strong data-start=\"1920\" data-end=\"1981\">H\u1ed7 tr\u1ee3 nhanh ch\u00f3ng n\u1ebfu g\u1eb7p v\u1ea5n \u0111\u1ec1 trong qu\u00e1 tr\u00ecnh s\u1eed d\u1ee5ng<\/strong><\/p>\n<hr data-start=\"1983\" data-end=\"1986\" \/>\n<p data-start=\"1988\" data-end=\"2010\">\ud83d\udcf1 <strong data-start=\"1991\" data-end=\"2010\">Ph\u00f9 h\u1ee3p v\u1edbi ai?<\/strong><\/p>\n<p data-start=\"2012\" data-end=\"2253\">\u2022 Ng\u01b0\u1eddi nghe nh\u1ea1c m\u1ed7i ng\u00e0y v\u00e0 mu\u1ed1n tr\u1ea3i nghi\u1ec7m t\u1ed1t h\u01a1n<br data-start=\"2066\" data-end=\"2069\" \/>\u2022 Ng\u01b0\u1eddi th\u00edch t\u1ea3i nh\u1ea1c nghe offline khi \u0111i du l\u1ecbch ho\u1eb7c di chuy\u1ec3n<br data-start=\"2134\" data-end=\"2137\" \/>\u2022 Ng\u01b0\u1eddi mu\u1ed1n nghe nh\u1ea1c ch\u1ea5t l\u01b0\u1ee3ng cao kh\u00f4ng b\u1ecb qu\u1ea3ng c\u00e1o<br data-start=\"2193\" data-end=\"2196\" \/>\u2022 Ng\u01b0\u1eddi th\u00edch kh\u00e1m ph\u00e1 podcast v\u00e0 n\u1ed9i dung gi\u1ea3i tr\u00ed m\u1edbi<\/p>\n<hr data-start=\"2255\" data-end=\"2258\" \/>\n<p data-start=\"2260\" data-end=\"2301\">\ud83c\udf1f <strong data-start=\"2263\" data-end=\"2301\">Tr\u1ea3i nghi\u1ec7m \u00e2m nh\u1ea1c kh\u00f4ng gi\u1edbi h\u1ea1n<\/strong><\/p>\n<p data-start=\"2303\" data-end=\"2434\">V\u1edbi <strong data-start=\"2307\" data-end=\"2326\">Spotify Premium<\/strong>, b\u1ea1n c\u00f3 th\u1ec3 th\u01b0\u1edfng th\u1ee9c h\u00e0ng tri\u1ec7u b\u00e0i h\u00e1t t\u1eeb kh\u1eafp n\u01a1i tr\u00ean th\u1ebf gi\u1edbi m\u00e0 kh\u00f4ng b\u1ecb gi\u00e1n \u0111o\u1ea1n b\u1edfi qu\u1ea3ng c\u00e1o.<\/p>\n<p data-start=\"2436\" data-end=\"2594\">T\u1eeb nh\u1eefng b\u1ea3n nh\u1ea1c th\u01b0 gi\u00e3n, playlist h\u1ecdc t\u1eadp, nh\u1ea1c t\u1eadp gym cho \u0111\u1ebfn nh\u1eefng album m\u1edbi nh\u1ea5t c\u1ee7a c\u00e1c ngh\u1ec7 s\u0129 n\u1ed5i ti\u1ebfng \u2013 t\u1ea5t c\u1ea3 \u0111\u1ec1u c\u00f3 trong m\u1ed9t \u1ee9ng d\u1ee5ng duy nh\u1ea5t.<\/p>\n<p data-start=\"2596\" data-end=\"2684\">\ud83c\udfb5 <strong data-start=\"2599\" data-end=\"2684\">N\u00e2ng c\u1ea5p Spotify Premium ngay h\u00f4m nay \u0111\u1ec3 t\u1eadn h\u01b0\u1edfng th\u1ebf gi\u1edbi \u00e2m nh\u1ea1c tr\u1ecdn v\u1eb9n h\u01a1n!<\/strong><\/p>\n","protected":false},"excerpt":{"rendered":"<p><span style=\"color: #000000;\">\u2714\ufe0f <span style=\"color: #00a859;\"><strong data-start=\"66\" data-end=\"95\">Nghe nh\u1ea1c kh\u00f4ng qu\u1ea3ng c\u00e1o<\/strong><\/span> \u2013 tr\u1ea3i nghi\u1ec7m \u00e2m nh\u1ea1c li\u1ec1n m\u1ea1ch<\/span><br data-start=\"127\" data-end=\"130\" \/><span style=\"color: #000000;\">\u2714\ufe0f <strong data-start=\"133\" data-end=\"166\">B\u1ecf qua b\u00e0i h\u00e1t kh\u00f4ng gi\u1edbi h\u1ea1n<\/strong> theo \u00fd th\u00edch<\/span><br data-start=\"179\" data-end=\"182\" \/><span style=\"color: #000000;\">\u2714\ufe0f <strong data-start=\"185\" data-end=\"210\">T\u1ea3i nh\u1ea1c nghe offline<\/strong> m\u1ecdi l\u00fac m\u1ecdi n\u01a1i<\/span><br data-start=\"226\" data-end=\"229\" \/><span style=\"color: #000000;\">\u2714\ufe0f <strong data-start=\"232\" data-end=\"259\">Ch\u1ea5t l\u01b0\u1ee3ng \u00e2m thanh cao<\/strong> cho tr\u1ea3i nghi\u1ec7m t\u1ed1t h\u01a1n<\/span><br data-start=\"283\" data-end=\"286\" \/><span style=\"color: #000000;\">\u2714\ufe0f <strong data-start=\"289\" data-end=\"318\">S\u1eed d\u1ee5ng tr\u00ean m\u1ecdi thi\u1ebft b\u1ecb<\/strong>: \u0111i\u1ec7n tho\u1ea1i, m\u00e1y t\u00ednh, tablet<\/span><br data-start=\"348\" data-end=\"351\" \/><span style=\"color: #000000;\">\u2714\ufe0f <strong data-start=\"354\" data-end=\"421\">T\u00e0i kho\u1ea3n ch\u00ednh ch\u1ee7 \u2013 n\u00e2ng c\u1ea5p tr\u1ef1c ti\u1ebfp tr\u00ean t\u00e0i kho\u1ea3n c\u1ee7a b\u1ea1n<\/strong><\/span><br data-start=\"421\" data-end=\"424\" \/><span style=\"color: #000000;\">\u2714\ufe0f <strong data-start=\"427\" data-end=\"469\">K\u00edch ho\u1ea1t nhanh \u2013 h\u1ed7 tr\u1ee3 khi c\u1ea7n thi\u1ebft<\/strong><\/span><br data-start=\"469\" data-end=\"472\" \/><span style=\"color: #000000;\">\u2714\ufe0f <strong data-start=\"475\" data-end=\"506\">Chi ph\u00ed ti\u1ebft ki\u1ec7m h\u01a1n nhi\u1ec1u<\/strong> so v\u1edbi mua tr\u1ef1c ti\u1ebfp<\/span><\/p>\n","protected":false},"featured_media":1933,"comment_status":"open","ping_status":"closed","template":"","meta":{"_acf_changed":false,"inline_featured_image":false},"product_brand":[],"product_cat":[15,33,16],"product_tag":[],"class_list":{"0":"post-1937","1":"product","2":"type-product","3":"status-publish","4":"has-post-thumbnail","6":"product_cat-chua-phan-loai","7":"product_cat-premium","8":"product_cat-giai-tri","10":"first","11":"instock","12":"sale","13":"taxable","14":"shipping-taxable","15":"purchasable","16":"product-type-variable"},"acf":[],"_links":{"self":[{"href":"https:\/\/www.thegioimmovn.com\/index.php?rest_route=\/wp\/v2\/product\/1937","targetHints":{"allow":["GET"]}}],"collection":[{"href":"https:\/\/www.thegioimmovn.com\/index.php?rest_route=\/wp\/v2\/product"}],"about":[{"href":"https:\/\/www.thegioimmovn.com\/index.php?rest_route=\/wp\/v2\/types\/product"}],"replies":[{"embeddable":true,"href":"https:\/\/www.thegioimmovn.com\/index.php?rest_route=%2Fwp%2Fv2%2Fcomments&post=1937"}],"wp:featuredmedia":[{"embeddable":true,"href":"https:\/\/www.thegioimmovn.com\/index.php?rest_route=\/wp\/v2\/media\/1933"}],"wp:attachment":[{"href":"https:\/\/www.thegioimmovn.com\/index.php?rest_route=%2Fwp%2Fv2%2Fmedia&parent=1937"}],"wp:term":[{"taxonomy":"product_brand","embeddable":true,"href":"https:\/\/www.thegioimmovn.com\/index.php?rest_route=%2Fwp%2Fv2%2Fproduct_brand&post=1937"},{"taxonomy":"product_cat","embeddable":true,"href":"https:\/\/www.thegioimmovn.com\/index.php?rest_route=%2Fwp%2Fv2%2Fproduct_cat&post=1937"},{"taxonomy":"product_tag","embeddable":true,"href":"https:\/\/www.thegioimmovn.com\/index.php?rest_route=%2Fwp%2Fv2%2Fproduct_tag&post=1937"}],"curies":[{"name":"wp","href":"https:\/\/api.w.org\/{rel}","templated":true}]}}