    {"id":1924,"date":"2026-01-12T11:51:58","date_gmt":"2026-01-12T19:51:58","guid":{"rendered":"https:\/\/xn--12cat7b6ah3cmc7g0bdgb.cc\/?post_type=product&#038;p=1924"},"modified":"2026-03-08T14:17:37","modified_gmt":"2026-03-08T13:17:37","slug":"nang-cap-tai-khoan-elsa-premium-chinh-chu","status":"publish","type":"product","link":"https:\/\/www.thegioimmovn.com\/?product=nang-cap-tai-khoan-elsa-premium-chinh-chu","title":{"rendered":"N\u00e2ng c\u1ea5p t\u00e0i kho\u1ea3n Elsa Premium ch\u1ec9nh ch\u1ee7"},"content":{"rendered":"<p data-start=\"127\" data-end=\"192\"><span style=\"font-size: 28px;\">\ud83d\udd25 <strong data-start=\"130\" data-end=\"187\">N\u00c2NG C\u1ea4P T\u00c0I KHO\u1ea2N ELSA PREMIUM \u2013 CH\u1ec8NH CH\u1ee6 <\/strong>\ud83d\udd25<\/span><\/p>\n<p data-start=\"194\" data-end=\"462\">B\u1ea1n \u0111ang mu\u1ed1n <strong data-start=\"208\" data-end=\"256\">h\u1ecdc ph\u00e1t \u00e2m ti\u1ebfng Anh chu\u1ea9n nh\u01b0 ng\u01b0\u1eddi b\u1ea3n x\u1ee9<\/strong> nh\u01b0ng kh\u00f4ng mu\u1ed1n tr\u1ea3 m\u1ee9c ph\u00ed cao cho g\u00f3i Premium?<br data-start=\"306\" data-end=\"309\" \/>D\u1ecbch v\u1ee5 <strong data-start=\"317\" data-end=\"352\">N\u00e2ng c\u1ea5p Elsa Premium ch\u1ec9nh ch\u1ee7<\/strong> s\u1ebd gi\u00fap b\u1ea1n <strong data-start=\"365\" data-end=\"414\">s\u1edf h\u1eefu t\u00e0i kho\u1ea3n ch\u00ednh ch\u1ee7 v\u1edbi chi ph\u00ed c\u1ef1c r\u1ebb<\/strong>, s\u1eed d\u1ee5ng \u0111\u1ea7y \u0111\u1ee7 t\u00ednh n\u0103ng cao c\u1ea5p c\u1ee7a \u1ee9ng d\u1ee5ng.<\/p>\n<p data-start=\"464\" data-end=\"639\">\ud83d\udcda <strong data-start=\"467\" data-end=\"481\">ELSA Speak<\/strong> l\u00e0 \u1ee9ng d\u1ee5ng h\u1ecdc ph\u00e1t \u00e2m ti\u1ebfng Anh n\u1ed5i ti\u1ebfng s\u1eed d\u1ee5ng <strong data-start=\"534\" data-end=\"560\">AI nh\u1eadn di\u1ec7n gi\u1ecdng n\u00f3i<\/strong>, gi\u00fap b\u1ea1n luy\u1ec7n ph\u00e1t \u00e2m chu\u1ea9n t\u1eebng \u00e2m ti\u1ebft, c\u1ea3i thi\u1ec7n k\u1ef9 n\u0103ng n\u00f3i nhanh ch\u00f3ng.<\/p>\n<hr data-start=\"641\" data-end=\"644\" \/>\n<p data-start=\"646\" data-end=\"687\">\u2728 <strong data-start=\"648\" data-end=\"687\">QUY\u1ec0N L\u1ee2I KHI N\u00c2NG C\u1ea4P ELSA PREMIUM<\/strong><\/p>\n<p data-start=\"689\" data-end=\"1087\">\u2714\ufe0f <strong data-start=\"692\" data-end=\"723\">T\u00e0i kho\u1ea3n Premium ch\u1ec9nh ch\u1ee7<\/strong> \u2013 \u0111\u0103ng nh\u1eadp b\u1eb1ng t\u00e0i kho\u1ea3n c\u1ee7a b\u1ea1n<br data-start=\"758\" data-end=\"761\" \/>\u2714\ufe0f <strong data-start=\"764\" data-end=\"793\">Th\u1eddi gian s\u1eed d\u1ee5ng d\u00e0i h\u1ea1n<\/strong> theo g\u00f3i l\u1ef1a ch\u1ecdn<br data-start=\"811\" data-end=\"814\" \/>\u2714\ufe0f <strong data-start=\"817\" data-end=\"854\">M\u1edf kh\u00f3a to\u00e0n b\u1ed9 h\u01a1n 8000+ b\u00e0i h\u1ecdc<\/strong><br data-start=\"854\" data-end=\"857\" \/>\u2714\ufe0f <strong data-start=\"860\" data-end=\"900\">Luy\u1ec7n ph\u00e1t \u00e2m chu\u1ea9n v\u1edbi c\u00f4ng ngh\u1ec7 AI<\/strong><br data-start=\"900\" data-end=\"903\" \/>\u2714\ufe0f <strong data-start=\"906\" data-end=\"948\">Ph\u00e2n t\u00edch l\u1ed7i ph\u00e1t \u00e2m chi ti\u1ebft t\u1eebng \u00e2m<\/strong><br data-start=\"948\" data-end=\"951\" \/>\u2714\ufe0f <strong data-start=\"954\" data-end=\"996\">L\u1ed9 tr\u00ecnh h\u1ecdc c\u00e1 nh\u00e2n h\u00f3a theo tr\u00ecnh \u0111\u1ed9<\/strong><br data-start=\"996\" data-end=\"999\" \/>\u2714\ufe0f <strong data-start=\"1002\" data-end=\"1039\">Theo d\u00f5i ti\u1ebfn \u0111\u1ed9 h\u1ecdc t\u1eadp chi ti\u1ebft<\/strong><br data-start=\"1039\" data-end=\"1042\" \/>\u2714\ufe0f <strong data-start=\"1045\" data-end=\"1087\">C\u1ea3i thi\u1ec7n k\u1ef9 n\u0103ng Speaking nhanh ch\u00f3ng<\/strong><\/p>\n<hr data-start=\"1089\" data-end=\"1092\" \/>\n<p data-start=\"1094\" data-end=\"1112\">\ud83c\udfaf <strong data-start=\"1097\" data-end=\"1112\">PH\u00d9 H\u1ee2P CHO<\/strong><\/p>\n<p data-start=\"1114\" data-end=\"1294\">\ud83d\udc68\u200d\ud83c\udf93 H\u1ecdc sinh \u2013 sinh vi\u00ean luy\u1ec7n n\u00f3i ti\u1ebfng Anh<br data-start=\"1160\" data-end=\"1163\" \/>\ud83d\udc68\u200d\ud83d\udcbc Ng\u01b0\u1eddi \u0111i l\u00e0m c\u1ea7n c\u1ea3i thi\u1ec7n giao ti\u1ebfp<br data-start=\"1205\" data-end=\"1208\" \/>\ud83c\udf0d Ng\u01b0\u1eddi chu\u1ea9n b\u1ecb du h\u1ecdc ho\u1eb7c ph\u1ecfng v\u1ea5n<br data-start=\"1247\" data-end=\"1250\" \/>\ud83d\udcc8 Ng\u01b0\u1eddi mu\u1ed1n n\u00e2ng cao k\u1ef9 n\u0103ng ph\u00e1t \u00e2m chu\u1ea9n<\/p>\n<hr data-start=\"1296\" data-end=\"1299\" \/>\n<p data-start=\"1301\" data-end=\"1322\">\u26a1 <strong data-start=\"1303\" data-end=\"1322\">\u01afU \u0110I\u1ec2M D\u1ecaCH V\u1ee4<\/strong><\/p>\n<p data-start=\"1324\" data-end=\"1536\">\u2714\ufe0f N\u00e2ng c\u1ea5p <strong data-start=\"1336\" data-end=\"1366\">nhanh ch\u00f3ng trong v\u00e0i ph\u00fat<\/strong><br data-start=\"1366\" data-end=\"1369\" \/>\u2714\ufe0f <strong data-start=\"1372\" data-end=\"1403\">Kh\u00f4ng c\u1ea7n t\u1ea1o t\u00e0i kho\u1ea3n m\u1edbi<\/strong><br data-start=\"1403\" data-end=\"1406\" \/>\u2714\ufe0f <strong data-start=\"1409\" data-end=\"1444\">S\u1eed d\u1ee5ng ch\u00ednh t\u00e0i kho\u1ea3n c\u1ee7a b\u1ea1n<\/strong><br data-start=\"1444\" data-end=\"1447\" \/>\u2714\ufe0f <strong data-start=\"1450\" data-end=\"1481\">An to\u00e0n \u2013 b\u1ea3o m\u1eadt th\u00f4ng tin<\/strong><br data-start=\"1481\" data-end=\"1484\" \/>\u2714\ufe0f <strong data-start=\"1487\" data-end=\"1536\">Chi ph\u00ed r\u1ebb h\u01a1n r\u1ea5t nhi\u1ec1u so v\u1edbi mua tr\u1ef1c ti\u1ebfp<\/strong><\/p>\n<hr data-start=\"1538\" data-end=\"1541\" \/>\n<p data-start=\"1543\" data-end=\"1557\">\ud83d\udc8e <strong data-start=\"1546\" data-end=\"1557\">CAM K\u1ebeT<\/strong><\/p>\n<p data-start=\"1559\" data-end=\"1705\">\u2714\ufe0f N\u00e2ng c\u1ea5p <strong data-start=\"1571\" data-end=\"1591\">\u0111\u00fang g\u00f3i Premium<\/strong><br data-start=\"1591\" data-end=\"1594\" \/>\u2714\ufe0f <strong data-start=\"1597\" data-end=\"1636\">H\u1ed7 tr\u1ee3 \u0111\u0103ng nh\u1eadp v\u00e0 ki\u1ec3m tra \u0111\u1ea7y \u0111\u1ee7<\/strong><br data-start=\"1636\" data-end=\"1639\" \/>\u2714\ufe0f <strong data-start=\"1642\" data-end=\"1663\">B\u1ea3o h\u00e0nh theo g\u00f3i<\/strong><br data-start=\"1663\" data-end=\"1666\" \/>\u2714\ufe0f H\u1ed7 tr\u1ee3 nhanh khi c\u00f3 v\u1ea5n \u0111\u1ec1 ph\u00e1t sinh<\/p>\n","protected":false},"excerpt":{"rendered":"<p><span style=\"color: #003300;\"><strong>\u2714\ufe0f <span style=\"color: #008000;\">N\u00e2ng C\u1ea5p Ch\u00ednh Ch\u1ee7 T\u00e0i Kho\u1ea3n Elsa<\/span><\/strong><span style=\"color: #008000;\">\u00a0<\/span><\/span><br \/>\n<span style=\"color: #003300;\">\u2714\ufe0f Kh\u00f4ng c\u1ea7n t\u1ea1o t\u00e0i kho\u1ea3n m\u1edbi<\/span><br \/>\n<span style=\"color: #003300;\">\u2714\ufe0f M\u1edf kh\u00f3a to\u00e0n b\u1ed9 t\u00ednh n\u0103ng Premium<\/span><br \/>\n<span style=\"color: #003300;\">\u2714\ufe0f Truy c\u1eadp 8000+ b\u00e0i h\u1ecdc luy\u1ec7n ph\u00e1t \u00e2m<\/span><br \/>\n<span style=\"color: #003300;\">\u2714\ufe0f AI ch\u1ea5m \u0111i\u1ec3m ph\u00e1t \u00e2m ch\u00ednh x\u00e1c t\u1eebng t\u1eeb<\/span><br \/>\n<span style=\"color: #003300;\">\u2714\ufe0f C\u00f3 l\u1ed9 tr\u00ecnh h\u1ecdc c\u00e1 nh\u00e2n h\u00f3a theo tr\u00ecnh \u0111\u1ed9<\/span><br \/>\n<span style=\"color: #003300;\">\u2714\ufe0f Luy\u1ec7n Speaking \u2013 Pronunciation \u2013 Conversation<\/span><br \/>\n<span style=\"color: #003300;\">\u2714\ufe0f H\u1ecdc m\u1ecdi l\u00fac m\u1ecdi n\u01a1i tr\u00ean \u0111i\u1ec7n tho\u1ea1i &amp; m\u00e1y t\u00ednh b\u1ea3ng<\/span><br \/>\n<span style=\"color: #003300;\">\u2714\ufe0f N\u00e2ng c\u1ea5p nhanh \u2013 s\u1eed d\u1ee5ng ngay<\/span><\/p>\n","protected":false},"featured_media":2492,"comment_status":"open","ping_status":"closed","template":"","meta":{"_acf_changed":false,"inline_featured_image":false},"product_brand":[],"product_cat":[15,33,18],"product_tag":[],"class_list":{"0":"post-1924","1":"product","2":"type-product","3":"status-publish","4":"has-post-thumbnail","6":"product_cat-chua-phan-loai","7":"product_cat-premium","8":"product_cat-hoc-tap","10":"first","11":"instock","12":"taxable","13":"shipping-taxable","14":"purchasable","15":"product-type-simple"},"acf":[],"_links":{"self":[{"href":"https:\/\/www.thegioimmovn.com\/index.php?rest_route=\/wp\/v2\/product\/1924","targetHints":{"allow":["GET"]}}],"collection":[{"href":"https:\/\/www.thegioimmovn.com\/index.php?rest_route=\/wp\/v2\/product"}],"about":[{"href":"https:\/\/www.thegioimmovn.com\/index.php?rest_route=\/wp\/v2\/types\/product"}],"replies":[{"embeddable":true,"href":"https:\/\/www.thegioimmovn.com\/index.php?rest_route=%2Fwp%2Fv2%2Fcomments&post=1924"}],"wp:featuredmedia":[{"embeddable":true,"href":"https:\/\/www.thegioimmovn.com\/index.php?rest_route=\/wp\/v2\/media\/2492"}],"wp:attachment":[{"href":"https:\/\/www.thegioimmovn.com\/index.php?rest_route=%2Fwp%2Fv2%2Fmedia&parent=1924"}],"wp:term":[{"taxonomy":"product_brand","embeddable":true,"href":"https:\/\/www.thegioimmovn.com\/index.php?rest_route=%2Fwp%2Fv2%2Fproduct_brand&post=1924"},{"taxonomy":"product_cat","embeddable":true,"href":"https:\/\/www.thegioimmovn.com\/index.php?rest_route=%2Fwp%2Fv2%2Fproduct_cat&post=1924"},{"taxonomy":"product_tag","embeddable":true,"href":"https:\/\/www.thegioimmovn.com\/index.php?rest_route=%2Fwp%2Fv2%2Fproduct_tag&post=1924"}],"curies":[{"name":"wp","href":"https:\/\/api.w.org\/{rel}","templated":true}]}}