    {"id":1920,"date":"2026-01-12T11:36:06","date_gmt":"2026-01-12T19:36:06","guid":{"rendered":"https:\/\/xn--12cat7b6ah3cmc7g0bdgb.cc\/?post_type=product&#038;p=1920"},"modified":"2026-03-08T18:10:12","modified_gmt":"2026-03-08T17:10:12","slug":"nang-cap-tai-khoan-coursera-chinh-chu","status":"publish","type":"product","link":"https:\/\/www.thegioimmovn.com\/?product=nang-cap-tai-khoan-coursera-chinh-chu","title":{"rendered":"N\u00e2ng C\u1ea5p T\u00e0i Kho\u1ea3n Coursera Ch\u00ednh Ch\u1ee7"},"content":{"rendered":"<p data-start=\"0\" data-end=\"85\"><strong data-start=\"3\" data-end=\"85\">N\u00c2NG C\u1ea4P T\u00c0I KHO\u1ea2N COURSERA CH\u00cdNH CH\u1ee6 \u2013 M\u1ede KH\u00d3A KHO TRI TH\u1ee8C H\u00c0NG \u0110\u1ea6U TH\u1ebe GI\u1edaI<\/strong><\/p>\n<p data-start=\"87\" data-end=\"395\">Trong th\u1eddi \u0111\u1ea1i c\u00f4ng ngh\u1ec7 ph\u00e1t tri\u1ec3n nhanh ch\u00f3ng, vi\u1ec7c li\u00ean t\u1ee5c c\u1eadp nh\u1eadt ki\u1ebfn th\u1ee9c v\u00e0 n\u00e2ng cao k\u1ef9 n\u0103ng l\u00e0 y\u1ebfu t\u1ed1 quan tr\u1ecdng gi\u00fap b\u1ea1n ph\u00e1t tri\u1ec3n b\u1ea3n th\u00e2n v\u00e0 t\u1ea1o l\u1ee3i th\u1ebf trong c\u00f4ng vi\u1ec7c. Tuy nhi\u00ean, nhi\u1ec1u kh\u00f3a h\u1ecdc ch\u1ea5t l\u01b0\u1ee3ng cao tr\u00ean n\u1ec1n t\u1ea3ng Coursera th\u01b0\u1eddng c\u00f3 chi ph\u00ed kh\u00e1 cao, khi\u1ebfn nhi\u1ec1u ng\u01b0\u1eddi kh\u00f3 ti\u1ebfp c\u1eadn.<\/p>\n<p data-start=\"397\" data-end=\"655\">V\u1edbi d\u1ecbch v\u1ee5 <strong data-start=\"409\" data-end=\"450\">N\u00e2ng C\u1ea5p T\u00e0i Kho\u1ea3n Coursera Ch\u00ednh Ch\u1ee7<\/strong>, b\u1ea1n c\u00f3 th\u1ec3 truy c\u1eadp v\u00e0o kho h\u1ecdc li\u1ec7u kh\u1ed5ng l\u1ed3 t\u1eeb c\u00e1c tr\u01b0\u1eddng \u0111\u1ea1i h\u1ecdc v\u00e0 t\u1eadp \u0111o\u00e0n h\u00e0ng \u0111\u1ea7u th\u1ebf gi\u1edbi v\u1edbi m\u1ee9c chi ph\u00ed c\u1ef1c k\u1ef3 ti\u1ebft ki\u1ec7m, gi\u00fap b\u1ea1n h\u1ecdc t\u1eadp hi\u1ec7u qu\u1ea3 v\u00e0 ph\u00e1t tri\u1ec3n k\u1ef9 n\u0103ng m\u1ed9t c\u00e1ch chuy\u00ean nghi\u1ec7p.<\/p>\n<hr data-start=\"657\" data-end=\"660\" \/>\n<p data-start=\"662\" data-end=\"1022\">\ud83d\udcda <strong data-start=\"665\" data-end=\"684\">Coursera l\u00e0 g\u00ec?<\/strong><br data-start=\"684\" data-end=\"687\" \/>Coursera l\u00e0 m\u1ed9t trong nh\u1eefng n\u1ec1n t\u1ea3ng h\u1ecdc tr\u1ef1c tuy\u1ebfn l\u1edbn nh\u1ea5t th\u1ebf gi\u1edbi, h\u1ee3p t\u00e1c v\u1edbi h\u01a1n <strong data-start=\"774\" data-end=\"816\">200+ tr\u01b0\u1eddng \u0111\u1ea1i h\u1ecdc v\u00e0 t\u1ed5 ch\u1ee9c qu\u1ed1c t\u1ebf<\/strong>. N\u01a1i \u0111\u00e2y cung c\u1ea5p h\u00e0ng ngh\u00ecn kh\u00f3a h\u1ecdc ch\u1ea5t l\u01b0\u1ee3ng cao thu\u1ed9c nhi\u1ec1u l\u0129nh v\u1ef1c kh\u00e1c nhau nh\u01b0 c\u00f4ng ngh\u1ec7, kinh doanh, marketing, khoa h\u1ecdc d\u1eef li\u1ec7u, tr\u00ed tu\u1ec7 nh\u00e2n t\u1ea1o, thi\u1ebft k\u1ebf, ngo\u1ea1i ng\u1eef v\u00e0 nhi\u1ec1u ng\u00e0nh ngh\u1ec1 kh\u00e1c.<\/p>\n<p data-start=\"1024\" data-end=\"1229\">Nhi\u1ec1u kh\u00f3a h\u1ecdc tr\u00ean Coursera \u0111\u01b0\u1ee3c gi\u1ea3ng d\u1ea1y b\u1edfi c\u00e1c gi\u00e1o s\u01b0, chuy\u00ean gia h\u00e0ng \u0111\u1ea7u \u0111\u1ebfn t\u1eeb c\u00e1c t\u1ed5 ch\u1ee9c n\u1ed5i ti\u1ebfng nh\u01b0 Google, IBM, Meta, Stanford, University of London, v\u00e0 nhi\u1ec1u tr\u01b0\u1eddng \u0111\u1ea1i h\u1ecdc danh ti\u1ebfng kh\u00e1c.<\/p>\n<hr data-start=\"1231\" data-end=\"1234\" \/>\n<p data-start=\"1236\" data-end=\"1284\">\ud83d\ude80 <strong data-start=\"1239\" data-end=\"1284\">Quy\u1ec1n l\u1ee3i khi n\u00e2ng c\u1ea5p t\u00e0i kho\u1ea3n Coursera<\/strong><\/p>\n<p data-start=\"1286\" data-end=\"1395\">\u2714\ufe0f <strong data-start=\"1289\" data-end=\"1336\">Truy c\u1eadp h\u00e0ng ngh\u00ecn kh\u00f3a h\u1ecdc ch\u1ea5t l\u01b0\u1ee3ng cao<\/strong> t\u1eeb c\u00e1c tr\u01b0\u1eddng \u0111\u1ea1i h\u1ecdc v\u00e0 doanh nghi\u1ec7p h\u00e0ng \u0111\u1ea7u th\u1ebf gi\u1edbi.<\/p>\n<p data-start=\"1397\" data-end=\"1498\">\u2714\ufe0f <strong data-start=\"1400\" data-end=\"1422\">H\u1ecdc kh\u00f4ng gi\u1edbi h\u1ea1n<\/strong> nhi\u1ec1u kh\u00f3a h\u1ecdc c\u00f9ng l\u00fac, tho\u1ea3i m\u00e1i l\u1ef1a ch\u1ecdn n\u1ed9i dung ph\u00f9 h\u1ee3p v\u1edbi nhu c\u1ea7u.<\/p>\n<p data-start=\"1500\" data-end=\"1658\">\u2714\ufe0f <strong data-start=\"1503\" data-end=\"1541\">Nh\u1eadn ch\u1ee9ng ch\u1ec9 ho\u00e0n th\u00e0nh kh\u00f3a h\u1ecdc<\/strong> sau khi ho\u00e0n th\u00e0nh b\u00e0i h\u1ecdc v\u00e0 b\u00e0i ki\u1ec3m tra. \u0110\u00e2y l\u00e0 ch\u1ee9ng ch\u1ec9 c\u00f3 th\u1ec3 s\u1eed d\u1ee5ng \u0111\u1ec3 b\u1ed5 sung v\u00e0o CV ho\u1eb7c h\u1ed3 s\u01a1 xin vi\u1ec7c.<\/p>\n<p data-start=\"1660\" data-end=\"1764\">\u2714\ufe0f <strong data-start=\"1663\" data-end=\"1686\">H\u1ecdc m\u1ecdi l\u00fac m\u1ecdi n\u01a1i<\/strong> tr\u00ean nhi\u1ec1u thi\u1ebft b\u1ecb kh\u00e1c nhau nh\u01b0 \u0111i\u1ec7n tho\u1ea1i, m\u00e1y t\u00ednh, laptop ho\u1eb7c tablet.<\/p>\n<p data-start=\"1766\" data-end=\"1861\">\u2714\ufe0f <strong data-start=\"1769\" data-end=\"1803\">Video b\u00e0i gi\u1ea3ng ch\u1ea5t l\u01b0\u1ee3ng cao<\/strong>, c\u00f3 ph\u1ee5 \u0111\u1ec1 h\u1ed7 tr\u1ee3 gi\u00fap b\u1ea1n d\u1ec5 d\u00e0ng theo d\u00f5i v\u00e0 h\u1ecdc t\u1eadp.<\/p>\n<p data-start=\"1863\" data-end=\"1973\">\u2714\ufe0f <strong data-start=\"1866\" data-end=\"1893\">T\u00e0i li\u1ec7u h\u1ecdc t\u1eadp \u0111\u1ea7y \u0111\u1ee7<\/strong> bao g\u1ed3m video, b\u00e0i \u0111\u1ecdc, b\u00e0i t\u1eadp th\u1ef1c h\u00e0nh v\u00e0 b\u00e0i ki\u1ec3m tra \u0111\u00e1nh gi\u00e1 ki\u1ebfn th\u1ee9c.<\/p>\n<p data-start=\"1975\" data-end=\"2068\">\u2714\ufe0f <strong data-start=\"1978\" data-end=\"2017\">N\u1ed9i dung \u0111\u01b0\u1ee3c c\u1eadp nh\u1eadt th\u01b0\u1eddng xuy\u00ean<\/strong>, \u0111\u1ea3m b\u1ea3o b\u1ea1n lu\u00f4n ti\u1ebfp c\u1eadn v\u1edbi ki\u1ebfn th\u1ee9c m\u1edbi nh\u1ea5t.<\/p>\n<hr data-start=\"2070\" data-end=\"2073\" \/>\n<p data-start=\"2075\" data-end=\"2126\">\ud83d\udca1 <strong data-start=\"2078\" data-end=\"2126\">C\u00e1c l\u0129nh v\u1ef1c kh\u00f3a h\u1ecdc ph\u1ed5 bi\u1ebfn tr\u00ean Coursera<\/strong><\/p>\n<p data-start=\"2128\" data-end=\"2419\">\u2022 C\u00f4ng ngh\u1ec7 th\u00f4ng tin v\u00e0 l\u1eadp tr\u00ecnh<br data-start=\"2162\" data-end=\"2165\" \/>\u2022 Tr\u00ed tu\u1ec7 nh\u00e2n t\u1ea1o (AI) v\u00e0 Machine Learning<br data-start=\"2208\" data-end=\"2211\" \/>\u2022 Khoa h\u1ecdc d\u1eef li\u1ec7u (Data Science)<br data-start=\"2244\" data-end=\"2247\" \/>\u2022 Marketing v\u00e0 Digital Marketing<br data-start=\"2279\" data-end=\"2282\" \/>\u2022 Kinh doanh v\u00e0 qu\u1ea3n tr\u1ecb doanh nghi\u1ec7p<br data-start=\"2319\" data-end=\"2322\" \/>\u2022 Thi\u1ebft k\u1ebf \u0111\u1ed3 h\u1ecda v\u00e0 UX\/UI<br data-start=\"2348\" data-end=\"2351\" \/>\u2022 Ngo\u1ea1i ng\u1eef v\u00e0 k\u1ef9 n\u0103ng giao ti\u1ebfp<br data-start=\"2383\" data-end=\"2386\" \/>\u2022 Ph\u00e2n t\u00edch t\u00e0i ch\u00ednh v\u00e0 \u0111\u1ea7u t\u01b0<\/p>\n<p data-start=\"2421\" data-end=\"2581\">Ch\u1ec9 v\u1edbi m\u1ed9t t\u00e0i kho\u1ea3n, b\u1ea1n c\u00f3 th\u1ec3 ti\u1ebfp c\u1eadn h\u00e0ng ngh\u00ecn kh\u00f3a h\u1ecdc t\u1eeb c\u01a1 b\u1ea3n \u0111\u1ebfn n\u00e2ng cao, ph\u00f9 h\u1ee3p cho c\u1ea3 ng\u01b0\u1eddi m\u1edbi b\u1eaft \u0111\u1ea7u v\u00e0 nh\u1eefng ng\u01b0\u1eddi mu\u1ed1n n\u00e2ng cao chuy\u00ean m\u00f4n.<\/p>\n<hr data-start=\"2583\" data-end=\"2586\" \/>\n<p data-start=\"2588\" data-end=\"2621\">\ud83d\udc68\u200d\ud83c\udf93 <strong data-start=\"2594\" data-end=\"2621\">D\u1ecbch v\u1ee5 ph\u00f9 h\u1ee3p v\u1edbi ai?<\/strong><\/p>\n<p data-start=\"2623\" data-end=\"2877\">\u2714\ufe0f Sinh vi\u00ean mu\u1ed1n n\u00e2ng cao ki\u1ebfn th\u1ee9c ngo\u00e0i ch\u01b0\u01a1ng tr\u00ecnh h\u1ecdc.<br data-start=\"2683\" data-end=\"2686\" \/>\u2714\ufe0f Ng\u01b0\u1eddi \u0111i l\u00e0m mu\u1ed1n ph\u00e1t tri\u1ec3n k\u1ef9 n\u0103ng \u0111\u1ec3 th\u0103ng ti\u1ebfn trong c\u00f4ng vi\u1ec7c.<br data-start=\"2756\" data-end=\"2759\" \/>\u2714\ufe0f Freelancer mu\u1ed1n h\u1ecdc th\u00eam k\u1ef9 n\u0103ng m\u1edbi \u0111\u1ec3 t\u0103ng thu nh\u1eadp.<br data-start=\"2816\" data-end=\"2819\" \/>\u2714\ufe0f Nh\u1eefng ng\u01b0\u1eddi mu\u1ed1n t\u1ef1 h\u1ecdc v\u00e0 n\u00e2ng cao gi\u00e1 tr\u1ecb b\u1ea3n th\u00e2n.<\/p>\n<p data-start=\"2879\" data-end=\"2993\">D\u00f9 b\u1ea1n \u0111ang \u1edf b\u1ea5t k\u1ef3 l\u0129nh v\u1ef1c n\u00e0o, vi\u1ec7c h\u1ecdc th\u00eam c\u00e1c k\u1ef9 n\u0103ng m\u1edbi lu\u00f4n l\u00e0 m\u1ed9t kho\u1ea3n \u0111\u1ea7u t\u01b0 x\u1ee9ng \u0111\u00e1ng cho t\u01b0\u01a1ng lai.<\/p>\n<hr data-start=\"2995\" data-end=\"2998\" \/>\n<p data-start=\"3000\" data-end=\"3042\">\u26a1 <strong data-start=\"3002\" data-end=\"3042\">\u01afu \u0111i\u1ec3m khi s\u1eed d\u1ee5ng d\u1ecbch v\u1ee5 t\u1ea1i shop<\/strong><\/p>\n<p data-start=\"3044\" data-end=\"3330\">\u2714\ufe0f <strong data-start=\"3047\" data-end=\"3099\">T\u00e0i kho\u1ea3n ch\u00ednh ch\u1ee7 \u2013 s\u1eed d\u1ee5ng \u1ed5n \u0111\u1ecbnh v\u00e0 an to\u00e0n<\/strong><br data-start=\"3099\" data-end=\"3102\" \/>\u2714\ufe0f <strong data-start=\"3105\" data-end=\"3130\">K\u00edch ho\u1ea1t nhanh ch\u00f3ng<\/strong> sau khi thanh to\u00e1n<br data-start=\"3149\" data-end=\"3152\" \/>\u2714\ufe0f <strong data-start=\"3155\" data-end=\"3179\">Gi\u00e1 r\u1ebb h\u01a1n r\u1ea5t nhi\u1ec1u<\/strong> so v\u1edbi \u0111\u0103ng k\u00fd tr\u1ef1c ti\u1ebfp tr\u00ean n\u1ec1n t\u1ea3ng<br data-start=\"3218\" data-end=\"3221\" \/>\u2714\ufe0f <strong data-start=\"3224\" data-end=\"3239\">H\u1ed7 tr\u1ee3 24\/24<\/strong>\u00a0n\u1ebfu g\u1eb7p v\u1ea5n \u0111\u1ec1 trong qu\u00e1 tr\u00ecnh s\u1eed d\u1ee5ng<br data-start=\"3278\" data-end=\"3281\" \/>\u2714\ufe0f <strong data-start=\"3284\" data-end=\"3314\">H\u01b0\u1edbng d\u1eabn s\u1eed d\u1ee5ng chi ti\u1ebft<\/strong> cho ng\u01b0\u1eddi m\u1edbi<\/p>\n<p data-start=\"3332\" data-end=\"3441\">Ch\u00fang t\u00f4i cam k\u1ebft mang \u0111\u1ebfn cho b\u1ea1n tr\u1ea3i nghi\u1ec7m h\u1ecdc t\u1eadp t\u1ed1t nh\u1ea5t v\u1edbi d\u1ecbch v\u1ee5 ch\u1ea5t l\u01b0\u1ee3ng v\u00e0 h\u1ed7 tr\u1ee3 nhanh ch\u00f3ng.<\/p>\n<hr data-start=\"3443\" data-end=\"3446\" \/>\n<p data-start=\"3448\" data-end=\"3498\">\ud83c\udf1f <strong data-start=\"3451\" data-end=\"3498\">\u0110\u1ea7u t\u01b0 cho ki\u1ebfn th\u1ee9c \u2013 \u0111\u1ea7u t\u01b0 cho t\u01b0\u01a1ng lai<\/strong><\/p>\n<p data-start=\"3500\" data-end=\"3650\">Trong th\u1eddi \u0111\u1ea1i c\u1ea1nh tranh ng\u00e0y c\u00e0ng cao, vi\u1ec7c s\u1edf h\u1eefu th\u00eam k\u1ef9 n\u0103ng v\u00e0 ch\u1ee9ng ch\u1ec9 qu\u1ed1c t\u1ebf s\u1ebd gi\u00fap b\u1ea1n t\u1ea1o l\u1ee3i th\u1ebf l\u1edbn trong h\u1ecdc t\u1eadp c\u0169ng nh\u01b0 c\u00f4ng vi\u1ec7c.<\/p>\n<p data-start=\"3652\" data-end=\"3825\">V\u1edbi <strong data-start=\"3656\" data-end=\"3687\">t\u00e0i kho\u1ea3n Coursera n\u00e2ng c\u1ea5p<\/strong>, b\u1ea1n c\u00f3 th\u1ec3 h\u1ecdc t\u1eeb nh\u1eefng chuy\u00ean gia h\u00e0ng \u0111\u1ea7u th\u1ebf gi\u1edbi, ti\u1ebfp c\u1eadn ngu\u1ed3n ki\u1ebfn th\u1ee9c ch\u1ea5t l\u01b0\u1ee3ng cao v\u00e0 ph\u00e1t tri\u1ec3n b\u1ea3n th\u00e2n m\u1ed9t c\u00e1ch to\u00e0n di\u1ec7n.<\/p>\n<p data-start=\"3827\" data-end=\"3928\">\ud83d\udcc8 <strong data-start=\"3830\" data-end=\"3928\">H\u00e3y b\u1eaft \u0111\u1ea7u h\u00e0nh tr\u00ecnh h\u1ecdc t\u1eadp c\u1ee7a b\u1ea1n ngay h\u00f4m nay v\u00e0 m\u1edf ra nhi\u1ec1u c\u01a1 h\u1ed9i m\u1edbi trong t\u01b0\u01a1ng lai!<\/strong><\/p>\n","protected":false},"excerpt":{"rendered":"<p><span style=\"color: #003300;\">\u2714\ufe0f T\u00e0i kho\u1ea3n <strong data-start=\"71\" data-end=\"117\">Coursera ch\u00ednh ch\u1ee7 \u2013 k\u00edch ho\u1ea1t nhanh ch\u00f3ng<\/strong><\/span><br data-start=\"117\" data-end=\"120\" \/><span style=\"color: #003300;\">\u2714\ufe0f Truy c\u1eadp <strong data-start=\"132\" data-end=\"165\">7000+ kh\u00f3a h\u1ecdc ch\u1ea5t l\u01b0\u1ee3ng cao<\/strong> t\u1eeb c\u00e1c tr\u01b0\u1eddng \u0111\u1ea1i h\u1ecdc h\u00e0ng \u0111\u1ea7u<\/span><br data-start=\"196\" data-end=\"199\" \/><span style=\"color: #003300;\">\u2714\ufe0f H\u1ecdc <strong data-start=\"206\" data-end=\"260\">AI, IT, Marketing, Business, Data Science, Design\u2026<\/strong><\/span><br data-start=\"260\" data-end=\"263\" \/><span style=\"color: #003300;\">\u2714\ufe0f <strong data-start=\"266\" data-end=\"312\">Nh\u1eadn ch\u1ee9ng ch\u1ec9 sau khi ho\u00e0n th\u00e0nh kh\u00f3a h\u1ecdc<\/strong><\/span><br data-start=\"312\" data-end=\"315\" \/><span style=\"color: #003300;\">\u2714\ufe0f H\u1ecdc m\u1ecdi l\u00fac m\u1ecdi n\u01a1i tr\u00ean <strong data-start=\"343\" data-end=\"375\">\u0111i\u1ec7n tho\u1ea1i, m\u00e1y t\u00ednh, tablet<\/strong><\/span><br data-start=\"375\" data-end=\"378\" \/><span style=\"color: #003300;\">\u2714\ufe0f Video b\u00e0i gi\u1ea3ng <strong data-start=\"397\" data-end=\"434\">ch\u1ea5t l\u01b0\u1ee3ng cao \u2013 c\u00f3 ph\u1ee5 \u0111\u1ec1 h\u1ed7 tr\u1ee3<\/strong><\/span><br data-start=\"434\" data-end=\"437\" \/><span style=\"color: #003300;\">\u2714\ufe0f <strong data-start=\"440\" data-end=\"470\">Kh\u00f4ng gi\u1edbi h\u1ea1n s\u1ed1 kh\u00f3a h\u1ecdc<\/strong> c\u00f3 th\u1ec3 tham gia<\/span><br data-start=\"486\" data-end=\"489\" \/><span style=\"color: #003300;\">\u2714\ufe0f <strong data-start=\"492\" data-end=\"513\">Ti\u1ebft ki\u1ec7m chi ph\u00ed<\/strong> h\u01a1n nhi\u1ec1u so v\u1edbi mua tr\u1ef1c ti\u1ebfp<\/span><br data-start=\"544\" data-end=\"547\" \/><span style=\"color: #003300;\">\u2714\ufe0f <strong data-start=\"550\" data-end=\"583\">K\u00edch ho\u1ea1t nhanh \u2013 h\u1ed7 tr\u1ee3 24\/7<\/strong> khi c\u00f3 v\u1ea5n \u0111\u1ec1<\/span><br data-start=\"597\" data-end=\"600\" \/><span style=\"color: #003300;\">\u2714\ufe0f Ph\u00f9 h\u1ee3p cho <strong data-start=\"615\" data-end=\"656\">sinh vi\u00ean, ng\u01b0\u1eddi \u0111i l\u00e0m v\u00e0 freelancer<\/strong><\/span><\/p>\n","protected":false},"featured_media":2511,"comment_status":"open","ping_status":"closed","template":"","meta":{"_acf_changed":false,"inline_featured_image":false},"product_brand":[],"product_cat":[15,18],"product_tag":[],"class_list":{"0":"post-1920","1":"product","2":"type-product","3":"status-publish","4":"has-post-thumbnail","6":"product_cat-chua-phan-loai","7":"product_cat-hoc-tap","9":"first","10":"instock","11":"taxable","12":"shipping-taxable","13":"purchasable","14":"product-type-simple"},"acf":[],"_links":{"self":[{"href":"https:\/\/www.thegioimmovn.com\/index.php?rest_route=\/wp\/v2\/product\/1920","targetHints":{"allow":["GET"]}}],"collection":[{"href":"https:\/\/www.thegioimmovn.com\/index.php?rest_route=\/wp\/v2\/product"}],"about":[{"href":"https:\/\/www.thegioimmovn.com\/index.php?rest_route=\/wp\/v2\/types\/product"}],"replies":[{"embeddable":true,"href":"https:\/\/www.thegioimmovn.com\/index.php?rest_route=%2Fwp%2Fv2%2Fcomments&post=1920"}],"wp:featuredmedia":[{"embeddable":true,"href":"https:\/\/www.thegioimmovn.com\/index.php?rest_route=\/wp\/v2\/media\/2511"}],"wp:attachment":[{"href":"https:\/\/www.thegioimmovn.com\/index.php?rest_route=%2Fwp%2Fv2%2Fmedia&parent=1920"}],"wp:term":[{"taxonomy":"product_brand","embeddable":true,"href":"https:\/\/www.thegioimmovn.com\/index.php?rest_route=%2Fwp%2Fv2%2Fproduct_brand&post=1920"},{"taxonomy":"product_cat","embeddable":true,"href":"https:\/\/www.thegioimmovn.com\/index.php?rest_route=%2Fwp%2Fv2%2Fproduct_cat&post=1920"},{"taxonomy":"product_tag","embeddable":true,"href":"https:\/\/www.thegioimmovn.com\/index.php?rest_route=%2Fwp%2Fv2%2Fproduct_tag&post=1920"}],"curies":[{"name":"wp","href":"https:\/\/api.w.org\/{rel}","templated":true}]}}