    {"id":1905,"date":"2026-01-12T09:54:59","date_gmt":"2026-01-12T17:54:59","guid":{"rendered":"https:\/\/xn--12cat7b6ah3cmc7g0bdgb.cc\/?post_type=product&#038;p=1905"},"modified":"2026-02-24T03:37:25","modified_gmt":"2026-02-24T02:37:25","slug":"nang-cap-tai-khoan-chegg-study","status":"publish","type":"product","link":"https:\/\/www.thegioimmovn.com\/?product=nang-cap-tai-khoan-chegg-study","title":{"rendered":"N\u00e2ng c\u1ea5p t\u00e0i Kho\u1ea3n Chegg Study  Premium"},"content":{"rendered":"<h1 data-start=\"178\" data-end=\"257\"><span style=\"color: #000000;\">N\u00e2ng C\u1ea5p T\u00e0i Kho\u1ea3n Chegg Study Premium Ch\u00ednh Ch\u1ee7 \u2013 Truy C\u1eadp Full T\u00ednh N\u0103ng<\/span><\/h1>\n<p data-start=\"259\" data-end=\"429\"><span style=\"color: #000000;\">B\u1ea1n \u0111ang c\u1ea7n m\u1ed9t c\u00f4ng c\u1ee5 h\u1ecdc t\u1eadp m\u1ea1nh m\u1ebd \u0111\u1ec3 h\u1ed7 tr\u1ee3 gi\u1ea3i b\u00e0i t\u1eadp nhanh ch\u00f3ng v\u00e0 ch\u00ednh x\u00e1c?<\/span><br data-start=\"348\" data-end=\"351\" \/><span style=\"color: #000000;\">B\u1ea1n mu\u1ed1n ti\u1ebft ki\u1ec7m h\u00e0ng gi\u1edd tra c\u1ee9u nh\u01b0ng v\u1eabn \u0111\u1ea3m b\u1ea3o hi\u1ec3u r\u00f5 b\u1ea3n ch\u1ea5t v\u1ea5n \u0111\u1ec1?<\/span><\/p>\n<p data-start=\"431\" data-end=\"668\"><span style=\"color: #000000;\">D\u1ecbch v\u1ee5 <strong data-start=\"439\" data-end=\"513\">N\u00e2ng C\u1ea5p T\u00e0i Kho\u1ea3n <span class=\"hover:entity-accent entity-underline inline cursor-pointer align-baseline\"><span class=\"whitespace-normal\">Chegg<\/span><\/span> Study Premium<\/strong> s\u1ebd gi\u00fap b\u1ea1n m\u1edf kh\u00f3a to\u00e0n b\u1ed9 kho t\u00e0i li\u1ec7u v\u00e0 l\u1eddi gi\u1ea3i chuy\u00ean s\u00e2u t\u1eeb h\u1ec7 th\u1ed1ng gi\u00e1o d\u1ee5c qu\u1ed1c t\u1ebf, mang \u0111\u1ebfn tr\u1ea3i nghi\u1ec7m h\u1ecdc t\u1eadp hi\u1ec7u qu\u1ea3 v\u00e0 chuy\u00ean nghi\u1ec7p nh\u1ea5t.<\/span><\/p>\n<hr data-start=\"670\" data-end=\"673\" \/>\n<h2 data-start=\"675\" data-end=\"719\"><span style=\"color: #000000;\">\ud83c\udf1f Chegg Study Premium mang l\u1ea1i nh\u1eefng g\u00ec?<\/span><\/h2>\n<p data-start=\"721\" data-end=\"921\"><span style=\"color: #000000;\">Chegg l\u00e0 m\u1ed9t trong nh\u1eefng n\u1ec1n t\u1ea3ng h\u1ecdc t\u1eadp tr\u1ef1c tuy\u1ebfn l\u1edbn nh\u1ea5t th\u1ebf gi\u1edbi, cung c\u1ea5p h\u00e0ng tri\u1ec7u l\u1eddi gi\u1ea3i chi ti\u1ebft cho s\u00e1ch gi\u00e1o khoa v\u00e0 t\u00e0i li\u1ec7u h\u1ecdc t\u1eadp qu\u1ed1c t\u1ebf. Khi n\u00e2ng c\u1ea5p l\u00ean b\u1ea3n Premium, b\u1ea1n s\u1ebd \u0111\u01b0\u1ee3c:<\/span><\/p>\n<p data-start=\"923\" data-end=\"1304\"><span style=\"color: #000000;\">\u2714\ufe0f Truy c\u1eadp kh\u00f4ng gi\u1edbi h\u1ea1n kho l\u1eddi gi\u1ea3i b\u00e0i t\u1eadp chi ti\u1ebft t\u1eebng b\u01b0\u1edbc<\/span><br data-start=\"989\" data-end=\"992\" \/><span style=\"color: #000000;\">\u2714\ufe0f Xem h\u01b0\u1edbng d\u1eabn gi\u1ea3i c\u1ee5 th\u1ec3, gi\u00fap hi\u1ec3u c\u00e1ch l\u00e0m ch\u1ee9 kh\u00f4ng ch\u1ec9 xem \u0111\u00e1p \u00e1n<\/span><br data-start=\"1065\" data-end=\"1068\" \/><span style=\"color: #000000;\">\u2714\ufe0f T\u00ecm ki\u1ebfm l\u1eddi gi\u1ea3i theo t\u00ean s\u00e1ch ho\u1eb7c m\u00e3 ISBN c\u1ef1c nhanh<\/span><br data-start=\"1125\" data-end=\"1128\" \/><span style=\"color: #000000;\">\u2714\ufe0f H\u1ed7 tr\u1ee3 \u0111a l\u0129nh v\u1ef1c: To\u00e1n cao c\u1ea5p, K\u1ebf to\u00e1n, T\u00e0i ch\u00ednh, Kinh t\u1ebf, H\u00f3a h\u1ecdc, V\u1eadt l\u00fd, L\u1eadp tr\u00ecnh, Khoa h\u1ecdc m\u00e1y t\u00ednh\u2026<\/span><br data-start=\"1240\" data-end=\"1243\" \/><span style=\"color: #000000;\">\u2714\ufe0f N\u00e2ng cao hi\u1ec7u su\u1ea5t h\u1ecdc t\u1eadp v\u00e0 ti\u1ebft ki\u1ec7m t\u1ed1i \u0111a th\u1eddi gian<\/span><\/p>\n<p data-start=\"1306\" data-end=\"1438\"><span style=\"color: #000000;\">Kh\u00f4ng ch\u1ec9 \u0111\u01a1n thu\u1ea7n l\u00e0 xem \u0111\u00e1p \u00e1n, Chegg gi\u00fap b\u1ea1n hi\u1ec3u r\u00f5 ph\u01b0\u01a1ng ph\u00e1p gi\u1ea3i \u0111\u1ec3 c\u00f3 th\u1ec3 t\u1ef1 l\u00e0m l\u1ea1i v\u00e0 v\u1eadn d\u1ee5ng linh ho\u1ea1t trong b\u00e0i thi.<\/span><\/p>\n<hr data-start=\"1440\" data-end=\"1443\" \/>\n<h1 data-start=\"1445\" data-end=\"1474\"><span style=\"color: #000000;\">\ud83d\udce6 C\u00e1c G\u00f3i N\u00e2ng C\u1ea5p Hi\u1ec7n C\u00f3<\/span><\/h1>\n<p data-start=\"1476\" data-end=\"1540\"><span style=\"color: #000000;\">Ch\u00fang t\u00f4i cung c\u1ea5p 3 g\u00f3i linh ho\u1ea1t \u0111\u1ec3 b\u1ea1n l\u1ef1a ch\u1ecdn theo nhu c\u1ea7u:<\/span><\/p>\n<h2 data-start=\"1542\" data-end=\"1559\"><span style=\"color: #000000;\">\ud83d\udd39 G\u00f3i 1 Th\u00e1ng<\/span><\/h2>\n<ul data-start=\"1560\" data-end=\"1695\">\n<li data-start=\"1560\" data-end=\"1602\">\n<p data-start=\"1562\" data-end=\"1602\"><span style=\"color: #000000;\">S\u1eed d\u1ee5ng \u0111\u1ea7y \u0111\u1ee7 t\u00ednh n\u0103ng trong 30 ng\u00e0y<\/span><\/p>\n<\/li>\n<li data-start=\"1603\" data-end=\"1650\">\n<p data-start=\"1605\" data-end=\"1650\"><span style=\"color: #000000;\">Ph\u00f9 h\u1ee3p khi c\u1ea7n l\u00e0m b\u00e0i t\u1eadp g\u1ea5p ho\u1eb7c \u00f4n thi<\/span><\/p>\n<\/li>\n<li data-start=\"1651\" data-end=\"1695\">\n<p data-start=\"1653\" data-end=\"1695\"><span style=\"color: #000000;\">K\u00edch ho\u1ea1t nhanh ch\u00f3ng sau khi thanh to\u00e1n<\/span><\/p>\n<\/li>\n<\/ul>\n<h2 data-start=\"1697\" data-end=\"1714\"><span style=\"color: #000000;\">\ud83d\udd39 G\u00f3i 3 Th\u00e1ng<\/span><\/h2>\n<ul data-start=\"1715\" data-end=\"1835\">\n<li data-start=\"1715\" data-end=\"1762\">\n<p data-start=\"1717\" data-end=\"1762\"><span style=\"color: #000000;\">Ti\u1ebft ki\u1ec7m chi ph\u00ed h\u01a1n so v\u1edbi mua t\u1eebng th\u00e1ng<\/span><\/p>\n<\/li>\n<li data-start=\"1763\" data-end=\"1801\">\n<p data-start=\"1765\" data-end=\"1801\"><span style=\"color: #000000;\">Truy c\u1eadp \u1ed5n \u0111\u1ecbnh trong su\u1ed1t h\u1ecdc k\u1ef3<\/span><\/p>\n<\/li>\n<li data-start=\"1802\" data-end=\"1835\">\n<p data-start=\"1804\" data-end=\"1835\"><span style=\"color: #000000;\">Kh\u00f4ng lo gi\u00e1n \u0111o\u1ea1n gi\u1eefa ch\u1eebng<\/span><\/p>\n<\/li>\n<\/ul>\n<h2 data-start=\"1837\" data-end=\"1854\"><span style=\"color: #000000;\">\ud83d\udd39 G\u00f3i 6 Th\u00e1ng<\/span><\/h2>\n<ul data-start=\"1855\" data-end=\"1959\">\n<li data-start=\"1855\" data-end=\"1878\">\n<p data-start=\"1857\" data-end=\"1878\"><span style=\"color: #000000;\">Gi\u00e1 \u01b0u \u0111\u00e3i t\u1ed1t nh\u1ea5t<\/span><\/p>\n<\/li>\n<li data-start=\"1879\" data-end=\"1907\">\n<p data-start=\"1881\" data-end=\"1907\"><span style=\"color: #000000;\">S\u1eed d\u1ee5ng d\u00e0i h\u1ea1n, \u1ed5n \u0111\u1ecbnh<\/span><\/p>\n<\/li>\n<li data-start=\"1908\" data-end=\"1959\">\n<p data-start=\"1910\" data-end=\"1959\"><span style=\"color: #000000;\">Ph\u00f9 h\u1ee3p cho ng\u01b0\u1eddi c\u1ea7n h\u1ed7 tr\u1ee3 h\u1ecdc t\u1eadp xuy\u00ean su\u1ed1t<\/span><\/p>\n<\/li>\n<\/ul>\n<hr data-start=\"1961\" data-end=\"1964\" \/>\n<h1 data-start=\"1966\" data-end=\"1988\"><span style=\"color: #000000;\">\u26a1 Quy Tr\u00ecnh N\u00e2ng C\u1ea5p<\/span><\/h1>\n<p data-start=\"1990\" data-end=\"2149\"><span style=\"color: #000000;\">1\ufe0f\u20e3 Kh\u00e1ch h\u00e0ng l\u1ef1a ch\u1ecdn g\u00f3i ph\u00f9 h\u1ee3p<\/span><br data-start=\"2025\" data-end=\"2028\" \/><span style=\"color: #000000;\">2\ufe0f\u20e3 Thanh to\u00e1n theo h\u01b0\u1edbng d\u1eabn<\/span><br data-start=\"2057\" data-end=\"2060\" \/><span style=\"color: #000000;\">3\ufe0f\u20e3 Ti\u1ebfn h\u00e0nh n\u00e2ng c\u1ea5p nhanh ch\u00f3ng<\/span><br data-start=\"2094\" data-end=\"2097\" \/><span style=\"color: #000000;\">4\ufe0f\u20e3 B\u1eaft \u0111\u1ea7u s\u1eed d\u1ee5ng ngay to\u00e0n b\u1ed9 t\u00ednh n\u0103ng Premium<\/span><\/p>\n<p data-start=\"2151\" data-end=\"2234\"><span style=\"color: #000000;\">To\u00e0n b\u1ed9 qu\u00e1 tr\u00ecnh \u0111\u01b0\u1ee3c th\u1ef1c hi\u1ec7n nhanh g\u1ecdn, ti\u1ebft ki\u1ec7m th\u1eddi gian v\u00e0 \u0111\u1ea3m b\u1ea3o an to\u00e0n.<\/span><\/p>\n<hr data-start=\"2236\" data-end=\"2239\" \/>\n<h1 data-start=\"2241\" data-end=\"2261\"><span style=\"color: #000000;\">\ud83d\udc8e Cam K\u1ebft D\u1ecbch V\u1ee5<\/span><\/h1>\n<p data-start=\"2263\" data-end=\"2412\"><span style=\"color: #000000;\">\u2705 T\u00e0i kho\u1ea3n n\u00e2ng c\u1ea5p ch\u00ednh ch\u1ee7<\/span><br data-start=\"2293\" data-end=\"2296\" \/><span style=\"color: #000000;\">\u2705 Th\u1eddi h\u1ea1n \u0111\u00fang theo g\u00f3i \u0111\u0103ng k\u00fd<\/span><br data-start=\"2328\" data-end=\"2331\" \/><span style=\"color: #000000;\">\u2705 H\u1ed7 tr\u1ee3 k\u1ef9 thu\u1eadt trong su\u1ed1t th\u1eddi gian s\u1eed d\u1ee5ng<\/span><br data-start=\"2377\" data-end=\"2380\" \/><span style=\"color: #000000;\">\u2705 B\u1ea3o m\u1eadt th\u00f4ng tin kh\u00e1ch h\u00e0ng<\/span><\/p>\n<p data-start=\"2414\" data-end=\"2483\"><span style=\"color: #000000;\">Ch\u00fang t\u00f4i lu\u00f4n \u0111\u1eb7t uy t\u00edn v\u00e0 s\u1ef1 h\u00e0i l\u00f2ng c\u1ee7a kh\u00e1ch h\u00e0ng l\u00ean h\u00e0ng \u0111\u1ea7u.<\/span><\/p>\n<hr data-start=\"2485\" data-end=\"2488\" \/>\n<h1 data-start=\"2490\" data-end=\"2534\"><span style=\"color: #000000;\">\ud83c\udfaf L\u1ee3i \u00cdch Khi S\u1eed D\u1ee5ng Chegg Study Premium<\/span><\/h1>\n<ul data-start=\"2536\" data-end=\"2697\">\n<li data-start=\"2536\" data-end=\"2570\">\n<p data-start=\"2538\" data-end=\"2570\"><span style=\"color: #000000;\">T\u0103ng t\u1ed1c \u0111\u1ed9 ho\u00e0n th\u00e0nh b\u00e0i t\u1eadp<\/span><\/p>\n<\/li>\n<li data-start=\"2571\" data-end=\"2600\">\n<p data-start=\"2573\" data-end=\"2600\"><span style=\"color: #000000;\">C\u1ea3i thi\u1ec7n k\u1ebft qu\u1ea3 h\u1ecdc t\u1eadp<\/span><\/p>\n<\/li>\n<li data-start=\"2601\" data-end=\"2625\">\n<p data-start=\"2603\" data-end=\"2625\"><span style=\"color: #000000;\">Gi\u1ea3m \u00e1p l\u1ef1c h\u1ecdc h\u00e0nh<\/span><\/p>\n<\/li>\n<li data-start=\"2626\" data-end=\"2661\">\n<p data-start=\"2628\" data-end=\"2661\"><span style=\"color: #000000;\">Ch\u1ee7 \u0111\u1ed9ng trong qu\u00e1 tr\u00ecnh t\u1ef1 h\u1ecdc<\/span><\/p>\n<\/li>\n<li data-start=\"2662\" data-end=\"2697\">\n<p data-start=\"2664\" data-end=\"2697\"><span style=\"color: #000000;\">Ti\u1ebfp c\u1eadn t\u00e0i li\u1ec7u chu\u1ea9n qu\u1ed1c t\u1ebf<\/span><\/p>\n<\/li>\n<\/ul>\n<p data-start=\"2699\" data-end=\"2801\"><span style=\"color: #000000;\">Vi\u1ec7c s\u1edf h\u1eefu m\u1ed9t t\u00e0i kho\u1ea3n Chegg Study Premium gi\u00fap b\u1ea1n c\u00f3 l\u1ee3i th\u1ebf r\u00f5 r\u00e0ng trong h\u1ecdc t\u1eadp v\u00e0 nghi\u00ean c\u1ee9u.<\/span><\/p>\n","protected":false},"excerpt":{"rendered":"<p><span style=\"color: #000000;\">\u2714\ufe0f Truy c\u1eadp full l\u1eddi gi\u1ea3i chi ti\u1ebft t\u1eebng b\u01b0\u1edbc<\/span><br data-start=\"189\" data-end=\"192\" \/><span style=\"color: #000000;\">\u2714\ufe0f M\u1edf kh\u00f3a to\u00e0n b\u1ed9 t\u00ednh n\u0103ng Study <span style=\"color: #0000ff;\"><strong>Premium<\/strong><\/span><\/span><br data-start=\"234\" data-end=\"237\" \/><span style=\"color: #000000;\">\u2714\ufe0f H\u1ed7 tr\u1ee3 nhi\u1ec1u m\u00f4n: To\u00e1n, K\u1ebf to\u00e1n, T\u00e0i ch\u00ednh, IT, Khoa h\u1ecdc m\u00e1y t\u00ednh\u2026<\/span><br data-start=\"306\" data-end=\"309\" \/><span style=\"color: #000000;\">\u2714\ufe0f T\u00ecm l\u1eddi gi\u1ea3i theo ISBN nhanh ch\u00f3ng<\/span><br data-start=\"346\" data-end=\"349\" data-is-only-node=\"\" \/><span style=\"color: #000000;\">\u2714\ufe0f N\u00e2ng c\u1ea5p nhanh \u2013 s\u1eed d\u1ee5ng ngay sau khi thanh to\u00e1n<\/span><br data-start=\"400\" data-end=\"403\" \/><span style=\"color: #000000;\">\u2714\ufe0f C\u00f3 g\u00f3i 1 th\u00e1ng \u2013 3 th\u00e1ng \u2013 6 th\u00e1ng<\/span><br data-start=\"440\" data-end=\"443\" \/><span style=\"color: #000000;\">\u2714\ufe0f H\u1ed7 tr\u1ee3 trong su\u1ed1t th\u1eddi gian s\u1eed d\u1ee5ng<\/span><br data-start=\"481\" data-end=\"484\" \/><span style=\"color: #000000;\">\u2714\ufe0f Cam k\u1ebft \u0111\u00fang th\u1eddi h\u1ea1n \u2013 uy t\u00edn l\u00e2u d\u00e0i<\/span><\/p>\n","protected":false},"featured_media":2448,"comment_status":"open","ping_status":"closed","template":"","meta":{"_acf_changed":false,"inline_featured_image":false},"product_brand":[],"product_cat":[15,17,18],"product_tag":[],"class_list":{"0":"post-1905","1":"product","2":"type-product","3":"status-publish","4":"has-post-thumbnail","6":"product_cat-chua-phan-loai","7":"product_cat-lam-viec","8":"product_cat-hoc-tap","10":"first","11":"instock","12":"sale","13":"taxable","14":"shipping-taxable","15":"purchasable","16":"product-type-variable"},"acf":[],"_links":{"self":[{"href":"https:\/\/www.thegioimmovn.com\/index.php?rest_route=\/wp\/v2\/product\/1905","targetHints":{"allow":["GET"]}}],"collection":[{"href":"https:\/\/www.thegioimmovn.com\/index.php?rest_route=\/wp\/v2\/product"}],"about":[{"href":"https:\/\/www.thegioimmovn.com\/index.php?rest_route=\/wp\/v2\/types\/product"}],"replies":[{"embeddable":true,"href":"https:\/\/www.thegioimmovn.com\/index.php?rest_route=%2Fwp%2Fv2%2Fcomments&post=1905"}],"wp:featuredmedia":[{"embeddable":true,"href":"https:\/\/www.thegioimmovn.com\/index.php?rest_route=\/wp\/v2\/media\/2448"}],"wp:attachment":[{"href":"https:\/\/www.thegioimmovn.com\/index.php?rest_route=%2Fwp%2Fv2%2Fmedia&parent=1905"}],"wp:term":[{"taxonomy":"product_brand","embeddable":true,"href":"https:\/\/www.thegioimmovn.com\/index.php?rest_route=%2Fwp%2Fv2%2Fproduct_brand&post=1905"},{"taxonomy":"product_cat","embeddable":true,"href":"https:\/\/www.thegioimmovn.com\/index.php?rest_route=%2Fwp%2Fv2%2Fproduct_cat&post=1905"},{"taxonomy":"product_tag","embeddable":true,"href":"https:\/\/www.thegioimmovn.com\/index.php?rest_route=%2Fwp%2Fv2%2Fproduct_tag&post=1905"}],"curies":[{"name":"wp","href":"https:\/\/api.w.org\/{rel}","templated":true}]}}