    {"id":1524,"date":"2025-11-05T04:43:29","date_gmt":"2025-11-05T12:43:29","guid":{"rendered":"https:\/\/xn--12cat7b6ah3cmc7g0bdgb.cc\/?post_type=product&#038;p=1524"},"modified":"2026-02-24T03:46:58","modified_gmt":"2026-02-24T02:46:58","slug":"tai-khoan-clip-studio-paint","status":"publish","type":"product","link":"https:\/\/www.thegioimmovn.com\/?product=tai-khoan-clip-studio-paint","title":{"rendered":"T\u00e0i Kho\u1ea3n Clip Studio Paint-30 Ng\u00e0y"},"content":{"rendered":"<p data-start=\"221\" data-end=\"634\"><span style=\"color: #000000; font-size: 18px;\"><strong>Clip Studio Paint<\/strong> l\u00e0 ph\u1ea7n m\u1ec1m v\u1ebd minh ho\u1ea1, truy\u1ec7n tranh v\u00e0 l\u00e0m ho\u1ea1t h\u00ecnh 2D chuy\u00ean nghi\u1ec7p do Celsys, Inc. ph\u00e1t tri\u1ec3n.\u00a0V\u1edbi giao di\u1ec7n linh ho\u1ea1t, t\u00edch h\u1ee3p c\u1ea3 raster v\u00e0 vector, h\u1ed7 tr\u1ee3 b\u00e0n v\u1ebd, b\u00fat stylus v\u00e0 chu\u1ed9t b\u00ecnh th\u01b0\u1eddng \u2014 Clip Studio Paint gi\u00fap ngh\u1ec7 s\u0129 c\u1ea3 nghi\u1ec7p d\u01b0 l\u1eabn chuy\u00ean nghi\u1ec7p hi\u1ec7n th\u1ef1c ho\u00e1 \u00fd t\u01b0\u1edfng s\u00e1ng t\u1ea1o t\u1eeb tranh minh ho\u1ea1, truy\u1ec7n tranh, webtoon \u0111\u1ebfn animation ng\u1eafn.<\/span><\/p>\n<hr data-start=\"636\" data-end=\"639\" \/>\n<h3 data-start=\"641\" data-end=\"666\"><span style=\"color: #000000; font-size: 18px;\">\u2705 T\u00ednh n\u0103ng n\u1ed5i b\u1eadt<\/span><\/h3>\n<ul data-start=\"667\" data-end=\"1499\">\n<li data-start=\"667\" data-end=\"842\">\n<p data-start=\"669\" data-end=\"842\"><span style=\"color: #000000; font-size: 18px;\">Cung c\u1ea5p nhi\u1ec1u c\u00f4ng c\u1ee5 m\u1ea1nh nh\u01b0 Puppet Warp, b\u1ed9 l\u1ecdc hi\u1ec7u \u1ee9ng, chuy\u1ec3n d\u00f2ng n\u00e9t th\u00e0nh vector, layer vector h\u1ed7 tr\u1ee3 inking chuy\u00ean nghi\u1ec7p.<\/span><\/p>\n<\/li>\n<li data-start=\"843\" data-end=\"1014\">\n<p data-start=\"845\" data-end=\"1014\"><span style=\"color: #000000; font-size: 18px;\">H\u1ed7 tr\u1ee3 3D: v\u1ebd tr\u1ef1c ti\u1ebfp tr\u00ean m\u00f4 h\u00ecnh 3D, import file STL (in 3D) ho\u1eb7c BVH (motion data) \u0111\u1ec3 l\u00e0m t\u00e0i li\u1ec7u tham kh\u1ea3o pose, bi\u1ec3u c\u1ea3m.<\/span><\/p>\n<\/li>\n<li data-start=\"1015\" data-end=\"1195\">\n<p data-start=\"1017\" data-end=\"1195\"><span style=\"color: #000000; font-size: 18px;\">D\u00e0nh ri\u00eang cho truy\u1ec7n tranh \/ manga: ruler ph\u1ed1i c\u1ea3nh, layout trang, t\u00e1ch panel, tone shading, h\u1ed7 tr\u1ee3 animation khung h\u00ecnh (t\u00f9y phi\u00ean b\u1ea3n). <\/span><\/p>\n<\/li>\n<li data-start=\"1196\" data-end=\"1357\">\n<p data-start=\"1198\" data-end=\"1357\"><span style=\"color: #000000; font-size: 18px;\">H\u1ed7 tr\u1ee3 xu\u1ea5t b\u1ea3n t\u00e1c ph\u1ea9m, t\u1ea1o video animation, h\u1ed7 tr\u1ee3 nhi\u1ec1u thi\u1ebft b\u1ecb: Windows, macOS, iPad\/iPhone, Android, Chromebook.<\/span><\/p>\n<\/li>\n<li data-start=\"1358\" data-end=\"1499\">\n<p data-start=\"1360\" data-end=\"1499\"><span style=\"color: #000000; font-size: 18px;\">C\u1ed9ng \u0111\u1ed3ng v\u00e0 t\u00e0i nguy\u00ean: b\u1ed9 v\u1eadt li\u1ec7u, m\u1eabu, plugin, tutorial t\u1eeb Clip Studio Tips gi\u00fap h\u1ecdc nhanh h\u01a1n.<\/span><\/p>\n<\/li>\n<\/ul>\n<hr data-start=\"1501\" data-end=\"1504\" \/>\n<h3 data-start=\"1506\" data-end=\"1549\"><span style=\"color: #000000; font-size: 18px;\">\ud83d\udcca C\u00e1c phi\u00ean b\u1ea3n &amp; l\u1ef1a ch\u1ecdn b\u1ea3n quy\u1ec1n<\/span><\/h3>\n<ul data-start=\"1550\" data-end=\"2326\">\n<li data-start=\"1550\" data-end=\"1733\">\n<p data-start=\"1552\" data-end=\"1733\"><span style=\"color: #000000; font-size: 18px;\">C\u00f3 c\u00e1c phi\u00ean b\u1ea3n ch\u00ednh: <strong data-start=\"1576\" data-end=\"1583\">PRO<\/strong> (ph\u00f9 h\u1ee3p minh ho\u1ea1 &amp; truy\u1ec7n \u0111\u01a1n trang) v\u00e0 <strong data-start=\"1625\" data-end=\"1631\">EX<\/strong> (n\u00e2ng cao: truy\u1ec7n nhi\u1ec1u trang, s\u00e1ch, animation chuy\u00ean nghi\u1ec7p) <span class=\"\" data-state=\"closed\"><span class=\"ms-1 inline-flex max-w-full items-center relative top-[-0.094rem] animate-[show_150ms_ease-in]\" data-testid=\"webpage-citation-pill\"><a class=\"flex h-4.5 overflow-hidden rounded-xl px-2 text-[9px] font-medium transition-colors duration-150 ease-in-out text-token-text-secondary! bg-[#F4F4F4]! dark:bg-[#303030]!\" style=\"color: #000000;\" href=\"https:\/\/support.clip-studio.com\/en-us\/faq\/articles\/20200186?utm_source=chatgpt.com\" target=\"_blank\" rel=\"noopener\"><span class=\"relative start-0 bottom-0 flex h-full w-full items-center\"><span class=\"flex h-4 w-full items-center justify-between\"><span class=\"max-w-[15ch] grow truncate overflow-hidden text-center\">Clip Studio Support<\/span><span class=\"-me-1 flex h-full items-center rounded-full px-1 text-[#8F8F8F]\">+1<\/span><\/span><\/span><\/a><\/span><\/span><\/span><\/p>\n<\/li>\n<li data-start=\"1734\" data-end=\"2058\">\n<p data-start=\"1736\" data-end=\"1762\"><span style=\"color: #000000; font-size: 18px;\">Hai h\u00ecnh th\u1ee9c b\u1ea3n quy\u1ec1n:<\/span><\/p>\n<ul data-start=\"1765\" data-end=\"2058\">\n<li data-start=\"1765\" data-end=\"1887\">\n<p data-start=\"1767\" data-end=\"1887\"><span style=\"color: #000000; font-size: 18px;\"><em data-start=\"1767\" data-end=\"1786\">Perpetual license<\/em> (mua 1 l\u1ea7n d\u00f9ng kh\u00f4ng gi\u1edbi h\u1ea1n th\u1eddi gian) cho Windows\/macOS.\u00a0<\/span><\/p>\n<\/li>\n<li data-start=\"1890\" data-end=\"2058\">\n<p data-start=\"1892\" data-end=\"2058\"><span style=\"color: #000000; font-size: 18px;\"><em data-start=\"1892\" data-end=\"1936\">Subscription\/plan h\u00e0ng th\u00e1ng ho\u1eb7c h\u00e0ng n\u0103m<\/em> \u2014 ph\u00f9 h\u1ee3p ng\u01b0\u1eddi d\u00f9ng c\u1ea7n c\u1eadp nh\u1eadt th\u01b0\u1eddng xuy\u00ean ho\u1eb7c d\u00f9ng tr\u00ean thi\u1ebft b\u1ecb di \u0111\u1ed9ng.\u00a0<\/span><\/p>\n<\/li>\n<\/ul>\n<\/li>\n<li data-start=\"2059\" data-end=\"2143\">\n<p data-start=\"2061\" data-end=\"2143\"><span style=\"color: #000000; font-size: 18px;\">Gi\u00e1 tham kh\u1ea3o: PRO perpetual ~ US$58.50. <span class=\"\" data-state=\"closed\"><span class=\"ms-1 inline-flex max-w-full items-center relative top-[-0.094rem] animate-[show_150ms_ease-in]\" data-testid=\"webpage-citation-pill\"><a class=\"flex h-4.5 overflow-hidden rounded-xl px-2 text-[9px] font-medium transition-colors duration-150 ease-in-out text-token-text-secondary! bg-[#F4F4F4]! dark:bg-[#303030]!\" style=\"color: #000000;\" href=\"https:\/\/support.clip-studio.com\/en-us\/faq\/articles\/20200186?utm_source=chatgpt.com\" target=\"_blank\" rel=\"noopener\"><span class=\"relative start-0 bottom-0 flex h-full w-full items-center\"><span class=\"flex h-4 w-full items-center justify-between\"><span class=\"max-w-[15ch] grow truncate overflow-hidden text-center\">Clip Studio Support<\/span><span class=\"-me-1 flex h-full items-center rounded-full px-1 text-[#8F8F8F]\">+1<\/span><\/span><\/span><\/a><\/span><\/span><\/span><\/p>\n<\/li>\n<li data-start=\"2144\" data-end=\"2326\">\n<p data-start=\"2146\" data-end=\"2326\"><span style=\"color: #000000; font-size: 18px;\">C\u00f3 \u201cUpdate Pass\u201d d\u00e0nh cho ng\u01b0\u1eddi \u0111\u00e3 mua perpetual license mu\u1ed1n ti\u1ebfp t\u1ee5c d\u00f9ng c\u00e1c phi\u00ean b\u1ea3n sau v\u1edbi m\u1ee9c ph\u00ed th\u1ea5p h\u01a1n n\u00e2ng c\u1ea5p phi\u00ean b\u1ea3n m\u1edbi.\u00a0<\/span><\/p>\n<\/li>\n<\/ul>\n<hr data-start=\"2328\" data-end=\"2331\" \/>\n<h3 data-start=\"2333\" data-end=\"2379\"><span style=\"color: #000000; font-size: 18px;\">\ud83d\udca1 Ai ph\u00f9 h\u1ee3p s\u1eed d\u1ee5ng Clip Studio Paint?<\/span><\/h3>\n<ul data-start=\"2380\" data-end=\"2740\">\n<li data-start=\"2380\" data-end=\"2482\">\n<p data-start=\"2382\" data-end=\"2482\"><span style=\"color: #000000; font-size: 18px;\">H\u1ecda s\u0129 minh ho\u1ea1, h\u1ecda s\u0129 truy\u1ec7n tranh\/manga\/webtoon: c\u1ea7n c\u00f4ng c\u1ee5 chuy\u00ean bi\u1ec7t cho v\u1ebd truy\u1ec7n &amp; panel.<\/span><\/p>\n<\/li>\n<li data-start=\"2483\" data-end=\"2559\">\n<p data-start=\"2485\" data-end=\"2559\"><span style=\"color: #000000; font-size: 18px;\">Nh\u00e0 l\u00e0m ho\u1ea1t h\u00ecnh 2D nh\u1ecf: mu\u1ed1n l\u00e0m animation ng\u1eafn, chuy\u1ec3n \u0111\u1ed9ng \u0111\u01a1n gi\u1ea3n.<\/span><\/p>\n<\/li>\n<li data-start=\"2560\" data-end=\"2653\">\n<p data-start=\"2562\" data-end=\"2653\"><span style=\"color: #000000; font-size: 18px;\">Designer, s\u00e1ng t\u1ea1o n\u1ed9i dung s\u1ed1: mu\u1ed1n v\u1ebd, thi\u1ebft k\u1ebf, t\u1ea1o artwork cho s\u1ea3n ph\u1ea9m, m\u1ea1ng x\u00e3 h\u1ed9i.<\/span><\/p>\n<\/li>\n<li data-start=\"2654\" data-end=\"2740\">\n<p data-start=\"2656\" data-end=\"2740\"><span style=\"color: #000000; font-size: 18px;\">Ng\u01b0\u1eddi m\u1edbi b\u1eaft \u0111\u1ea7u: c\u00f3 th\u1ec3 h\u1ecdc qua tutorial v\u00e0 d\u1ea7n n\u00e2ng c\u1ea5p l\u00ean b\u1ea3n PRO\/EX khi c\u1ea7n.<\/span><\/p>\n<\/li>\n<\/ul>\n<hr data-start=\"2742\" data-end=\"2745\" \/>\n<h3 data-start=\"2747\" data-end=\"2795\"><span style=\"color: #000000; font-size: 18px;\">\ud83d\udcdd G\u1ee3i \u00fd gi\u1edbi thi\u1ec7u d\u00e0nh cho k\u00eanh b\u00e1n h\u00e0ng<\/span><\/h3>\n<blockquote data-start=\"2796\" data-end=\"3276\">\n<p data-start=\"2798\" data-end=\"3276\"><span style=\"color: #000000; font-size: 18px;\"><strong data-start=\"2798\" data-end=\"2840\">S\u1edf h\u1eefu Clip Studio Paint ngay h\u00f4m nay!<\/strong><\/span><br data-start=\"2840\" data-end=\"2843\" \/><span style=\"color: #000000; font-size: 18px;\">\u2013 M\u1ed9t l\u1ea7n thanh to\u00e1n, s\u1eed d\u1ee5ng l\u00e2u d\u00e0i (v\u1edbi perpetual license) \u2014 ph\u00f9 h\u1ee3p ti\u1ebft ki\u1ec7m chi ph\u00ed.<\/span><br data-start=\"2935\" data-end=\"2938\" \/><span style=\"color: #000000; font-size: 18px;\">\u2013 Ho\u1eb7c ch\u1ecdn g\u00f3i theo th\u00e1ng\/n\u0103m n\u1ebfu b\u1ea1n mu\u1ed1n linh ho\u1ea1t tr\u00ean nhi\u1ec1u thi\u1ebft b\u1ecb.<\/span><br data-start=\"3014\" data-end=\"3017\" \/><span style=\"color: #000000; font-size: 18px;\">\u2013 H\u1ed7 tr\u1ee3 c\u00e0i \u0111\u1eb7t, h\u01b0\u1edbng d\u1eabn s\u1eed d\u1ee5ng ban \u0111\u1ea7u, t\u01b0 v\u1ea5n ch\u1ecdn phi\u00ean b\u1ea3n ph\u00f9 h\u1ee3p (PRO ho\u1eb7c EX).<\/span><br data-start=\"3108\" data-end=\"3111\" \/><span style=\"color: #000000; font-size: 18px;\">\u2013 Cam k\u1ebft b\u1ea3n quy\u1ec1n ch\u00ednh h\u00e3ng, c\u1eadp nh\u1eadt t\u1eeb nh\u00e0 ph\u00e1t tri\u1ec3n, \u0111\u1ea3m b\u1ea3o quy\u1ec1n l\u1ee3i.<\/span><br data-start=\"3191\" data-end=\"3194\" \/><span style=\"color: #000000; font-size: 18px;\">\u2013 C\u1ed9ng th\u00eam \u01b0u \u0111\u00e3i: t\u00e0i li\u1ec7u h\u1ecdc nhanh, m\u1eabu v\u1eadt li\u1ec7u, tr\u1ee3 gi\u00fap k\u1ef9 thu\u1eadt khi c\u1ea7n.<\/span><\/p>\n<\/blockquote>\n","protected":false},"excerpt":{"rendered":"<p><span style=\"color: #000000;\">\u2714\ufe0f T\u00e0i Kho\u1ea3n <span style=\"color: #3366ff;\"><strong>Clip Studio Paint<\/strong><\/span> 30 ng\u00e0y<\/span><br data-start=\"88\" data-end=\"91\" \/><span style=\"color: #000000;\">\u2714\ufe0f C\u00f4ng c\u1ee5 v\u1ebd chuy\u00ean s\u00e2u<\/span><br data-start=\"115\" data-end=\"118\" data-is-only-node=\"\" \/><span style=\"color: #000000;\">\u2714\ufe0f H\u1ed7 tr\u1ee3 v\u1ebd truy\u1ec7n tranh v\u00e0 manga<\/span><br data-start=\"152\" data-end=\"155\" \/><span style=\"color: #000000;\">\u2714\ufe0f C\u00f4ng c\u1ee5 v\u1ebd 3D<\/span><br data-start=\"171\" data-end=\"174\" \/><span style=\"color: #000000;\">\u2714\ufe0f Qu\u1ea3n l\u00fd layer m\u1ea1nh m\u1ebd<\/span><br data-start=\"198\" data-end=\"201\" \/><span style=\"color: #000000;\">\u2714\ufe0f B\u1ea3o h\u00e0nh Full Time<\/span><\/p>\n","protected":false},"featured_media":2450,"comment_status":"open","ping_status":"closed","template":"","meta":{"_acf_changed":false,"inline_featured_image":false},"product_brand":[],"product_cat":[15,17],"product_tag":[],"class_list":{"0":"post-1524","1":"product","2":"type-product","3":"status-publish","4":"has-post-thumbnail","6":"product_cat-chua-phan-loai","7":"product_cat-lam-viec","9":"first","10":"instock","11":"sale","12":"virtual","13":"taxable","14":"purchasable","15":"product-type-simple"},"acf":[],"_links":{"self":[{"href":"https:\/\/www.thegioimmovn.com\/index.php?rest_route=\/wp\/v2\/product\/1524","targetHints":{"allow":["GET"]}}],"collection":[{"href":"https:\/\/www.thegioimmovn.com\/index.php?rest_route=\/wp\/v2\/product"}],"about":[{"href":"https:\/\/www.thegioimmovn.com\/index.php?rest_route=\/wp\/v2\/types\/product"}],"replies":[{"embeddable":true,"href":"https:\/\/www.thegioimmovn.com\/index.php?rest_route=%2Fwp%2Fv2%2Fcomments&post=1524"}],"wp:featuredmedia":[{"embeddable":true,"href":"https:\/\/www.thegioimmovn.com\/index.php?rest_route=\/wp\/v2\/media\/2450"}],"wp:attachment":[{"href":"https:\/\/www.thegioimmovn.com\/index.php?rest_route=%2Fwp%2Fv2%2Fmedia&parent=1524"}],"wp:term":[{"taxonomy":"product_brand","embeddable":true,"href":"https:\/\/www.thegioimmovn.com\/index.php?rest_route=%2Fwp%2Fv2%2Fproduct_brand&post=1524"},{"taxonomy":"product_cat","embeddable":true,"href":"https:\/\/www.thegioimmovn.com\/index.php?rest_route=%2Fwp%2Fv2%2Fproduct_cat&post=1524"},{"taxonomy":"product_tag","embeddable":true,"href":"https:\/\/www.thegioimmovn.com\/index.php?rest_route=%2Fwp%2Fv2%2Fproduct_tag&post=1524"}],"curies":[{"name":"wp","href":"https:\/\/api.w.org\/{rel}","templated":true}]}}