    {"id":1522,"date":"2025-11-05T04:32:05","date_gmt":"2025-11-05T12:32:05","guid":{"rendered":"https:\/\/xn--12cat7b6ah3cmc7g0bdgb.cc\/?post_type=product&#038;p=1522"},"modified":"2026-02-24T03:49:46","modified_gmt":"2026-02-24T02:49:46","slug":"tai-khoan-clouflare-1-1-1-1-vpn","status":"publish","type":"product","link":"https:\/\/www.thegioimmovn.com\/?product=tai-khoan-clouflare-1-1-1-1-vpn","title":{"rendered":"KEY 1.1.1.1 VPN V\u0129nh vi\u1ec5n"},"content":{"rendered":"<p data-start=\"303\" data-end=\"642\"><span style=\"font-size: 18px;\"><strong><span style=\"color: #000000;\">Ch\u00e0o m\u1eebng b\u1ea1n \u0111\u1ebfn v\u1edbi MMOEmpire.vn \u2013 Gi\u1ea3i ph\u00e1p b\u1ea3o m\u1eadt &amp; t\u0103ng t\u1ed1c Internet v\u1edbi Cloudflare 1.1.1.1 + WARP.<\/span><\/strong><\/span><br data-start=\"412\" data-end=\"415\" \/><span style=\"color: #000000; font-size: 17px;\">V\u1edbi g\u00f3i n\u00e0y, b\u1ea1n s\u1ebd \u0111\u01b0\u1ee3c s\u1eed d\u1ee5ng m\u1ed9t c\u00f4ng c\u1ee5 m\u1ea1nh m\u1ebd gi\u00fap <strong data-start=\"473\" data-end=\"598\">m\u00e3 h\u00f3a k\u1ebft n\u1ed1i DNS, b\u1ea3o v\u1ec7 d\u1eef li\u1ec7u khi d\u00f9ng Wi-Fi c\u00f4ng c\u1ed9ng, n\u00e2ng cao tr\u1ea3i nghi\u1ec7m truy c\u1eadp Internet v\u00e0 t\u0103ng t\u00ednh ri\u00eang t\u01b0<\/strong> \u2014 t\u1eeb thi\u1ebft b\u1ecb di \u0111\u1ed9ng \u0111\u1ebfn m\u00e1y t\u00ednh c\u00e1 nh\u00e2n.<\/span><\/p>\n<hr data-start=\"644\" data-end=\"647\" \/>\n<h2 data-start=\"649\" data-end=\"688\"><span style=\"color: #000000; font-size: 17px;\">\ud83d\udee1\ufe0f V\u00ec Sao B\u1ea1n C\u1ea7n 1.1.1.1 + WARP?<\/span><\/h2>\n<ul data-start=\"689\" data-end=\"1589\">\n<li data-start=\"689\" data-end=\"899\">\n<p data-start=\"691\" data-end=\"899\"><span style=\"color: #000000; font-size: 17px;\">D\u1ecbch v\u1ee5 <strong data-start=\"699\" data-end=\"723\">1.1.1.1 DNS Resolver<\/strong> c\u1ee7a Cloudflare l\u00e0 m\u1ed9t trong nh\u1eefng resolver DNS nhanh nh\u1ea5t, h\u1ed7 tr\u1ee3 m\u00e3 h\u00f3a truy v\u1ea5n DNS qua DoH (DNS\u2010over\u2010HTTPS) ho\u1eb7c DoT (DNS\u2010over\u2010TLS). <span class=\"\" data-state=\"closed\"><span class=\"ms-1 inline-flex max-w-full items-center relative top-[-0.094rem] animate-[show_150ms_ease-in]\" data-testid=\"webpage-citation-pill\"><span class=\"relative start-0 bottom-0 flex h-full w-full items-center\"><span class=\"flex h-4 w-full items-center justify-between\"><span class=\"max-w-[15ch] grow truncate overflow-hidden text-center\">Cloudflare\u00a0<\/span><\/span><\/span><\/span><\/span><\/span><\/p>\n<\/li>\n<li data-start=\"900\" data-end=\"1211\">\n<p data-start=\"902\" data-end=\"1211\"><span style=\"color: #000000; font-size: 17px;\">Khi s\u1eed d\u1ee5ng Wi-Fi c\u00f4ng c\u1ed9ng ho\u1eb7c m\u1ea1ng kh\u00f4ng tin c\u1eady, nhi\u1ec1u th\u00f4ng tin nh\u01b0 truy v\u1ea5n DNS, l\u01b0u l\u01b0\u1ee3ng d\u1eef li\u1ec7u c\u00f3 th\u1ec3 b\u1ecb r\u00ecnh m\u00f2. G\u00f3i WARP gi\u00fap <strong data-start=\"1040\" data-end=\"1111\">t\u1ea1o m\u1ed9t \u201ctunnel\u201d m\u00e3 h\u00f3a gi\u1eefa thi\u1ebft b\u1ecb c\u1ee7a b\u1ea1n v\u00e0 m\u00e1y ch\u1ee7 Cloudflare<\/strong>, gi\u1ea3m thi\u1ec3u r\u1ee7i ro b\u1ecb tin t\u1eb7c ho\u1eb7c m\u1ea1ng c\u00f4ng c\u1ed9ng theo d\u00f5i.\u00a0<\/span><\/p>\n<\/li>\n<li data-start=\"1212\" data-end=\"1432\">\n<p data-start=\"1214\" data-end=\"1432\"><span style=\"color: #000000; font-size: 17px;\">Ngo\u00e0i vi\u1ec7c b\u1ea3o m\u1eadt, Cloudflare c\u00f4ng b\u1ed1 r\u1eb1ng s\u1eed d\u1ee5ng gi\u1ea3i ph\u00e1p c\u1ee7a h\u1ecd c\u00f3 th\u1ec3 <strong data-start=\"1290\" data-end=\"1321\">c\u1ea3i thi\u1ec7n hi\u1ec7u su\u1ea5t k\u1ebft n\u1ed1i<\/strong> nh\u1edd m\u1ea1ng l\u01b0\u1edbi to\u00e0n c\u1ea7u v\u00e0 giao th\u1ee9c m\u1edbi (MASQUE\/QUIC) \u0111\u01b0\u1ee3c t\u1ed1i \u01b0u h\u00f3a.\u00a0<\/span><\/p>\n<\/li>\n<li data-start=\"1433\" data-end=\"1589\">\n<p data-start=\"1435\" data-end=\"1589\"><span style=\"color: #000000; font-size: 17px;\">Cloudflare cam k\u1ebft minh b\u1ea1ch v\u1ec1 d\u1eef li\u1ec7u ng\u01b0\u1eddi d\u00f9ng: d\u1ecbch v\u1ee5 c\u1ee7a h\u1ecd kh\u00f4ng d\u00f9ng d\u1eef li\u1ec7u ng\u01b0\u1eddi d\u00f9ng \u0111\u1ec3 b\u00e1n qu\u1ea3ng c\u00e1o.\u00a0<\/span><\/p>\n<\/li>\n<\/ul>\n<hr data-start=\"1591\" data-end=\"1594\" \/>\n<h2 data-start=\"1596\" data-end=\"1624\"><span style=\"color: #000000; font-size: 17px;\">\u2705 Nh\u1eefng L\u1ee3i \u00cdch N\u1ed5i B\u1eadt<\/span><\/h2>\n<ul data-start=\"1625\" data-end=\"2383\">\n<li data-start=\"1625\" data-end=\"1788\">\n<p data-start=\"1627\" data-end=\"1788\"><span style=\"color: #000000; font-size: 17px;\"><strong data-start=\"1627\" data-end=\"1658\">M\u00e3 h\u00f3a to\u00e0n b\u1ed9 truy v\u1ea5n DNS<\/strong> v\u1edbi 1.1.1.1 \u2014 gi\u00fap nh\u00e0 m\u1ea1ng ho\u1eb7c b\u00ean trung gian kh\u00f3 n\u1eafm \u0111\u01b0\u1ee3c b\u1ea1n \u0111ang truy c\u1eadp trang n\u00e0o.<\/span><\/p>\n<\/li>\n<li data-start=\"1789\" data-end=\"1935\">\n<p data-start=\"1791\" data-end=\"1935\"><span style=\"color: #000000; font-size: 17px;\"><strong data-start=\"1791\" data-end=\"1859\">B\u1ea3o v\u1ec7 thi\u1ebft b\u1ecb kh\u1ecfi m\u1ea1ng Wi-Fi c\u00f4ng c\u1ed9ng, hotspot kh\u00f4ng b\u1ea3o m\u1eadt<\/strong> \u2014 WARP cung c\u1ea5p l\u1edbp b\u1ea3o v\u1ec7 b\u1ed5 sung. <span class=\"\" data-state=\"closed\"><span class=\"ms-1 inline-flex max-w-full items-center relative top-[-0.094rem] animate-[show_150ms_ease-in]\" data-testid=\"webpage-citation-pill\"><span class=\"relative start-0 bottom-0 flex h-full w-full items-center\"><span class=\"flex h-4 w-full items-center justify-between overflow-hidden\"><span class=\"max-w-[15ch] grow truncate overflow-hidden text-center\">Google Play<\/span><\/span><\/span><\/span><\/span><\/span><\/p>\n<\/li>\n<li data-start=\"1936\" data-end=\"2075\">\n<p data-start=\"1938\" data-end=\"2075\"><span style=\"color: #000000; font-size: 17px;\"><strong data-start=\"1938\" data-end=\"1967\">T\u0103ng tr\u1ea3i nghi\u1ec7m Internet<\/strong>, gi\u1ea3m \u0111\u1ed9 tr\u1ec5, truy c\u1eadp m\u01b0\u1ee3t h\u01a1n nh\u1edd m\u1ea1ng l\u01b0\u1edbi v\u00e0 thu\u1eadt to\u00e1n t\u1ed1i \u01b0u.\u00a0<\/span><\/p>\n<\/li>\n<li data-start=\"2076\" data-end=\"2226\">\n<p data-start=\"2078\" data-end=\"2226\"><span style=\"color: #000000; font-size: 17px;\"><strong data-start=\"2078\" data-end=\"2100\">H\u1ed7 tr\u1ee3 \u0111a n\u1ec1n t\u1ea3ng<\/strong>: \u1ee8ng d\u1ee5ng tr\u00ean iOS\/Android v\u00e0 kh\u00e1ch cho desktop \u2014 d\u1ec5 c\u00e0i \u0111\u1eb7t, giao di\u1ec7n th\u00e2n thi\u1ec7n.<\/span><\/p>\n<\/li>\n<li data-start=\"2227\" data-end=\"2383\">\n<p data-start=\"2229\" data-end=\"2383\"><span style=\"color: #000000; font-size: 17px;\"><strong data-start=\"2229\" data-end=\"2277\">T\u00f9y ch\u1ecdn n\u00e2ng c\u1ea5p WARP+ ho\u1eb7c WARP+ Unlimited<\/strong> cho ng\u01b0\u1eddi d\u00f9ng mu\u1ed1n t\u1ed1c \u0111\u1ed9 cao h\u01a1n ho\u1eb7c d\u1eef li\u1ec7u kh\u00f4ng gi\u1edbi h\u1ea1n.\u00a0<\/span><\/p>\n<\/li>\n<\/ul>\n<hr data-start=\"2385\" data-end=\"2388\" \/>\n<h2 data-start=\"2390\" data-end=\"2428\"><span style=\"color: #000000; font-size: 17px;\">\ud83c\udfaf \u0110\u1ed1i T\u01b0\u1ee3ng &amp; T\u00ecnh Hu\u1ed1ng Ph\u00f9 H\u1ee3p<\/span><\/h2>\n<p data-start=\"2429\" data-end=\"2459\"><span style=\"color: #000000; font-size: 17px;\">G\u00f3i d\u1ecbch v\u1ee5 n\u00e0y ph\u00f9 h\u1ee3p v\u1edbi:<\/span><\/p>\n<ul data-start=\"2460\" data-end=\"2857\">\n<li data-start=\"2460\" data-end=\"2567\">\n<p data-start=\"2462\" data-end=\"2567\"><span style=\"color: #000000; font-size: 17px;\">Ng\u01b0\u1eddi d\u00f9ng th\u01b0\u1eddng xuy\u00ean k\u1ebft n\u1ed1i Wi\u2010Fi c\u00f4ng c\u1ed9ng (qu\u00e1n c\u00e0 ph\u00ea, s\u00e2n bay, kh\u00e1ch s\u1ea1n) \u2014 c\u1ea7n b\u1ea3o v\u1ec7 k\u1ebft n\u1ed1i.<\/span><\/p>\n<\/li>\n<li data-start=\"2568\" data-end=\"2680\">\n<p data-start=\"2570\" data-end=\"2680\"><span style=\"color: #000000; font-size: 17px;\">Freelancer, nh\u00e2n vi\u00ean l\u00e0m vi\u1ec7c t\u1eeb xa \u2014 c\u1ea7n b\u1ea3o m\u1eadt khi truy c\u1eadp t\u00e0i li\u1ec7u c\u00f4ng ty ho\u1eb7c d\u00f9ng thi\u1ebft b\u1ecb c\u00e1 nh\u00e2n.<\/span><\/p>\n<\/li>\n<li data-start=\"2681\" data-end=\"2777\">\n<p data-start=\"2683\" data-end=\"2777\"><span style=\"color: #000000; font-size: 17px;\">Gia \u0111\u00ecnh, ng\u01b0\u1eddi d\u00f9ng c\u00e1 nh\u00e2n mu\u1ed1n n\u00e2ng c\u1ea5p tr\u1ea3i nghi\u1ec7m Internet v\u00e0 b\u1ea3o v\u1ec7 th\u00f4ng tin c\u00e1 nh\u00e2n.<\/span><\/p>\n<\/li>\n<li data-start=\"2778\" data-end=\"2857\">\n<p data-start=\"2780\" data-end=\"2857\"><span style=\"color: #000000; font-size: 17px;\">Ng\u01b0\u1eddi d\u00f9ng quan t\u00e2m \u0111\u1ebfn ri\u00eang t\u01b0 v\u00e0 t\u1ed1c \u0111\u1ed9 h\u01a1n ch\u1ec9 gi\u1ea3i ph\u00e1p DNS \u0111\u01a1n thu\u1ea7n.<\/span><\/p>\n<\/li>\n<\/ul>\n<hr data-start=\"2859\" data-end=\"2862\" \/>\n<h2 data-start=\"2864\" data-end=\"2895\"><span style=\"color: #000000; font-size: 17px;\">\ud83d\udce6 G\u00f3i &amp; H\u01b0\u1edbng D\u1eabn S\u1eed D\u1ee5ng<\/span><\/h2>\n<ul data-start=\"2896\" data-end=\"3390\">\n<li data-start=\"2896\" data-end=\"3000\">\n<p data-start=\"2898\" data-end=\"3000\"><span style=\"color: #000000; font-size: 17px;\">G\u00f3i <strong data-start=\"2902\" data-end=\"2912\">C\u01a1 B\u1ea3n<\/strong>: Ch\u1ec9 s\u1eed d\u1ee5ng 1.1.1.1 DNS Resolver \u2013 mi\u1ec5n ph\u00ed ho\u1eb7c gi\u00e1 th\u1ea5p \u2014 ph\u00f9 h\u1ee3p mu\u1ed1n m\u00e3 h\u00f3a DNS.<\/span><\/p>\n<\/li>\n<li data-start=\"3001\" data-end=\"3104\">\n<p data-start=\"3003\" data-end=\"3104\"><span style=\"color: #000000; font-size: 17px;\">G\u00f3i <strong data-start=\"3007\" data-end=\"3023\">Premium\/WARP<\/strong>: Bao g\u1ed3m c\u1ea3 DNS + m\u00e3 h\u00f3a k\u1ebft n\u1ed1i v\u1edbi WARP, d\u00f9ng tr\u00ean thi\u1ebft b\u1ecb di \u0111\u1ed9ng\/desktop.<\/span><\/p>\n<\/li>\n<li data-start=\"3105\" data-end=\"3227\">\n<p data-start=\"3107\" data-end=\"3227\"><span style=\"color: #000000; font-size: 17px;\">G\u00f3i <strong data-start=\"3111\" data-end=\"3138\">WARP+ \/ WARP+ Unlimited<\/strong>: N\u00e2ng c\u1ea5p t\u1ed1c \u0111\u1ed9, d\u1eef li\u1ec7u kh\u00f4ng gi\u1edbi h\u1ea1n ho\u1eb7c cao h\u01a1n \u2014 ph\u00f9 h\u1ee3p ng\u01b0\u1eddi d\u00f9ng chuy\u00ean s\u00e2u.<\/span><\/p>\n<\/li>\n<li data-start=\"3228\" data-end=\"3390\">\n<p data-start=\"3230\" data-end=\"3390\"><span style=\"color: #000000; font-size: 17px;\">C\u00e0i \u0111\u1eb7t r\u1ea5t \u0111\u01a1n gi\u1ea3n: T\u1ea3i app 1.1.1.1 t\u1eeb App Store ho\u1eb7c Google Play, b\u1eadt WARP, ho\u1eb7c thay \u0111\u1ed5i DNS tr\u00ean thi\u1ebft b\u1ecb\/Router.\u00a0<\/span><\/p>\n<\/li>\n<\/ul>\n<hr data-start=\"3392\" data-end=\"3395\" \/>\n<h2 data-start=\"3397\" data-end=\"3420\"><span style=\"color: #000000; font-size: 17px;\">\ud83d\udd14 L\u01b0u \u00dd &amp; H\u1ea1n Ch\u1ebf<\/span><\/h2>\n<ul data-start=\"3421\" data-end=\"4012\">\n<li data-start=\"3421\" data-end=\"3634\">\n<p data-start=\"3423\" data-end=\"3634\"><span style=\"color: #000000; font-size: 17px;\">D\u00f9 l\u00e0 \u201cnh\u01b0 VPN\u201d, nh\u01b0ng <strong data-start=\"3446\" data-end=\"3483\">WARP kh\u00f4ng gi\u1ed1ng VPN truy\u1ec1n th\u1ed1ng<\/strong>: n\u00f3 kh\u00f4ng h\u1ed7 tr\u1ee3 ch\u1ecdn qu\u1ed1c gia xu\u1ea5t ph\u00e1t, v\u00e0 kh\u00f4ng ho\u00e0n to\u00e0n \u1ea9n IP ng\u01b0\u1eddi d\u00f9ng kh\u1ecfi c\u00e1c website b\u1ea1n truy c\u1eadp.\u00a0<\/span><\/p>\n<\/li>\n<li data-start=\"3635\" data-end=\"3790\">\n<p data-start=\"3637\" data-end=\"3790\"><span style=\"color: #000000; font-size: 17px;\">N\u1ebfu b\u1ea1n mu\u1ed1n <strong data-start=\"3650\" data-end=\"3710\">truy c\u1eadp n\u1ed9i dung b\u1ecb ch\u1eb7n theo khu v\u1ef1c (geo-restriction)<\/strong>, ho\u1eb7c c\u1ea7n \u1ea9n danh ho\u00e0n to\u00e0n \u2014 c\u1ea7n c\u00e2n nh\u1eafc c\u00e1c gi\u1ea3i ph\u00e1p VPN chuy\u00ean bi\u1ec7t h\u01a1n.<\/span><\/p>\n<\/li>\n<li data-start=\"3791\" data-end=\"3913\">\n<p data-start=\"3793\" data-end=\"3913\"><span style=\"color: #000000; font-size: 17px;\">V\u1eabn c\u1ea7n tu\u00e2n th\u1ee7 \u0111i\u1ec1u kho\u1ea3n s\u1eed d\u1ee5ng c\u1ee7a nh\u00e0 cung c\u1ea5p Internet, v\u00e0 thi\u1ebft l\u1eadp b\u1ea3o m\u1eadt \u1edf m\u1ee9c t\u1ed1i \u0111a (2FA, c\u1eadp nh\u1eadt app\u2026).<\/span><\/p>\n<\/li>\n<li data-start=\"3914\" data-end=\"4012\">\n<p data-start=\"3916\" data-end=\"4012\"><span style=\"color: #000000; font-size: 17px;\">Ki\u1ec3m tra t\u01b0\u01a1ng th\u00edch v\u1edbi thi\u1ebft b\u1ecb v\u00e0 m\u1ea1ng \u2014 m\u1ed9t s\u1ed1 m\u1ea1ng c\u00f3 th\u1ec3 ch\u1eb7n ho\u1eb7c gi\u1edbi h\u1ea1n gi\u1ea3i ph\u00e1p n\u00e0y.<\/span><\/p>\n<\/li>\n<\/ul>\n","protected":false},"excerpt":{"rendered":"<p><span style=\"color: #000000;\">\u2714\ufe0f <strong><span style=\"color: #9a00fa;\">KEY <span class=\"hover:entity-accent entity-underline inline cursor-pointer align-baseline\"><span class=\"whitespace-normal\">1.1.1.1<\/span><\/span> VPN V\u0129nh Vi\u1ec5n<\/span><\/strong><\/span><br data-start=\"58\" data-end=\"61\" \/><span style=\"color: #000000;\">\u2714\ufe0f K\u00edch ho\u1ea1t nhanh \u2013 s\u1eed d\u1ee5ng ngay<\/span><br data-start=\"94\" data-end=\"97\" \/><span style=\"color: #000000;\">\u2714\ufe0f T\u1ed1c \u0111\u1ed9 cao, \u1ed5n \u0111\u1ecbnh<\/span><br data-start=\"119\" data-end=\"122\" \/><span style=\"color: #000000;\">\u2714\ufe0f H\u1ed7 tr\u1ee3 nhi\u1ec1u thi\u1ebft b\u1ecb<\/span><br data-start=\"146\" data-end=\"149\" \/><span style=\"color: #000000;\">\u2714\ufe0f B\u1ea3o h\u00e0nh \u2013 h\u1ed7 tr\u1ee3 khi g\u1eb7p l\u1ed7i<\/span><br \/>\n<span style=\"color: #000000;\">\u2714\ufe0f <strong><span style=\"color: #e14d43;\">L\u01b0u \u00fd:<\/span><\/strong> N\u1ebfu b\u1ecb lock do qu\u00e1 thi\u1ebft b\u1ecb th\u00ec t\u1eeb ch\u1ed1i b\u1ea3o h\u00e0nh<\/span><\/p>\n","protected":false},"featured_media":2451,"comment_status":"open","ping_status":"closed","template":"","meta":{"_acf_changed":false,"inline_featured_image":false},"product_brand":[],"product_cat":[15,17],"product_tag":[],"class_list":{"0":"post-1522","1":"product","2":"type-product","3":"status-publish","4":"has-post-thumbnail","6":"product_cat-chua-phan-loai","7":"product_cat-lam-viec","9":"first","10":"instock","11":"sale","12":"virtual","13":"taxable","14":"purchasable","15":"product-type-simple"},"acf":[],"_links":{"self":[{"href":"https:\/\/www.thegioimmovn.com\/index.php?rest_route=\/wp\/v2\/product\/1522","targetHints":{"allow":["GET"]}}],"collection":[{"href":"https:\/\/www.thegioimmovn.com\/index.php?rest_route=\/wp\/v2\/product"}],"about":[{"href":"https:\/\/www.thegioimmovn.com\/index.php?rest_route=\/wp\/v2\/types\/product"}],"replies":[{"embeddable":true,"href":"https:\/\/www.thegioimmovn.com\/index.php?rest_route=%2Fwp%2Fv2%2Fcomments&post=1522"}],"wp:featuredmedia":[{"embeddable":true,"href":"https:\/\/www.thegioimmovn.com\/index.php?rest_route=\/wp\/v2\/media\/2451"}],"wp:attachment":[{"href":"https:\/\/www.thegioimmovn.com\/index.php?rest_route=%2Fwp%2Fv2%2Fmedia&parent=1522"}],"wp:term":[{"taxonomy":"product_brand","embeddable":true,"href":"https:\/\/www.thegioimmovn.com\/index.php?rest_route=%2Fwp%2Fv2%2Fproduct_brand&post=1522"},{"taxonomy":"product_cat","embeddable":true,"href":"https:\/\/www.thegioimmovn.com\/index.php?rest_route=%2Fwp%2Fv2%2Fproduct_cat&post=1522"},{"taxonomy":"product_tag","embeddable":true,"href":"https:\/\/www.thegioimmovn.com\/index.php?rest_route=%2Fwp%2Fv2%2Fproduct_tag&post=1522"}],"curies":[{"name":"wp","href":"https:\/\/api.w.org\/{rel}","templated":true}]}}