    {"id":1517,"date":"2025-11-05T04:11:56","date_gmt":"2025-11-05T12:11:56","guid":{"rendered":"https:\/\/xn--12cat7b6ah3cmc7g0bdgb.cc\/?post_type=product&#038;p=1517"},"modified":"2026-02-24T04:03:10","modified_gmt":"2026-02-24T03:03:10","slug":"mail-outlook-co","status":"publish","type":"product","link":"https:\/\/www.thegioimmovn.com\/?product=mail-outlook-co","title":{"rendered":"T\u00e0i kho\u1ea3n Mail Outlook C\u1ed5 Tr\u00ean 6 Th\u00e1ng"},"content":{"rendered":"<h2 data-start=\"153\" data-end=\"178\"><span style=\"color: #000000; font-size: 18px;\">L\u01b0u \u00fd cho kh\u00e1ch h\u00e0ng khi mua Mail Outlook<\/span><\/h2>\n<p data-start=\"179\" data-end=\"295\"><span style=\"color: #000000; font-size: 18px;\">Vui l\u00f2ng \u0111\u1ecdc k\u1ef9 h\u01b0\u1edbng d\u1eabn tr\u01b0\u1edbc khi mua. N\u00ean mua 1\u20132 t\u00e0i kho\u1ea3n \u0111\u1ec3 test tr\u01b0\u1edbc khi l\u1ea5y s\u1ed1 l\u01b0\u1ee3ng l\u1edbn. Xin c\u1ea3m \u01a1n!<\/span><\/p>\n<h2 data-start=\"302\" data-end=\"340\"><span style=\"color: #000000; font-size: 18px;\">Outlook Trusted Live (6\u201312 th\u00e1ng)<\/span><\/h2>\n<ul data-start=\"341\" data-end=\"849\">\n<li data-start=\"341\" data-end=\"413\">\n<p data-start=\"343\" data-end=\"413\"><span style=\"color: #000000; font-size: 18px;\">POP\/IMAP \u0111\u00e3 k\u00edch ho\u1ea1t, \u0111\u1ecbnh d\u1ea1ng m\u1edbi OAuth2, c\u00f3 skip 7 days.<\/span><\/p>\n<\/li>\n<li data-start=\"414\" data-end=\"442\">\n<p data-start=\"416\" data-end=\"442\"><span style=\"color: #000000; font-size: 18px;\">T\u00ean US random, IP ngo\u1ea1i.<\/span><\/p>\n<\/li>\n<li data-start=\"443\" data-end=\"506\">\n<p data-start=\"445\" data-end=\"506\"><span style=\"color: #000000; font-size: 18px;\">\u0110\u1ecbnh d\u1ea1ng: mail | pass mail | refresh_token | client_id<\/span><\/p>\n<\/li>\n<li data-start=\"507\" data-end=\"633\">\n<p data-start=\"509\" data-end=\"633\"><span style=\"color: #000000; font-size: 18px;\">Khuy\u1ebfn ngh\u1ecb s\u1eed d\u1ee5ng IP Vi\u1ec7t v\u00e0 \u0111\u1ecdc qua OAuth2. C\u00f3 th\u1ec3 login tr\u1ef1c ti\u1ebfp tr\u00ean tr\u00ecnh duy\u1ec7t ho\u1eb7c \u0111\u1ecdc code qua API (OAuth2).<\/span><\/p>\n<\/li>\n<li data-start=\"634\" data-end=\"703\">\n<p data-start=\"636\" data-end=\"703\"><span style=\"color: #000000; font-size: 18px;\">Kh\u00f4ng n\u00ean \u0111\u1ecdc qua IMAP v\u00e0 kh\u00f4ng d\u00f9ng chung m\u1ed9t IP cho nhi\u1ec1u mail.<\/span><\/p>\n<\/li>\n<li data-start=\"704\" data-end=\"731\">\n<p data-start=\"706\" data-end=\"731\"><span style=\"color: #000000; font-size: 18px;\">B\u1ea3o h\u00e0nh login 24h.<\/span><\/p>\n<\/li>\n<li data-start=\"732\" data-end=\"793\">\n<p data-start=\"734\" data-end=\"793\"><span style=\"color: #000000; font-size: 18px;\">Cam k\u1ebft ho\u00e0n ti\u1ec1n ho\u1eb7c \u0111\u1ed5i acc m\u1edbi n\u1ebfu l\u1ed7i ho\u1eb7c sai pass.<\/span><\/p>\n<\/li>\n<li data-start=\"794\" data-end=\"849\">\n<p data-start=\"796\" data-end=\"849\"><span style=\"color: #000000; font-size: 18px;\">H\u00e0ng m\u1edbi, \u0111\u1ea3m b\u1ea3o ch\u01b0a d\u00f9ng cho b\u1ea5t k\u1ef3 d\u1ecbch v\u1ee5 n\u00e0o.<\/span><\/p>\n<\/li>\n<\/ul>\n<h2 data-start=\"856\" data-end=\"920\"><span style=\"color: #000000; font-size: 18px;\">Outlook PVA (\u0111\u00e3 verify phone) \u2013 k\u00e8m mail KP (\u0111\u00e3 b\u1eadt OAuth2)<\/span><\/h2>\n<ul data-start=\"921\" data-end=\"1130\">\n<li data-start=\"921\" data-end=\"949\">\n<p data-start=\"923\" data-end=\"949\"><span style=\"color: #000000; font-size: 18px;\">D\u00f9ng cho d\u1ecbch v\u1ee5 TikTok.<\/span><\/p>\n<\/li>\n<li data-start=\"950\" data-end=\"1018\">\n<p data-start=\"952\" data-end=\"1018\"><span style=\"color: #000000; font-size: 18px;\">\u0110\u1ecbnh d\u1ea1ng: mail | pass | mail KP | refresh_token | client_id<\/span><\/p>\n<\/li>\n<li data-start=\"1019\" data-end=\"1064\">\n<p data-start=\"1021\" data-end=\"1064\"><span style=\"color: #000000; font-size: 18px;\">Code mail KP l\u1ea5y t\u1ea1i fviainboxes.com.<\/span><\/p>\n<\/li>\n<li data-start=\"1065\" data-end=\"1130\">\n<p data-start=\"1067\" data-end=\"1130\"><span style=\"color: #000000; font-size: 18px;\">C\u00f3 th\u1ec3 login tr\u00ean tr\u00ecnh duy\u1ec7t ho\u1eb7c \u0111\u1ecdc code qua API (OAuth2).<\/span><\/p>\n<\/li>\n<\/ul>\n","protected":false},"excerpt":{"rendered":"<article class=\"text-token-text-primary w-full focus:outline-none [--shadow-height:45px] has-data-writing-block:pointer-events-none has-data-writing-block:-mt-(--shadow-height) has-data-writing-block:pt-(--shadow-height) [&amp;:has([data-writing-block])&gt;*]:pointer-events-auto scroll-mt-(--header-height)\" dir=\"auto\" data-turn-id=\"c5d33b4a-834e-43f1-b3fd-433568c1acb3\" data-testid=\"conversation-turn-21\" data-scroll-anchor=\"false\" data-turn=\"user\"><\/article>\n<article class=\"text-token-text-primary w-full focus:outline-none [--shadow-height:45px] has-data-writing-block:pointer-events-none has-data-writing-block:-mt-(--shadow-height) has-data-writing-block:pt-(--shadow-height) [&amp;:has([data-writing-block])&gt;*]:pointer-events-auto scroll-mt-[calc(var(--header-height)+min(200px,max(70px,20svh)))]\" dir=\"auto\" data-turn-id=\"request-WEB:a6cc1eee-3251-401c-9775-dfd86dac14f0-51\" data-testid=\"conversation-turn-22\" data-scroll-anchor=\"true\" data-turn=\"assistant\">\n<div class=\"text-base my-auto mx-auto pb-10 [--thread-content-margin:--spacing(4)] @w-sm\/main:[--thread-content-margin:--spacing(6)] @w-lg\/main:[--thread-content-margin:--spacing(16)] px-(--thread-content-margin)\">\n<div class=\"[--thread-content-max-width:40rem] @w-lg\/main:[--thread-content-max-width:48rem] mx-auto max-w-(--thread-content-max-width) flex-1 group\/turn-messages focus-visible:outline-hidden relative flex w-full min-w-0 flex-col agent-turn\">\n<div class=\"flex max-w-full flex-col grow\">\n<div class=\"min-h-8 text-message relative flex w-full flex-col items-end gap-2 text-start break-words whitespace-normal [.text-message+&amp;]:mt-1\" dir=\"auto\" data-message-author-role=\"assistant\" data-message-id=\"ab1c21f5-722c-4848-b4f9-aa61e4ba180a\" data-message-model-slug=\"gpt-5-2\">\n<div class=\"flex w-full flex-col gap-1 empty:hidden first:pt-[1px]\">\n<div class=\"markdown prose dark:prose-invert w-full wrap-break-word dark markdown-new-styling\">\n<p data-start=\"0\" data-end=\"220\">\u2714\ufe0f T\u00e0i kho\u1ea3n <span class=\"hover:entity-accent entity-underline inline cursor-pointer align-baseline\"><span class=\"whitespace-normal\">Microsoft Outlook<\/span><\/span> c\u1ed5 tr\u00ean 6 th\u00e1ng<br data-start=\"66\" data-end=\"69\" \/>\u2714\ufe0f \u0110\u1ed9 uy t\u00edn cao \u2013 h\u1ea1n ch\u1ebf checkpoint<br data-start=\"106\" data-end=\"109\" \/>\u2714\ufe0f S\u1eed d\u1ee5ng \u1ed5n \u0111\u1ecbnh, \u0111\u0103ng nh\u1eadp m\u01b0\u1ee3t<br data-start=\"143\" data-end=\"146\" \/>\u2714\ufe0f Ph\u00f9 h\u1ee3p l\u00e0m vi\u1ec7c, \u0111\u0103ng k\u00fd d\u1ecbch v\u1ee5<br data-start=\"182\" data-end=\"185\" \/>\u2714\ufe0f H\u1ed7 tr\u1ee3 \u2013 b\u1ea3o h\u00e0nh 24h login<\/p>\n<\/div>\n<\/div>\n<\/div>\n<\/div>\n<\/div>\n<\/div>\n<\/article>\n","protected":false},"featured_media":2453,"comment_status":"open","ping_status":"closed","template":"","meta":{"_acf_changed":false,"inline_featured_image":false},"product_brand":[],"product_cat":[15,17],"product_tag":[],"class_list":{"0":"post-1517","1":"product","2":"type-product","3":"status-publish","4":"has-post-thumbnail","6":"product_cat-chua-phan-loai","7":"product_cat-lam-viec","9":"first","10":"instock","11":"sale","12":"virtual","13":"taxable","14":"purchasable","15":"product-type-simple"},"acf":[],"_links":{"self":[{"href":"https:\/\/www.thegioimmovn.com\/index.php?rest_route=\/wp\/v2\/product\/1517","targetHints":{"allow":["GET"]}}],"collection":[{"href":"https:\/\/www.thegioimmovn.com\/index.php?rest_route=\/wp\/v2\/product"}],"about":[{"href":"https:\/\/www.thegioimmovn.com\/index.php?rest_route=\/wp\/v2\/types\/product"}],"replies":[{"embeddable":true,"href":"https:\/\/www.thegioimmovn.com\/index.php?rest_route=%2Fwp%2Fv2%2Fcomments&post=1517"}],"wp:featuredmedia":[{"embeddable":true,"href":"https:\/\/www.thegioimmovn.com\/index.php?rest_route=\/wp\/v2\/media\/2453"}],"wp:attachment":[{"href":"https:\/\/www.thegioimmovn.com\/index.php?rest_route=%2Fwp%2Fv2%2Fmedia&parent=1517"}],"wp:term":[{"taxonomy":"product_brand","embeddable":true,"href":"https:\/\/www.thegioimmovn.com\/index.php?rest_route=%2Fwp%2Fv2%2Fproduct_brand&post=1517"},{"taxonomy":"product_cat","embeddable":true,"href":"https:\/\/www.thegioimmovn.com\/index.php?rest_route=%2Fwp%2Fv2%2Fproduct_cat&post=1517"},{"taxonomy":"product_tag","embeddable":true,"href":"https:\/\/www.thegioimmovn.com\/index.php?rest_route=%2Fwp%2Fv2%2Fproduct_tag&post=1517"}],"curies":[{"name":"wp","href":"https:\/\/api.w.org\/{rel}","templated":true}]}}