    {"id":1515,"date":"2025-11-05T03:54:38","date_gmt":"2025-11-05T11:54:38","guid":{"rendered":"https:\/\/xn--12cat7b6ah3cmc7g0bdgb.cc\/?post_type=product&#038;p=1515"},"modified":"2026-02-17T01:23:38","modified_gmt":"2026-02-17T00:23:38","slug":"nang-cap-cliptv-chinh-chu","status":"publish","type":"product","link":"https:\/\/www.thegioimmovn.com\/?product=nang-cap-cliptv-chinh-chu","title":{"rendered":"N\u00e2ng C\u1ea5p ClipTV ch\u00ednh ch\u1ee7 12 Th\u00e1ng"},"content":{"rendered":"<p data-start=\"266\" data-end=\"628\"><span style=\"color: #000000; font-size: 18px;\">Ch\u00e0o m\u1eebng b\u1ea1n \u0111\u1ebfn v\u1edbi MMOEmpire.vn \u2013 N\u00e2ng c\u1ea5p t\u00e0i kho\u1ea3n ClipTV ch\u00ednh ch\u1ee7, gi\u00fap b\u1ea1n s\u1edf h\u1eefu t\u00e0i kho\u1ea3n ClipTV \u0111\u00e3 \u0111\u01b0\u1ee3c \u0111\u0103ng k\u00fd t\u00ean c\u00e1 nh\u00e2n ho\u1eb7c doanh nghi\u1ec7p ch\u00ednh ch\u1ee7, \u0111\u1ea3m b\u1ea3o quy\u1ec1n s\u1eed d\u1ee5ng v\u00e0 y\u00ean t\u00e2m v\u1ec1 b\u1ea3o m\u1eadt. V\u1edbi g\u00f3i n\u00e2ng c\u1ea5p t\u1eeb ch\u00fang t\u00f4i, b\u1ea1n s\u1ebd kh\u00f4ng c\u00f2n ph\u1ea3i d\u00f9ng chung t\u00e0i kho\u1ea3n, b\u1ecb gi\u1edbi h\u1ea1n thi\u1ebft b\u1ecb ho\u1eb7c quy\u1ec1n ki\u1ec3m so\u00e1t \u2014 b\u1ea1n l\u00e0 ch\u1ee7 s\u1edf h\u1eefu th\u1ef1c s\u1ef1.<\/span><\/p>\n<hr data-start=\"630\" data-end=\"633\" \/>\n<h2 data-start=\"635\" data-end=\"695\"><span style=\"color: #000000; font-size: 18px;\">\ud83d\udee1\ufe0f V\u00ec Sao B\u1ea1n N\u00ean N\u00e2ng C\u1ea5p T\u00e0i Kho\u1ea3n ClipTV Ch\u00ednh Ch\u1ee7?<\/span><\/h2>\n<ul data-start=\"696\" data-end=\"1332\">\n<li data-start=\"696\" data-end=\"822\">\n<p data-start=\"698\" data-end=\"822\"><span style=\"color: #000000; font-size: 18px;\">T\u00e0i kho\u1ea3n d\u00f9ng chung th\u01b0\u1eddng g\u1eb7p r\u1ee7i ro nh\u01b0 b\u1ecb \u0111\u1ed5i m\u1eadt kh\u1ea9u, b\u1ecb \u0111\u0103ng nh\u1eadp tr\u00ean nhi\u1ec1u thi\u1ebft b\u1ecb, ho\u1eb7c b\u1ecb h\u1ee7y \u0111\u0103ng k\u00fd b\u1ea5t ng\u1edd.<\/span><\/p>\n<\/li>\n<li data-start=\"823\" data-end=\"962\">\n<p data-start=\"825\" data-end=\"962\"><span style=\"color: #000000; font-size: 18px;\">V\u1edbi m\u1ed9t t\u00e0i kho\u1ea3n ch\u00ednh ch\u1ee7, b\u1ea1n c\u00f3 quy\u1ec1n ch\u1ee7 \u0111\u1ed9ng qu\u1ea3n l\u00fd, thay \u0111\u1ed5i m\u1eadt kh\u1ea9u, b\u1ea3o v\u1ec7 b\u1eb1ng x\u00e1c th\u1ef1c 2 l\u1edbp, y\u00ean t\u00e2m s\u1eed d\u1ee5ng l\u00e2u d\u00e0i.<\/span><\/p>\n<\/li>\n<li data-start=\"963\" data-end=\"1140\">\n<p data-start=\"965\" data-end=\"1140\"><span style=\"color: #000000; font-size: 18px;\">ClipTV l\u00e0 d\u1ecbch v\u1ee5 truy\u1ec1n h\u00ecnh \u2013 phim \u1ea3nh \u2013 n\u1ed9i dung theo y\u00eau c\u1ea7u r\u1ea5t ph\u1ed5 bi\u1ebfn t\u1ea1i Vi\u1ec7t Nam, v\u1edbi kho n\u1ed9i dung l\u1edbn v\u00e0 h\u1ed7 tr\u1ee3 \u0111a n\u1ec1n t\u1ea3ng. <span class=\"\" data-state=\"closed\"><span class=\"ms-1 inline-flex max-w-full items-center relative top-[-0.094rem] animate-[show_150ms_ease-in]\" data-testid=\"webpage-citation-pill\"><a class=\"flex h-4.5 overflow-hidden rounded-xl px-2 text-[9px] font-medium transition-colors duration-150 ease-in-out text-token-text-secondary! bg-[#F4F4F4]! dark:bg-[#303030]!\" style=\"color: #000000;\" href=\"https:\/\/www.mobifone.vn\/dich-vu-di-dong\/dich-vu\/cliptv-ClipTV?utm_source=chatgpt.com\" target=\"_blank\" rel=\"noopener\"><span class=\"relative start-0 bottom-0 flex h-full w-full items-center\"><span class=\"flex h-4 w-full items-center justify-between\"><span class=\"max-w-[15ch] grow truncate overflow-hidden text-center\">mobifone.vn<\/span><\/span><\/span><\/a><\/span><\/span><\/span><\/p>\n<\/li>\n<li data-start=\"1141\" data-end=\"1332\">\n<p data-start=\"1143\" data-end=\"1332\"><span style=\"color: #000000; font-size: 18px;\">N\u00e2ng c\u1ea5p gi\u00fap b\u1ea1n khai th\u00e1c t\u1ed1i \u0111a c\u00e1c t\u00ednh n\u0103ng: nhi\u1ec1u k\u00eanh truy\u1ec1n h\u00ecnh, kho VOD phong ph\u00fa, xem \u0111a thi\u1ebft b\u1ecb, ch\u1ea5t l\u01b0\u1ee3ng cao (HD\/4K) n\u1ebfu g\u00f3i ph\u00f9 h\u1ee3p. <span class=\"\" data-state=\"closed\"><span class=\"ms-1 inline-flex max-w-full items-center relative top-[-0.094rem] animate-[show_150ms_ease-in]\" data-testid=\"webpage-citation-pill\"><a class=\"flex h-4.5 overflow-hidden rounded-xl px-2 text-[9px] font-medium transition-colors duration-150 ease-in-out text-token-text-secondary! bg-[#F4F4F4]! dark:bg-[#303030]!\" style=\"color: #000000;\" href=\"https:\/\/dienmaythiennamhoa.vn\/qua-tang-253298-7725.html?srsltid=AfmBOoqFyweOgL0oHeW2Ia_9ED2M36accuZgw93yy53GS8AsVyJB2ERt&amp;utm_source=chatgpt.com\" target=\"_blank\" rel=\"noopener\"><span class=\"relative start-0 bottom-0 flex h-full w-full items-center\"><span class=\"flex h-4 w-full items-center justify-between\"><span class=\"max-w-[15ch] grow truncate overflow-hidden text-center\">dienmaythiennamhoa.vn<\/span><\/span><\/span><\/a><\/span><\/span><\/span><\/p>\n<\/li>\n<\/ul>\n<hr data-start=\"1334\" data-end=\"1337\" \/>\n<h2 data-start=\"1339\" data-end=\"1399\"><span style=\"color: #000000; font-size: 18px;\">\u2705 G\u00f3i N\u00e2ng C\u1ea5p ClipTV Ch\u00ednh Ch\u1ee7 \u2013 Nh\u1eefng L\u1ee3i \u00cdch N\u1ed5i B\u1eadt<\/span><\/h2>\n<p data-start=\"1400\" data-end=\"1456\"><span style=\"color: #000000; font-size: 18px;\">Khi b\u1ea1n mua g\u00f3i n\u00e2ng c\u1ea5p t\u1eeb MMOEmpire.vn, b\u1ea1n s\u1ebd \u0111\u01b0\u1ee3c:<\/span><\/p>\n<ul data-start=\"1457\" data-end=\"2063\">\n<li data-start=\"1457\" data-end=\"1563\">\n<p data-start=\"1459\" data-end=\"1563\"><span style=\"color: #000000; font-size: 18px;\">T\u00e0i kho\u1ea3n ClipTV ch\u00ednh ch\u1ee7, \u0111\u0103ng k\u00fd b\u1eb1ng t\u00ean b\u1ea1n ho\u1eb7c doanh nghi\u1ec7p b\u1ea1n, th\u00f4ng tin ch\u1ee7 th\u1ec3 r\u00f5 r\u00e0ng.<\/span><\/p>\n<\/li>\n<li data-start=\"1564\" data-end=\"1689\">\n<p data-start=\"1566\" data-end=\"1689\"><span style=\"color: #000000; font-size: 18px;\">S\u1eed d\u1ee5ng \u0111a thi\u1ebft b\u1ecb c\u00f9ng l\u00fac (tu\u1ef3 g\u00f3i), xem phim v\u00e0 truy\u1ec1n h\u00ecnh kh\u00f4ng gi\u1edbi h\u1ea1n thi\u1ebft b\u1ecb nh\u01b0 t\u00e0i kho\u1ea3n chia s\u1ebb th\u01b0\u1eddng g\u1eb7p.<\/span><\/p>\n<\/li>\n<li data-start=\"1690\" data-end=\"1857\">\n<p data-start=\"1692\" data-end=\"1857\"><span style=\"color: #000000; font-size: 18px;\">Kho phim, k\u00eanh truy\u1ec1n h\u00ecnh phong ph\u00fa: h\u01a1n 100 k\u00eanh trong n\u01b0\u1edbc v\u00e0 qu\u1ed1c t\u1ebf, h\u00e0ng ng\u00e0n gi\u1edd phim b\u1ed9 \u2013 phim chi\u1ebfu r\u1ea1p tr\u00ean ClipTV. <span class=\"\" data-state=\"closed\"><span class=\"ms-1 inline-flex max-w-full items-center relative top-[-0.094rem] animate-[show_150ms_ease-in]\" data-testid=\"webpage-citation-pill\"><a class=\"flex h-4.5 overflow-hidden rounded-xl px-2 text-[9px] font-medium transition-colors duration-150 ease-in-out text-token-text-secondary! bg-[#F4F4F4]! dark:bg-[#303030]!\" style=\"color: #000000;\" href=\"https:\/\/dienmaythiennamhoa.vn\/qua-tang-253298-7725.html?srsltid=AfmBOoqFyweOgL0oHeW2Ia_9ED2M36accuZgw93yy53GS8AsVyJB2ERt&amp;utm_source=chatgpt.com\" target=\"_blank\" rel=\"noopener\"><span class=\"relative start-0 bottom-0 flex h-full w-full items-center\"><span class=\"flex h-4 w-full items-center justify-between\"><span class=\"max-w-[15ch] grow truncate overflow-hidden text-center\">dienmaythiennamhoa.vn<\/span><\/span><\/span><\/a><\/span><\/span><\/span><\/p>\n<\/li>\n<li data-start=\"1858\" data-end=\"1962\">\n<p data-start=\"1860\" data-end=\"1962\"><span style=\"color: #000000; font-size: 18px;\">H\u1ed7 tr\u1ee3 c\u00e0i \u0111\u1eb7t, chuy\u1ec3n quy\u1ec1n ho\u1eb7c \u0111\u1ed5i th\u00f4ng tin ch\u1ee7 t\u00e0i kho\u1ea3n, h\u01b0\u1edbng d\u1eabn s\u1eed d\u1ee5ng, b\u1ea3o m\u1eadt t\u00e0i kho\u1ea3n.<\/span><\/p>\n<\/li>\n<li data-start=\"1963\" data-end=\"2063\">\n<p data-start=\"1965\" data-end=\"2063\"><span style=\"color: #000000; font-size: 18px;\">T\u01b0 v\u1ea5n ch\u1ecdn g\u00f3i ph\u00f9 h\u1ee3p v\u1edbi nhu c\u1ea7u c\u1ee7a b\u1ea1n (c\u00e1 nh\u00e2n, gia \u0111\u00ecnh, nhi\u1ec1u thi\u1ebft b\u1ecb) v\u00e0 gi\u00e1 c\u1ea3 r\u00f5 r\u00e0ng.<\/span><\/p>\n<\/li>\n<\/ul>\n<hr data-start=\"2065\" data-end=\"2068\" \/>\n<h2 data-start=\"2070\" data-end=\"2108\"><span style=\"color: #000000; font-size: 18px;\">\ud83c\udfaf \u0110\u1ed1i T\u01b0\u1ee3ng &amp; T\u00ecnh Hu\u1ed1ng Ph\u00f9 H\u1ee3p<\/span><\/h2>\n<p data-start=\"2109\" data-end=\"2153\"><span style=\"color: #000000; font-size: 18px;\">G\u00f3i n\u00e2ng c\u1ea5p ClipTV ch\u00ednh ch\u1ee7 ph\u00f9 h\u1ee3p v\u1edbi:<\/span><\/p>\n<ul data-start=\"2154\" data-end=\"2661\">\n<li data-start=\"2154\" data-end=\"2288\">\n<p data-start=\"2156\" data-end=\"2288\"><span style=\"color: #000000; font-size: 18px;\">Gia \u0111\u00ecnh: mu\u1ed1n d\u00f9ng chung t\u00e0i kho\u1ea3n cho nhi\u1ec1u th\u00e0nh vi\u00ean, xem phim, truy\u1ec1n h\u00ecnh, thi\u1ebfu nhi, d\u00f9ng Smart TV, \u0111i\u1ec7n tho\u1ea1i, tablet.<\/span><\/p>\n<\/li>\n<li data-start=\"2289\" data-end=\"2391\">\n<p data-start=\"2291\" data-end=\"2391\"><span style=\"color: #000000; font-size: 18px;\">C\u00e1 nh\u00e2n d\u00f9ng th\u01b0\u1eddng xuy\u00ean: mu\u1ed1n xem ch\u1ea5t l\u01b0\u1ee3ng cao, kh\u00f4ng b\u1ecb gi\u00e1n \u0111o\u1ea1n ho\u1eb7c b\u1ecb tr\u1ed9m t\u00e0i kho\u1ea3n.<\/span><\/p>\n<\/li>\n<li data-start=\"2392\" data-end=\"2523\">\n<p data-start=\"2394\" data-end=\"2523\"><span style=\"color: #000000; font-size: 18px;\">Nh\u00f3m b\u1ea1n chung nh\u00e0\/tr\u1ecd: c\u1ea7n t\u00e0i kho\u1ea3n ri\u00eang bi\u1ec7t, ch\u1ee7 \u0111\u1ed9ng ki\u1ec3m so\u00e1t, tr\u00e1nh t\u00e0i kho\u1ea3n b\u1ecb thay \u0111\u1ed5i m\u00e0 \u1ea3nh h\u01b0\u1edfng nhi\u1ec1u ng\u01b0\u1eddi.<\/span><\/p>\n<\/li>\n<li data-start=\"2524\" data-end=\"2661\">\n<p data-start=\"2526\" data-end=\"2661\"><span style=\"color: #000000; font-size: 18px;\">Doanh nghi\u1ec7p nh\u1ecf\/kh\u00e1ch s\u1ea1n\/nh\u00e0 ngh\u1ec9: d\u00f9ng ClipTV nh\u01b0 m\u1ed9t ph\u1ea7n c\u1ee7a d\u1ecbch v\u1ee5 gi\u1ea3i tr\u00ed cho kh\u00e1ch, c\u1ea7n t\u00e0i kho\u1ea3n \u0111\u01b0\u1ee3c qu\u1ea3n l\u00fd \u1ed5n \u0111\u1ecbnh.<\/span><\/p>\n<\/li>\n<\/ul>\n<hr data-start=\"2663\" data-end=\"2666\" \/>\n<h2 data-start=\"2668\" data-end=\"2706\"><span style=\"color: #000000; font-size: 18px;\">\ud83d\udce6 H\u01b0\u1edbng D\u1eabn &amp; \u0110i\u1ec1u Kho\u1ea3n S\u1eed D\u1ee5ng<\/span><\/h2>\n<ol data-start=\"2707\" data-end=\"3483\">\n<li data-start=\"2707\" data-end=\"2867\">\n<p data-start=\"2710\" data-end=\"2867\"><span style=\"color: #000000; font-size: 18px;\">Sau khi thanh to\u00e1n, b\u1ea1n s\u1ebd nh\u1eadn \u0111\u01b0\u1ee3c th\u00f4ng tin chuy\u1ec3n quy\u1ec1n ch\u1ee7 t\u00e0i kho\u1ea3n ho\u1eb7c t\u00e0i kho\u1ea3n m\u1edbi \u0111\u00e3 \u0111\u01b0\u1ee3c \u0111\u0103ng k\u00fd ch\u00ednh ch\u1ee7 \u2014 v\u1edbi t\u00ean b\u1ea1n ho\u1eb7c doanh nghi\u1ec7p b\u1ea1n.<\/span><\/p>\n<\/li>\n<li data-start=\"2868\" data-end=\"2984\">\n<p data-start=\"2871\" data-end=\"2984\"><span style=\"color: #000000; font-size: 18px;\">H\u01b0\u1edbng d\u1eabn \u0111\u1ed5i m\u1eadt kh\u1ea9u, b\u1eadt x\u00e1c th\u1ef1c 2 b\u01b0\u1edbc, \u0111\u0103ng nh\u1eadp thi\u1ebft b\u1ecb, thay \u0111\u1ed5i th\u00f4ng tin c\u00e1 nh\u00e2n (n\u1ebfu g\u00f3i cho ph\u00e9p).<\/span><\/p>\n<\/li>\n<li data-start=\"2985\" data-end=\"3093\">\n<p data-start=\"2988\" data-end=\"3093\"><span style=\"color: #000000; font-size: 18px;\">Y\u00eau c\u1ea7u b\u1ea1n cam k\u1ebft s\u1eed d\u1ee5ng \u0111\u00fang m\u1ee5c \u0111\u00edch \u2014 kh\u00f4ng chia s\u1ebb c\u00f4ng khai ho\u1eb7c vi ph\u1ea1m \u0111i\u1ec1u kho\u1ea3n c\u1ee7a ClipTV.<\/span><\/p>\n<\/li>\n<li data-start=\"3094\" data-end=\"3244\">\n<p data-start=\"3097\" data-end=\"3244\"><span style=\"color: #000000; font-size: 18px;\">Ch\u00ednh s\u00e1ch h\u1ed7 tr\u1ee3: N\u1ebfu c\u00f3 v\u1ea5n \u0111\u1ec1 k\u1ef9 thu\u1eadt do t\u00e0i kho\u1ea3n (v\u00ed d\u1ee5 b\u1ecb truy c\u1eadp tr\u00e1i ph\u00e9p, \u0111\u1ed5i m\u1eadt kh\u1ea9u ngo\u00e0i \u00fd mu\u1ed1n) ch\u00fang t\u00f4i h\u1ed7 tr\u1ee3 b\u1ea3o v\u1ec7 v\u00e0 x\u1eed l\u00fd.<\/span><\/p>\n<\/li>\n<li data-start=\"3245\" data-end=\"3367\">\n<p data-start=\"3248\" data-end=\"3367\"><span style=\"color: #000000; font-size: 18px;\">G\u00f3i \u201cch\u00ednh ch\u1ee7\u201d l\u00e0 b\u1ea1n ki\u1ec3m so\u00e1t quy\u1ec1n ch\u1ee7 t\u00e0i kho\u1ea3n \u2014 kh\u00f4ng b\u1ecb ph\u1ee5 thu\u1ed9c ng\u01b0\u1eddi kh\u00e1c, tr\u00e1nh r\u1ee7i ro m\u1ea5t quy\u1ec1n s\u1eed d\u1ee5ng.<\/span><\/p>\n<\/li>\n<li data-start=\"3368\" data-end=\"3483\">\n<p data-start=\"3371\" data-end=\"3483\"><span style=\"color: #000000; font-size: 18px;\">\u0110i\u1ec1u kho\u1ea3n h\u1ee7y\/tr\u1ea3: s\u1ef1 c\u1ed1 t\u1eeb ph\u00eda ch\u00fang t\u00f4i s\u1ebd \u0111\u01b0\u1ee3c h\u1ed7 tr\u1ee3 \u2014 chi ti\u1ebft s\u1ebd th\u00f4ng b\u00e1o khi b\u1ea1n l\u1ef1a ch\u1ecdn g\u00f3i ph\u00f9 h\u1ee3p.<\/span><\/p>\n<\/li>\n<\/ol>\n<hr data-start=\"3869\" data-end=\"3872\" \/>\n<h3 data-start=\"3874\" data-end=\"3934\"><span style=\"color: #000000; font-size: 18px;\">\ud83d\udd0d G\u1ee3i \u00fd th\u00eam \u0111\u1ec3 b\u1ea1n d\u00f9ng ph\u1ea7n gi\u1edbi thi\u1ec7u n\u00e0y hi\u1ec7u qu\u1ea3<\/span><\/h3>\n<ul data-start=\"3935\" data-end=\"4397\">\n<li data-start=\"3935\" data-end=\"4130\">\n<p data-start=\"3937\" data-end=\"4130\"><span style=\"color: #000000; font-size: 18px;\">T\u00f9y theo k\u00eanh b\u00e1n (website, Facebook, Instagram) b\u1ea1n c\u00f3 th\u1ec3 th\u00eam h\u00ecnh \u1ea3nh minh h\u1ecda ClipTV \u2013 phim &amp; truy\u1ec1n h\u00ecnh, ho\u1eb7c video demo \u201cB\u1ea1n s\u1ebd nh\u1eadn \u0111\u01b0\u1ee3c g\u00ec khi n\u00e2ng c\u1ea5p\u201d \u0111\u1ec3 t\u0103ng thuy\u1ebft ph\u1ee5c.<\/span><\/p>\n<\/li>\n<li data-start=\"4131\" data-end=\"4287\">\n<p data-start=\"4133\" data-end=\"4287\"><span style=\"color: #000000; font-size: 18px;\">C\u00e2n nh\u1eafc th\u00eam l\u1eddi ch\u1ee9ng th\u1ef1c kh\u00e1ch h\u00e0ng: \u201cSau khi n\u00e2ng c\u1ea5p, t\u00f4i y\u00ean t\u00e2m xem tr\u00ean Smart TV v\u00e0 m\u00e1y t\u00ednh m\u00e0 kh\u00f4ng b\u1ecb gi\u00e1n \u0111o\u1ea1n\u201d \u2014 gi\u00fap t\u0103ng \u0111\u1ed9 tin c\u1eady.<\/span><\/p>\n<\/li>\n<li data-start=\"4288\" data-end=\"4397\">\n<p data-start=\"4290\" data-end=\"4397\"><span style=\"color: #000000; font-size: 18px;\">C\u00f3 th\u1ec3 k\u00e8m b\u1ea3ng gi\u00e1 g\u1ee3i \u00fd (v\u00ed d\u1ee5 g\u00f3i c\u00e1 nh\u00e2n, g\u00f3i gia \u0111\u00ecnh, thi\u1ebft b\u1ecb nhi\u1ec1u ng\u01b0\u1eddi) \u0111\u1ec3 ng\u01b0\u1eddi mua d\u1ec5 l\u1ef1a ch\u1ecdn.<\/span><\/p>\n<\/li>\n<\/ul>\n","protected":false},"excerpt":{"rendered":"<p><span style=\"color: #000000;\">\u2714\ufe0f N\u00e2ng c\u1ea5p ClipTV ch\u00ednh ch\u1ee7 \u2013 s\u1eed d\u1ee5ng 12 th\u00e1ng<\/span><br data-start=\"47\" data-end=\"50\" \/><span style=\"color: #000000;\">\u2714\ufe0f H\u01a1n 10.000 gi\u1edd phim b\u1ea3n quy\u1ec1n<\/span><br \/>\n<span style=\"color: #000000;\">\u2714\ufe0f H\u01a1n 150+ k\u00eanh truy\u1ec1n h\u00ecnh trong v\u00e0 ngo\u00e0i n\u01b0\u1edbc<\/span><br \/>\n<span style=\"color: #000000;\">\u2714\ufe0f Ch\u1ea5t l\u01b0\u1ee3ng video HD m\u01b0\u1ee3t m\u00e0<\/span><br data-start=\"133\" data-end=\"136\" \/><span style=\"color: #000000;\">\u2714\ufe0f H\u1ed7 tr\u1ee3 \u0111a thi\u1ebft b\u1ecb: Smart TV, m\u00e1y t\u00ednh, \u0111i\u1ec7n tho\u1ea1i<\/span><br data-start=\"189\" data-end=\"192\" \/><span style=\"color: #000000;\">\u2714\ufe0f B\u1ea3o h\u00e0nh &amp; h\u1ed7 tr\u1ee3 \u0111\u1ea7y \u0111\u1ee7 trong su\u1ed1t th\u1eddi gian s\u1eed d\u1ee5ng<\/span><\/p>\n","protected":false},"featured_media":1516,"comment_status":"open","ping_status":"closed","template":"","meta":{"_acf_changed":false,"inline_featured_image":false},"product_brand":[],"product_cat":[15,33],"product_tag":[],"class_list":{"0":"post-1515","1":"product","2":"type-product","3":"status-publish","4":"has-post-thumbnail","6":"product_cat-chua-phan-loai","7":"product_cat-premium","9":"first","10":"instock","11":"sale","12":"virtual","13":"taxable","14":"purchasable","15":"product-type-simple"},"acf":[],"_links":{"self":[{"href":"https:\/\/www.thegioimmovn.com\/index.php?rest_route=\/wp\/v2\/product\/1515","targetHints":{"allow":["GET"]}}],"collection":[{"href":"https:\/\/www.thegioimmovn.com\/index.php?rest_route=\/wp\/v2\/product"}],"about":[{"href":"https:\/\/www.thegioimmovn.com\/index.php?rest_route=\/wp\/v2\/types\/product"}],"replies":[{"embeddable":true,"href":"https:\/\/www.thegioimmovn.com\/index.php?rest_route=%2Fwp%2Fv2%2Fcomments&post=1515"}],"wp:featuredmedia":[{"embeddable":true,"href":"https:\/\/www.thegioimmovn.com\/index.php?rest_route=\/wp\/v2\/media\/1516"}],"wp:attachment":[{"href":"https:\/\/www.thegioimmovn.com\/index.php?rest_route=%2Fwp%2Fv2%2Fmedia&parent=1515"}],"wp:term":[{"taxonomy":"product_brand","embeddable":true,"href":"https:\/\/www.thegioimmovn.com\/index.php?rest_route=%2Fwp%2Fv2%2Fproduct_brand&post=1515"},{"taxonomy":"product_cat","embeddable":true,"href":"https:\/\/www.thegioimmovn.com\/index.php?rest_route=%2Fwp%2Fv2%2Fproduct_cat&post=1515"},{"taxonomy":"product_tag","embeddable":true,"href":"https:\/\/www.thegioimmovn.com\/index.php?rest_route=%2Fwp%2Fv2%2Fproduct_tag&post=1515"}],"curies":[{"name":"wp","href":"https:\/\/api.w.org\/{rel}","templated":true}]}}