    {"id":1511,"date":"2025-11-04T18:44:58","date_gmt":"2025-11-05T02:44:58","guid":{"rendered":"https:\/\/xn--12cat7b6ah3cmc7g0bdgb.cc\/?post_type=product&#038;p=1511"},"modified":"2026-02-19T21:11:22","modified_gmt":"2026-02-19T20:11:22","slug":"nang-cap-fpt-play-smax-cap-san","status":"publish","type":"product","link":"https:\/\/www.thegioimmovn.com\/?product=nang-cap-fpt-play-smax-cap-san","title":{"rendered":"N\u00e2ng C\u1ea5p FPT Play Ch\u00ednh Ch\u1ee7 V\u00e0 C\u1ea5p S\u1eb5n"},"content":{"rendered":"<p data-start=\"272\" data-end=\"362\"><span style=\"font-family: arial, helvetica, sans-serif; font-size: 24px;\"><strong data-start=\"275\" data-end=\"357\">N\u00c2NG C\u1ea4P FPT PLAY \u2013 CH\u00cdNH CH\u1ee6 &amp; C\u1ea4P S\u1eb4N \u2013 TR\u1ea2I NGHI\u1ec6M GI\u1ea2I TR\u00cd KH\u00d4NG GI\u1edaI H\u1ea0N!<\/strong>\u00a0<\/span><\/p>\n<p data-start=\"364\" data-end=\"629\"><span style=\"font-family: arial, helvetica, sans-serif;\">B\u1ea1n \u0111ang t\u00ecm ki\u1ebfm <strong data-start=\"382\" data-end=\"413\">gi\u1ea3i ph\u00e1p gi\u1ea3i tr\u00ed ho\u00e0n h\u1ea3o<\/strong>, xem phim, series, truy\u1ec1n h\u00ecnh, b\u00f3ng \u0111\u00e1, ca nh\u1ea1c v\u00e0 c\u00e1c ch\u01b0\u01a1ng tr\u00ecnh qu\u1ed1c t\u1ebf m\u1ed9t c\u00e1ch ti\u1ec7n l\u1ee3i, nhanh ch\u00f3ng v\u00e0 an to\u00e0n? <strong data-start=\"534\" data-end=\"556\">FPT Play ch\u00ednh ch\u1ee7<\/strong> v\u00e0 <strong data-start=\"560\" data-end=\"580\">FPT Play c\u1ea5p s\u1eb5n<\/strong> l\u00e0 l\u1ef1a ch\u1ecdn ho\u00e0n h\u1ea3o d\u00e0nh cho b\u1ea1n v\u00e0 gia \u0111\u00ecnh!<\/span><\/p>\n<hr data-start=\"631\" data-end=\"634\" \/>\n<h3 data-start=\"636\" data-end=\"697\"><span style=\"font-family: arial, helvetica, sans-serif;\">\u2705 <strong data-start=\"642\" data-end=\"697\">FPT Play Ch\u00ednh Ch\u1ee7 \u2013 An to\u00e0n, quy\u1ec1n s\u1edf h\u1eefu tr\u1ecdn v\u1eb9n<\/strong><\/span><\/h3>\n<ul data-start=\"698\" data-end=\"1001\">\n<li data-start=\"698\" data-end=\"761\">\n<p data-start=\"700\" data-end=\"761\"><span style=\"font-family: arial, helvetica, sans-serif;\">T\u00e0i kho\u1ea3n \u0111\u1ee9ng t\u00ean b\u1ea1n, b\u1ea3o m\u1eadt tuy\u1ec7t \u0111\u1ed1i, qu\u1ea3n l\u00fd d\u1ec5 d\u00e0ng.<\/span><\/p>\n<\/li>\n<li data-start=\"762\" data-end=\"825\">\n<p data-start=\"764\" data-end=\"825\"><span style=\"font-family: arial, helvetica, sans-serif;\">T\u1ef1 do n\u00e2ng c\u1ea5p c\u00e1c g\u00f3i <strong data-start=\"787\" data-end=\"809\">SMAX, SVIP, V.VIP1<\/strong> theo nhu c\u1ea7u.<\/span><\/p>\n<\/li>\n<li data-start=\"826\" data-end=\"887\">\n<p data-start=\"828\" data-end=\"887\"><span style=\"font-family: arial, helvetica, sans-serif;\">Xem c\u00f9ng l\u00fac tr\u00ean nhi\u1ec1u thi\u1ebft b\u1ecb m\u00e0 kh\u00f4ng lo b\u1ecb gi\u1edbi h\u1ea1n.<\/span><\/p>\n<\/li>\n<li data-start=\"888\" data-end=\"1001\">\n<p data-start=\"890\" data-end=\"1001\"><span style=\"font-family: arial, helvetica, sans-serif;\">Th\u00edch h\u1ee3p cho c\u00e1 nh\u00e2n ho\u1eb7c gia \u0111\u00ecnh mu\u1ed1n tr\u1ea3i nghi\u1ec7m tr\u1ecdn v\u1eb9n c\u00e1c d\u1ecbch v\u1ee5 b\u1ea3n quy\u1ec1n, gi\u1ea3i tr\u00ed ch\u1ea5t l\u01b0\u1ee3ng cao.<\/span><\/p>\n<\/li>\n<\/ul>\n<hr data-start=\"1003\" data-end=\"1006\" \/>\n<h3 data-start=\"1008\" data-end=\"1056\"><span style=\"font-family: arial, helvetica, sans-serif;\">\u2705 <strong data-start=\"1014\" data-end=\"1056\">FPT Play C\u1ea5p S\u1eb5n \u2013 Ti\u1ec7n l\u1ee3i, d\u00f9ng ngay<\/strong><\/span><\/h3>\n<ul data-start=\"1057\" data-end=\"1336\">\n<li data-start=\"1057\" data-end=\"1137\">\n<p data-start=\"1059\" data-end=\"1137\"><span style=\"font-family: arial, helvetica, sans-serif;\">T\u00e0i kho\u1ea3n \u0111\u00e3 \u0111\u01b0\u1ee3c t\u1ea1o s\u1eb5n, \u0111\u0103ng nh\u1eadp l\u00e0 s\u1eed d\u1ee5ng ngay, kh\u00f4ng c\u1ea7n ch\u1edd \u0111\u0103ng k\u00fd.<\/span><\/p>\n<\/li>\n<li data-start=\"1138\" data-end=\"1237\">\n<p data-start=\"1140\" data-end=\"1237\"><span style=\"font-family: arial, helvetica, sans-serif;\">N\u00e2ng c\u1ea5p s\u1eb5n c\u00e1c g\u00f3i SMAX, SVIP, V.VIP1, ph\u00f9 h\u1ee3p v\u1edbi nhu c\u1ea7u xem phim, truy\u1ec1n h\u00ecnh v\u00e0 th\u1ec3 thao.<\/span><\/p>\n<\/li>\n<li data-start=\"1238\" data-end=\"1336\">\n<p data-start=\"1240\" data-end=\"1336\"><span style=\"font-family: arial, helvetica, sans-serif;\">Th\u00edch h\u1ee3p cho nh\u1eefng ai mu\u1ed1n tr\u1ea3i nghi\u1ec7m ngay, ti\u1ebft ki\u1ec7m th\u1eddi gian nh\u01b0ng v\u1eabn \u0111\u1ea3m b\u1ea3o quy\u1ec1n l\u1ee3i.<\/span><\/p>\n<\/li>\n<\/ul>\n<hr data-start=\"1338\" data-end=\"1341\" \/>\n<h3 data-start=\"1343\" data-end=\"1394\"><span style=\"font-family: arial, helvetica, sans-serif;\">\ud83c\udfac <strong data-start=\"1350\" data-end=\"1394\">Kho n\u1ed9i dung kh\u1ed5ng l\u1ed3, c\u1eadp nh\u1eadt li\u00ean t\u1ee5c<\/strong><\/span><\/h3>\n<ul data-start=\"1395\" data-end=\"1751\">\n<li data-start=\"1395\" data-end=\"1471\">\n<p data-start=\"1397\" data-end=\"1471\"><span style=\"font-family: arial, helvetica, sans-serif;\">H\u00e0ng ngh\u00ecn b\u1ed9 phim Vi\u1ec7t Nam v\u00e0 qu\u1ed1c t\u1ebf, phim chi\u1ebfu r\u1ea1p, series \u0111\u00ecnh \u0111\u00e1m.<\/span><\/p>\n<\/li>\n<li data-start=\"1472\" data-end=\"1554\">\n<p data-start=\"1474\" data-end=\"1554\"><span style=\"font-family: arial, helvetica, sans-serif;\">H\u01a1n 140+ k\u00eanh truy\u1ec1n h\u00ecnh v\u00e0 gi\u1ea3i tr\u00ed, bao g\u1ed3m c\u1ea3 c\u00e1c k\u00eanh th\u1ec3 thao b\u1ea3n quy\u1ec1n.<\/span><\/p>\n<\/li>\n<li data-start=\"1555\" data-end=\"1664\">\n<p data-start=\"1557\" data-end=\"1664\"><span style=\"font-family: arial, helvetica, sans-serif;\">Tr\u1ef1c ti\u1ebfp c\u00e1c gi\u1ea3i b\u00f3ng \u0111\u00e1 h\u00e0ng \u0111\u1ea7u nh\u01b0 Ngo\u1ea1i H\u1ea1ng Anh, UEFA Champions League, c\u00e1c gi\u1ea3i th\u1ec3 thao n\u1ed5i b\u1eadt.<\/span><\/p>\n<\/li>\n<li data-start=\"1665\" data-end=\"1751\">\n<p data-start=\"1667\" data-end=\"1751\"><span style=\"font-family: arial, helvetica, sans-serif;\">N\u1ed9i dung \u0111\u01b0\u1ee3c c\u1eadp nh\u1eadt h\u00e0ng tu\u1ea7n, \u0111\u1ea3m b\u1ea3o b\u1ea1n kh\u00f4ng b\u1ecf l\u1ee1 b\u1ea5t k\u1ef3 ch\u01b0\u01a1ng tr\u00ecnh n\u00e0o.<\/span><\/p>\n<\/li>\n<\/ul>\n<hr data-start=\"1753\" data-end=\"1756\" \/>\n<h3 data-start=\"1758\" data-end=\"1794\"><span style=\"font-family: arial, helvetica, sans-serif;\">\ud83d\udcbb <strong data-start=\"1765\" data-end=\"1794\">Tr\u1ea3i nghi\u1ec7m xem tuy\u1ec7t v\u1eddi<\/strong><\/span><\/h3>\n<ul data-start=\"1795\" data-end=\"1960\">\n<li data-start=\"1795\" data-end=\"1842\">\n<p data-start=\"1797\" data-end=\"1842\"><span style=\"font-family: arial, helvetica, sans-serif;\">H\u1ed7 tr\u1ee3 HD, Full HD, 4K, \u00e2m thanh s\u1ed1ng \u0111\u1ed9ng.<\/span><\/p>\n<\/li>\n<li data-start=\"1843\" data-end=\"1889\">\n<p data-start=\"1845\" data-end=\"1889\"><span style=\"font-family: arial, helvetica, sans-serif;\">Xem tr\u00ean TV, m\u00e1y t\u00ednh, tablet, smartphone.<\/span><\/p>\n<\/li>\n<li data-start=\"1890\" data-end=\"1960\">\n<p data-start=\"1892\" data-end=\"1960\"><span style=\"font-family: arial, helvetica, sans-serif;\">\u0110a thi\u1ebft b\u1ecb c\u00f9ng l\u00fac, m\u01b0\u1ee3t m\u00e0, \u1ed5n \u0111\u1ecbnh, kh\u00f4ng qu\u1ea3ng c\u00e1o g\u00e2y phi\u1ec1n.<\/span><\/p>\n<\/li>\n<\/ul>\n<hr data-start=\"1962\" data-end=\"1965\" \/>\n<h3 data-start=\"1967\" data-end=\"2006\"><span style=\"font-family: arial, helvetica, sans-serif;\">\u26a1 <strong data-start=\"1973\" data-end=\"2006\">Nhanh ch\u00f3ng, ti\u1ec7n l\u1ee3i, uy t\u00edn<\/strong><\/span><\/h3>\n<ul data-start=\"2007\" data-end=\"2224\">\n<li data-start=\"2007\" data-end=\"2055\">\n<p data-start=\"2009\" data-end=\"2055\"><span style=\"font-family: arial, helvetica, sans-serif;\">Thanh to\u00e1n \u0111\u01a1n gi\u1ea3n, k\u00edch ho\u1ea1t ngay l\u1eadp t\u1ee9c.<\/span><\/p>\n<\/li>\n<li data-start=\"2056\" data-end=\"2115\">\n<p data-start=\"2058\" data-end=\"2115\"><span style=\"font-family: arial, helvetica, sans-serif;\">H\u1ed7 tr\u1ee3 n\u00e2ng c\u1ea5p g\u00f3i, chuy\u1ec3n \u0111\u1ed5i linh ho\u1ea1t theo nhu c\u1ea7u.<\/span><\/p>\n<\/li>\n<li data-start=\"2116\" data-end=\"2160\">\n<p data-start=\"2118\" data-end=\"2160\"><span style=\"font-family: arial, helvetica, sans-serif;\">B\u1ea3o h\u00e0nh uy t\u00edn, h\u1ed7 tr\u1ee3 kh\u00e1ch h\u00e0ng 24\/24<\/span><\/p>\n<\/li>\n<li data-start=\"2161\" data-end=\"2224\">\n<p data-start=\"2163\" data-end=\"2224\"><span style=\"font-family: arial, helvetica, sans-serif;\">D\u1ecbch v\u1ee5 t\u1eadn t\u00e2m, \u0111\u1ea3m b\u1ea3o tr\u1ea3i nghi\u1ec7m c\u1ee7a b\u1ea1n lu\u00f4n t\u1ed1t nh\u1ea5t.<\/span><\/p>\n<\/li>\n<\/ul>\n<hr data-start=\"2226\" data-end=\"2229\" \/>\n<h3 data-start=\"2231\" data-end=\"2267\"><span style=\"font-family: arial, helvetica, sans-serif;\">\ud83c\udfe1 <strong data-start=\"2238\" data-end=\"2267\">Ph\u00f9 h\u1ee3p cho m\u1ecdi \u0111\u1ed1i t\u01b0\u1ee3ng<\/strong><\/span><\/h3>\n<ul data-start=\"2268\" data-end=\"2446\">\n<li data-start=\"2268\" data-end=\"2315\">\n<p data-start=\"2270\" data-end=\"2315\"><span style=\"font-family: arial, helvetica, sans-serif;\">C\u00e1 nh\u00e2n mu\u1ed1n tr\u1ea3i nghi\u1ec7m gi\u1ea3i tr\u00ed tr\u1ecdn v\u1eb9n.<\/span><\/p>\n<\/li>\n<li data-start=\"2316\" data-end=\"2362\">\n<p data-start=\"2318\" data-end=\"2362\"><span style=\"font-family: arial, helvetica, sans-serif;\">Gia \u0111\u00ecnh mu\u1ed1n xem c\u00f9ng l\u00fac nhi\u1ec1u thi\u1ebft b\u1ecb.<\/span><\/p>\n<\/li>\n<li data-start=\"2363\" data-end=\"2446\">\n<p data-start=\"2365\" data-end=\"2446\"><span style=\"font-family: arial, helvetica, sans-serif;\">Doanh nghi\u1ec7p nh\u1ecf mu\u1ed1n cung c\u1ea5p n\u1ed9i dung gi\u1ea3i tr\u00ed cho nh\u00e2n vi\u00ean ho\u1eb7c kh\u00e1ch h\u00e0ng.<\/span><\/p>\n<\/li>\n<\/ul>\n<hr data-start=\"2448\" data-end=\"2451\" \/>\n<h3 data-start=\"2453\" data-end=\"2481\"><span style=\"font-family: arial, helvetica, sans-serif;\">\ud83c\udfaf <strong data-start=\"2460\" data-end=\"2481\">L\u1ee3i \u00edch v\u01b0\u1ee3t tr\u1ed9i<\/strong><\/span><\/h3>\n<ul data-start=\"2482\" data-end=\"2791\">\n<li data-start=\"2482\" data-end=\"2584\">\n<p data-start=\"2484\" data-end=\"2584\"><span style=\"font-family: arial, helvetica, sans-serif;\">T\u1eadn h\u01b0\u1edfng tr\u1ea3i nghi\u1ec7m phim, truy\u1ec1n h\u00ecnh, th\u1ec3 thao v\u00e0 ca nh\u1ea1c \u0111\u1ea7y \u0111\u1ee7, b\u1ea3n quy\u1ec1n, c\u1eadp nh\u1eadt li\u00ean t\u1ee5c.<\/span><\/p>\n<\/li>\n<li data-start=\"2585\" data-end=\"2682\">\n<p data-start=\"2587\" data-end=\"2682\"><span style=\"font-family: arial, helvetica, sans-serif;\">D\u1ec5 d\u00e0ng n\u00e2ng c\u1ea5p c\u00e1c g\u00f3i SMAX, SVIP, V.VIP1 theo nhu c\u1ea7u, ph\u00f9 h\u1ee3p v\u1edbi t\u1eebng c\u00e1 nh\u00e2n ho\u1eb7c nh\u00f3m.<\/span><\/p>\n<\/li>\n<li data-start=\"2683\" data-end=\"2732\">\n<p data-start=\"2685\" data-end=\"2732\"><span style=\"font-family: arial, helvetica, sans-serif;\">An to\u00e0n, b\u1ea3o m\u1eadt cao, h\u1ed7 tr\u1ee3 m\u1ecdi l\u00fac m\u1ecdi n\u01a1i.<\/span><\/p>\n<\/li>\n<li data-start=\"2733\" data-end=\"2791\">\n<p data-start=\"2735\" data-end=\"2791\"><span style=\"font-family: arial, helvetica, sans-serif;\">Ti\u1ec7n l\u1ee3i, nhanh ch\u00f3ng, s\u1eed d\u1ee5ng ngay sau khi \u0111\u0103ng nh\u1eadp.<\/span><\/p>\n<\/li>\n<\/ul>\n<hr data-start=\"2793\" data-end=\"2796\" \/>\n<p data-start=\"2798\" data-end=\"3048\"><span style=\"font-family: arial, helvetica, sans-serif;\"><strong data-start=\"2798\" data-end=\"2813\">\u0110\u1eebng b\u1ecf l\u1ee1!<\/strong><\/span><br data-start=\"2813\" data-end=\"2816\" \/><span style=\"font-family: arial, helvetica, sans-serif;\">H\u00e3y n\u00e2ng c\u1ea5p <strong data-start=\"2829\" data-end=\"2873\">FPT Play ch\u00ednh ch\u1ee7 ho\u1eb7c FPT Play c\u1ea5p s\u1eb5n<\/strong> ngay h\u00f4m nay \u0111\u1ec3 <strong data-start=\"2890\" data-end=\"2997\">tr\u1ea3i nghi\u1ec7m gi\u1ea3i tr\u00ed kh\u00f4ng gi\u1edbi h\u1ea1n, xem phim, b\u00f3ng \u0111\u00e1, ca nh\u1ea1c, truy\u1ec1n h\u00ecnh, livestream ch\u1ea5t l\u01b0\u1ee3ng cao<\/strong> v\u00e0 t\u1eadn h\u01b0\u1edfng m\u1ecdi quy\u1ec1n l\u1ee3i \u0111\u1eb7c bi\u1ec7t t\u1eeb FPT Play!<\/span><\/p>\n","protected":false},"excerpt":{"rendered":"<p data-start=\"1494\" data-end=\"1544\"><span style=\"color: #000000;\">\u2714\ufe0f N\u00e2ng c\u1ea5p <strong><span style=\"color: #ff9900;\"><span class=\"hover:entity-accent entity-underline inline cursor-pointer align-baseline\"><span class=\"whitespace-normal\">FPT Play<\/span><\/span> ch\u00ednh ch\u1ee7<\/span> <\/strong>\u2013 an to\u00e0n, \u0111\u1ee9ng t\u00ean c\u00e1 nh\u00e2n<\/span><br data-start=\"87\" data-end=\"90\" \/><span style=\"color: #000000;\">\u2714\ufe0f T\u00e0i kho\u1ea3n <strong><span style=\"color: #ff9900;\">FPT c\u1ea5p s\u1eb5n<\/span><\/strong> \u2013 c\u00f3 s\u1eb5n, \u0111\u0103ng nh\u1eadp d\u00f9ng ngay<\/span><br data-start=\"144\" data-end=\"147\" \/><span style=\"color: #000000;\">\u2714\ufe0f Xem phim, truy\u1ec1n h\u00ecnh, th\u1ec3 thao b\u1ea3n quy\u1ec1n \u0111\u1ea7y \u0111\u1ee7<\/span><br data-start=\"198\" data-end=\"201\" \/><span style=\"color: #000000;\">\u2714\ufe0f H\u1ed7 tr\u1ee3 <\/span><span style=\"color: #003300;\">SMAX<\/span><span style=\"color: #000000;\">, SVIP, V.VIP1 theo nhu c\u1ea7u<\/span><br data-start=\"242\" data-end=\"245\" \/><span style=\"color: #000000;\">\u2714\ufe0f S\u1eed d\u1ee5ng \u0111a thi\u1ebft b\u1ecb, \u1ed5n \u0111\u1ecbnh m\u01b0\u1ee3t m\u00e0<\/span><br data-start=\"284\" data-end=\"287\" \/><span style=\"color: #000000;\">\u2714\ufe0f K\u00edch ho\u1ea1t nhanh \u2013 b\u1ea3o h\u00e0nh uy t\u00edn \u2013 h\u1ed7 tr\u1ee3 24\/24<\/span><br data-start=\"337\" data-end=\"340\" \/><span style=\"color: #000000;\">\u2714\ufe0f N\u1ed9i dung c\u1eadp nh\u1eadt li\u00ean t\u1ee5c, kho phim m\u1edbi m\u1ed7i tu\u1ea7n<\/span><br data-start=\"392\" data-end=\"395\" \/><span style=\"color: #000000;\">\u2714\ufe0f H\u1ed7 tr\u1ee3 livestream, b\u00f3ng \u0111\u00e1, ca nh\u1ea1c, gi\u1ea3i tr\u00ed \u0111a d\u1ea1ng<\/span><br data-start=\"451\" data-end=\"454\" \/><span style=\"color: #000000;\">\u2714\ufe0f Thanh to\u00e1n linh ho\u1ea1t, n\u00e2ng c\u1ea5p g\u00f3i d\u1ec5 d\u00e0ng<\/span><br data-start=\"499\" data-end=\"502\" \/><span style=\"color: #000000;\">\u2714\ufe0f Tr\u1ea3i nghi\u1ec7m m\u01b0\u1ee3t m\u00e0, kh\u00f4ng qu\u1ea3ng c\u00e1o, ch\u1ea5t l\u01b0\u1ee3ng HD\/4K<\/span><\/p>\n","protected":false},"featured_media":2357,"comment_status":"open","ping_status":"closed","template":"","meta":{"_acf_changed":false,"inline_featured_image":false},"product_brand":[],"product_cat":[15,33],"product_tag":[],"class_list":{"0":"post-1511","1":"product","2":"type-product","3":"status-publish","4":"has-post-thumbnail","6":"product_cat-chua-phan-loai","7":"product_cat-premium","9":"first","10":"instock","11":"sale","12":"taxable","13":"shipping-taxable","14":"purchasable","15":"product-type-variable"},"acf":[],"_links":{"self":[{"href":"https:\/\/www.thegioimmovn.com\/index.php?rest_route=\/wp\/v2\/product\/1511","targetHints":{"allow":["GET"]}}],"collection":[{"href":"https:\/\/www.thegioimmovn.com\/index.php?rest_route=\/wp\/v2\/product"}],"about":[{"href":"https:\/\/www.thegioimmovn.com\/index.php?rest_route=\/wp\/v2\/types\/product"}],"replies":[{"embeddable":true,"href":"https:\/\/www.thegioimmovn.com\/index.php?rest_route=%2Fwp%2Fv2%2Fcomments&post=1511"}],"wp:featuredmedia":[{"embeddable":true,"href":"https:\/\/www.thegioimmovn.com\/index.php?rest_route=\/wp\/v2\/media\/2357"}],"wp:attachment":[{"href":"https:\/\/www.thegioimmovn.com\/index.php?rest_route=%2Fwp%2Fv2%2Fmedia&parent=1511"}],"wp:term":[{"taxonomy":"product_brand","embeddable":true,"href":"https:\/\/www.thegioimmovn.com\/index.php?rest_route=%2Fwp%2Fv2%2Fproduct_brand&post=1511"},{"taxonomy":"product_cat","embeddable":true,"href":"https:\/\/www.thegioimmovn.com\/index.php?rest_route=%2Fwp%2Fv2%2Fproduct_cat&post=1511"},{"taxonomy":"product_tag","embeddable":true,"href":"https:\/\/www.thegioimmovn.com\/index.php?rest_route=%2Fwp%2Fv2%2Fproduct_tag&post=1511"}],"curies":[{"name":"wp","href":"https:\/\/api.w.org\/{rel}","templated":true}]}}