    {"id":1462,"date":"2025-11-04T11:18:34","date_gmt":"2025-11-04T19:18:34","guid":{"rendered":"https:\/\/xn--12cat7b6ah3cmc7g0bdgb.cc\/?post_type=product&#038;p=1462"},"modified":"2026-02-20T00:54:31","modified_gmt":"2026-02-19T23:54:31","slug":"nang-cap-tai-khoan-kling-ai","status":"publish","type":"product","link":"https:\/\/www.thegioimmovn.com\/?product=nang-cap-tai-khoan-kling-ai","title":{"rendered":"T\u00e0i Kho\u1ea3n Kling AI 1 Th\u00e1ng"},"content":{"rendered":"<h2 data-start=\"172\" data-end=\"228\"><span style=\"font-size: 19px; color: #000000;\">Gi\u1edbi thi\u1ec7u s\u1ea3n ph\u1ea9m: N\u00e2ng c\u1ea5p T\u00e0i kho\u1ea3n Kling AI<\/span><\/h2>\n<p data-start=\"229\" data-end=\"356\"><span style=\"font-size: 19px; color: #000000;\">Kh\u00e1m ph\u00e1 s\u1ee9c m\u1ea1nh s\u00e1ng t\u1ea1o m\u1edbi v\u1edbi t\u00e0i kho\u1ea3n n\u00e2ng c\u1ea5p c\u1ee7a Kling AI \u2014 bi\u1ebfn \u00fd t\u01b0\u1edfng th\u00e0nh video AI chuy\u00ean nghi\u1ec7p, kh\u00f4ng gi\u1edbi h\u1ea1n.<\/span><\/p>\n<hr data-start=\"358\" data-end=\"361\" \/>\n<h3 data-start=\"363\" data-end=\"381\"><span style=\"font-size: 19px; color: #000000;\">\ud83d\udd0d T\u1ed5ng quan<\/span><\/h3>\n<p data-start=\"382\" data-end=\"799\"><span style=\"font-size: 19px; color: #000000;\">Kling AI l\u00e0 n\u1ec1n t\u1ea3ng t\u1ea1o video b\u1eb1ng AI \u0111\u00ecnh \u0111\u00e1m: t\u1eeb \u201ctext-to-video\u201d v\u00e0 \u201cimage-to-video\u201d, b\u1ea1n ch\u1ec9 c\u1ea7n vi\u1ebft l\u1eddi d\u1eabn v\u00e0 ch\u1ecdn h\u00ecnh \u1ea3nh, h\u1ec7 th\u1ed1ng s\u1ebd t\u1ef1 \u0111\u1ed9ng d\u1ef1ng video. V\u1edbi b\u1ea3n n\u00e2ng c\u1ea5p t\u00e0i kho\u1ea3n, b\u1ea1n s\u1ebd m\u1edf kh\u00f3a nhi\u1ec1u t\u00ednh n\u0103ng cao c\u1ea5p, th\u00eam quy\u1ec1n s\u1eed d\u1ee5ng, \u0111\u1ed9 ph\u00e2n gi\u1ea3i, v\u00e0 lo\u1ea1i b\u1ecf watermark \u2014 gi\u00fap n\u1ed9i dung c\u1ee7a b\u1ea1n chuy\u00ean nghi\u1ec7p h\u01a1n, \u0111\u1eb9p h\u01a1n v\u00e0 ph\u00f9 h\u1ee3p \u0111\u1ec3 \u0111\u0103ng t\u1ea3i ra m\u1eaft th\u1ecb tr\u01b0\u1eddng. <span class=\"\" data-state=\"closed\"><span class=\"ms-1 inline-flex max-w-full items-center relative top-[-0.094rem] animate-[show_150ms_ease-in]\" data-testid=\"webpage-citation-pill\"><a class=\"flex h-4.5 overflow-hidden rounded-xl px-2 text-[9px] font-medium transition-colors duration-150 ease-in-out text-token-text-secondary! bg-[#F4F4F4]! dark:bg-[#303030]!\" style=\"color: #000000;\" href=\"https:\/\/pollo.ai\/m\/kling-ai?utm_source=chatgpt.com\" target=\"_blank\" rel=\"noopener\"><span class=\"relative start-0 bottom-0 flex h-full w-full items-center\"><span class=\"flex h-4 w-full items-center justify-between\"><span class=\"max-w-[15ch] grow truncate overflow-hidden text-center\">pollo.ai<\/span><span class=\"-me-1 flex h-full items-center rounded-full px-1 text-[#8F8F8F]\">+2<\/span><\/span><span class=\"flex h-4 w-full items-center justify-between absolute\"><span class=\"max-w-[15ch] grow truncate overflow-hidden text-center\">yeschat.ai<\/span><span class=\"-me-1 flex h-full items-center rounded-full px-1 text-[#8F8F8F]\">+2<\/span><\/span><\/span><\/a><\/span><\/span><\/span><\/p>\n<hr data-start=\"801\" data-end=\"804\" \/>\n<h3 data-start=\"806\" data-end=\"846\"><span style=\"font-size: 19px; color: #000000;\">\ud83d\ude80 Nh\u1eefng \u0110i\u1ec3m N\u1ed5i B\u1eadt Khi N\u00e2ng C\u1ea5p<\/span><\/h3>\n<ul data-start=\"847\" data-end=\"1630\">\n<li data-start=\"847\" data-end=\"972\">\n<p data-start=\"849\" data-end=\"972\"><span style=\"font-size: 19px; color: #000000;\">Kh\u00f4ng watermark: Video xu\u1ea5t ra kh\u00f4ng b\u1ecb d\u00e1n nh\u00e3n \u201cPowered by Kling\u201d \u2014 n\u00e2ng t\u1ea7m th\u01b0\u01a1ng hi\u1ec7u c\u00e1 nh\u00e2n ho\u1eb7c doanh nghi\u1ec7p.<\/span><\/p>\n<\/li>\n<li data-start=\"973\" data-end=\"1138\">\n<p data-start=\"975\" data-end=\"1138\"><span style=\"font-size: 19px; color: #000000;\">Credits nhi\u1ec1u h\u01a1n: G\u00f3i n\u00e2ng cao cung c\u1ea5p nhi\u1ec1u \u201ccredits\u201d h\u01a1n m\u1ed7i th\u00e1ng, cho ph\u00e9p t\u1ea1o video d\u00e0i h\u01a1n, ch\u1ea5t l\u01b0\u1ee3ng cao h\u01a1n. <span class=\"\" data-state=\"closed\"><span class=\"ms-1 inline-flex max-w-full items-center relative top-[-0.094rem] animate-[show_150ms_ease-in]\" data-testid=\"webpage-citation-pill\"><a class=\"flex h-4.5 overflow-hidden rounded-xl px-2 text-[9px] font-medium transition-colors duration-150 ease-in-out text-token-text-secondary! bg-[#F4F4F4]! dark:bg-[#303030]!\" style=\"color: #000000;\" href=\"https:\/\/blog.segmind.com\/kling-ai-pricing-complete-breakdown-and-comparison\/?utm_source=chatgpt.com\" target=\"_blank\" rel=\"noopener\"><span class=\"relative start-0 bottom-0 flex h-full w-full items-center\"><span class=\"flex h-4 w-full items-center justify-between\"><span class=\"max-w-[15ch] grow truncate overflow-hidden text-center\">blog.segmind.com<\/span><span class=\"-me-1 flex h-full items-center rounded-full px-1 text-[#8F8F8F]\">+1<\/span><\/span><\/span><\/a><\/span><\/span><\/span><\/p>\n<\/li>\n<li data-start=\"1139\" data-end=\"1305\">\n<p data-start=\"1141\" data-end=\"1305\"><span style=\"font-size: 19px; color: #000000;\">\u0110\u1ed9 ph\u00e2n gi\u1ea3i &amp; t\u00ednh n\u0103ng cao: H\u1ed7 tr\u1ee3 \u0111\u1ebfn 1080p ho\u1eb7c cao h\u01a1n, nhi\u1ec1u t\u00f9y ch\u1ecdn camera, chuy\u1ec3n \u0111\u1ed9ng, hi\u1ec7u \u1ee9ng chuy\u00ean nghi\u1ec7p. <span class=\"\" data-state=\"closed\"><span class=\"ms-1 inline-flex max-w-full items-center relative top-[-0.094rem] animate-[show_150ms_ease-in]\" data-testid=\"webpage-citation-pill\"><a class=\"flex h-4.5 overflow-hidden rounded-xl px-2 text-[9px] font-medium transition-colors duration-150 ease-in-out text-token-text-secondary! bg-[#F4F4F4]! dark:bg-[#303030]!\" style=\"color: #000000;\" href=\"https:\/\/blogs.novita.ai\/is-kling-ai-free\/?utm_source=chatgpt.com\" target=\"_blank\" rel=\"noopener\"><span class=\"relative start-0 bottom-0 flex h-full w-full items-center\"><span class=\"flex h-4 w-full items-center justify-between\"><span class=\"max-w-[15ch] grow truncate overflow-hidden text-center\">blogs.novita.ai<\/span><span class=\"-me-1 flex h-full items-center rounded-full px-1 text-[#8F8F8F]\">+1<\/span><\/span><\/span><\/a><\/span><\/span><\/span><\/p>\n<\/li>\n<li data-start=\"1306\" data-end=\"1487\">\n<p data-start=\"1308\" data-end=\"1487\"><span style=\"font-size: 19px; color: #000000;\">H\u1ed7 tr\u1ee3 \u01b0u ti\u00ean &amp; h\u00e0ng \u0111\u1ee3i nhanh: Khi b\u1ea1n c\u1ea7n xu\u1ea5t b\u00ean ngo\u00e0i gi\u1edd cao \u0111i\u1ec3m ho\u1eb7c cho d\u1ef1 \u00e1n quan tr\u1ecdng, t\u00e0i kho\u1ea3n cao c\u1ea5p c\u00f3 \u01b0u ti\u00ean x\u1eed l\u00fd. <span class=\"\" data-state=\"closed\"><span class=\"ms-1 inline-flex max-w-full items-center relative top-[-0.094rem] animate-[show_150ms_ease-in]\" data-testid=\"webpage-citation-pill\"><a class=\"flex h-4.5 overflow-hidden rounded-xl px-2 text-[9px] font-medium transition-colors duration-150 ease-in-out text-token-text-secondary! bg-[#F4F4F4]! dark:bg-[#303030]!\" style=\"color: #000000;\" href=\"https:\/\/word-spinner.com\/blog\/is-kling-ai-free\/?utm_source=chatgpt.com\" target=\"_blank\" rel=\"noopener\"><span class=\"relative start-0 bottom-0 flex h-full w-full items-center\"><span class=\"flex h-4 w-full items-center justify-between overflow-hidden\"><span class=\"max-w-[15ch] grow truncate overflow-hidden text-center\">Word Spinner<\/span><\/span><\/span><\/a><\/span><\/span><\/span><\/p>\n<\/li>\n<li data-start=\"1488\" data-end=\"1630\">\n<p data-start=\"1490\" data-end=\"1630\"><span style=\"font-size: 19px; color: #000000;\">Ph\u00f9 h\u1ee3p \u0111a d\u1ea1ng m\u1ee5c \u0111\u00edch: D\u00e0nh cho ng\u01b0\u1eddi s\u00e1ng t\u1ea1o n\u1ed9i dung social, agency qu\u1ea3ng c\u00e1o, marketer, v\u00e0 doanh nghi\u1ec7p c\u1ea7n video nhanh, \u0111\u1ed9c \u0111\u00e1o.<\/span><\/p>\n<\/li>\n<\/ul>\n<hr data-start=\"1632\" data-end=\"1635\" \/>\n<h3 data-start=\"1637\" data-end=\"1662\"><span style=\"font-size: 19px; color: #000000;\">\ud83c\udfaf Ai N\u00ean N\u00e2ng C\u1ea5p?<\/span><\/h3>\n<ul data-start=\"1663\" data-end=\"2071\">\n<li data-start=\"1663\" data-end=\"1764\">\n<p data-start=\"1665\" data-end=\"1764\"><span style=\"font-size: 19px; color: #000000;\">Ng\u01b0\u1eddi s\u00e1ng t\u1ea1o n\u1ed9i dung (YouTuber, TikTok, Instagram) mu\u1ed1n video \u0111\u1ed9c \u0111\u00e1o, n\u1ed5i b\u1eadt so v\u1edbi s\u1ed1 \u0111\u00f4ng.<\/span><\/p>\n<\/li>\n<li data-start=\"1765\" data-end=\"1846\">\n<p data-start=\"1767\" data-end=\"1846\"><span style=\"font-size: 19px; color: #000000;\">Agency qu\u1ea3ng c\u00e1o ho\u1eb7c freelancer c\u1ea7n xu\u1ea5t h\u00e0ng lo\u1ea1t video v\u1edbi ch\u1ea5t l\u01b0\u1ee3ng cao.<\/span><\/p>\n<\/li>\n<li data-start=\"1847\" data-end=\"1974\">\n<p data-start=\"1849\" data-end=\"1974\"><span style=\"font-size: 19px; color: #000000;\">Doanh nghi\u1ec7p nh\u1ecf ho\u1eb7c startup c\u1ea7n s\u1ea3n xu\u1ea5t video chuy\u00ean nghi\u1ec7p, nhanh ch\u00f3ng m\u00e0 kh\u00f4ng t\u1ed1n l\u1edbn chi ph\u00ed s\u1ea3n xu\u1ea5t truy\u1ec1n th\u1ed1ng.<\/span><\/p>\n<\/li>\n<li data-start=\"1975\" data-end=\"2071\">\n<p data-start=\"1977\" data-end=\"2071\"><span style=\"font-size: 19px; color: #000000;\">Ng\u01b0\u1eddi d\u00f9ng hobbyst ho\u1eb7c s\u00e1ng t\u1ea1o c\u00e1 nh\u00e2n mu\u1ed1n th\u1eed nghi\u1ec7m AI nh\u01b0ng mu\u1ed1n v\u01b0\u1ee3t gi\u1edbi h\u1ea1n mi\u1ec5n ph\u00ed.<\/span><\/p>\n<\/li>\n<\/ul>\n<hr data-start=\"2688\" data-end=\"2691\" \/>\n<h3 data-start=\"2693\" data-end=\"2741\"><span style=\"font-size: 19px; color: #000000;\">\u2705 L\u00fd Do L\u1ef1a Ch\u1ecdn N\u00e2ng C\u1ea5p V\u1edbi MMOEmpire.vn<\/span><\/h3>\n<ul data-start=\"2742\" data-end=\"3017\">\n<li data-start=\"2742\" data-end=\"2797\">\n<p data-start=\"2744\" data-end=\"2797\"><span style=\"font-size: 19px; color: #000000;\">Giao d\u1ecbch nhanh ch\u00f3ng, h\u1ed7 tr\u1ee3 thanh to\u00e1n linh ho\u1ea1t.<\/span><\/p>\n<\/li>\n<li data-start=\"2798\" data-end=\"2878\">\n<p data-start=\"2800\" data-end=\"2878\"><span style=\"font-size: 19px; color: #000000;\">H\u01b0\u1edbng d\u1eabn chi ti\u1ebft t\u1eeb A \u2192 Z: n\u00e2ng c\u1ea5p t\u00e0i kho\u1ea3n, v\u1eadn h\u00e0nh, s\u1eed d\u1ee5ng hi\u1ec7u qu\u1ea3.<\/span><\/p>\n<\/li>\n<li data-start=\"2879\" data-end=\"2949\">\n<p data-start=\"2881\" data-end=\"2949\"><span style=\"font-size: 19px; color: #000000;\">\u0110\u01b0\u1ee3c t\u01b0 v\u1ea5n l\u1ef1a ch\u1ecdn g\u00f3i ph\u00f9 h\u1ee3p v\u1edbi nhu c\u1ea7u v\u00e0 ng\u00e2n s\u00e1ch c\u1ee7a b\u1ea1n.<\/span><\/p>\n<\/li>\n<li data-start=\"2950\" data-end=\"3017\">\n<p data-start=\"2952\" data-end=\"3017\"><span style=\"font-size: 19px; color: #000000;\">H\u1ed7 tr\u1ee3 sau b\u00e1n h\u00e0ng: n\u1ebfu c\u00f3 v\u1ea5n \u0111\u1ec1, \u0111\u1ed9i ng\u0169 h\u1ed7 tr\u1ee3 s\u1eb5n s\u00e0ng 24\/7.<\/span><\/p>\n<\/li>\n<\/ul>\n<hr data-start=\"3019\" data-end=\"3022\" \/>\n<h3 data-start=\"3024\" data-end=\"3059\"><span style=\"font-size: 19px; color: #000000;\">\ud83d\uded2 H\u00e3y N\u00e2ng C\u1ea5p Ngay H\u00f4m Nay!<\/span><\/h3>\n<p data-start=\"3060\" data-end=\"3193\"><span style=\"font-size: 19px; color: #000000;\">\u0110\u1eebng \u0111\u1ec3 video c\u1ee7a b\u1ea1n b\u1ecb gi\u1edbi h\u1ea1n b\u1edfi m\u1ed9t v\u00e0i gi\u00e2y, watermark hay ch\u1ea5t l\u01b0\u1ee3ng th\u1ea5p. V\u1edbi b\u1ea3n n\u00e2ng c\u1ea5p t\u00e0i kho\u1ea3n Kling AI, b\u1ea1n c\u00f3 th\u1ec3:<\/span><\/p>\n<ul data-start=\"3194\" data-end=\"3410\">\n<li data-start=\"3194\" data-end=\"3257\">\n<p data-start=\"3196\" data-end=\"3257\"><span style=\"font-size: 19px; color: #000000;\">Bi\u1ebfn \u00fd t\u01b0\u1edfng th\u00e0nh video clip chuy\u00ean nghi\u1ec7p trong v\u00e0i ph\u00fat.<\/span><\/p>\n<\/li>\n<li data-start=\"3258\" data-end=\"3332\">\n<p data-start=\"3260\" data-end=\"3332\"><span style=\"font-size: 19px; color: #000000;\">T\u1ea1o ra n\u1ed9i dung \u0111\u1ed9c \u0111\u00e1o, \u1ea5n t\u01b0\u1ee3ng \u2014 thu h\u00fat ng\u01b0\u1eddi xem, t\u0103ng t\u01b0\u01a1ng t\u00e1c.<\/span><\/p>\n<\/li>\n<li data-start=\"3333\" data-end=\"3410\">\n<p data-start=\"3335\" data-end=\"3410\"><span style=\"font-size: 19px; color: #000000;\">Ti\u1ebft ki\u1ec7m th\u1eddi gian s\u1ea3n xu\u1ea5t, gi\u1ea3m chi ph\u00ed so v\u1edbi quay phim\/truy\u1ec1n th\u1ed1ng.<\/span><\/p>\n<\/li>\n<\/ul>\n<p data-start=\"3412\" data-end=\"3500\"><span style=\"font-size: 19px; color: #000000;\">\ud83d\udc49 Li\u00ean h\u1ec7 v\u1edbi MMOEmpire.vn \u0111\u1ec3 nh\u1eadn t\u01b0 v\u1ea5n g\u00f3i n\u00e2ng c\u1ea5p, b\u00e1o gi\u00e1 v\u00e0 khuy\u1ebfn m\u00e3i m\u1edbi nh\u1ea5t.<\/span><\/p>\n","protected":false},"excerpt":{"rendered":"<article class=\"text-token-text-primary w-full focus:outline-none [--shadow-height:45px] has-data-writing-block:pointer-events-none has-data-writing-block:-mt-(--shadow-height) has-data-writing-block:pt-(--shadow-height) [&amp;:has([data-writing-block])&gt;*]:pointer-events-auto scroll-mt-(--header-height)\" dir=\"auto\" tabindex=\"-1\" data-turn-id=\"d7d48575-afbb-4df7-b709-0ffac913a847\" data-testid=\"conversation-turn-17\" data-scroll-anchor=\"false\" data-turn=\"user\"><\/article>\n<article class=\"text-token-text-primary w-full focus:outline-none [--shadow-height:45px] has-data-writing-block:pointer-events-none has-data-writing-block:-mt-(--shadow-height) has-data-writing-block:pt-(--shadow-height) [&amp;:has([data-writing-block])&gt;*]:pointer-events-auto scroll-mt-[calc(var(--header-height)+min(200px,max(70px,20svh)))]\" dir=\"auto\" tabindex=\"-1\" data-turn-id=\"request-WEB:d5a2b34f-6e9a-4113-a4c9-52deee891c00-56\" data-testid=\"conversation-turn-18\" data-scroll-anchor=\"true\" data-turn=\"assistant\">\n<div class=\"text-base my-auto mx-auto pb-10 [--thread-content-margin:--spacing(4)] @w-sm\/main:[--thread-content-margin:--spacing(6)] @w-lg\/main:[--thread-content-margin:--spacing(16)] px-(--thread-content-margin)\">\n<div class=\"[--thread-content-max-width:40rem] @w-lg\/main:[--thread-content-max-width:48rem] mx-auto max-w-(--thread-content-max-width) flex-1 group\/turn-messages focus-visible:outline-hidden relative flex w-full min-w-0 flex-col agent-turn\" tabindex=\"-1\">\n<div class=\"flex max-w-full flex-col grow\">\n<div class=\"min-h-8 text-message relative flex w-full flex-col items-end gap-2 text-start break-words whitespace-normal [.text-message+&amp;]:mt-1\" dir=\"auto\" data-message-author-role=\"assistant\" data-message-id=\"f115d357-765b-45b9-90bf-14576a55bd50\" data-message-model-slug=\"gpt-5-2\">\n<div class=\"flex w-full flex-col gap-1 empty:hidden first:pt-[1px]\">\n<div class=\"markdown prose dark:prose-invert w-full wrap-break-word dark markdown-new-styling\">\n<p data-start=\"0\" data-end=\"215\" data-is-last-node=\"\" data-is-only-node=\"\">\u2714\ufe0f T\u00e0i kho\u1ea3n Kling AI 1 Th\u00e1ng ch\u00ednh ch\u1ee7<br \/>\n\u2714\ufe0f G\u00f3i Standard linh ho\u1ea1t: 828 \u2013 1.100 Credit<br \/>\n\u2714\ufe0f T\u1ea1o video AI ch\u1ea5t l\u01b0\u1ee3ng cao, t\u1ed1c \u0111\u1ed9 nhanh<br \/>\n\u2714\ufe0f Credit l\u1edbn, s\u1eed d\u1ee5ng tho\u1ea3i m\u00e1i trong th\u00e1ng<br \/>\n\u2714\ufe0f K\u00edch ho\u1ea1t nhanh \u2013 h\u1ed7 tr\u1ee3 t\u1eadn t\u00ecnh<\/p>\n<\/div>\n<\/div>\n<\/div>\n<\/div>\n<\/div>\n<\/div>\n<\/article>\n","protected":false},"featured_media":2394,"comment_status":"open","ping_status":"closed","template":"","meta":{"_acf_changed":false,"inline_featured_image":false},"product_brand":[],"product_cat":[15,17],"product_tag":[],"class_list":{"0":"post-1462","1":"product","2":"type-product","3":"status-publish","4":"has-post-thumbnail","6":"product_cat-chua-phan-loai","7":"product_cat-lam-viec","9":"first","10":"instock","11":"sale","12":"taxable","13":"shipping-taxable","14":"purchasable","15":"product-type-simple"},"acf":[],"_links":{"self":[{"href":"https:\/\/www.thegioimmovn.com\/index.php?rest_route=\/wp\/v2\/product\/1462","targetHints":{"allow":["GET"]}}],"collection":[{"href":"https:\/\/www.thegioimmovn.com\/index.php?rest_route=\/wp\/v2\/product"}],"about":[{"href":"https:\/\/www.thegioimmovn.com\/index.php?rest_route=\/wp\/v2\/types\/product"}],"replies":[{"embeddable":true,"href":"https:\/\/www.thegioimmovn.com\/index.php?rest_route=%2Fwp%2Fv2%2Fcomments&post=1462"}],"wp:featuredmedia":[{"embeddable":true,"href":"https:\/\/www.thegioimmovn.com\/index.php?rest_route=\/wp\/v2\/media\/2394"}],"wp:attachment":[{"href":"https:\/\/www.thegioimmovn.com\/index.php?rest_route=%2Fwp%2Fv2%2Fmedia&parent=1462"}],"wp:term":[{"taxonomy":"product_brand","embeddable":true,"href":"https:\/\/www.thegioimmovn.com\/index.php?rest_route=%2Fwp%2Fv2%2Fproduct_brand&post=1462"},{"taxonomy":"product_cat","embeddable":true,"href":"https:\/\/www.thegioimmovn.com\/index.php?rest_route=%2Fwp%2Fv2%2Fproduct_cat&post=1462"},{"taxonomy":"product_tag","embeddable":true,"href":"https:\/\/www.thegioimmovn.com\/index.php?rest_route=%2Fwp%2Fv2%2Fproduct_tag&post=1462"}],"curies":[{"name":"wp","href":"https:\/\/api.w.org\/{rel}","templated":true}]}}