    {"id":1452,"date":"2025-11-04T03:50:12","date_gmt":"2025-11-04T11:50:12","guid":{"rendered":"https:\/\/xn--12cat7b6ah3cmc7g0bdgb.cc\/?post_type=product&#038;p=1452"},"modified":"2026-02-27T07:31:46","modified_gmt":"2026-02-27T06:31:46","slug":"nang-cap-tai-khoan-monica-pro","status":"publish","type":"product","link":"https:\/\/www.thegioimmovn.com\/?product=nang-cap-tai-khoan-monica-pro","title":{"rendered":"N\u00e2ng C\u1ea5p T\u00e0i Kho\u1ea3n Monica pro"},"content":{"rendered":"<p data-start=\"272\" data-end=\"642\"><span style=\"font-size: 19px; color: #000000;\">Ch\u00e0o m\u1eebng \u0111\u1ebfn v\u1edbi <strong data-start=\"290\" data-end=\"348\">MMOEmpire.vn \u2013 N\u00e2ng c\u1ea5p t\u00e0i kho\u1ea3n Monica Pro ch\u00ednh ch\u1ee7<\/strong>, gi\u00fap b\u1ea1n t\u1eadn d\u1ee5ng t\u1ed1i \u0111a s\u1ee9c m\u1ea1nh c\u1ee7a AI \u0111\u1ec3 <strong data-start=\"394\" data-end=\"459\">t\u0103ng n\u0103ng su\u1ea5t, ti\u1ebft ki\u1ec7m th\u1eddi gian v\u00e0 n\u00e2ng t\u1ea7m chuy\u00ean nghi\u1ec7p<\/strong>. V\u1edbi g\u00f3i Monica Pro ch\u00ednh ch\u1ee7, b\u1ea1n s\u1ebd s\u1edf h\u1eefu t\u00e0i kho\u1ea3n \u0111\u01b0\u1ee3c \u0111\u0103ng k\u00fd t\u00ean b\u1ea1n ho\u1eb7c doanh nghi\u1ec7p b\u1ea1n, c\u00f3 quy\u1ec1n s\u1eed d\u1ee5ng \u0111\u1ea7y \u0111\u1ee7, kh\u00f4ng ph\u1ea3i ph\u1ee5 thu\u1ed9c v\u00e0o t\u00e0i kho\u1ea3n chung ho\u1eb7c b\u1ecb gi\u1edbi h\u1ea1n.<\/span><\/p>\n<hr data-start=\"644\" data-end=\"647\" \/>\n<h2 data-start=\"649\" data-end=\"698\"><span style=\"font-size: 19px; color: #000000;\">\ud83d\udee1\ufe0f V\u00ec Sao B\u1ea1n C\u1ea7n N\u00e2ng C\u1ea5p T\u00e0i Kho\u1ea3n Monica<\/span><\/h2>\n<ul data-start=\"699\" data-end=\"1415\">\n<li data-start=\"699\" data-end=\"834\">\n<p data-start=\"701\" data-end=\"834\"><span style=\"font-size: 19px; color: #000000;\">T\u00e0i kho\u1ea3n mi\u1ec5n ph\u00ed c\u1ee7a Monica s\u1ebd b\u1ecb gi\u1edbi h\u1ea1n s\u1ed1 l\u1ea7n truy v\u1ea5n\/ng\u00e0y ho\u1eb7c c\u00e1c t\u00ednh n\u0103ng cao c\u1ea5p. <span class=\"\" data-state=\"closed\"><span class=\"ms-1 inline-flex max-w-full items-center relative top-[-0.094rem] animate-[show_150ms_ease-in]\" data-testid=\"webpage-citation-pill\"><a class=\"flex h-4.5 overflow-hidden rounded-xl px-2 text-[9px] font-medium transition-colors duration-150 ease-in-out text-token-text-secondary! bg-[#F4F4F4]! dark:bg-[#303030]!\" style=\"color: #000000;\" href=\"https:\/\/monica.im\/pricing?utm_source=chatgpt.com\" target=\"_blank\" rel=\"noopener\"><span class=\"relative start-0 bottom-0 flex h-full w-full items-center\"><span class=\"flex h-4 w-full items-center justify-between\"><span class=\"max-w-[15ch] grow truncate overflow-hidden text-center\">monica.im<\/span><span class=\"-me-1 flex h-full items-center rounded-full px-1 text-[#8F8F8F]\">+1<\/span><\/span><\/span><\/a><\/span><\/span><\/span><\/p>\n<\/li>\n<li data-start=\"835\" data-end=\"1010\">\n<p data-start=\"837\" data-end=\"1010\"><span style=\"font-size: 19px; color: #000000;\">Nh\u1eefng ng\u01b0\u1eddi d\u00f9ng chuy\u00ean nghi\u1ec7p, content creator, marketer, freelancer ho\u1eb7c doanh nghi\u1ec7p nh\u1ecf c\u1ea7n nhi\u1ec1u h\u01a1n: \u0111a d\u1ea1ng m\u1eabu, x\u1eed l\u00fd nhanh, l\u01b0u tr\u1eef cao h\u01a1n, truy c\u1eadp \u0111a thi\u1ebft b\u1ecb.<\/span><\/p>\n<\/li>\n<li data-start=\"1011\" data-end=\"1248\">\n<p data-start=\"1013\" data-end=\"1248\"><span style=\"font-size: 19px; color: #000000;\">Vi\u1ec7c n\u00e2ng c\u1ea5p s\u1ebd gi\u00fap b\u1ea1n: s\u1eed d\u1ee5ng c\u00e1c m\u00f4 h\u00ecnh AI ti\u00ean ti\u1ebfn h\u01a1n (v\u00ed d\u1ee5: GPT-4o, Claude, Gemini\u2026), truy c\u1eadp nhi\u1ec1u \u201cadvanced credits\u201d m\u1ed7i th\u00e1ng \u0111\u1ec3 s\u1eed d\u1ee5ng h\u00ecnh \u1ea3nh, video, d\u1ecbch thu\u1eadt, qu\u00e9t d\u1eef li\u1ec7u. <span class=\"\" data-state=\"closed\"><span class=\"ms-1 inline-flex max-w-full items-center relative top-[-0.094rem] animate-[show_150ms_ease-in]\" data-testid=\"webpage-citation-pill\"><a class=\"flex h-4.5 overflow-hidden rounded-xl px-2 text-[9px] font-medium transition-colors duration-150 ease-in-out text-token-text-secondary! bg-[#F4F4F4]! dark:bg-[#303030]!\" style=\"color: #000000;\" href=\"https:\/\/monica.im\/help\/FAQs\/rules_for_using_advanced_queries?utm_source=chatgpt.com\" target=\"_blank\" rel=\"noopener\"><span class=\"relative start-0 bottom-0 flex h-full w-full items-center\"><span class=\"flex h-4 w-full items-center justify-between\"><span class=\"max-w-[15ch] grow truncate overflow-hidden text-center\">monica.im<\/span><span class=\"-me-1 flex h-full items-center rounded-full px-1 text-[#8F8F8F]\">+1<\/span><\/span><\/span><\/a><\/span><\/span><\/span><\/p>\n<\/li>\n<li data-start=\"1249\" data-end=\"1415\">\n<p data-start=\"1251\" data-end=\"1415\"><span style=\"font-size: 19px; color: #000000;\">B\u1ea1n s\u1ebd c\u00f3 t\u00e0i kho\u1ea3n <strong data-start=\"1271\" data-end=\"1284\">ch\u00ednh ch\u1ee7<\/strong>, ki\u1ec3m so\u00e1t \u0111\u01b0\u1ee3c quy\u1ec1n s\u1eed d\u1ee5ng, thay v\u00ec chia s\u1ebb ho\u1eb7c s\u1eed d\u1ee5ng t\u00e0i kho\u1ea3n t\u1ea1m th\u1eddi, gi\u00fap b\u1ea3o m\u1eadt t\u1ed1t h\u01a1n v\u00e0 qu\u1ea3n l\u00fd chuy\u00ean nghi\u1ec7p h\u01a1n.<\/span><\/p>\n<\/li>\n<\/ul>\n<hr data-start=\"1417\" data-end=\"1420\" \/>\n<h2 data-start=\"1422\" data-end=\"1477\"><span style=\"font-size: 19px; color: #000000;\">\u2705 G\u00f3i Monica Pro Ch\u00ednh Ch\u1ee7 \u2013 Nh\u1eefng L\u1ee3i \u00cdch N\u1ed5i B\u1eadt<\/span><\/h2>\n<p data-start=\"1478\" data-end=\"1539\"><span style=\"font-size: 19px; color: #000000;\">Khi b\u1ea1n mua g\u00f3i n\u00e2ng c\u1ea5p t\u1eeb MMOEmpire.vn, b\u1ea1n s\u1ebd nh\u1eadn \u0111\u01b0\u1ee3c:<\/span><\/p>\n<ul data-start=\"1540\" data-end=\"2236\">\n<li data-start=\"1540\" data-end=\"1677\">\n<p data-start=\"1542\" data-end=\"1677\"><span style=\"font-size: 19px; color: #000000;\">T\u00e0i kho\u1ea3n Monica <strong data-start=\"1559\" data-end=\"1581\">Pro ho\u1eb7c Unlimited<\/strong> \u0111\u00e3 n\u00e2ng c\u1ea5p, ch\u00ednh ch\u1ee7 \u0111\u0103ng k\u00fd t\u00ean b\u1ea1n\/doanh nghi\u1ec7p b\u1ea1n \u2014 kh\u00f4ng ph\u1ea3i l\u00e0 t\u00e0i kho\u1ea3n d\u00f9ng chung.<\/span><\/p>\n<\/li>\n<li data-start=\"1678\" data-end=\"1860\">\n<p data-start=\"1680\" data-end=\"1860\"><span style=\"font-size: 19px; color: #000000;\">Truy c\u1eadp b\u1ed9 m\u00f4 h\u00ecnh AI m\u1ea1nh m\u1ebd, t\u1ed1c \u0111\u1ed9 x\u1eed l\u00fd nhanh, h\u1ed7 tr\u1ee3 vi\u1ebft, d\u1ecbch, t\u1ea1o h\u00ecnh \u1ea3nh\/ video, ph\u00e2n t\u00edch n\u1ed9i dung, chatbot, c\u00f4ng c\u1ee5 nghi\u00ean c\u1ee9u. <span class=\"\" data-state=\"closed\"><span class=\"ms-1 inline-flex max-w-full items-center relative top-[-0.094rem] animate-[show_150ms_ease-in]\" data-testid=\"webpage-citation-pill\"><a class=\"flex h-4.5 overflow-hidden rounded-xl px-2 text-[9px] font-medium transition-colors duration-150 ease-in-out text-token-text-secondary! bg-[#F4F4F4]! dark:bg-[#303030]!\" style=\"color: #000000;\" href=\"https:\/\/monica.im\/?utm_source=chatgpt.com\" target=\"_blank\" rel=\"noopener\"><span class=\"relative start-0 bottom-0 flex h-full w-full items-center\"><span class=\"flex h-4 w-full items-center justify-between\"><span class=\"max-w-[15ch] grow truncate overflow-hidden text-center\">monica.im<\/span><span class=\"-me-1 flex h-full items-center rounded-full px-1 text-[#8F8F8F]\">+1<\/span><\/span><\/span><\/a><\/span><\/span><\/span><\/p>\n<\/li>\n<li data-start=\"1861\" data-end=\"2024\">\n<p data-start=\"1863\" data-end=\"2024\"><span style=\"font-size: 19px; color: #000000;\"><strong data-start=\"1863\" data-end=\"1893\">Advanced credits m\u1ed7i th\u00e1ng<\/strong> \u0111\u1ec3 d\u00f9ng c\u00e1c t\u00ednh n\u0103ng cao h\u01a1n nh\u01b0 t\u1ea1o \u1ea3nh, video, x\u1eed l\u00fd d\u1eef li\u1ec7u l\u1edbn, d\u1ecbch thu\u1eadt h\u00e0ng lo\u1ea1t. <span class=\"\" data-state=\"closed\"><span class=\"ms-1 inline-flex max-w-full items-center relative top-[-0.094rem] animate-[show_150ms_ease-in]\" data-testid=\"webpage-citation-pill\"><a class=\"flex h-4.5 overflow-hidden rounded-xl px-2 text-[9px] font-medium transition-colors duration-150 ease-in-out text-token-text-secondary! bg-[#F4F4F4]! dark:bg-[#303030]!\" style=\"color: #000000;\" href=\"https:\/\/monica.im\/help\/FAQs\/rules_for_using_advanced_queries?utm_source=chatgpt.com\" target=\"_blank\" rel=\"noopener\"><span class=\"relative start-0 bottom-0 flex h-full w-full items-center\"><span class=\"flex h-4 w-full items-center justify-between\"><span class=\"max-w-[15ch] grow truncate overflow-hidden text-center\">monica.im<\/span><span class=\"-me-1 flex h-full items-center rounded-full px-1 text-[#8F8F8F]\">+1<\/span><\/span><\/span><\/a><\/span><\/span><\/span><\/p>\n<\/li>\n<li data-start=\"2025\" data-end=\"2146\">\n<p data-start=\"2027\" data-end=\"2146\"><span style=\"font-size: 19px; color: #000000;\">H\u1ed7 tr\u1ee3 c\u00e0i \u0111\u1eb7t, c\u1ea5u h\u00ecnh t\u00e0i kho\u1ea3n \u2014 bao g\u1ed3m \u0111\u1ed5i m\u1eadt kh\u1ea9u, b\u1eadt b\u1ea3o m\u1eadt 2 l\u1edbp, h\u01b0\u1edbng d\u1eabn s\u1eed d\u1ee5ng t\u1ed1i \u01b0u c\u00e1c t\u00ednh n\u0103ng.<\/span><\/p>\n<\/li>\n<li data-start=\"2147\" data-end=\"2236\">\n<p data-start=\"2149\" data-end=\"2236\"><span style=\"font-size: 19px; color: #000000;\">D\u1ecbch v\u1ee5 mua nhanh, nh\u1eadn quy\u1ec1n ngay, b\u1ea3o h\u00e0nh h\u1ed7 tr\u1ee3 \u2013 b\u1ea1n y\u00ean t\u00e2m s\u1eed d\u1ee5ng ngay l\u1eadp t\u1ee9c.<\/span><\/p>\n<\/li>\n<\/ul>\n<hr data-start=\"2238\" data-end=\"2241\" \/>\n<h2 data-start=\"2243\" data-end=\"2281\"><span style=\"font-size: 19px; color: #000000;\">\ud83c\udfaf \u0110\u1ed1i T\u01b0\u1ee3ng &amp; T\u00ecnh Hu\u1ed1ng Ph\u00f9 H\u1ee3p<\/span><\/h2>\n<p data-start=\"2282\" data-end=\"2334\"><span style=\"font-size: 19px; color: #000000;\">G\u00f3i n\u00e2ng c\u1ea5p Monica Pro ch\u00ednh ch\u1ee7 r\u1ea5t ph\u00f9 h\u1ee3p v\u1edbi:<\/span><\/p>\n<ul data-start=\"2335\" data-end=\"2975\">\n<li data-start=\"2335\" data-end=\"2461\">\n<p data-start=\"2337\" data-end=\"2461\"><span style=\"font-size: 19px; color: #000000;\"><strong data-start=\"2337\" data-end=\"2378\">Freelancer, content creator, marketer<\/strong>: c\u1ea7n c\u00f4ng c\u1ee5 vi\u1ebft n\u1ed9i dung, d\u1ecbch thu\u1eadt, t\u1ea1o h\u00ecnh \u1ea3nh\/ video cho d\u1ef1 \u00e1n marketing.<\/span><\/p>\n<\/li>\n<li data-start=\"2462\" data-end=\"2585\">\n<p data-start=\"2464\" data-end=\"2585\"><span style=\"font-size: 19px; color: #000000;\"><strong data-start=\"2464\" data-end=\"2504\">Doanh nghi\u1ec7p nh\u1ecf\/nh\u00f3m l\u00e0m vi\u1ec7c t\u1eeb xa<\/strong>: c\u1ea7n chia s\u1ebb c\u00f4ng c\u1ee5 AI cho team, s\u1eed d\u1ee5ng nhi\u1ec1u t\u00e0i nguy\u00ean, ph\u00e2n t\u00edch d\u1eef li\u1ec7u.<\/span><\/p>\n<\/li>\n<li data-start=\"2586\" data-end=\"2710\">\n<p data-start=\"2588\" data-end=\"2710\"><span style=\"font-size: 19px; color: #000000;\"><strong data-start=\"2588\" data-end=\"2618\">Gi\u1ea3ng vi\u00ean, \u0111\u00e0o t\u1ea1o online<\/strong>: c\u1ea7n t\u1ea1o gi\u00e1o \u00e1n, n\u1ed9i dung \u0111a d\u1ea1ng (v\u0103n b\u1ea3n, h\u00ecnh \u1ea3nh, video), d\u1ecbch nhanh nhi\u1ec1u ng\u00f4n ng\u1eef.<\/span><\/p>\n<\/li>\n<li data-start=\"2711\" data-end=\"2829\">\n<p data-start=\"2713\" data-end=\"2829\"><span style=\"font-size: 19px; color: #000000;\"><strong data-start=\"2713\" data-end=\"2752\">Ng\u01b0\u1eddi ph\u00e1t tri\u1ec3n ai, l\u1eadp tr\u00ecnh vi\u00ean<\/strong>: c\u1ea7n truy c\u1eadp API, x\u1eed l\u00fd d\u1eef li\u1ec7u l\u1edbn, t\u1ea1o \u1ea3nh\/video t\u1eeb m\u00f4 h\u00ecnh AI m\u1ea1nh m\u1ebd.<\/span><\/p>\n<\/li>\n<li data-start=\"2830\" data-end=\"2975\">\n<p data-start=\"2832\" data-end=\"2975\"><span style=\"font-size: 19px; color: #000000;\"><strong data-start=\"2832\" data-end=\"2868\">Ng\u01b0\u1eddi d\u00f9ng c\u00e1 nh\u00e2n mu\u1ed1n n\u00e2ng t\u1ea7m<\/strong>: s\u1eed d\u1ee5ng h\u00e0ng ng\u00e0y cho c\u00f4ng vi\u1ec7c, h\u1ecdc t\u1eadp, s\u00e1ng t\u1ea1o c\u00e1 nh\u00e2n \u2013 mu\u1ed1n tho\u00e1t kh\u1ecfi gi\u1edbi h\u1ea1n t\u00e0i kho\u1ea3n mi\u1ec5n ph\u00ed.<\/span><\/p>\n<\/li>\n<\/ul>\n<hr data-start=\"2977\" data-end=\"2980\" \/>\n<h2 data-start=\"2982\" data-end=\"3020\"><span style=\"font-size: 19px; color: #000000;\">\ud83d\udce6 H\u01b0\u1edbng D\u1eabn &amp; \u0110i\u1ec1u Kho\u1ea3n S\u1eed D\u1ee5ng<\/span><\/h2>\n<ol data-start=\"3021\" data-end=\"3864\">\n<li data-start=\"3021\" data-end=\"3214\">\n<p data-start=\"3024\" data-end=\"3214\"><span style=\"font-size: 19px; color: #000000;\">Sau khi thanh to\u00e1n, b\u1ea1n s\u1ebd nh\u1eadn \u0111\u01b0\u1ee3c <strong data-start=\"3061\" data-end=\"3104\">th\u00f4ng tin truy c\u1eadp t\u00e0i kho\u1ea3n Monica Pro<\/strong> (ho\u1eb7c \u0111\u01b0\u1ee3c h\u01b0\u1edbng d\u1eabn n\u00e2ng c\u1ea5p t\u00e0i kho\u1ea3n s\u1eb5n c\u00f3 c\u1ee7a b\u1ea1n) \u2014 ch\u00ednh ch\u1ee7, \u0111\u0103ng k\u00fd t\u00ean b\u1ea1n ho\u1eb7c doanh nghi\u1ec7p b\u1ea1n.<\/span><\/p>\n<\/li>\n<li data-start=\"3215\" data-end=\"3332\">\n<p data-start=\"3218\" data-end=\"3332\"><span style=\"font-size: 19px; color: #000000;\">B\u1ea1n s\u1ebd \u0111\u01b0\u1ee3c h\u01b0\u1edbng d\u1eabn \u0111\u1ed5i m\u1eadt kh\u1ea9u, b\u1eadt b\u1ea3o m\u1eadt 2 l\u1edbp, c\u1ea5u h\u00ecnh quy\u1ec1n s\u1eed d\u1ee5ng (n\u1ebfu c\u00f3 team ho\u1eb7c nhi\u1ec1u thi\u1ebft b\u1ecb).<\/span><\/p>\n<\/li>\n<li data-start=\"3333\" data-end=\"3451\">\n<p data-start=\"3336\" data-end=\"3451\"><span style=\"font-size: 19px; color: #000000;\">H\u1ed7 tr\u1ee3 s\u1eed d\u1ee5ng c\u00e1c t\u00ednh n\u0103ng Pro: truy c\u1eadp m\u00f4 h\u00ecnh cao c\u1ea5p, t\u1ea1o \u1ea3nh\/video, d\u1ecbch thu\u1eadt, m\u00e1y h\u1ecdc, API (n\u1ebfu g\u00f3i c\u00f3).<\/span><\/p>\n<\/li>\n<li data-start=\"3452\" data-end=\"3594\">\n<p data-start=\"3455\" data-end=\"3594\"><span style=\"font-size: 19px; color: #000000;\">Vui l\u00f2ng s\u1eed d\u1ee5ng \u0111\u00fang m\u1ee5c \u0111\u00edch, tu\u00e2n th\u1ee7 \u0111i\u1ec1u kho\u1ea3n c\u1ee7a Monica. Ch\u00fang t\u00f4i kh\u00f4ng ch\u1ecbu tr\u00e1ch nhi\u1ec7m n\u1ebfu vi ph\u1ea1m ch\u00ednh s\u00e1ch c\u1ee7a nh\u00e0 cung c\u1ea5p.<\/span><\/p>\n<\/li>\n<li data-start=\"3595\" data-end=\"3714\">\n<p data-start=\"3598\" data-end=\"3714\"><span style=\"font-size: 19px; color: #000000;\">G\u00f3i \u201cch\u00ednh ch\u1ee7\u201d ngh\u0129a l\u00e0 b\u1ea1n l\u00e0 ch\u1ee7 s\u1edf h\u1eefu t\u00e0i kho\u1ea3n, kh\u00f4ng chia s\u1ebb v\u1edbi ng\u01b0\u1eddi kh\u00e1c d\u1eabn \u0111\u1ebfn m\u1ea5t quy\u1ec1n ho\u1eb7c b\u1ecb kh\u00f3a.<\/span><\/p>\n<\/li>\n<li data-start=\"3715\" data-end=\"3864\">\n<p data-start=\"3718\" data-end=\"3864\"><span style=\"font-size: 19px; color: #000000;\">Ch\u00ednh s\u00e1ch \u0111\u1ed5i\/tr\u1ea3: s\u1ebd \u0111\u01b0\u1ee3c th\u00f4ng b\u00e1o khi b\u1ea1n ch\u1ecdn g\u00f3i \u2013 th\u00f4ng th\u01b0\u1eddng m\u1ed9t \u0111\u1ed5i m\u1ed9t trong th\u1eddi gian nh\u1ea5t \u0111\u1ecbnh n\u1ebfu c\u00f3 l\u1ed7i k\u1ef9 thu\u1eadt t\u1eeb ph\u00eda ch\u00fang t\u00f4i.<\/span><\/p>\n<\/li>\n<\/ol>\n","protected":false},"excerpt":{"rendered":"<ul data-start=\"978\" data-end=\"1076\">\n<li data-start=\"978\" data-end=\"1023\">\n<p data-start=\"980\" data-end=\"1023\">B\u1ea3o h\u00e0nh xuy\u00ean su\u1ed1t th\u1eddi gian s\u1eed d\u1ee5ng<\/p>\n<\/li>\n<li data-start=\"1024\" data-end=\"1076\">\n<p data-start=\"1026\" data-end=\"1076\">H\u1ed7 tr\u1ee3 n\u00e2ng c\u1ea5p l\u1ea1i n\u1ebfu t\u00e0i kho\u1ea3n b\u1ecb r\u1edbt g\u00f3i<\/p>\n<\/li>\n<\/ul>\n","protected":false},"featured_media":2479,"comment_status":"open","ping_status":"closed","template":"","meta":{"_acf_changed":false,"inline_featured_image":false},"product_brand":[],"product_cat":[15,33],"product_tag":[],"class_list":{"0":"post-1452","1":"product","2":"type-product","3":"status-publish","4":"has-post-thumbnail","6":"product_cat-chua-phan-loai","7":"product_cat-premium","9":"first","10":"outofstock","11":"virtual","12":"taxable","13":"product-type-simple"},"acf":[],"_links":{"self":[{"href":"https:\/\/www.thegioimmovn.com\/index.php?rest_route=\/wp\/v2\/product\/1452","targetHints":{"allow":["GET"]}}],"collection":[{"href":"https:\/\/www.thegioimmovn.com\/index.php?rest_route=\/wp\/v2\/product"}],"about":[{"href":"https:\/\/www.thegioimmovn.com\/index.php?rest_route=\/wp\/v2\/types\/product"}],"replies":[{"embeddable":true,"href":"https:\/\/www.thegioimmovn.com\/index.php?rest_route=%2Fwp%2Fv2%2Fcomments&post=1452"}],"wp:featuredmedia":[{"embeddable":true,"href":"https:\/\/www.thegioimmovn.com\/index.php?rest_route=\/wp\/v2\/media\/2479"}],"wp:attachment":[{"href":"https:\/\/www.thegioimmovn.com\/index.php?rest_route=%2Fwp%2Fv2%2Fmedia&parent=1452"}],"wp:term":[{"taxonomy":"product_brand","embeddable":true,"href":"https:\/\/www.thegioimmovn.com\/index.php?rest_route=%2Fwp%2Fv2%2Fproduct_brand&post=1452"},{"taxonomy":"product_cat","embeddable":true,"href":"https:\/\/www.thegioimmovn.com\/index.php?rest_route=%2Fwp%2Fv2%2Fproduct_cat&post=1452"},{"taxonomy":"product_tag","embeddable":true,"href":"https:\/\/www.thegioimmovn.com\/index.php?rest_route=%2Fwp%2Fv2%2Fproduct_tag&post=1452"}],"curies":[{"name":"wp","href":"https:\/\/api.w.org\/{rel}","templated":true}]}}