    {"id":1444,"date":"2025-11-03T21:08:51","date_gmt":"2025-11-04T05:08:51","guid":{"rendered":"https:\/\/xn--12cat7b6ah3cmc7g0bdgb.cc\/?post_type=product&#038;p=1444"},"modified":"2026-02-24T19:48:06","modified_gmt":"2026-02-24T18:48:06","slug":"nang-cap-tai-khoan-zoom-pro-chinh-chu","status":"publish","type":"product","link":"https:\/\/www.thegioimmovn.com\/?product=nang-cap-tai-khoan-zoom-pro-chinh-chu","title":{"rendered":"N\u00e2ng c\u1ea5p T\u00e0i kho\u1ea3n Zoom Pro Ch\u00ednh Ch\u1ee7"},"content":{"rendered":"<p data-start=\"298\" data-end=\"704\"><span style=\"font-size: 18px; color: #000000;\"><span style=\"color: #0000ff;\"><strong data-start=\"316\" data-end=\"372\">N\u00e2ng c\u1ea5p t\u00e0i kho\u1ea3n Zoom Pro ch\u00ednh ch\u1ee7<\/strong><\/span>, gi\u00fap b\u1ea1n, gia \u0111\u00ecnh, nh\u00f3m ho\u1eb7c doanh nghi\u1ec7p nh\u1ecf v\u01b0\u1ee3t qua gi\u1edbi h\u1ea1n c\u1ee7a t\u00e0i kho\u1ea3n mi\u1ec5n ph\u00ed, s\u1edf h\u1eefu to\u00e0n quy\u1ec1n, s\u1eed d\u1ee5ng l\u00e2u d\u00e0i v\u00e0 y\u00ean t\u00e2m v\u1ec1 b\u1ea3o m\u1eadt. V\u1edbi g\u00f3i Zoom\u202fPro ch\u00ednh ch\u1ee7, b\u1ea1n s\u1ebd nh\u1eadn \u0111\u01b0\u1ee3c t\u00e0i kho\u1ea3n \u0111\u01b0\u1ee3c \u0111\u0103ng k\u00fd t\u00ean c\u00e1 nh\u00e2n\/doanh nghi\u1ec7p, \u0111\u1ea7y \u0111\u1ee7 quy\u1ec1n t\u00ednh ch\u1ee7 s\u1edf h\u1eefu (owner) v\u00e0 kh\u00f4ng ph\u1ea3i ph\u1ee5 thu\u1ed9c t\u00e0i kho\u1ea3n chung, thu\u00ea share.<\/span><\/p>\n<hr data-start=\"706\" data-end=\"709\" \/>\n<h2 data-start=\"711\" data-end=\"783\"><span style=\"font-size: 18px; color: #000000;\">\ud83d\udee1\ufe0f Nh\u1eefng Gi\u1edbi H\u1ea1n C\u1ee7a T\u00e0i Kho\u1ea3n Mi\u1ec5n Ph\u00ed &amp; V\u00ec Sao B\u1ea1n C\u1ea7n N\u00e2ng C\u1ea5p<\/span><\/h2>\n<ul data-start=\"784\" data-end=\"1303\">\n<li data-start=\"784\" data-end=\"942\">\n<p data-start=\"786\" data-end=\"942\"><span style=\"font-size: 18px; color: #000000;\">T\u00e0i kho\u1ea3n mi\u1ec5n ph\u00ed (Basic) ch\u1ec9 cho ph\u00e9p cu\u1ed9c h\u1ecdp nh\u00f3m c\u00f3 t\u1ed1i \u0111a ~100 ng\u01b0\u1eddi v\u00e0 <strong data-start=\"864\" data-end=\"884\">gi\u1edbi h\u1ea1n 40 ph\u00fat<\/strong> m\u1ed7i l\u1ea7n h\u1ecdp nh\u00f3m.<\/span><\/p>\n<\/li>\n<li data-start=\"943\" data-end=\"1156\">\n<p data-start=\"945\" data-end=\"1156\"><span style=\"font-size: 18px; color: #000000;\">Thi\u1ebfu c\u00e1c t\u00ednh n\u0103ng chuy\u00ean nghi\u1ec7p nh\u01b0 ghi \u00e2m l\u00ean m\u00e2y (cloud recording), ph\u00e1t tr\u1ef1c ti\u1ebfp l\u00ean Facebook\/YouTube, b\u00e1o c\u00e1o n\u00e2ng cao, qu\u1ea3n l\u00fd ng\u01b0\u1eddi d\u00f9ng, l\u01b0u tr\u1eef \u0111\u00e1m m\u00e2y l\u1edbn h\u01a1n. <\/span><\/p>\n<\/li>\n<li data-start=\"1157\" data-end=\"1303\">\n<p data-start=\"1159\" data-end=\"1303\"><span style=\"font-size: 18px; color: #000000;\">Khi b\u1ea1n t\u1ed5 ch\u1ee9c l\u1edbp h\u1ecdc, h\u1ecdp nh\u00f3m l\u1edbn, webinar, ho\u1eb7c s\u1eed d\u1ee5ng Zoom nh\u01b0 c\u00f4ng c\u1ee5 ch\u00ednh th\u00ec vi\u1ec7c d\u1eebng sau 40\u202fph\u00fat hay kh\u00f4ng c\u00f3 b\u1ea3n ghi r\u1ea5t b\u1ea5t ti\u1ec7n.<\/span><\/p>\n<\/li>\n<\/ul>\n<p data-start=\"1305\" data-end=\"1462\"><span style=\"font-size: 18px; color: #000000;\">Ch\u00ednh v\u00ec v\u1eady vi\u1ec7c <strong data-start=\"1323\" data-end=\"1348\">n\u00e2ng c\u1ea5p l\u00ean Zoom\u202fPro<\/strong> s\u1ebd gi\u00fap b\u1ea1n x\u00f3a b\u1ecf nh\u1eefng gi\u1edbi h\u1ea1n \u0111\u00f3, t\u0103ng hi\u1ec7u qu\u1ea3 v\u00e0 chuy\u00ean nghi\u1ec7p h\u01a1n trong c\u00f4ng vi\u1ec7c\/truy\u1ec1n th\u00f4ng tr\u1ef1c tuy\u1ebfn.<\/span><\/p>\n<hr data-start=\"1464\" data-end=\"1467\" \/>\n<h2 data-start=\"1469\" data-end=\"1522\"><span style=\"font-size: 18px; color: #000000;\">\u2705 G\u00f3i Zoom\u202fPro Ch\u00ednh Ch\u1ee7 \u2013 Nh\u1eefng L\u1ee3i \u00cdch N\u1ed5i B\u1eadt<\/span><\/h2>\n<p data-start=\"1523\" data-end=\"1584\"><span style=\"font-size: 18px; color: #000000;\">Khi b\u1ea1n mua g\u00f3i n\u00e2ng c\u1ea5p t\u1eeb MMOEmpire.vn, b\u1ea1n s\u1ebd nh\u1eadn \u0111\u01b0\u1ee3c:<\/span><\/p>\n<ul data-start=\"1585\" data-end=\"2558\">\n<li data-start=\"1585\" data-end=\"1707\">\n<p data-start=\"1587\" data-end=\"1707\"><span style=\"font-size: 18px; color: #000000;\">T\u00e0i kho\u1ea3n Zoom\u202fPro <strong data-start=\"1606\" data-end=\"1619\">ch\u00ednh ch\u1ee7<\/strong> (\u0111\u0103ng k\u00fd t\u00ean b\u1ea1n ho\u1eb7c doanh nghi\u1ec7p b\u1ea1n) \u2013 \u0111\u1ea3m b\u1ea3o quy\u1ec1n s\u1eed d\u1ee5ng v\u00e0 an to\u00e0n th\u00f4ng tin.<\/span><\/p>\n<\/li>\n<li data-start=\"1708\" data-end=\"1868\">\n<p data-start=\"1710\" data-end=\"1868\"><span style=\"font-size: 18px; color: #000000;\"><strong data-start=\"1710\" data-end=\"1764\">Kh\u00f4ng gi\u1edbi h\u1ea1n s\u1ed1 l\u01b0\u1ee3ng cu\u1ed9c h\u1ecdp nh\u00f3m v\u1ec1 th\u1eddi gian<\/strong>: G\u00f3i Pro cho ph\u00e9p cu\u1ed9c h\u1ecdp nh\u00f3m k\u00e9o d\u00e0i \u0111\u1ebfn <strong data-start=\"1809\" data-end=\"1819\">30\u202fgi\u1edd<\/strong> m\u1ed7i l\u1ea7n. <span class=\"\" data-state=\"closed\"><span class=\"ms-1 inline-flex max-w-full items-center relative top-[-0.094rem] animate-[show_150ms_ease-in]\" data-testid=\"webpage-citation-pill\"><span class=\"relative start-0 bottom-0 flex h-full w-full items-center\"><span class=\"flex h-4 w-full items-center justify-between\"><span class=\"max-w-[15ch] grow truncate overflow-hidden text-center\">m.io<\/span><span class=\"-me-1 flex h-full items-center rounded-full px-1 text-[#8F8F8F]\">+2<\/span><\/span><span class=\"flex h-4 w-full items-center justify-between absolute\"><span class=\"max-w-[15ch] grow truncate overflow-hidden text-center\">Tech.co<\/span><span class=\"-me-1 flex h-full items-center rounded-full px-1 text-[#8F8F8F]\">+2<\/span><\/span><\/span><\/span><\/span><\/span><\/p>\n<\/li>\n<li data-start=\"1869\" data-end=\"1992\">\n<p data-start=\"1871\" data-end=\"1992\"><span style=\"font-size: 18px; color: #000000;\">S\u1ed1 l\u01b0\u1ee3ng ng\u01b0\u1eddi tham gia t\u1edbi ~100 ng\u01b0\u1eddi m\u1eb7c \u0111\u1ecbnh (v\u00e0 c\u00f3 th\u1ec3 n\u00e2ng th\u00eam v\u1edbi add\u2011on). <span class=\"\" data-state=\"closed\"><span class=\"ms-1 inline-flex max-w-full items-center relative top-[-0.094rem] animate-[show_150ms_ease-in]\" data-testid=\"webpage-citation-pill\"><span class=\"relative start-0 bottom-0 flex h-full w-full items-center\"><span class=\"flex h-4 w-full items-center justify-between\"><span class=\"max-w-[15ch] grow truncate overflow-hidden text-center\">jotform.com<\/span><span class=\"-me-1 flex h-full items-center rounded-full px-1 text-[#8F8F8F]\">+1<\/span><\/span><\/span><\/span><\/span><\/span><\/p>\n<\/li>\n<li data-start=\"1993\" data-end=\"2117\">\n<p data-start=\"1995\" data-end=\"2117\"><span style=\"font-size: 18px; color: #000000;\">Ghi l\u1ea1i cu\u1ed9c h\u1ecdp l\u00ean <strong data-start=\"2016\" data-end=\"2045\">\u0111\u00e1m m\u00e2y (cloud recording)<\/strong>, thu\u1eadn ti\u1ec7n chia s\u1ebb v\u00e0 l\u01b0u tr\u1eef. <span class=\"\" data-state=\"closed\"><span class=\"ms-1 inline-flex max-w-full items-center relative top-[-0.094rem] animate-[show_150ms_ease-in]\" data-testid=\"webpage-citation-pill\"><span class=\"relative start-0 bottom-0 flex h-full w-full items-center\"><span class=\"flex h-4 w-full items-center justify-between\"><span class=\"max-w-[15ch] grow truncate overflow-hidden text-center\">Zoom<\/span><span class=\"-me-1 flex h-full items-center rounded-full px-1 text-[#8F8F8F]\">+1<\/span><\/span><\/span><\/span><\/span><\/span><\/p>\n<\/li>\n<li data-start=\"2118\" data-end=\"2283\">\n<p data-start=\"2120\" data-end=\"2283\"><span style=\"font-size: 18px; color: #000000;\">H\u1ed7 tr\u1ee3 ph\u00e1t tr\u1ef1c ti\u1ebfp (livestream) l\u00ean Facebook, YouTube\u2026 gi\u00fap b\u1ea1n truy\u1ec1n t\u1ea3i s\u1ef1 ki\u1ec7n, \u0111\u00e0o t\u1ea1o, h\u1ed9i th\u1ea3o chuy\u00ean nghi\u1ec7p h\u01a1n. <span class=\"\" data-state=\"closed\"><span class=\"ms-1 inline-flex max-w-full items-center relative top-[-0.094rem] animate-[show_150ms_ease-in]\" data-testid=\"webpage-citation-pill\"><span class=\"relative start-0 bottom-0 flex h-full w-full items-center\"><span class=\"flex h-4 w-full items-center justify-between\"><span class=\"max-w-[15ch] grow truncate overflow-hidden text-center\">Zoom<\/span><span class=\"-me-1 flex h-full items-center rounded-full px-1 text-[#8F8F8F]\">+1<\/span><\/span><\/span><\/span><\/span><\/span><\/p>\n<\/li>\n<li data-start=\"2284\" data-end=\"2426\">\n<p data-start=\"2286\" data-end=\"2426\"><span style=\"font-size: 18px; color: #000000;\">Truy c\u1eadp c\u00e1c t\u00ednh n\u0103ng n\u00e2ng cao nh\u01b0 kh\u1ea3o s\u00e1t (polling), qu\u1ea3n l\u00fd ng\u01b0\u1eddi d\u00f9ng, h\u1ed7 tr\u1ee3 k\u1ef9 thu\u1eadt t\u1ed1t h\u01a1n. <span class=\"\" data-state=\"closed\"><span class=\"ms-1 inline-flex max-w-full items-center relative top-[-0.094rem] animate-[show_150ms_ease-in]\" data-testid=\"webpage-citation-pill\"><span class=\"relative start-0 bottom-0 flex h-full w-full items-center\"><span class=\"flex h-4 w-full items-center justify-between overflow-hidden\"><span class=\"max-w-[15ch] grow truncate overflow-hidden text-center\">m.io<\/span><\/span><\/span><\/span><\/span><\/span><\/p>\n<\/li>\n<li data-start=\"2427\" data-end=\"2558\">\n<p data-start=\"2429\" data-end=\"2558\"><span style=\"font-size: 18px; color: #000000;\">G\u00f3i mua qua ch\u00fang t\u00f4i s\u1ebd k\u00e8m h\u01b0\u1edbng d\u1eabn c\u00e0i \u0111\u1eb7t, c\u1ea5u h\u00ecnh chu\u1ea9n cho c\u00e1 nh\u00e2n ho\u1eb7c doanh nghi\u1ec7p \u2013 b\u1ea1n kh\u00f4ng c\u1ea7n lo l\u1eafng v\u1ec1 k\u1ef9 thu\u1eadt.<\/span><\/p>\n<\/li>\n<\/ul>\n<hr data-start=\"2560\" data-end=\"2563\" \/>\n<h2 data-start=\"2565\" data-end=\"2603\"><span style=\"font-size: 18px; color: #000000;\">\ud83c\udfaf \u0110\u1ed1i T\u01b0\u1ee3ng &amp; T\u00ecnh Hu\u1ed1ng Ph\u00f9 H\u1ee3p<\/span><\/h2>\n<p data-start=\"2604\" data-end=\"2654\"><span style=\"font-size: 18px; color: #000000;\">G\u00f3i n\u00e2ng c\u1ea5p Zoom\u202fPro ch\u00ednh ch\u1ee7 r\u1ea5t ph\u00f9 h\u1ee3p v\u1edbi:<\/span><\/p>\n<ul data-start=\"2655\" data-end=\"3019\">\n<li data-start=\"2655\" data-end=\"2725\">\n<p data-start=\"2657\" data-end=\"2725\"><span style=\"font-size: 18px; color: #000000;\"><strong data-start=\"2657\" data-end=\"2687\">Gi\u1ea3ng vi\u00ean, \u0111\u00e0o t\u1ea1o online<\/strong>: l\u1edbp h\u1ecdc livestream, t\u01b0\u01a1ng t\u00e1c l\u1edbn.<\/span><\/p>\n<\/li>\n<li data-start=\"2726\" data-end=\"2806\">\n<p data-start=\"2728\" data-end=\"2806\"><span style=\"font-size: 18px; color: #000000;\"><strong data-start=\"2728\" data-end=\"2768\">Doanh nghi\u1ec7p nh\u1ecf\/nh\u00f3m l\u00e0m vi\u1ec7c t\u1eeb xa<\/strong>: h\u1ecdp nh\u00f3m, workshop, brainstorming.<\/span><\/p>\n<\/li>\n<li data-start=\"2807\" data-end=\"2917\">\n<p data-start=\"2809\" data-end=\"2917\"><span style=\"font-size: 18px; color: #000000;\"><strong data-start=\"2809\" data-end=\"2865\">Ng\u01b0\u1eddi kinh doanh online, b\u00e1n h\u00e0ng, webinar marketing<\/strong>: c\u1ea7n th\u1eddi gian h\u1ecdp d\u00e0i, ghi h\u00ecnh l\u1ea1i v\u00e0 ph\u00e1t l\u1ea1i.<\/span><\/p>\n<\/li>\n<li data-start=\"2918\" data-end=\"3019\">\n<p data-start=\"2920\" data-end=\"3019\"><span style=\"font-size: 18px; color: #000000;\"><strong data-start=\"2920\" data-end=\"2957\">Gia \u0111\u00ecnh ho\u1eb7c nh\u00f3m b\u1ea1n \u0111\u00f4ng ng\u01b0\u1eddi<\/strong>: t\u1ed5 ch\u1ee9c s\u1ef1 ki\u1ec7n, h\u1ecdp m\u1eb7t, h\u1ecdp nh\u00f3m d\u00e0i h\u01a1i m\u00e0 kh\u00f4ng b\u1ecb ng\u1eaft.<\/span><\/p>\n<\/li>\n<\/ul>\n<hr data-start=\"3021\" data-end=\"3024\" \/>\n<h2 data-start=\"3026\" data-end=\"3064\"><span style=\"font-size: 18px; color: #000000;\">\ud83d\udce6 H\u01b0\u1edbng D\u1eabn &amp; \u0110i\u1ec1u Kho\u1ea3n S\u1eed D\u1ee5ng<\/span><\/h2>\n<ol data-start=\"3065\" data-end=\"3785\">\n<li data-start=\"3065\" data-end=\"3189\">\n<p data-start=\"3068\" data-end=\"3189\"><span style=\"font-size: 18px; color: #000000;\">Sau khi thanh to\u00e1n, b\u1ea1n s\u1ebd nh\u1eadn <strong data-start=\"3100\" data-end=\"3137\">th\u00f4ng tin \u0111\u0103ng nh\u1eadp ch\u1ee7 t\u00e0i kho\u1ea3n<\/strong> ho\u1eb7c chuy\u1ec3n quy\u1ec1n \u201cowner\u201d cho b\u1ea1n \u2013 t\u00f9y theo g\u00f3i.<\/span><\/p>\n<\/li>\n<li data-start=\"3190\" data-end=\"3278\">\n<p data-start=\"3193\" data-end=\"3278\"><span style=\"font-size: 18px; color: #000000;\">B\u1ea1n s\u1ebd \u0111\u01b0\u1ee3c h\u01b0\u1edbng d\u1eabn \u0111\u1ed5i m\u1eadt kh\u1ea9u, b\u1eadt b\u1ea3o m\u1eadt 2\u2011l\u1edbp \u0111\u1ec3 b\u1ea3o \u0111\u1ea3m an to\u00e0n t\u00e0i kho\u1ea3n.<\/span><\/p>\n<\/li>\n<li data-start=\"3279\" data-end=\"3374\">\n<p data-start=\"3282\" data-end=\"3374\"><span style=\"font-size: 18px; color: #000000;\">H\u1ed7 tr\u1ee3 c\u00e0i \u0111\u1eb7t ban \u0111\u1ea7u, c\u1ea5u h\u00ecnh quy\u1ec1n ng\u01b0\u1eddi tham gia, b\u1eadt ghi h\u00ecnh, livestream (n\u1ebfu c\u1ea7n).<\/span><\/p>\n<\/li>\n<li data-start=\"3375\" data-end=\"3522\">\n<p data-start=\"3378\" data-end=\"3522\"><span style=\"font-size: 18px; color: #000000;\">Vui l\u00f2ng s\u1eed d\u1ee5ng \u0111\u00fang m\u1ee5c \u0111\u00edch, tu\u00e2n th\u1ee7 quy \u0111\u1ecbnh c\u1ee7a Zoom. Ch\u00fang t\u00f4i kh\u00f4ng ch\u1ecbu tr\u00e1ch nhi\u1ec7m n\u1ebfu s\u1eed d\u1ee5ng cho m\u1ee5c \u0111\u00edch vi ph\u1ea1m ch\u00ednh s\u00e1ch Zoom.<\/span><\/p>\n<\/li>\n<li data-start=\"3523\" data-end=\"3627\">\n<p data-start=\"3526\" data-end=\"3627\"><span style=\"font-size: 18px; color: #000000;\">G\u00f3i ch\u00ednh ch\u1ee7 ngh\u0129a l\u00e0 b\u1ea1n l\u00e0m ch\u1ee7 t\u00e0i kho\u1ea3n, kh\u00f4ng chia s\u1ebb v\u1edbi ng\u01b0\u01a1\u0300i kh\u00e1c d\u1eabn \u0111\u1ebfn m\u1ea5t quy\u1ec1n ch\u1ee7.<\/span><\/p>\n<\/li>\n<li data-start=\"3628\" data-end=\"3785\">\n<p data-start=\"3631\" data-end=\"3785\"><span style=\"font-size: 18px; color: #000000;\">Ch\u00ednh s\u00e1ch \u0111\u1ed5i\/tr\u1ea3 s\u1ebd \u0111\u01b0\u1ee3c th\u00f4ng b\u00e1o r\u00f5 khi b\u1ea1n ch\u1ecdn g\u00f3i \u2013 nhi\u1ec1u khi l\u00e0 <strong data-start=\"3703\" data-end=\"3718\">m\u1ed9t \u0111\u1ed5i m\u1ed9t<\/strong> trong th\u1eddi gian nh\u1ea5t \u0111\u1ecbnh n\u1ebfu c\u00f3 s\u1ef1 c\u1ed1 k\u1ef9 thu\u1eadt t\u1eeb ph\u00eda ch\u00fang t\u00f4i.<\/span><\/p>\n<\/li>\n<\/ol>\n","protected":false},"excerpt":{"rendered":"<p><span style=\"color: #000000;\">\u2714\ufe0f Kh\u00f4ng gi\u1edbi h\u1ea1n 40 ph\u00fat h\u1ecdp<\/span><br data-start=\"166\" data-end=\"169\" \/><span style=\"color: #000000;\">\u2714\ufe0f T\u1ed1i \u0111a 100 ng\u01b0\u1eddi tham gia<\/span><br data-start=\"197\" data-end=\"200\" \/><span style=\"color: #000000;\">\u2714\ufe0f Ghi h\u00ecnh Cloud ti\u1ec7n l\u1ee3i<\/span><br data-start=\"226\" data-end=\"229\" \/><span style=\"color: #000000;\">\u2714\ufe0f N\u00e2ng c\u1ea5p tr\u1ef1c ti\u1ebfp tr\u00ean t\u00e0i kho\u1ea3n c\u1ee7a b\u1ea1n<\/span><br data-start=\"273\" data-end=\"276\" \/><span style=\"color: #000000;\">\u2714\ufe0f Kh\u00f4ng share \u2013 kh\u00f4ng thu h\u1ed3i<\/span><br data-start=\"306\" data-end=\"309\" \/><span style=\"color: #000000;\">\u2714\ufe0f \u1ed4n \u0111\u1ecbnh l\u00e2u d\u00e0i \u2013 b\u1ea3o m\u1eadt cao<\/span><\/p>\n","protected":false},"featured_media":2407,"comment_status":"open","ping_status":"closed","template":"","meta":{"_acf_changed":false,"inline_featured_image":false},"product_brand":[],"product_cat":[15,33],"product_tag":[],"class_list":{"0":"post-1444","1":"product","2":"type-product","3":"status-publish","4":"has-post-thumbnail","6":"product_cat-chua-phan-loai","7":"product_cat-premium","9":"first","10":"instock","11":"sale","12":"taxable","13":"shipping-taxable","14":"purchasable","15":"product-type-variable"},"acf":[],"_links":{"self":[{"href":"https:\/\/www.thegioimmovn.com\/index.php?rest_route=\/wp\/v2\/product\/1444","targetHints":{"allow":["GET"]}}],"collection":[{"href":"https:\/\/www.thegioimmovn.com\/index.php?rest_route=\/wp\/v2\/product"}],"about":[{"href":"https:\/\/www.thegioimmovn.com\/index.php?rest_route=\/wp\/v2\/types\/product"}],"replies":[{"embeddable":true,"href":"https:\/\/www.thegioimmovn.com\/index.php?rest_route=%2Fwp%2Fv2%2Fcomments&post=1444"}],"wp:featuredmedia":[{"embeddable":true,"href":"https:\/\/www.thegioimmovn.com\/index.php?rest_route=\/wp\/v2\/media\/2407"}],"wp:attachment":[{"href":"https:\/\/www.thegioimmovn.com\/index.php?rest_route=%2Fwp%2Fv2%2Fmedia&parent=1444"}],"wp:term":[{"taxonomy":"product_brand","embeddable":true,"href":"https:\/\/www.thegioimmovn.com\/index.php?rest_route=%2Fwp%2Fv2%2Fproduct_brand&post=1444"},{"taxonomy":"product_cat","embeddable":true,"href":"https:\/\/www.thegioimmovn.com\/index.php?rest_route=%2Fwp%2Fv2%2Fproduct_cat&post=1444"},{"taxonomy":"product_tag","embeddable":true,"href":"https:\/\/www.thegioimmovn.com\/index.php?rest_route=%2Fwp%2Fv2%2Fproduct_tag&post=1444"}],"curies":[{"name":"wp","href":"https:\/\/api.w.org\/{rel}","templated":true}]}}