    {"id":1439,"date":"2025-11-03T20:49:13","date_gmt":"2025-11-04T04:49:13","guid":{"rendered":"https:\/\/xn--12cat7b6ah3cmc7g0bdgb.cc\/?post_type=product&#038;p=1439"},"modified":"2026-02-24T22:05:23","modified_gmt":"2026-02-24T21:05:23","slug":"nang-cap-truecaller-chinh-chu","status":"publish","type":"product","link":"https:\/\/www.thegioimmovn.com\/?product=nang-cap-truecaller-chinh-chu","title":{"rendered":"N\u00e2ng C\u00e2\u0301p Truecaller Chi\u0301nh Chu\u0309 1 N\u0103m"},"content":{"rendered":"<p data-start=\"97\" data-end=\"186\"><strong><span style=\"font-family: helvetica, arial, sans-serif; font-size: 18px; color: #000000;\">N\u00e2ng C\u1ea5p Truecaller Ch\u00ednh Ch\u1ee7 1 N\u0103m \u2013 Tr\u1ea3i nghi\u1ec7m ho\u00e0n h\u1ea3o v\u1edbi c\u00e1c t\u00ednh n\u0103ng cao c\u1ea5p!<\/span><\/strong><\/p>\n<p data-start=\"188\" data-end=\"477\"><span style=\"font-family: helvetica, arial, sans-serif; font-size: 17px; color: #000000;\">Truecaller \u0111\u00e3 tr\u1edf th\u00e0nh m\u1ed9t trong nh\u1eefng \u1ee9ng d\u1ee5ng di \u0111\u1ed9ng \u0111\u01b0\u1ee3c y\u00eau th\u00edch nh\u1ea5t \u0111\u1ec3 gi\u00fap ng\u01b0\u1eddi d\u00f9ng nh\u1eadn di\u1ec7n cu\u1ed9c g\u1ecdi v\u00e0 ch\u1eb7n cu\u1ed9c g\u1ecdi r\u00e1c. Tuy nhi\u00ean, \u0111\u1ec3 c\u00f3 th\u1ec3 t\u1eadn d\u1ee5ng t\u1ed1i \u0111a kh\u1ea3 n\u0103ng c\u1ee7a \u1ee9ng d\u1ee5ng n\u00e0y, vi\u1ec7c n\u00e2ng c\u1ea5p l\u00ean phi\u00ean b\u1ea3n Truecaller Ch\u00ednh Ch\u1ee7 1 N\u0103m l\u00e0 m\u1ed9t l\u1ef1a ch\u1ecdn l\u00fd t\u01b0\u1edfng.<\/span><\/p>\n<p data-start=\"479\" data-end=\"727\"><span style=\"font-family: helvetica, arial, sans-serif; font-size: 17px; color: #000000;\">V\u1edbi Truecaller Ch\u00ednh Ch\u1ee7 1 N\u0103m, b\u1ea1n s\u1ebd c\u00f3 quy\u1ec1n truy c\u1eadp v\u00e0o c\u00e1c t\u00ednh n\u0103ng \u01b0u vi\u1ec7t m\u00e0 phi\u00ean b\u1ea3n mi\u1ec5n ph\u00ed kh\u00f4ng c\u00f3, mang \u0111\u1ebfn cho b\u1ea1n m\u1ed9t tr\u1ea3i nghi\u1ec7m g\u1ecdi \u0111i\u1ec7n ho\u00e0n h\u1ea3o v\u00e0 an to\u00e0n h\u01a1n. D\u01b0\u1edbi \u0111\u00e2y l\u00e0 nh\u1eefng l\u00fd do t\u1ea1i sao b\u1ea1n n\u00ean n\u00e2ng c\u1ea5p ngay h\u00f4m nay:<\/span><\/p>\n<h3 data-start=\"729\" data-end=\"774\"><span style=\"font-family: helvetica, arial, sans-serif; font-size: 17px; color: #000000;\">1. Ch\u1eb7n Cu\u1ed9c G\u1ecdi R\u00e1c v\u00e0 Tin Nh\u1eafn SPAM<\/span><\/h3>\n<p data-start=\"775\" data-end=\"1035\"><span style=\"font-family: helvetica, arial, sans-serif; font-size: 17px; color: #000000;\">V\u1edbi phi\u00ean b\u1ea3n cao c\u1ea5p, b\u1ea1n c\u00f3 th\u1ec3 t\u1eadn h\u01b0\u1edfng kh\u1ea3 n\u0103ng ch\u1eb7n cu\u1ed9c g\u1ecdi r\u00e1c hi\u1ec7u qu\u1ea3 h\u01a1n, gi\u00fap b\u1ea1n kh\u00f4ng b\u1ecb l\u00e0m phi\u1ec1n b\u1edfi c\u00e1c cu\u1ed9c g\u1ecdi qu\u1ea3ng c\u00e1o hay tin nh\u1eafn t\u1eeb c\u00e1c ngu\u1ed3n kh\u00f4ng mong mu\u1ed1n. T\u00ednh n\u0103ng n\u00e0y gi\u00fap b\u1ea3o v\u1ec7 s\u1ef1 ri\u00eang t\u01b0 c\u1ee7a b\u1ea1n v\u00e0 ti\u1ebft ki\u1ec7m th\u1eddi gian qu\u00fd b\u00e1u.<\/span><\/p>\n<h3 data-start=\"1037\" data-end=\"1076\"><span style=\"font-family: helvetica, arial, sans-serif; font-size: 17px; color: #000000;\">2. Nh\u1eadn Di\u1ec7n Cu\u1ed9c G\u1ecdi Ch\u00ednh X\u00e1c<\/span><\/h3>\n<p data-start=\"1077\" data-end=\"1335\"><span style=\"font-family: helvetica, arial, sans-serif; font-size: 17px; color: #000000;\">Truecaller ch\u00ednh ch\u1ee7 gi\u00fap nh\u1eadn di\u1ec7n ch\u00ednh x\u00e1c c\u00e1c cu\u1ed9c g\u1ecdi t\u1eeb s\u1ed1 \u0111i\u1ec7n tho\u1ea1i ch\u01b0a c\u00f3 trong danh b\u1ea1 c\u1ee7a b\u1ea1n. \u0110i\u1ec1u n\u00e0y r\u1ea5t h\u1eefu \u00edch trong vi\u1ec7c x\u00e1c \u0111\u1ecbnh cu\u1ed9c g\u1ecdi t\u1eeb ng\u01b0\u1eddi quen, \u0111\u1ed3ng nghi\u1ec7p ho\u1eb7c c\u00e1c d\u1ecbch v\u1ee5 b\u1ea1n \u0111\u00e3 \u0111\u0103ng k\u00fd, ngay c\u1ea3 khi b\u1ea1n kh\u00f4ng l\u01b0u s\u1ed1 v\u00e0o danh b\u1ea1.<\/span><\/p>\n<h3 data-start=\"1337\" data-end=\"1385\"><span style=\"font-family: helvetica, arial, sans-serif; font-size: 17px; color: #000000;\">3. Kh\u00f4ng Qu\u1ea3ng C\u00e1o \u2013 Tr\u1ea3i Nghi\u1ec7m M\u01b0\u1ee3t M\u00e0<\/span><\/h3>\n<p data-start=\"1386\" data-end=\"1638\"><span style=\"font-family: helvetica, arial, sans-serif; font-size: 17px; color: #000000;\">M\u1ed9t trong nh\u1eefng \u01b0u \u0111i\u1ec3m l\u1edbn nh\u1ea5t khi n\u00e2ng c\u1ea5p l\u00ean Truecaller Ch\u00ednh Ch\u1ee7 l\u00e0 b\u1ea1n s\u1ebd kh\u00f4ng ph\u1ea3i ch\u1ecbu \u0111\u1ef1ng c\u00e1c qu\u1ea3ng c\u00e1o phi\u1ec1n ph\u1ee9c n\u1eefa. \u0110i\u1ec1u n\u00e0y mang l\u1ea1i m\u1ed9t tr\u1ea3i nghi\u1ec7m s\u1eed d\u1ee5ng m\u01b0\u1ee3t m\u00e0 h\u01a1n, gi\u00fap b\u1ea1n t\u1eadp trung v\u00e0o nh\u1eefng g\u00ec quan tr\u1ecdng m\u00e0 kh\u00f4ng b\u1ecb gi\u00e1n \u0111o\u1ea1n.<\/span><\/p>\n<h3 data-start=\"1640\" data-end=\"1695\"><span style=\"font-family: helvetica, arial, sans-serif; font-size: 17px; color: #000000;\">4. T\u00ednh N\u0103ng Premium \u2013 Qu\u1ea3n L\u00fd Cu\u1ed9c G\u1ecdi T\u1ed1t H\u01a1n<\/span><\/h3>\n<p data-start=\"1696\" data-end=\"1764\"><span style=\"font-family: helvetica, arial, sans-serif; font-size: 17px; color: #000000;\">V\u1edbi t\u00ednh n\u0103ng Premium, b\u1ea1n c\u00f3 th\u1ec3 s\u1eed d\u1ee5ng c\u00e1c ch\u1ee9c n\u0103ng cao c\u1ea5p nh\u01b0:<\/span><\/p>\n<ul data-start=\"1765\" data-end=\"2035\">\n<li data-start=\"1765\" data-end=\"1924\">\n<p data-start=\"1767\" data-end=\"1924\"><span style=\"font-family: helvetica, arial, sans-serif; font-size: 17px; color: #000000;\">Xem ai \u0111\u00e3 t\u00ecm ki\u1ebfm s\u1ed1 \u0111i\u1ec7n tho\u1ea1i c\u1ee7a b\u1ea1n: T\u00ednh n\u0103ng n\u00e0y cho ph\u00e9p b\u1ea1n bi\u1ebft ai \u0111\u00e3 t\u00ecm ki\u1ebfm s\u1ed1 c\u1ee7a m\u00ecnh, mang l\u1ea1i s\u1ef1 ki\u1ec3m so\u00e1t t\u1ed1t h\u01a1n v\u1ec1 th\u00f4ng tin c\u00e1 nh\u00e2n.<\/span><\/p>\n<\/li>\n<li data-start=\"1925\" data-end=\"2035\">\n<p data-start=\"1927\" data-end=\"2035\"><span style=\"font-family: helvetica, arial, sans-serif; font-size: 17px; color: #000000;\">G\u1eedi v\u00e0 nh\u1eadn th\u00f4ng b\u00e1o cao c\u1ea5p: B\u1ea1n c\u00f3 th\u1ec3 \u0111\u01b0\u1ee3c th\u00f4ng b\u00e1o v\u1ec1 nh\u1eefng cu\u1ed9c g\u1ecdi quan tr\u1ecdng m\u00e0 kh\u00f4ng b\u1ecb b\u1ecf l\u1ee1.<\/span><\/p>\n<\/li>\n<\/ul>\n<h3 data-start=\"2037\" data-end=\"2085\"><span style=\"font-family: helvetica, arial, sans-serif; font-size: 17px; color: #000000;\">5. T\u00ecm Ki\u1ebfm v\u00e0 L\u01b0u S\u1ed1 \u0110i\u1ec7n Tho\u1ea1i D\u1ec5 D\u00e0ng<\/span><\/h3>\n<p data-start=\"2086\" data-end=\"2330\"><span style=\"font-family: helvetica, arial, sans-serif; font-size: 17px; color: #000000;\">Truecaller Ch\u00ednh Ch\u1ee7 gi\u00fap b\u1ea1n d\u1ec5 d\u00e0ng t\u00ecm ki\u1ebfm v\u00e0 l\u01b0u l\u1ea1i c\u00e1c s\u1ed1 \u0111i\u1ec7n tho\u1ea1i quan tr\u1ecdng t\u1eeb b\u1ea5t k\u1ef3 cu\u1ed9c g\u1ecdi n\u00e0o, gi\u00fap b\u1ea1n qu\u1ea3n l\u00fd v\u00e0 li\u00ean l\u1ea1c v\u1edbi m\u1ecdi ng\u01b0\u1eddi d\u1ec5 d\u00e0ng h\u01a1n. B\u1ea1n c\u0169ng c\u00f3 th\u1ec3 l\u01b0u l\u1ea1i nh\u1eefng s\u1ed1 \u0111i\u1ec7n tho\u1ea1i h\u1eefu \u00edch cho c\u00e1c cu\u1ed9c g\u1ecdi sau n\u00e0y.<\/span><\/p>\n<h3 data-start=\"2332\" data-end=\"2368\"><span style=\"font-family: helvetica, arial, sans-serif; font-size: 17px; color: #000000;\">6. B\u1ea3o M\u1eadt v\u00e0 Quy\u1ec1n Ri\u00eang T\u01b0<\/span><\/h3>\n<p data-start=\"2369\" data-end=\"2576\"><span style=\"font-family: helvetica, arial, sans-serif; font-size: 17px; color: #000000;\">Truecaller cam k\u1ebft b\u1ea3o m\u1eadt th\u00f4ng tin c\u00e1 nh\u00e2n c\u1ee7a ng\u01b0\u1eddi d\u00f9ng. Khi n\u00e2ng c\u1ea5p l\u00ean phi\u00ean b\u1ea3n Ch\u00ednh Ch\u1ee7, b\u1ea1n s\u1ebd c\u00f3 th\u1ec3 ki\u1ec3m so\u00e1t v\u00e0 b\u1ea3o v\u1ec7 s\u1ed1 \u0111i\u1ec7n tho\u1ea1i c\u1ee7a m\u00ecnh t\u1ed1t h\u01a1n, tr\u00e1nh b\u1ecb l\u1ed9 th\u00f4ng tin khi s\u1eed d\u1ee5ng d\u1ecbch v\u1ee5.<\/span><\/p>\n<h3 data-start=\"2578\" data-end=\"2615\"><span style=\"font-family: helvetica, arial, sans-serif; font-size: 17px; color: #000000;\">7. Chia S\u1ebb v\u00e0 K\u1ebft N\u1ed1i D\u1ec5 D\u00e0ng<\/span><\/h3>\n<p data-start=\"2616\" data-end=\"2841\"><span style=\"font-family: helvetica, arial, sans-serif; font-size: 17px; color: #000000;\">V\u1edbi t\u00ednh n\u0103ng n\u00e2ng cao c\u1ee7a Truecaller, b\u1ea1n c\u00f3 th\u1ec3 chia s\u1ebb th\u00f4ng tin li\u00ean l\u1ea1c c\u1ee7a m\u00ecnh d\u1ec5 d\u00e0ng v\u1edbi b\u1ea1n b\u00e8 v\u00e0 \u0111\u1ed3ng nghi\u1ec7p, c\u0169ng nh\u01b0 k\u1ebft n\u1ed1i v\u1edbi nh\u1eefng ng\u01b0\u1eddi quan tr\u1ecdng m\u00e0 kh\u00f4ng c\u1ea7n lo l\u1eafng v\u1ec1 vi\u1ec7c nh\u1eadp li\u1ec7u th\u1ee7 c\u00f4ng v\u00e0o danh b\u1ea1.<\/span><\/p>\n<h3 data-start=\"2843\" data-end=\"2865\"><span style=\"font-family: helvetica, arial, sans-serif; font-size: 17px; color: #000000;\">8. H\u1ed7 Tr\u1ee3 24\/7<\/span><\/h3>\n<p data-start=\"2866\" data-end=\"3055\"><span style=\"font-family: helvetica, arial, sans-serif; font-size: 17px; color: #000000;\">Khi s\u1eed d\u1ee5ng Truecaller Ch\u00ednh Ch\u1ee7, b\u1ea1n s\u1ebd nh\u1eadn \u0111\u01b0\u1ee3c s\u1ef1 h\u1ed7 tr\u1ee3 nhanh ch\u00f3ng v\u00e0 t\u1eadn t\u00ecnh t\u1eeb \u0111\u1ed9i ng\u0169 h\u1ed7 tr\u1ee3 kh\u00e1ch h\u00e0ng, gi\u00fap gi\u1ea3i quy\u1ebft b\u1ea5t k\u1ef3 v\u1ea5n \u0111\u1ec1 n\u00e0o m\u00e0 b\u1ea1n g\u1eb7p ph\u1ea3i trong qu\u00e1 tr\u00ecnh s\u1eed d\u1ee5ng.<\/span><\/p>\n<hr data-start=\"3057\" data-end=\"3060\" \/>\n<p data-start=\"3062\" data-end=\"3391\"><span style=\"font-family: helvetica, arial, sans-serif; font-size: 17px; color: #000000;\">V\u1edbi t\u1ea5t c\u1ea3 nh\u1eefng t\u00ednh n\u0103ng \u01b0u vi\u1ec7t k\u1ec3 tr\u00ean, vi\u1ec7c n\u00e2ng c\u1ea5p l\u00ean Truecaller Ch\u00ednh Ch\u1ee7 1 N\u0103m l\u00e0 m\u1ed9t quy\u1ebft \u0111\u1ecbnh tuy\u1ec7t v\u1eddi \u0111\u1ec3 b\u1ea3o v\u1ec7 quy\u1ec1n ri\u00eang t\u01b0 v\u00e0 n\u00e2ng cao ch\u1ea5t l\u01b0\u1ee3ng cu\u1ed9c s\u1ed1ng s\u1ed1 c\u1ee7a b\u1ea1n. \u0110\u1eebng \u0111\u1ec3 nh\u1eefng cu\u1ed9c g\u1ecdi r\u00e1c v\u00e0 tin nh\u1eafn kh\u00f4ng mong mu\u1ed1n l\u00e0m phi\u1ec1n b\u1ea1n, h\u00e3y n\u00e2ng c\u1ea5p ngay \u0111\u1ec3 t\u1eadn h\u01b0\u1edfng m\u1ed9t tr\u1ea3i nghi\u1ec7m di \u0111\u1ed9ng ho\u00e0n h\u1ea3o h\u01a1n.<\/span><\/p>\n<hr data-start=\"3393\" data-end=\"3396\" \/>\n<p data-start=\"3398\" data-end=\"3453\" data-is-last-node=\"\" data-is-only-node=\"\"><span style=\"font-family: helvetica, arial, sans-serif; font-size: 17px; color: #000000;\">Hy v\u1ecdng \u0111o\u1ea1n gi\u1edbi thi\u1ec7u n\u00e0y s\u1ebd \u0111\u00e1p \u1ee9ng y\u00eau c\u1ea7u c\u1ee7a b\u1ea1n!<\/span><\/p>\n","protected":false},"excerpt":{"rendered":"<p data-start=\"41\" data-end=\"458\"><span style=\"color: #000000;\">\u2714\ufe0f Lo\u1ea1i b\u1ecf ho\u00e0n to\u00e0n qu\u1ea3ng c\u00e1o<\/span><br data-start=\"71\" data-end=\"74\" \/><span style=\"color: #000000;\">\u2714\ufe0f Xem ai \u0111\u00e3 xem h\u1ed3 s\u01a1 c\u1ee7a b\u1ea1n<\/span><br data-start=\"104\" data-end=\"107\" data-is-only-node=\"\" \/><span style=\"color: #000000;\">\u2714\ufe0f Nh\u1eadn di\u1ec7n cu\u1ed9c g\u1ecdi n\u00e2ng cao, ch\u00ednh x\u00e1c h\u01a1n<\/span><br data-start=\"152\" data-end=\"155\" \/><span style=\"color: #000000;\">\u2714\ufe0f Ch\u1eb7n spam v\u00e0 cu\u1ed9c g\u1ecdi r\u00e1c hi\u1ec7u qu\u1ea3<\/span><br data-start=\"192\" data-end=\"195\" \/><span style=\"color: #000000;\">\u2714\ufe0f \u1ea8n th\u00f4ng tin khi truy c\u1eadp h\u1ed3 s\u01a1 ng\u01b0\u1eddi kh\u00e1c<\/span><br data-start=\"240\" data-end=\"243\" \/><span style=\"color: #000000;\">\u2714\ufe0f Huy hi\u1ec7u Premium hi\u1ec3n th\u1ecb tr\u00ean t\u00e0i kho\u1ea3n<\/span><br data-start=\"286\" data-end=\"289\" \/><span style=\"color: #000000;\">\u2714\ufe0f C\u1eadp nh\u1eadt c\u01a1 s\u1edf d\u1eef li\u1ec7u s\u1ed1 \u0111i\u1ec7n tho\u1ea1i li\u00ean t\u1ee5c<\/span><br data-start=\"337\" data-end=\"340\" \/><span style=\"color: #000000;\">\u2714\ufe0f \u01afu ti\u00ean h\u1ed7 tr\u1ee3 t\u1eeb h\u1ec7 th\u1ed1ng<\/span><br data-start=\"369\" data-end=\"372\" \/><span style=\"color: #000000;\">\u2714\ufe0f B\u1ea3o m\u1eadt th\u00f4ng tin c\u00e1 nh\u00e2n t\u1ed1t h\u01a1n<\/span><br data-start=\"408\" data-end=\"411\" \/><span style=\"color: #000000;\">\u2714\ufe0f K\u00edch ho\u1ea1t nhanh \u2013 s\u1eed d\u1ee5ng \u1ed5n \u0111\u1ecbnh 12 th\u00e1ng<\/span><\/p>\n","protected":false},"featured_media":2410,"comment_status":"open","ping_status":"closed","template":"","meta":{"_acf_changed":false,"inline_featured_image":false},"product_brand":[],"product_cat":[15,33],"product_tag":[],"class_list":{"0":"post-1439","1":"product","2":"type-product","3":"status-publish","4":"has-post-thumbnail","6":"product_cat-chua-phan-loai","7":"product_cat-premium","9":"first","10":"instock","11":"sale","12":"virtual","13":"taxable","14":"purchasable","15":"product-type-simple"},"acf":[],"_links":{"self":[{"href":"https:\/\/www.thegioimmovn.com\/index.php?rest_route=\/wp\/v2\/product\/1439","targetHints":{"allow":["GET"]}}],"collection":[{"href":"https:\/\/www.thegioimmovn.com\/index.php?rest_route=\/wp\/v2\/product"}],"about":[{"href":"https:\/\/www.thegioimmovn.com\/index.php?rest_route=\/wp\/v2\/types\/product"}],"replies":[{"embeddable":true,"href":"https:\/\/www.thegioimmovn.com\/index.php?rest_route=%2Fwp%2Fv2%2Fcomments&post=1439"}],"wp:featuredmedia":[{"embeddable":true,"href":"https:\/\/www.thegioimmovn.com\/index.php?rest_route=\/wp\/v2\/media\/2410"}],"wp:attachment":[{"href":"https:\/\/www.thegioimmovn.com\/index.php?rest_route=%2Fwp%2Fv2%2Fmedia&parent=1439"}],"wp:term":[{"taxonomy":"product_brand","embeddable":true,"href":"https:\/\/www.thegioimmovn.com\/index.php?rest_route=%2Fwp%2Fv2%2Fproduct_brand&post=1439"},{"taxonomy":"product_cat","embeddable":true,"href":"https:\/\/www.thegioimmovn.com\/index.php?rest_route=%2Fwp%2Fv2%2Fproduct_cat&post=1439"},{"taxonomy":"product_tag","embeddable":true,"href":"https:\/\/www.thegioimmovn.com\/index.php?rest_route=%2Fwp%2Fv2%2Fproduct_tag&post=1439"}],"curies":[{"name":"wp","href":"https:\/\/api.w.org\/{rel}","templated":true}]}}