    {"id":1436,"date":"2025-11-03T18:40:23","date_gmt":"2025-11-04T02:40:23","guid":{"rendered":"https:\/\/xn--12cat7b6ah3cmc7g0bdgb.cc\/?post_type=product&#038;p=1436"},"modified":"2026-02-24T23:02:02","modified_gmt":"2026-02-24T22:02:02","slug":"key-kaspersky-internet-security","status":"publish","type":"product","link":"https:\/\/www.thegioimmovn.com\/?product=key-kaspersky-internet-security","title":{"rendered":"Kaspersky Internet Security \u2013 3PC\/N\u0103m \u2013 Key KIS 3 Thi\u1ebft B\u1ecb"},"content":{"rendered":"<h3 data-start=\"190\" data-end=\"279\"><span style=\"font-size: 17px; color: #000000;\">Kaspersky Internet Security &#8211; Gi\u1ea3i Ph\u00e1p B\u1ea3o M\u1eadt To\u00e0n Di\u1ec7n Cho M\u00e1y T\u00ednh c\u1ee7a B\u1ea1n<\/span><\/h3>\n<p data-start=\"281\" data-end=\"763\"><span style=\"font-size: 17px; color: #000000;\">B\u1ea3o v\u1ec7 m\u00e1y t\u00ednh v\u00e0 thi\u1ebft b\u1ecb c\u1ee7a b\u1ea1n kh\u1ecfi nh\u1eefng nguy c\u01a1 tr\u00ean m\u1ea1ng ch\u01b0a bao gi\u1edd d\u1ec5 d\u00e0ng h\u01a1n v\u1edbi Kaspersky Internet Security. \u0110\u01b0\u1ee3c ph\u00e1t tri\u1ec3n b\u1edfi Kaspersky Lab, m\u1ed9t trong nh\u1eefng t\u00ean tu\u1ed5i h\u00e0ng \u0111\u1ea7u trong l\u0129nh v\u1ef1c an ninh m\u1ea1ng, ph\u1ea7n m\u1ec1m n\u00e0y gi\u00fap b\u1ea3o v\u1ec7 b\u1ea1n kh\u1ecfi c\u00e1c m\u1ed1i \u0111e d\u1ecda b\u1ea3o m\u1eadt, ph\u1ea7n m\u1ec1m \u0111\u1ed9c h\u1ea1i, ransomware, v\u00e0 nh\u1eefng cu\u1ed9c t\u1ea5n c\u00f4ng phishing nguy hi\u1ec3m. V\u1edbi Kaspersky Internet Security, b\u1ea1n s\u1ebd c\u00f3 \u0111\u01b0\u1ee3c m\u1ed9t l\u00e1 ch\u1eafn b\u1ea3o v\u1ec7 v\u1eefng ch\u1eafc cho t\u1ea5t c\u1ea3 c\u00e1c ho\u1ea1t \u0111\u1ed9ng tr\u1ef1c tuy\u1ebfn c\u1ee7a m\u00ecnh.<\/span><\/p>\n<hr data-start=\"765\" data-end=\"768\" \/>\n<h3 data-start=\"770\" data-end=\"831\"><span style=\"font-size: 17px; color: #000000;\">\ud83d\udee1\ufe0f T\u00ednh N\u0103ng N\u1ed5i B\u1eadt C\u1ee7a Kaspersky Internet Security<\/span><\/h3>\n<h4 data-start=\"833\" data-end=\"882\"><span style=\"font-size: 17px; color: #000000;\">1. B\u1ea3o V\u1ec7 To\u00e0n Di\u1ec7n Cho Thi\u1ebft B\u1ecb C\u1ee7a B\u1ea1n<\/span><\/h4>\n<p data-start=\"883\" data-end=\"952\"><span style=\"font-size: 17px; color: #000000;\">Kaspersky Internet Security cung c\u1ea5p c\u00e1c t\u00ednh n\u0103ng b\u1ea3o m\u1eadt to\u00e0n di\u1ec7n:<\/span><\/p>\n<ul data-start=\"953\" data-end=\"1330\">\n<li data-start=\"953\" data-end=\"1076\">\n<p data-start=\"955\" data-end=\"1076\"><span style=\"font-size: 17px; color: #000000;\">Ch\u1ed1ng virus v\u00e0 ph\u1ea7n m\u1ec1m \u0111\u1ed9c h\u1ea1i: B\u1ea3o v\u1ec7 m\u00e1y t\u00ednh c\u1ee7a b\u1ea1n kh\u1ecfi virus, trojan, ransomware v\u00e0 c\u00e1c ph\u1ea7n m\u1ec1m \u0111\u1ed9c h\u1ea1i kh\u00e1c.<\/span><\/p>\n<\/li>\n<li data-start=\"1077\" data-end=\"1184\">\n<p data-start=\"1079\" data-end=\"1184\"><span style=\"font-size: 17px; color: #000000;\">T\u01b0\u1eddng l\u1eeda m\u1ea1nh m\u1ebd: Ki\u1ec3m so\u00e1t t\u1ea5t c\u1ea3 l\u01b0u l\u01b0\u1ee3ng m\u1ea1ng v\u00e0 b\u1ea3o v\u1ec7 b\u1ea1n kh\u1ecfi c\u00e1c cu\u1ed9c t\u1ea5n c\u00f4ng t\u1eeb b\u00ean ngo\u00e0i.<\/span><\/p>\n<\/li>\n<li data-start=\"1185\" data-end=\"1330\">\n<p data-start=\"1187\" data-end=\"1330\"><span style=\"font-size: 17px; color: #000000;\">B\u1ea3o v\u1ec7 giao d\u1ecbch tr\u1ef1c tuy\u1ebfn: Ch\u1ed1ng l\u1eeba \u0111\u1ea3o v\u00e0 c\u00e1c cu\u1ed9c t\u1ea5n c\u00f4ng gi\u1ea3 m\u1ea1o khi b\u1ea1n th\u1ef1c hi\u1ec7n c\u00e1c giao d\u1ecbch ng\u00e2n h\u00e0ng v\u00e0 thanh to\u00e1n tr\u1ef1c tuy\u1ebfn.<\/span><\/p>\n<\/li>\n<\/ul>\n<h4 data-start=\"1332\" data-end=\"1366\"><span style=\"font-size: 17px; color: #000000;\">2. B\u1ea3o V\u1ec7 D\u1eef Li\u1ec7u C\u00e1 Nh\u00e2n<\/span><\/h4>\n<ul data-start=\"1367\" data-end=\"1670\">\n<li data-start=\"1367\" data-end=\"1449\">\n<p data-start=\"1369\" data-end=\"1449\"><span style=\"font-size: 17px; color: #000000;\">B\u1ea3o v\u1ec7 webcam: Ng\u0103n ng\u1eeba c\u00e1c ph\u1ea7n m\u1ec1m gi\u00e1n \u0111i\u1ec7p x\u00e2m nh\u1eadp v\u00e0o webcam c\u1ee7a b\u1ea1n.<\/span><\/p>\n<\/li>\n<li data-start=\"1450\" data-end=\"1564\">\n<p data-start=\"1452\" data-end=\"1564\"><span style=\"font-size: 17px; color: #000000;\">Ch\u1ed1ng tr\u1ed9m c\u1eafp d\u1eef li\u1ec7u: M\u00e3 h\u00f3a th\u00f4ng tin quan tr\u1ecdng v\u00e0 b\u1ea3o v\u1ec7 c\u00e1c t\u1ec7p tin nh\u1ea1y c\u1ea3m c\u1ee7a b\u1ea1n kh\u1ecfi b\u1ecb \u0111\u00e1nh c\u1eafp.<\/span><\/p>\n<\/li>\n<li data-start=\"1565\" data-end=\"1670\">\n<p data-start=\"1567\" data-end=\"1670\"><span style=\"font-size: 17px; color: #000000;\">B\u1ea3o v\u1ec7 quy\u1ec1n ri\u00eang t\u01b0: Ch\u1ed1ng l\u1ea1i c\u00e1c h\u00e0nh vi theo d\u00f5i v\u00e0 x\u00e2m ph\u1ea1m quy\u1ec1n ri\u00eang t\u01b0 khi b\u1ea1n duy\u1ec7t web.<\/span><\/p>\n<\/li>\n<\/ul>\n<h4 data-start=\"1672\" data-end=\"1708\"><span style=\"font-size: 17px; color: #000000;\">3. Qu\u1ea3n L\u00fd Thi\u1ebft B\u1ecb D\u1ec5 D\u00e0ng<\/span><\/h4>\n<p data-start=\"1709\" data-end=\"1947\"><span style=\"font-size: 17px; color: #000000;\">V\u1edbi Kaspersky Internet Security, b\u1ea1n c\u00f3 th\u1ec3 b\u1ea3o v\u1ec7 nhi\u1ec1u thi\u1ebft b\u1ecb v\u1edbi m\u1ed9t t\u00e0i kho\u1ea3n duy nh\u1ea5t. B\u1ea1n c\u00f3 th\u1ec3 d\u1ec5 d\u00e0ng theo d\u00f5i v\u00e0 qu\u1ea3n l\u00fd t\u1ea5t c\u1ea3 c\u00e1c thi\u1ebft b\u1ecb \u0111ang s\u1eed d\u1ee5ng b\u1ea3n quy\u1ec1n Kaspersky th\u00f4ng qua m\u1ed9t giao di\u1ec7n tr\u1ef1c quan v\u00e0 d\u1ec5 s\u1eed d\u1ee5ng.<\/span><\/p>\n<hr data-start=\"1949\" data-end=\"1952\" \/>\n<h3 data-start=\"1954\" data-end=\"2009\"><span style=\"font-size: 17px; color: #000000;\">\u2705 T\u1ea1i Sao N\u00ean Ch\u1ecdn Kaspersky Internet Security?<\/span><\/h3>\n<h4 data-start=\"2011\" data-end=\"2041\"><span style=\"font-size: 17px; color: #000000;\">\u0110\u01b0\u1ee3c Tin C\u1eady To\u00e0n C\u1ea7u<\/span><\/h4>\n<p data-start=\"2042\" data-end=\"2325\"><span style=\"font-size: 17px; color: #000000;\">Kaspersky \u0111\u00e3 b\u1ea3o v\u1ec7 h\u00e0ng tri\u1ec7u ng\u01b0\u1eddi d\u00f9ng tr\u00ean to\u00e0n th\u1ebf gi\u1edbi trong su\u1ed1t nhi\u1ec1u n\u0103m qua. V\u1edbi c\u00f4ng ngh\u1ec7 b\u1ea3o m\u1eadt m\u1ea1nh m\u1ebd v\u00e0 h\u1ec7 th\u1ed1ng ph\u00e1t hi\u1ec7n m\u1ed1i \u0111e d\u1ecda ti\u00ean ti\u1ebfn, Kaspersky Internet Security lu\u00f4n \u0111\u1ee9ng \u0111\u1ea7u trong vi\u1ec7c ch\u1ed1ng l\u1ea1i c\u00e1c cu\u1ed9c t\u1ea5n c\u00f4ng m\u1ea1ng v\u00e0 c\u00e1c m\u1ed1i nguy hi\u1ec3m tr\u1ef1c tuy\u1ebfn.<\/span><\/p>\n<h4 data-start=\"2327\" data-end=\"2373\"><span style=\"font-size: 17px; color: #000000;\">Ch\u1ea1y \u1ed4n \u0110\u1ecbnh, Kh\u00f4ng L\u00e0m Ch\u1eadm M\u00e1y T\u00ednh<\/span><\/h4>\n<p data-start=\"2374\" data-end=\"2676\"><span style=\"font-size: 17px; color: #000000;\">M\u1ed9t trong nh\u1eefng y\u1ebfu t\u1ed1 quan tr\u1ecdng khi ch\u1ecdn ph\u1ea7n m\u1ec1m b\u1ea3o m\u1eadt l\u00e0 hi\u1ec7u su\u1ea5t. Kaspersky Internet Security \u0111\u01b0\u1ee3c thi\u1ebft k\u1ebf \u0111\u1ec3 ho\u1ea1t \u0111\u1ed9ng m\u01b0\u1ee3t m\u00e0 tr\u00ean m\u00e1y t\u00ednh c\u1ee7a b\u1ea1n m\u00e0 kh\u00f4ng l\u00e0m \u1ea3nh h\u01b0\u1edfng \u0111\u1ebfn hi\u1ec7u su\u1ea5t chung. B\u1ea1n c\u00f3 th\u1ec3 duy\u1ec7t web, l\u00e0m vi\u1ec7c, v\u00e0 ch\u01a1i game m\u00e0 kh\u00f4ng lo ng\u1ea1i ph\u1ea7n m\u1ec1m s\u1ebd l\u00e0m gi\u1ea3m t\u1ed1c \u0111\u1ed9 m\u00e1y t\u00ednh.<\/span><\/p>\n<h4 data-start=\"2678\" data-end=\"2711\"><span style=\"font-size: 17px; color: #000000;\">B\u1ea3o V\u1ec7 H\u1ec7 Th\u1ed1ng Li\u00ean T\u1ee5c<\/span><\/h4>\n<p data-start=\"2712\" data-end=\"2907\"><span style=\"font-size: 17px; color: #000000;\">Kaspersky Internet Security lu\u00f4n \u0111\u1ea3m b\u1ea3o r\u1eb1ng b\u1ea1n lu\u00f4n \u0111\u01b0\u1ee3c b\u1ea3o v\u1ec7 24\/7. Ph\u1ea7n m\u1ec1m t\u1ef1 \u0111\u1ed9ng c\u1eadp nh\u1eadt c\u01a1 s\u1edf d\u1eef li\u1ec7u virus v\u00e0 c\u00e1c b\u1ea3n v\u00e1 b\u1ea3o m\u1eadt m\u1edbi nh\u1ea5t \u0111\u1ec3 gi\u1eef cho thi\u1ebft b\u1ecb c\u1ee7a b\u1ea1n lu\u00f4n an to\u00e0n.<\/span><\/p>\n<hr data-start=\"2909\" data-end=\"2912\" \/>\n<h3 data-start=\"2914\" data-end=\"2988\"><span style=\"font-size: 17px; color: #000000;\">\ud83d\uded2 C\u00e1c G\u00f3i Kaspersky Internet Security Ph\u00f9 H\u1ee3p V\u1edbi Nhu C\u1ea7u C\u1ee7a B\u1ea1n<\/span><\/h3>\n<h3 data-start=\"3386\" data-end=\"3443\"><span style=\"font-size: 17px; color: #000000;\">\ud83c\udfaf L\u1ee3i \u00cdch Khi S\u1edf H\u1eefu Kaspersky Internet Security<\/span><\/h3>\n<ol data-start=\"3445\" data-end=\"4084\">\n<li data-start=\"3445\" data-end=\"3618\">\n<p data-start=\"3448\" data-end=\"3618\"><span style=\"font-size: 17px; color: #000000;\">B\u1ea3o v\u1ec7 to\u00e0n di\u1ec7n: Kaspersky cung c\u1ea5p m\u1ed9t l\u1edbp b\u1ea3o v\u1ec7 to\u00e0n di\u1ec7n cho m\u1ecdi ho\u1ea1t \u0111\u1ed9ng tr\u00ean m\u1ea1ng c\u1ee7a b\u1ea1n, t\u1eeb duy\u1ec7t web, mua s\u1eafm online, cho \u0111\u1ebfn vi\u1ec7c b\u1ea3o v\u1ec7 d\u1eef li\u1ec7u nh\u1ea1y c\u1ea3m.<\/span><\/p>\n<\/li>\n<li data-start=\"3619\" data-end=\"3767\">\n<p data-start=\"3622\" data-end=\"3767\"><span style=\"font-size: 17px; color: #000000;\">Ti\u1ebft ki\u1ec7m chi ph\u00ed: V\u1edbi m\u1ee9c gi\u00e1 h\u1ee3p l\u00fd, b\u1ea1n nh\u1eadn \u0111\u01b0\u1ee3c m\u1ed9t gi\u1ea3i ph\u00e1p b\u1ea3o m\u1eadt m\u1ea1nh m\u1ebd m\u00e0 kh\u00f4ng ph\u1ea3i tr\u1ea3 qu\u00e1 nhi\u1ec1u cho c\u00e1c ph\u1ea7n m\u1ec1m b\u1ea3o m\u1eadt kh\u00e1c.<\/span><\/p>\n<\/li>\n<li data-start=\"3768\" data-end=\"3943\">\n<p data-start=\"3771\" data-end=\"3943\"><span style=\"font-size: 17px; color: #000000;\">B\u1ea3o m\u1eadt nhi\u1ec1u thi\u1ebft b\u1ecb: C\u00f9ng m\u1ed9t gi\u1ea5y ph\u00e9p, b\u1ea1n c\u00f3 th\u1ec3 b\u1ea3o v\u1ec7 nhi\u1ec1u thi\u1ebft b\u1ecb, gi\u00fap b\u1ea1n ti\u1ebft ki\u1ec7m chi ph\u00ed b\u1ea3o m\u1eadt cho c\u00e1c thi\u1ebft b\u1ecb kh\u00e1c trong gia \u0111\u00ecnh ho\u1eb7c doanh nghi\u1ec7p.<\/span><\/p>\n<\/li>\n<li data-start=\"3944\" data-end=\"4084\">\n<p data-start=\"3947\" data-end=\"4084\"><span style=\"font-size: 17px; color: #000000;\">T\u01b0\u01a1ng th\u00edch v\u1edbi nhi\u1ec1u h\u1ec7 \u0111i\u1ec1u h\u00e0nh: Kaspersky h\u1ed7 tr\u1ee3 c\u1ea3 Windows, macOS, Android v\u00e0 iOS, gi\u00fap b\u1ea1n b\u1ea3o v\u1ec7 t\u1ea5t c\u1ea3 c\u00e1c thi\u1ebft b\u1ecb c\u1ee7a m\u00ecnh.<\/span><\/p>\n<\/li>\n<\/ol>\n<hr data-start=\"4086\" data-end=\"4089\" \/>\n<h3 data-start=\"4091\" data-end=\"4149\"><span style=\"font-size: 17px; color: #000000;\">\ud83d\udd27 H\u01b0\u1edbng D\u1eabn K\u00edch Ho\u1ea1t Kaspersky Internet Security<\/span><\/h3>\n<ol data-start=\"4151\" data-end=\"4636\">\n<li data-start=\"4151\" data-end=\"4353\">\n<p data-start=\"4154\" data-end=\"4353\"><span style=\"font-size: 17px; color: #000000;\">T\u1ea3i v\u00e0 c\u00e0i \u0111\u1eb7t ph\u1ea7n m\u1ec1m: Sau khi mua b\u1ea3n quy\u1ec1n, b\u1ea1n s\u1ebd nh\u1eadn \u0111\u01b0\u1ee3c m\u00e3 k\u00edch ho\u1ea1t v\u00e0 h\u01b0\u1edbng d\u1eabn c\u00e0i \u0111\u1eb7t chi ti\u1ebft. B\u1ea1n ch\u1ec9 c\u1ea7n t\u1ea3i ph\u1ea7n m\u1ec1m t\u1eeb website ch\u00ednh th\u1ee9c c\u1ee7a Kaspersky v\u00e0 c\u00e0i \u0111\u1eb7t tr\u00ean thi\u1ebft b\u1ecb.<\/span><\/p>\n<\/li>\n<li data-start=\"4354\" data-end=\"4481\">\n<p data-start=\"4357\" data-end=\"4481\"><span style=\"font-size: 17px; color: #000000;\">K\u00edch ho\u1ea1t b\u1ea3n quy\u1ec1n: Nh\u1eadp m\u00e3 b\u1ea3n quy\u1ec1n m\u00e0 b\u1ea1n nh\u1eadn \u0111\u01b0\u1ee3c sau khi thanh to\u00e1n v\u00e0o ph\u1ea7n m\u1ec1m \u0111\u1ec3 k\u00edch ho\u1ea1t v\u00e0 b\u1eaft \u0111\u1ea7u s\u1eed d\u1ee5ng.<\/span><\/p>\n<\/li>\n<li data-start=\"4482\" data-end=\"4636\">\n<p data-start=\"4485\" data-end=\"4636\"><span style=\"font-size: 17px; color: #000000;\">Kh\u1edfi \u0111\u1ed9ng v\u00e0 qu\u00e9t h\u1ec7 th\u1ed1ng: Sau khi c\u00e0i \u0111\u1eb7t, h\u00e3y kh\u1edfi \u0111\u1ed9ng ph\u1ea7n m\u1ec1m v\u00e0 ti\u1ebfn h\u00e0nh qu\u00e9t h\u1ec7 th\u1ed1ng ngay l\u1eadp t\u1ee9c \u0111\u1ec3 ph\u00e1t hi\u1ec7n v\u00e0 lo\u1ea1i b\u1ecf c\u00e1c m\u1ed1i \u0111e d\u1ecda.<\/span><\/p>\n<\/li>\n<\/ol>\n","protected":false},"excerpt":{"rendered":"<p><span style=\"color: #000000;\">\u2714\ufe0f<\/span><strong> <span style=\"color: #d400ff;\">B\u1ea3n quy\u1ec1n ch\u00ednh h\u00e3ng 100%<\/span><\/strong><br data-start=\"87\" data-end=\"90\" \/><span style=\"color: #000000;\">\u2714\ufe0f S\u1eed d\u1ee5ng cho 3 thi\u1ebft b\u1ecb (PC\/Laptop) trong 1 n\u0103m<\/span><br data-start=\"139\" data-end=\"142\" data-is-only-node=\"\" \/><span style=\"color: #000000;\">\u2714\ufe0f B\u1ea3o v\u1ec7 to\u00e0n di\u1ec7n kh\u1ecfi virus, malware, ransomware, spyware<\/span><br data-start=\"202\" data-end=\"205\" \/><span style=\"color: #000000;\">\u2714\ufe0f Ch\u1ed1ng l\u1eeba \u0111\u1ea3o (phishing) v\u00e0 website \u0111\u1ed9c h\u1ea1i<\/span><br data-start=\"251\" data-end=\"254\" \/><span style=\"color: #000000;\">\u2714\ufe0f B\u1ea3o m\u1eadt thanh to\u00e1n &amp; giao d\u1ecbch ng\u00e2n h\u00e0ng online<\/span><br data-start=\"304\" data-end=\"307\" \/><span style=\"color: #000000;\">\u2714\ufe0f T\u01b0\u1eddng l\u1eeda th\u00f4ng minh b\u1ea3o v\u1ec7 m\u1ea1ng n\u1ed9i b\u1ed9<\/span><br data-start=\"349\" data-end=\"352\" \/><span style=\"color: #000000;\">\u2714\ufe0f T\u1ed1i \u01b0u hi\u1ec7u su\u1ea5t \u2013 kh\u00f4ng l\u00e0m ch\u1eadm m\u00e1y<\/span><br data-start=\"392\" data-end=\"395\" \/><span style=\"color: #000000;\">\u2714\ufe0f C\u1eadp nh\u1eadt t\u1ef1 \u0111\u1ed9ng c\u01a1 s\u1edf d\u1eef li\u1ec7u virus m\u1edbi nh\u1ea5t<\/span><br data-start=\"443\" data-end=\"446\" \/><span style=\"color: #000000;\">\u2714\ufe0f K\u00edch ho\u1ea1t nhanh qua key \u2013 H\u1ed7 tr\u1ee3 c\u00e0i \u0111\u1eb7t t\u1eeb xa<\/span><\/p>\n","protected":false},"featured_media":2467,"comment_status":"open","ping_status":"closed","template":"","meta":{"_acf_changed":false,"inline_featured_image":false},"product_brand":[],"product_cat":[15,35],"product_tag":[],"class_list":{"0":"post-1436","1":"product","2":"type-product","3":"status-publish","4":"has-post-thumbnail","6":"product_cat-chua-phan-loai","7":"product_cat-key-office","9":"first","10":"instock","11":"sale","12":"virtual","13":"taxable","14":"purchasable","15":"product-type-simple"},"acf":[],"_links":{"self":[{"href":"https:\/\/www.thegioimmovn.com\/index.php?rest_route=\/wp\/v2\/product\/1436","targetHints":{"allow":["GET"]}}],"collection":[{"href":"https:\/\/www.thegioimmovn.com\/index.php?rest_route=\/wp\/v2\/product"}],"about":[{"href":"https:\/\/www.thegioimmovn.com\/index.php?rest_route=\/wp\/v2\/types\/product"}],"replies":[{"embeddable":true,"href":"https:\/\/www.thegioimmovn.com\/index.php?rest_route=%2Fwp%2Fv2%2Fcomments&post=1436"}],"wp:featuredmedia":[{"embeddable":true,"href":"https:\/\/www.thegioimmovn.com\/index.php?rest_route=\/wp\/v2\/media\/2467"}],"wp:attachment":[{"href":"https:\/\/www.thegioimmovn.com\/index.php?rest_route=%2Fwp%2Fv2%2Fmedia&parent=1436"}],"wp:term":[{"taxonomy":"product_brand","embeddable":true,"href":"https:\/\/www.thegioimmovn.com\/index.php?rest_route=%2Fwp%2Fv2%2Fproduct_brand&post=1436"},{"taxonomy":"product_cat","embeddable":true,"href":"https:\/\/www.thegioimmovn.com\/index.php?rest_route=%2Fwp%2Fv2%2Fproduct_cat&post=1436"},{"taxonomy":"product_tag","embeddable":true,"href":"https:\/\/www.thegioimmovn.com\/index.php?rest_route=%2Fwp%2Fv2%2Fproduct_tag&post=1436"}],"curies":[{"name":"wp","href":"https:\/\/api.w.org\/{rel}","templated":true}]}}